{"id":3016,"date":"2022-07-07T15:48:56","date_gmt":"2022-07-07T13:48:56","guid":{"rendered":"https:\/\/szkolenia-udt.pl\/?page_id=3016"},"modified":"2023-03-26T12:35:35","modified_gmt":"2023-03-26T10:35:35","slug":"roykekurs","status":"publish","type":"page","link":"https:\/\/szkolenia-udt.pl\/nb\/kursy\/sep-g1-g2-g3\/kurs-palacza\/","title":{"rendered":"Komfyr- og kjelebrenningskurs"},"content":{"rendered":"<h2 class=\"wp-block-heading\"><strong>L\u00e6r deg mer om sivilsamfunnsorganisasjoner!<\/strong><\/h2>\n\n\n\n<p>Har du tenkt p\u00e5 \u00e5 utvide kompetansen din og bli kvalifisert for en ny stilling? Eller mangler du fagarbeidere? N\u00e5 kan du bytte yrke eller utdanne teamet ditt sammen med OSO Operator Training Centre ved \u00e5 melde deg p\u00e5 et valgfritt kurs fra <a href=\"https:\/\/szkolenia-udt.pl\/nb\/oferta\/\">v\u00e5rt tilbud<\/a>! Det er for tiden stor interesse for CO-komfyr- og kjelbrennerkurset, der du kan f\u00e5 de n\u00f8dvendige kvalifikasjonene for jobben din.&nbsp;&nbsp;&nbsp;<\/p>\n\n\n\n<h2 class=\"wp-block-heading\"><strong>Hvorfor kreves det lisens for \u00e5 bruke sentralvarmekjeler?<\/strong>&nbsp;<\/h2>\n\n\n<div class=\"wp-block-image\">\n<figure class=\"alignright size-full is-resized\"><a href=\"https:\/\/szkolenia-udt.pl\/wp-content\/uploads\/2022\/07\/CBLE_Dryback_three-quater_1000.jpg\"><img loading=\"lazy\" decoding=\"async\" src=\"https:\/\/szkolenia-udt.pl\/wp-content\/uploads\/2022\/07\/CBLE_Dryback_three-quater_1000.jpg\" alt=\"Kvalifisering for CO-kjelr\u00f8yker\" class=\"wp-image-3017\" width=\"500\" height=\"500\" srcset=\"https:\/\/szkolenia-udt.pl\/wp-content\/uploads\/2022\/07\/CBLE_Dryback_three-quater_1000.jpg 1000w, https:\/\/szkolenia-udt.pl\/wp-content\/uploads\/2022\/07\/CBLE_Dryback_three-quater_1000-300x300.jpg 300w, https:\/\/szkolenia-udt.pl\/wp-content\/uploads\/2022\/07\/CBLE_Dryback_three-quater_1000-150x150.jpg 150w, https:\/\/szkolenia-udt.pl\/wp-content\/uploads\/2022\/07\/CBLE_Dryback_three-quater_1000-768x768.jpg 768w\" sizes=\"auto, (max-width: 500px) 100vw, 500px\" \/><\/a><\/figure>\n<\/div>\n\n\n<p>I eneboliger eller andre bygninger med lite fotavtrykk installeres det kjeler med lav effekt, og driften av dem er ganske enkel. Det finnes imidlertid bygninger, som sykehus, hoteller eller boligblokker, som ikke kan varmes opp med en enkel, liten kjele. Slike steder vil ha kjeler p\u00e5 mer enn 50 kW, og det kreves G2\/E-kvalifikasjoner for \u00e5 betjene dem.&nbsp;&nbsp;&nbsp;<\/p>\n\n\n\n<h2 class=\"wp-block-heading\"><strong>Hvordan ser oppl\u00e6ringen og programmet ut?<\/strong>&nbsp;<\/h2>\n\n\n\n<p>Oppl\u00e6ringsprogrammet er utformet for \u00e5 l\u00e6re fra grunnen av, slik at deltakerne grupperes i henhold til samme niv\u00e5 av tidligere ferdigheter. Oppl\u00e6ringen best\u00e5r av en teoretisk og en praktisk del, og undervises av kvalifiserte og erfarne instrukt\u00f8rer. M\u00e5let med oppl\u00e6ringen er at deltakerne skal tilegne seg de kunnskapene og ferdighetene som er n\u00f8dvendige for \u00e5 utf\u00f8re arbeidet sitt. Vi gj\u00f8r alt vi kan for \u00e5 sikre at eleven er klar til \u00e5 g\u00e5 opp til eksamen etter endt kurs.\u00a0\u00a0<\/p>\n\n\n\n<h4 class=\"wp-block-heading\"><strong>Oppl\u00e6ringsprogrammet dekker emner knyttet til:<\/strong>&nbsp;<\/h4>\n\n\n\n<ul class=\"dwiekolumny wp-block-list\">\n<li>generelle bestemmelser og utvalgte problemstillinger,&nbsp;<\/li>\n\n\n\n<li>forskrifter for teknisk tilsyn,&nbsp;<\/li>\n\n\n\n<li>organisering av arbeid p\u00e5 termisk utstyr,&nbsp;<\/li>\n\n\n\n<li>arbeidsoppgavene til en sentralvarmeovn,&nbsp;<\/li>\n\n\n\n<li>utvalgt kunnskap om termisk teknologi,&nbsp;<\/li>\n\n\n\n<li>beslag og materialer,&nbsp;<\/li>\n\n\n\n<li>diagram over kjelerommet for sentralvarme,&nbsp;<\/li>\n\n\n\n<li>vann i termisk styring,&nbsp;<\/li>\n\n\n\n<li>generell kunnskap om damp- og vannkjeler,&nbsp;<\/li>\n\n\n\n<li>drift av kjelen,&nbsp;<\/li>\n\n\n\n<li>nettverk og termiske installasjoner,&nbsp;<\/li>\n\n\n\n<li>industrielt damp- og varmtvannsutstyr,&nbsp;<\/li>\n\n\n\n<li>fast og flytende brensel,&nbsp;<\/li>\n\n\n\n<li>Helse- og sikkerhetsregler for termisk utstyr og CO-brenner, brannvern, medisinske n\u00f8dstilfeller.&nbsp;<\/li>\n<\/ul>\n\n\n\n<h2 class=\"wp-block-heading\"><strong>Hvem kan bli fyringstekniker for sentralvarmekjeler?<\/strong>&nbsp;<\/h2>\n\n\n\n<p>CSO Operator Training Centres tilbud er rettet mot alle som oppfyller tre grunnleggende betingelser:&nbsp;&nbsp;<\/p>\n\n\n\n<ul class=\"wp-block-list\">\n<li>minst 18 \u00e5r gammel,&nbsp;&nbsp;<\/li>\n\n\n\n<li>minimum grunnskoleutdanning,&nbsp;&nbsp;&nbsp;<\/li>\n\n\n\n<li>ingen helsemessige kontraindikasjoner.&nbsp;&nbsp;<\/li>\n<\/ul>\n\n\n\n<p>S\u00e5 lenge du har et \u00f8nske om \u00e5 f\u00e5 en ny kvalifikasjon, er det nok for oss at du oppfyller disse vilk\u00e5rene. Hvis du er usikker p\u00e5 helsen din, trenger du ikke \u00e5 bekymre deg. N\u00e5r du har meldt deg p\u00e5 kurset, og f\u00f8r du begynner, vil du bli henvist til en drop-in-unders\u00f8kelse for \u00e5 avgj\u00f8re om du er skikket til \u00e5 jobbe med sentralvarmeovner og kjeler.&nbsp;<\/p>\n\n\n\n<h2 class=\"wp-block-heading\"><strong>Arbeidet til en sentralvarmekjele stoker<\/strong>&nbsp;<\/h2>\n\n\n\n<p>Deltakelse i oppl\u00e6ringskurset er ment \u00e5 forberede eleven p\u00e5 det arbeidet som skal utf\u00f8res i fremtiden. Det er verdt \u00e5 vite at fyrb\u00f8terens jobb ikke bare er \u00e5 s\u00f8rge for drivstoff til kattene, men ogs\u00e5 \u00e5 utf\u00f8re aktiviteter som forbedrer driften. Hans plikter inkluderer:&nbsp;<\/p>\n\n\n\n<ul class=\"dwiekolumny wp-block-list\">\n<li>kontroll av driften av r\u00f8ykgassrensing og utslippsutstyr,&nbsp;<\/li>\n\n\n\n<li>kontroll av ekstrautstyr,&nbsp;<\/li>\n\n\n\n<li>kontroll av kontroll- og m\u00e5leutstyr,\u00a0<\/li>\n\n\n\n<li>s\u00f8rge for at utstyret er i god stand,&nbsp;<\/li>\n\n\n\n<li>avlesninger av spesialiserte apparater,&nbsp;<\/li>\n\n\n\n<li>overv\u00e5king av trykk og temperatur,&nbsp;<\/li>\n\n\n\n<li>verifisering av tettheten til r\u00f8r, beslag og varmeforsyningsinstallasjoner,&nbsp;<\/li>\n\n\n\n<li>f\u00f8re et register over m\u00e5leravlesninger og m\u00e5leinstrumenter.&nbsp;<\/li>\n<\/ul>\n\n\n<div class=\"wp-block-image\">\n<figure class=\"alignright size-full is-resized\"><a href=\"https:\/\/szkolenia-udt.pl\/wp-content\/uploads\/2022\/07\/Rotating_Comp1.jpg\"><img loading=\"lazy\" decoding=\"async\" src=\"https:\/\/szkolenia-udt.pl\/wp-content\/uploads\/2022\/07\/Rotating_Comp1.jpg\" alt=\"Typer av sentralvarmekjeler\" class=\"wp-image-3019\" width=\"330\" height=\"220\" srcset=\"https:\/\/szkolenia-udt.pl\/wp-content\/uploads\/2022\/07\/Rotating_Comp1.jpg 660w, https:\/\/szkolenia-udt.pl\/wp-content\/uploads\/2022\/07\/Rotating_Comp1-300x200.jpg 300w\" sizes=\"auto, (max-width: 330px) 100vw, 330px\" \/><\/a><\/figure>\n<\/div>\n\n\n<h2 class=\"wp-block-heading\">&nbsp;<strong>Kjeler og deres typer<\/strong>&nbsp;<\/h2>\n\n\n\n<p>Kjeler fungerer ved at de varmer opp vann ved \u00e5 forbrenne brensel i kjelen, og form\u00e5let er \u00e5 varme opp bygningen. Det finnes ulike typer brensel og ulike m\u00e5ter \u00e5 forbrenne det p\u00e5, noe som p\u00e5virker oppvarmingskostnadene. Brenselet kan v\u00e6re i fast, flytende eller gassform. Klassifiseringen av kjeler er sv\u00e6rt bred og vil bli diskutert i detalj i l\u00f8pet av den teoretiske oppl\u00e6ringen.&nbsp;&nbsp;<\/p>\n\n\n\n<h4 class=\"wp-block-heading\"><strong>N\u00e5r det gjelder kjeler, kan de enkelt og raskt grupperes etter grunnleggende kriterier:<\/strong>&nbsp;<\/h4>\n\n\n\n<figure class=\"wp-block-table\"><table><thead><tr><th>Varmeb\u00e6rer<\/th><th>Konstruksjonstype tilpasset typen drivstoff<\/th><th>Materiale brukt<\/th><\/tr><\/thead><tbody><tr><td>\n<ul>\n<li>vann<\/li>\n<li>damp<\/li>\n<\/ul>\n<\/td><td>\n<ul>\n<li>olje<\/li>\n<li>gass<\/li>\n<li>elektrisk<\/li>\n<li>for fast brensel<\/li>\n<li>kjeler med reversibel forbrenning<\/li>\n<li>kjeler med varmtvannsberedere til husholdningsbruk<\/li>\n<\/ul>\n<\/td><td>\n<ul>\n<li>st\u00e5l<\/li>\n<li>st\u00f8pejern<\/li>\n<li>av legert st\u00e5l<\/li>\n<li>av aluminiumbaserte lettmetallegeringer<\/li>\n<\/ul>\n<\/td><\/tr><\/tbody><\/table><\/figure>\n\n\n\n<h2 class=\"wp-block-heading\"><strong>P\u00e5melding til oppl\u00e6ring<\/strong>&nbsp;<\/h2>\n\n\n\n<p>Du kan melde deg p\u00e5 kurset via telefon. I l\u00f8pet av samtalen verifiserer vi kandidatens tidligere erfaring, slik at vi kan tildele ham eller henne til en passende gruppe. Vi avtaler dato og sted for oppl\u00e6ringen. Dette omfatter b\u00e5de oppl\u00e6ringsaktivitetene og undervisningsmaterialet, som lastes opp p\u00e5 en nettbasert plattform.&nbsp;<\/p>\n\n\n\n<h2 class=\"wp-block-heading\"><strong>Oppl\u00e6ringssted<\/strong>&nbsp;<\/h2>\n\n\n\n<p><a href=\"https:\/\/szkolenia-udt.pl\/nb\/o-firmie\/\">Oppl\u00e6ringssenter for operat\u00f8rer<\/a> tilbyr oppl\u00e6ring i hele landet, og n\u00e5r det gjelder oppl\u00e6ring for en organisert gruppe ansatte i en bestemt bedrift, tilbyr vi \u00e5 reise til kundens lokaler.&nbsp;&nbsp;<\/p>\n\n\n\n<h2 class=\"wp-block-heading\"><strong>Fordeler ved \u00e5 fullf\u00f8re oppl\u00e6ringen<\/strong>&nbsp;<\/h2>\n\n\n<div class=\"wp-block-image\">\n<figure class=\"alignleft size-large is-resized\"><a href=\"https:\/\/szkolenia-udt.pl\/wp-content\/uploads\/2022\/07\/Mechanical-Engineering-1-scaled.webp\"><img loading=\"lazy\" decoding=\"async\" src=\"https:\/\/szkolenia-udt.pl\/wp-content\/uploads\/2022\/07\/Mechanical-Engineering-1-1024x683.webp\" alt=\"R\u00f8ykerarbeid: oppl\u00e6ringsprogram, omfang og lokalisering\" class=\"wp-image-3018\" width=\"512\" height=\"342\" srcset=\"https:\/\/szkolenia-udt.pl\/wp-content\/uploads\/2022\/07\/Mechanical-Engineering-1-1024x683.webp 1024w, https:\/\/szkolenia-udt.pl\/wp-content\/uploads\/2022\/07\/Mechanical-Engineering-1-300x200.webp 300w, https:\/\/szkolenia-udt.pl\/wp-content\/uploads\/2022\/07\/Mechanical-Engineering-1-768x512.webp 768w, https:\/\/szkolenia-udt.pl\/wp-content\/uploads\/2022\/07\/Mechanical-Engineering-1-1536x1024.webp 1536w, https:\/\/szkolenia-udt.pl\/wp-content\/uploads\/2022\/07\/Mechanical-Engineering-1-2048x1365.webp 2048w\" sizes=\"auto, (max-width: 512px) 100vw, 512px\" \/><\/a><\/figure>\n<\/div>\n\n\n<p>Etter fullf\u00f8rt kurs kan du g\u00e5 opp til en eksamen som avlegges av en kvalifikasjonskomit\u00e9 oppnevnt av presidenten for Energitilsynet. Hvis du best\u00e5r pr\u00f8ven, f\u00e5r du en oppvarmingslisens i kategori G2\/E, som gir deg rett til \u00e5 arbeide med drift, vedlikehold, reparasjon og installasjon av sentralvarmeovner og -kjeler. Dessverre gis ikke disse lisensene p\u00e5 ubestemt tid, men for en periode p\u00e5 fem \u00e5r. F\u00f8r utl\u00f8psdatoen m\u00e5 du sende inn en s\u00f8knad om fornyelse.&nbsp;&nbsp;&nbsp;<\/p>\n\n\n\n<h2 class=\"wp-block-heading\"><strong>Hvorfor velge sivilsamfunnsorganisasjoner?<\/strong>&nbsp;<\/h2>\n\n\n\n<p>V\u00e5r oppgave er \u00e5 utdanne fremtidige fagfolk p\u00e5 ulike omr\u00e5der, og derfor er kvaliteten p\u00e5 oppl\u00e6ringen vi tilbyr p\u00e5 h\u00f8yeste niv\u00e5. Vi har v\u00e6rt aktive p\u00e5 markedet i mange \u00e5r, og denne tiden har gitt oss den n\u00f8dvendige erfaringen, ikke bare n\u00e5r det gjelder \u00e5 gjennomf\u00f8re oppl\u00e6ringskurs, men ogs\u00e5 n\u00e5r det gjelder den totale organiseringen av kursene og effektiv forberedelse av deltakerne til sertifikatpr\u00f8vene. Det er en forn\u00f8yelse \u00e5 l\u00e6re hos oss.\u00a0\u00a0<\/p>\n\n\n\n<p><a href=\"https:\/\/szkolenia-udt.pl\/nb\/kontakt\/\">Kontakt oss<\/a> og se selv fordelene ved \u00e5 delta i CSO-trening!\u00a0 \u00a0<\/p>\n\n\n<div class=\"wp-block-image\">\n<figure class=\"aligncenter\"><a href=\"https:\/\/szkolenia-udt.pl\/wp-content\/uploads\/2022\/07\/0003-oso-kurs-g-2-cieplo.jpg\"><img loading=\"lazy\" decoding=\"async\" width=\"1024\" height=\"853\" src=\"https:\/\/szkolenia-udt.pl\/wp-content\/uploads\/2022\/07\/0003-oso-kurs-g-2-cieplo-1024x853.jpg\" alt=\"grafikk som beskriver oppl\u00e6ringen\" class=\"wp-image-3024\" srcset=\"https:\/\/szkolenia-udt.pl\/wp-content\/uploads\/2022\/07\/0003-oso-kurs-g-2-cieplo-1024x853.jpg 1024w, https:\/\/szkolenia-udt.pl\/wp-content\/uploads\/2022\/07\/0003-oso-kurs-g-2-cieplo-300x250.jpg 300w, https:\/\/szkolenia-udt.pl\/wp-content\/uploads\/2022\/07\/0003-oso-kurs-g-2-cieplo-768x640.jpg 768w, https:\/\/szkolenia-udt.pl\/wp-content\/uploads\/2022\/07\/0003-oso-kurs-g-2-cieplo.jpg 1200w\" sizes=\"auto, (max-width: 1024px) 100vw, 1024px\" \/><\/a><\/figure>\n<\/div>","protected":false},"excerpt":{"rendered":"<p>Szk\u00f3l si\u0119 z OSO! My\u015bla\u0142e\u015b o tym, \u017ceby rozszerzy\u0107 swoje kwalifikacje i zdoby\u0107 uprawnienia do pracy na nowym stanowisku? A mo\u017ce brak Ci wykwalikowanych pracownik\u00f3w? Ju\u017c teraz mo\u017cesz zmieni\u0107 sw\u00f3j zaw\u00f3d lub przeszkoli\u0107 sw\u00f3j zesp\u00f3\u0142 razem z O\u015brodkiem Szkolenia Operator\u00f3w OSO, zapisuj\u0105c si\u0119 na wybrany kurs z naszej oferty! Aktualnie du\u017cym zainteresowaniem cieszy si\u0119 kurs [&hellip;]<\/p>\n","protected":false},"author":10,"featured_media":3017,"parent":1895,"menu_order":0,"comment_status":"closed","ping_status":"closed","template":"","meta":{"footnotes":""},"class_list":["post-3016","page","type-page","status-publish","has-post-thumbnail","hentry"],"aioseo_notices":[],"_links":{"self":[{"href":"https:\/\/szkolenia-udt.pl\/nb\/wp-json\/wp\/v2\/pages\/3016","targetHints":{"allow":["GET"]}}],"collection":[{"href":"https:\/\/szkolenia-udt.pl\/nb\/wp-json\/wp\/v2\/pages"}],"about":[{"href":"https:\/\/szkolenia-udt.pl\/nb\/wp-json\/wp\/v2\/types\/page"}],"author":[{"embeddable":true,"href":"https:\/\/szkolenia-udt.pl\/nb\/wp-json\/wp\/v2\/users\/10"}],"replies":[{"embeddable":true,"href":"https:\/\/szkolenia-udt.pl\/nb\/wp-json\/wp\/v2\/comments?post=3016"}],"version-history":[{"count":8,"href":"https:\/\/szkolenia-udt.pl\/nb\/wp-json\/wp\/v2\/pages\/3016\/revisions"}],"predecessor-version":[{"id":4772,"href":"https:\/\/szkolenia-udt.pl\/nb\/wp-json\/wp\/v2\/pages\/3016\/revisions\/4772"}],"up":[{"embeddable":true,"href":"https:\/\/szkolenia-udt.pl\/nb\/wp-json\/wp\/v2\/pages\/1895"}],"wp:featuredmedia":[{"embeddable":true,"href":"https:\/\/szkolenia-udt.pl\/nb\/wp-json\/wp\/v2\/media\/3017"}],"wp:attachment":[{"href":"https:\/\/szkolenia-udt.pl\/nb\/wp-json\/wp\/v2\/media?parent=3016"}],"curies":[{"name":"wp","href":"https:\/\/api.w.org\/{rel}","templated":true}]}}