{"id":3072,"date":"2022-08-04T13:19:41","date_gmt":"2022-08-04T11:19:41","guid":{"rendered":"https:\/\/szkolenia-udt.pl\/?page_id=3072"},"modified":"2024-01-12T12:51:55","modified_gmt":"2024-01-12T11:51:55","slug":"handteringsutstyr","status":"publish","type":"page","link":"https:\/\/szkolenia-udt.pl\/nb\/kursy\/uprawnienia-udt-tdt-wdt\/urzadzenia-transportu-bliskiego\/","title":{"rendered":"Vedlikeholdskurs for h\u00e5ndteringsutstyr"},"content":{"rendered":"<h2 class=\"wp-block-heading\">Hvem kan utf\u00f8re vedlikehold p\u00e5 materialh\u00e5ndteringsutstyr?&nbsp;<\/h2>\n\n\n<div class=\"wp-block-image\">\n<figure class=\"alignleft is-resized\"><a href=\"https:\/\/szkolenia-udt.pl\/wp-content\/uploads\/2022\/08\/2-2.jpeg\"><img loading=\"lazy\" decoding=\"async\" width=\"1024\" height=\"683\" src=\"https:\/\/szkolenia-udt.pl\/wp-content\/uploads\/2022\/08\/2-2-1024x683.jpeg\" alt=\"mastheiser i drift\" class=\"wp-image-3114\" style=\"width:512px;height:342px\" srcset=\"https:\/\/szkolenia-udt.pl\/wp-content\/uploads\/2022\/08\/2-2-1024x683.jpeg 1024w, https:\/\/szkolenia-udt.pl\/wp-content\/uploads\/2022\/08\/2-2-300x200.jpeg 300w, https:\/\/szkolenia-udt.pl\/wp-content\/uploads\/2022\/08\/2-2-768x512.jpeg 768w, https:\/\/szkolenia-udt.pl\/wp-content\/uploads\/2022\/08\/2-2-1536x1024.jpeg 1536w, https:\/\/szkolenia-udt.pl\/wp-content\/uploads\/2022\/08\/2-2-18x12.jpeg 18w, https:\/\/szkolenia-udt.pl\/wp-content\/uploads\/2022\/08\/2-2.jpeg 1600w\" sizes=\"auto, (max-width: 1024px) 100vw, 1024px\" \/><\/a><\/figure>\n<\/div>\n\n\n<p>I dag er heiser, mobile plattformer og annet utstyr som gj\u00f8r det lettere for personer med nedsatt funksjonsevne \u00e5 komme til, en viktig del av alle bygninger som er beregnet p\u00e5 offentlig bruk. I Polen tilh\u00f8rer denne typen utstyr en bredere kategori som kalles h\u00e5ndteringsutstyr.&nbsp;<\/p>\n\n\n\n<p>For \u00e5 utf\u00f8re vedlikehold p\u00e5 h\u00e5ndteringsutstyr trenger du en spesiell tillatelse utstedt i Polen av Office of Technical Inspection. I l\u00f8pet av kurset som arrangeres av OSO, vil du f\u00e5 all den informasjonen du trenger for \u00e5 best\u00e5 eksamen for vedlikehold av h\u00e5ndteringsutstyr.&nbsp;<\/p>\n\n\n\n<h2 class=\"wp-block-heading\">Hvorfor et kurs i vedlikehold av materialh\u00e5ndteringsutstyr?&nbsp;<\/h2>\n\n\n\n<p>I dagens markedssituasjon i Polen er en fagl\u00e6rt arbeidstaker mye verdt for en arbeidsgiver. De som har kvalifikasjonsfordeler som gj\u00f8r det mulig \u00e5 jobbe som vedlikeholdsarbeider for h\u00e5ndteringsutstyr, kan regne med sv\u00e6rt attraktive l\u00f8nninger. Det er et godt valg for de som er villige til \u00e5 bytte jobb til en bedre betalt jobb.&nbsp;<\/p>\n\n\n<div class=\"wp-block-image\">\n<figure class=\"alignright size-large is-resized\"><a href=\"https:\/\/szkolenia-udt.pl\/wp-content\/uploads\/2022\/08\/1-2.jpeg\"><img loading=\"lazy\" decoding=\"async\" width=\"1024\" height=\"877\" src=\"https:\/\/szkolenia-udt.pl\/wp-content\/uploads\/2022\/08\/1-2-1024x877.jpeg\" alt=\"gaffeltrucker i ro\" class=\"wp-image-3113\" style=\"width:426px;height:365px\" srcset=\"https:\/\/szkolenia-udt.pl\/wp-content\/uploads\/2022\/08\/1-2-1024x877.jpeg 1024w, https:\/\/szkolenia-udt.pl\/wp-content\/uploads\/2022\/08\/1-2-300x257.jpeg 300w, https:\/\/szkolenia-udt.pl\/wp-content\/uploads\/2022\/08\/1-2-768x658.jpeg 768w, https:\/\/szkolenia-udt.pl\/wp-content\/uploads\/2022\/08\/1-2-1536x1316.jpeg 1536w, https:\/\/szkolenia-udt.pl\/wp-content\/uploads\/2022\/08\/1-2-14x12.jpeg 14w, https:\/\/szkolenia-udt.pl\/wp-content\/uploads\/2022\/08\/1-2.jpeg 1600w\" sizes=\"auto, (max-width: 1024px) 100vw, 1024px\" \/><\/a><\/figure>\n<\/div>\n\n\n<p>Vedlikehold av materialh\u00e5ndteringsutstyr er ogs\u00e5 et sv\u00e6rt sikkert yrke n\u00e5r det gjelder sysselsetting. Heiser og plattformer for funksjonshemmede er en obligatorisk del av de fleste byggeprosjekter i dagens byggebransje. Derfor \u00f8ker ettersp\u00f8rselen etter personer med lisens til \u00e5 vedlikeholde denne typen utstyr i takt med at byggeprosjektene blir flere og flere.&nbsp;<\/p>\n\n\n\n<h2 class=\"wp-block-heading\">Hvem kan delta i oppl\u00e6ringen?&nbsp;<\/h2>\n\n\n\n<p>For \u00e5 kunne ta eksamen for \u00e5 bli vedlikeholdsansvarlig for materialh\u00e5ndteringsutstyr m\u00e5 du f\u00f8rst og fremst oppfylle to grunnleggende krav:&nbsp;<\/p>\n\n\n\n<ul class=\"wp-block-list\">\n<li>V\u00e6r voksen<\/li>\n\n\n\n<li>Har minst grunnskoleutdanning<\/li>\n\n\n\n<li>ha tilstrekkelig helse til \u00e5 arbeide i yrket<\/li>\n<\/ul>\n\n\n\n<p>Kvalifikasjonene fra vedlikeholdskurset for h\u00e5ndteringsutstyr er gyldige i fem \u00e5r. Etter denne perioden m\u00e5 jeg best\u00e5 eksamen p\u00e5 nytt med et positivt resultat for \u00e5 f\u00e5 fornyet mine faglige fordeler.&nbsp;&nbsp;<\/p>\n\n\n\n<h2 class=\"wp-block-heading\">Hvordan er kurset for vedlikehold av materialh\u00e5ndteringsutstyr?&nbsp;<\/h2>\n\n\n\n<p>I likhet med resten av kursene som tilbys av OSO, best\u00e5r ogs\u00e5 kurset for vedlikehold av h\u00e5ndteringsutstyr av tre deler: teori, praksis og eksamen.<\/p>\n\n\n\n<figure class=\"wp-block-table\"><table><thead><tr><th>Teoretisk del<\/th><th>Praktisk del<\/th><th>Avsluttende eksamen<\/th><\/tr><thead><tbody><tr><td>I denne delen av oppl\u00e6ringen l\u00e6rer deltakerne om helse og sikkerhet ved arbeid med h\u00e5ndteringsutstyr, utstyrets utforming, de ulike utstyrstypene og hvordan man oppbevarer dokumentasjonen som er n\u00f8dvendig for vedlikehold.  Denne delen av oppl\u00e6ringen foreg\u00e5r vanligvis i form av forelesninger holdt av v\u00e5re instrukt\u00f8rer. Hvis kunden \u00f8nsker det, er det ogs\u00e5 mulig \u00e5 organisere denne delen av kurset som fjernundervisning.<\/td><td>I den praktiske delen kan deltakerne \u00f8ve p\u00e5 drift og vedlikehold av h\u00e5ndteringsutstyret i et trygt og kontrollert milj\u00f8.  V\u00e5re instrukt\u00f8rer fokuserer p\u00e5 \u00e5 gi kursdeltakerne den kunnskapen de trenger for ikke bare \u00e5 best\u00e5 eksamen, men ogs\u00e5 for \u00e5 kunne arbeide sikkert og effektivt med h\u00e5ndteringsutstyret.<\/td><td>Kurset i vedlikehold av OSO-h\u00e5ndteringsutstyr avsluttes med en eksamen for en kommisjon oppnevnt av UDT.  I likhet med selve oppl\u00e6ringen best\u00e5r eksamen av en teoretisk og en praktisk del. I den teoretiske delen m\u00e5 deltakerne skrive en eksamen som best\u00e5r av \u00e5pne og lukkede sp\u00f8rsm\u00e5l som tester kunnskapen deres om helse og sikkerhet p\u00e5 arbeidsplassen og konstruksjon og bruk av utstyr. Den praktiske eksamenen er basert p\u00e5 korrekt utf\u00f8relse av en rekke oppgaver knyttet til vedlikehold og drift av h\u00e5ndteringsutstyret foran en jury.  Vellykket gjennomf\u00f8ring av begge deler av eksamenen gir deltakerne autorisasjon til \u00e5 arbeide som vedlikeholdsoperat\u00f8rer.<\/td><\/tr><\/tbody><\/table><\/figure>\n\n\n\n<div>&nbsp;<\/div>\n\n\n\n<h2 class=\"wp-block-heading\">Hvor langt er kurset for vedlikehold av materialh\u00e5ndteringsutstyr?&nbsp;<\/h2>\n\n\n<div class=\"wp-block-image\">\n<figure class=\"alignleft size-large is-resized\"><a href=\"https:\/\/szkolenia-udt.pl\/wp-content\/uploads\/2022\/08\/3-1.jpeg\"><img loading=\"lazy\" decoding=\"async\" width=\"1024\" height=\"760\" src=\"https:\/\/szkolenia-udt.pl\/wp-content\/uploads\/2022\/08\/3-1-1024x760.jpeg\" alt=\"mastheis p\u00e5 stedet\" class=\"wp-image-3115\" style=\"width:512px;height:380px\" srcset=\"https:\/\/szkolenia-udt.pl\/wp-content\/uploads\/2022\/08\/3-1-1024x760.jpeg 1024w, https:\/\/szkolenia-udt.pl\/wp-content\/uploads\/2022\/08\/3-1-300x223.jpeg 300w, https:\/\/szkolenia-udt.pl\/wp-content\/uploads\/2022\/08\/3-1-768x570.jpeg 768w, https:\/\/szkolenia-udt.pl\/wp-content\/uploads\/2022\/08\/3-1-1536x1140.jpeg 1536w, https:\/\/szkolenia-udt.pl\/wp-content\/uploads\/2022\/08\/3-1-16x12.jpeg 16w, https:\/\/szkolenia-udt.pl\/wp-content\/uploads\/2022\/08\/3-1-135x100.jpeg 135w, https:\/\/szkolenia-udt.pl\/wp-content\/uploads\/2022\/08\/3-1.jpeg 1600w\" sizes=\"auto, (max-width: 1024px) 100vw, 1024px\" \/><\/a><\/figure>\n<\/div>\n\n\n<p>OSO tilbyr kurs for personer p\u00e5 alle erfaringsniv\u00e5er. Avhengig av dette kan kurset vare fra noen timer til flere dager.&nbsp;<\/p>\n\n\n\n<p>For personer uten tidligere erfaring med vedlikehold av h\u00e5ndteringsutstyr tilbyr OSO spesialiserte kurs som vanligvis varer i flere dager. I l\u00f8pet av denne tiden f\u00e5r deltakerne den kunnskapen og erfaringen de trenger for \u00e5 ta de f\u00f8rste skrittene i vedlikehold av denne typen utstyr.&nbsp;<\/p>\n\n\n\n<p>For de som bare \u00f8nsker \u00e5 fornye tidligere ervervede kvalifikasjoner, tilbyr vi ekspresskurs som bare varer noen f\u00e5 timer. En slik oppl\u00e6ring varer vanligvis \u00e9n arbeidsdag og avsluttes med en eksamen samme dag.&nbsp;&nbsp;<\/p>\n\n\n\n<p>Hvis du \u00f8nsker \u00e5 utvide din faglige kompetanse eller gi dine ansatte ytterligere oppl\u00e6ring, er du velkommen til \u00e5 ta kontakt med oss. Datoer for \u00e5pne kurs legges jevnlig ut p\u00e5 nettstedet v\u00e5rt, sammen med priser. Individuelle kunder <a href=\"https:\/\/szkolenia-udt.pl\/nb\/kontakt\/\">ta gjerne kontakt med oss<\/a> med v\u00e5re konsulenter. De vil kunne utarbeide et personlig tilpasset tilbud til hver enkelt kunde. Vi tilbyr attraktive oppl\u00e6ringspriser, og bedrifter som \u00f8nsker \u00e5 samarbeide med OSO over en lengre periode, kan regne med fordelaktige priser.&nbsp;<\/p>","protected":false},"excerpt":{"rendered":"<p>Kto mo\u017ce prowadzi\u0107 konserwacje urz\u0105dze\u0144 transportu bliskiego?&nbsp; Wsp\u00f3\u0142cze\u015bnie windy, ruchome podesty i inne urz\u0105dzenia u\u0142atwiaj\u0105ce dost\u0119p osobom niepe\u0142nosprawnym s\u0105 podstawowym elementem ka\u017cdego budynku przeznaczonego do u\u017cytku publicznego. W Polsce urz\u0105dzenia tego typu zaliczaj\u0105 si\u0119 do szerszej kategorii zwanej urz\u0105dzeniami transportu bliskiego.&nbsp; Do prowadzenia konserwacji urz\u0105dze\u0144 transportu bliskiego trzeba posiada\u0107 specjalne pozwolenia wydawane w Polsce przez [&hellip;]<\/p>\n","protected":false},"author":10,"featured_media":3074,"parent":2266,"menu_order":0,"comment_status":"closed","ping_status":"closed","template":"","meta":{"footnotes":""},"class_list":["post-3072","page","type-page","status-publish","has-post-thumbnail","hentry"],"aioseo_notices":[],"_links":{"self":[{"href":"https:\/\/szkolenia-udt.pl\/nb\/wp-json\/wp\/v2\/pages\/3072","targetHints":{"allow":["GET"]}}],"collection":[{"href":"https:\/\/szkolenia-udt.pl\/nb\/wp-json\/wp\/v2\/pages"}],"about":[{"href":"https:\/\/szkolenia-udt.pl\/nb\/wp-json\/wp\/v2\/types\/page"}],"author":[{"embeddable":true,"href":"https:\/\/szkolenia-udt.pl\/nb\/wp-json\/wp\/v2\/users\/10"}],"replies":[{"embeddable":true,"href":"https:\/\/szkolenia-udt.pl\/nb\/wp-json\/wp\/v2\/comments?post=3072"}],"version-history":[{"count":11,"href":"https:\/\/szkolenia-udt.pl\/nb\/wp-json\/wp\/v2\/pages\/3072\/revisions"}],"predecessor-version":[{"id":5368,"href":"https:\/\/szkolenia-udt.pl\/nb\/wp-json\/wp\/v2\/pages\/3072\/revisions\/5368"}],"up":[{"embeddable":true,"href":"https:\/\/szkolenia-udt.pl\/nb\/wp-json\/wp\/v2\/pages\/2266"}],"wp:featuredmedia":[{"embeddable":true,"href":"https:\/\/szkolenia-udt.pl\/nb\/wp-json\/wp\/v2\/media\/3074"}],"wp:attachment":[{"href":"https:\/\/szkolenia-udt.pl\/nb\/wp-json\/wp\/v2\/media?parent=3072"}],"curies":[{"name":"wp","href":"https:\/\/api.w.org\/{rel}","templated":true}]}}