{"id":3117,"date":"2022-08-11T11:52:59","date_gmt":"2022-08-11T09:52:59","guid":{"rendered":"https:\/\/szkolenia-udt.pl\/?page_id=3117"},"modified":"2023-03-24T19:30:24","modified_gmt":"2023-03-24T18:30:24","slug":"fallsikring","status":"publish","type":"page","link":"https:\/\/szkolenia-udt.pl\/nb\/kursy\/prace-wysokosciowe\/ochrona-przed-upadkiem\/","title":{"rendered":"Oppl\u00e6ring i fallsikring"},"content":{"rendered":"<div class=\"wp-block-image\">\n<figure class=\"alignleft size-large is-resized\"><a href=\"https:\/\/szkolenia-udt.pl\/wp-content\/uploads\/2022\/08\/1-3.jpeg\"><img loading=\"lazy\" decoding=\"async\" src=\"https:\/\/szkolenia-udt.pl\/wp-content\/uploads\/2022\/08\/1-3-927x1024.jpeg\" alt=\"fallsikringsutstyr\" class=\"wp-image-3118\" width=\"464\" height=\"512\" srcset=\"https:\/\/szkolenia-udt.pl\/wp-content\/uploads\/2022\/08\/1-3-927x1024.jpeg 927w, https:\/\/szkolenia-udt.pl\/wp-content\/uploads\/2022\/08\/1-3-272x300.jpeg 272w, https:\/\/szkolenia-udt.pl\/wp-content\/uploads\/2022\/08\/1-3-768x848.jpeg 768w, https:\/\/szkolenia-udt.pl\/wp-content\/uploads\/2022\/08\/1-3-1391x1536.jpeg 1391w, https:\/\/szkolenia-udt.pl\/wp-content\/uploads\/2022\/08\/1-3-11x12.jpeg 11w, https:\/\/szkolenia-udt.pl\/wp-content\/uploads\/2022\/08\/1-3.jpeg 1449w\" sizes=\"auto, (max-width: 464px) 100vw, 464px\" \/><\/a><\/figure>\n<\/div>\n\n\n<h2 class=\"wp-block-heading\"><strong>Om kurset<\/strong><\/h2>\n\n\n\n<p>Arbeid i h\u00f8yden krever de rette kvalifikasjonene, siden det er et sv\u00e6rt farlig yrke og en arbeidsulykke kan skje n\u00e5r som helst. Det er derfor sv\u00e6rt viktig at de som arbeider i h\u00f8yden har de n\u00f8dvendige kunnskapene og ferdighetene for \u00e5 kunne gj\u00f8re det p\u00e5 en sikker m\u00e5te. Derfor vil vi gjerne invitere deg til \u00e5 bes\u00f8ke nettstedet til senteret v\u00e5rt, der du finner et tilbud om profesjonell oppl\u00e6ring i fallsikring. Kurset er beregnet p\u00e5 personer som arbeider med ulike typer gjenstander i h\u00f8yden. Vi har v\u00e6rt i drift i mange \u00e5r, og instrukt\u00f8rene v\u00e5re er alltid tilgjengelige og kvalifiserte til \u00e5 gi profesjonell oppl\u00e6ring. Fordelen med <a href=\"https:\/\/szkolenia-udt.pl\/nb\/kursy\/\">av v\u00e5re kurs<\/a> er deres fleksibilitet og evne til \u00e5 tilpasse dem til dine behov.<\/p>\n\n\n\n<h2 class=\"wp-block-heading\"><strong>Hvordan ser oppl\u00e6ringen v\u00e5r ut?<\/strong>&nbsp;<\/h2>\n\n\n\n<p>Vi tilbyr en personlig tiln\u00e6rming og nyttige verkt\u00f8y, tilbeh\u00f8r og oppl\u00e6ringsmateriell. Disse aspektene legger til rette for profesjonell og omfattende oppl\u00e6ring i arbeid i h\u00f8yden og fallsikring. Oppl\u00e6ringen omfatter b\u00e5de en teoretisk del, der deltakerne f\u00e5r kunnskap om fallsikring, og en praktisk del, der de f\u00e5r mulighet til \u00e5 praktisere informasjonen de har tilegnet seg.\u00a0\u00a0<\/p>\n\n\n\n<h2 class=\"wp-block-heading\"><strong>V\u00e5re krav<\/strong>&nbsp;<\/h2>\n\n\n\n<p>De som \u00f8nsker \u00e5 delta i oppl\u00e6ringen, m\u00e5 v\u00e6re minst 18 \u00e5r gamle, ha minst grunnskoleutdanning og ha en gjeldende legeattest som tillater arbeid over 3 meter, samt v\u00e6re ved god psykisk helse.&nbsp;&nbsp;<\/p>\n\n\n\n<h2 class=\"wp-block-heading\"><strong>Form\u00e5l med kurset<\/strong>&nbsp;<\/h2>\n\n\n\n<p>Hovedm\u00e5let med denne oppl\u00e6ringen er at deltakeren etter endt oppl\u00e6ring skal v\u00e6re i stand til \u00e5 identifisere og eliminere farer ved hjelp av egnede metoder. <a href=\"https:\/\/szkolenia-udt.pl\/nb\/kursy\/bhp-ppoz\/szkolenia-bhp-oso\/\">personlig verneutstyr<\/a>og utf\u00f8re redningsoperasjoner.&nbsp;&nbsp;<\/p>\n\n\n\n<h2 class=\"wp-block-heading\"><strong>Oppl\u00e6ringsplan<\/strong>&nbsp;<\/h2>\n\n\n\n<p>Oppl\u00e6ringsprogrammet omfatter sp\u00f8rsm\u00e5l om sikkerhet i arbeidsmilj\u00f8et og sikkerhet p\u00e5 arbeidsplassen: personlig verneutstyr.&nbsp;&nbsp;<\/p>\n\n\n\n<h4 class=\"wp-block-heading\">Sikkerhet i arbeidsmilj\u00f8et dekker emner som:\u00a0\u00a0<\/h4>\n\n\n<div class=\"wp-block-image\">\n<figure class=\"alignright size-large is-resized\"><a href=\"https:\/\/szkolenia-udt.pl\/wp-content\/uploads\/2022\/08\/2-3.jpeg\"><img loading=\"lazy\" decoding=\"async\" src=\"https:\/\/szkolenia-udt.pl\/wp-content\/uploads\/2022\/08\/2-3-1024x683.jpeg\" alt=\"arbeid i h\u00f8yden\" class=\"wp-image-3119\" width=\"512\" height=\"342\" srcset=\"https:\/\/szkolenia-udt.pl\/wp-content\/uploads\/2022\/08\/2-3-1024x683.jpeg 1024w, https:\/\/szkolenia-udt.pl\/wp-content\/uploads\/2022\/08\/2-3-300x200.jpeg 300w, https:\/\/szkolenia-udt.pl\/wp-content\/uploads\/2022\/08\/2-3-768x512.jpeg 768w, https:\/\/szkolenia-udt.pl\/wp-content\/uploads\/2022\/08\/2-3-1536x1024.jpeg 1536w, https:\/\/szkolenia-udt.pl\/wp-content\/uploads\/2022\/08\/2-3-18x12.jpeg 18w, https:\/\/szkolenia-udt.pl\/wp-content\/uploads\/2022\/08\/2-3.jpeg 1600w\" sizes=\"auto, (max-width: 512px) 100vw, 512px\" \/><\/a><\/figure>\n<\/div>\n\n\n<ul class=\"wp-block-list\">\n<li>fysiske faktorer knyttet til arbeid i h\u00f8yden;\u00a0<\/li>\n\n\n\n<li>analyse og vurdering av arbeidsrelaterte risikoer og reduksjon av risikoer som kan oppst\u00e5 p\u00e5 arbeidsplassen;\u00a0\u00a0<\/li>\n\n\n\n<li>Erkjennelse av faren, arbeidsplassen og hvordan du kan beskytte deg selv;&nbsp;&nbsp;<\/li>\n\n\n\n<li>de viktigste bestemmelsene i polsk og europeisk lovgivning;&nbsp;&nbsp;<\/li>\n\n\n\n<li>aktiviteter for \u00e5 sikre trygge arbeidsforhold.&nbsp;&nbsp;<\/li>\n<\/ul>\n\n\n\n<h4 class=\"wp-block-heading\">Emner som dekkes p\u00e5 arbeidsstasjonssikringen er:&nbsp;&nbsp;<\/h4>\n\n\n\n<ul class=\"wp-block-list\">\n<li>arbeidsordre - beskyttelse i h\u00f8yden, p\u00e5 tak;&nbsp;&nbsp;<\/li>\n\n\n\n<li>sikring av arbeidsplassen;&nbsp;&nbsp;<\/li>\n\n\n\n<li>gjennomgang av utstyr;&nbsp;&nbsp;<\/li>\n\n\n\n<li>Kjennskap til kravene til personlig verneutstyr i h\u00f8yden - fallsikringssystem;&nbsp;&nbsp;<\/li>\n\n\n\n<li>regler for sikker adgang til arbeidsplassen;&nbsp;&nbsp;<\/li>\n\n\n\n<li>bruk av personlig verneutstyr;&nbsp;&nbsp;<\/li>\n\n\n\n<li>aktiviteter etter ulykker, familiarisering med evakuerings- og redningsutstyr;&nbsp;&nbsp;<\/li>\n\n\n\n<li>diskusjon av effekten etter ulykken.&nbsp;&nbsp;<\/li>\n<\/ul>\n\n\n\n<p>Etter endt kurs m\u00e5 deltakerne avlegge en eksamen. Bare et positivt resultat gj\u00f8r at du kan bli sertifisert for arbeid i h\u00f8yden.&nbsp;&nbsp;<\/p>\n\n\n\n<div class=\"filmw\">\n<div class=\"responsive-youtube\"><iframe loading=\"lazy\" title=\"YouTube-videospiller\" src=\"https:\/\/www.youtube.com\/embed\/QcT4h2Z50M0\" width=\"560\" height=\"315\" frameborder=\"0\" allowfullscreen=\"allowfullscreen\"><\/iframe><\/div>\n<\/div>\n\n\n\n<h2 class=\"wp-block-heading\"><strong>Fallsikring og arbeidsgiveren<\/strong>&nbsp;<\/h2>\n\n\n\n<p>I henhold til arbeids- og sosialministerens forordning av 26. september 1997 om generelle helse- og sikkerhetsforskrifter \"<a href=\"https:\/\/szkolenia-udt.pl\/nb\/kursy\/prace-wysokosciowe\/kurs-na-szelki-budowlane\/\">arbeid i h\u00f8yden<\/a> er arbeid som utf\u00f8res p\u00e5 en overflate i en h\u00f8yde p\u00e5 minst 1,0 m over gulv- eller bakkeniv\u00e5\".&nbsp;&nbsp;<\/p>\n\n\n\n<p>I henhold til polsk lov og europeisk arbeidsmilj\u00f8lovgivning er arbeidsgivere som ansetter personer som arbeider i h\u00f8yden, forpliktet til \u00e5 gi sine ansatte:&nbsp;&nbsp;<\/p>\n\n\n\n<ul class=\"wp-block-list\">\n<li>egnede tiltak for \u00e5 beskytte mot fall fra h\u00f8yden;&nbsp;&nbsp;<\/li>\n\n\n\n<li>direkte tilsyn med dette arbeidet av personer som er utpekt for dette form\u00e5let;&nbsp;&nbsp;&nbsp;<\/li>\n\n\n\n<li>orientering om jobben.&nbsp;&nbsp;<\/li>\n<\/ul>\n\n\n\n<p>Hvis det ikke er mulig \u00e5 utf\u00f8re arbeidet p\u00e5 en slik m\u00e5te at arbeidstakerne befinner seg utenfor fallfaresonen, m\u00e5 de utstyres med det mest hensiktsmessige utstyret for \u00e5 sikre et trygt arbeidsmilj\u00f8. I denne situasjonen har kollektive vernetiltak som sikkerhetsnett eller rekkverk forrang fremfor personlige vernetiltak som individuelt fallsikringsutstyr.&nbsp;&nbsp;<\/p>\n\n\n\n<h2 class=\"wp-block-heading\"><strong>SOI - personlig verneutstyr<\/strong>\u00a0<\/h2>\n\n\n<div class=\"wp-block-image\">\n<figure class=\"alignleft size-large is-resized\"><a href=\"https:\/\/szkolenia-udt.pl\/wp-content\/uploads\/2022\/08\/3-2.jpeg\"><img loading=\"lazy\" decoding=\"async\" src=\"https:\/\/szkolenia-udt.pl\/wp-content\/uploads\/2022\/08\/3-2-1024x675.jpeg\" alt=\"fallsikringsutstyr\" class=\"wp-image-3121\" width=\"512\" height=\"338\" srcset=\"https:\/\/szkolenia-udt.pl\/wp-content\/uploads\/2022\/08\/3-2-1024x675.jpeg 1024w, https:\/\/szkolenia-udt.pl\/wp-content\/uploads\/2022\/08\/3-2-300x198.jpeg 300w, https:\/\/szkolenia-udt.pl\/wp-content\/uploads\/2022\/08\/3-2-768x506.jpeg 768w, https:\/\/szkolenia-udt.pl\/wp-content\/uploads\/2022\/08\/3-2-1536x1012.jpeg 1536w, https:\/\/szkolenia-udt.pl\/wp-content\/uploads\/2022\/08\/3-2-18x12.jpeg 18w, https:\/\/szkolenia-udt.pl\/wp-content\/uploads\/2022\/08\/3-2.jpeg 1600w\" sizes=\"auto, (max-width: 512px) 100vw, 512px\" \/><\/a><\/figure>\n<\/div>\n\n\n<p>Valget av personlig verneutstyr avhenger av flere faktorer. F\u00f8rst og fremst b\u00f8r de velges p\u00e5 en slik m\u00e5te at de er tilpasset den aktuelle faren. I tillegg skal de velges i henhold til personen som bruker dem, slik at det blant annet tas hensyn til arbeidstakerens helsetilstand. Det b\u00f8r ogs\u00e5 tas hensyn til forholdene p\u00e5 arbeidsplassen og til at det personlige verneutstyret skal oppfylle helse- og sikkerhetskriterier.&nbsp;<\/p>\n\n\n\n<h2 class=\"wp-block-heading\"><strong>Personlig fallsikringsutstyr<\/strong>&nbsp;<\/h2>\n\n\n\n<p>Alle som arbeider i h\u00f8yden, skal v\u00e6re utstyrt med personlig fallsikringsutstyr. Dette utstyret omfatter f\u00f8lgende:&nbsp;<\/p>\n\n\n\n<figure class=\"wp-block-table\"><table><tbody><tr><td><strong>Navn<\/strong>&nbsp;<\/td><td><strong>BESKRIVELSE<\/strong>&nbsp;<\/td><\/tr><tr><td>Forankringsanordning&nbsp;<\/td><td>Den kobles direkte til st\u00f8ttestrukturen; den skal danne en sterk forbindelse mellom underenheten for kobling og demping og arbeidsstasjonens strukturelle komponenter; den skal v\u00e6re plassert rett over arbeidsstasjonen for \u00e5 unng\u00e5 pendeleffekten, det kan v\u00e6re: saks-, kabel- og stroppfester, samt forankringstau og skinner osv.\u00a0<\/td><\/tr><tr><td>Sikkerhetsseler&nbsp;<\/td><td>De brukes til \u00e5 st\u00f8tte kroppen under et fall fra h\u00f8yden og til \u00e5 fordele de dynamiske kreftene p\u00e5 en sikker m\u00e5te n\u00e5r fallet stoppes; de bidrar ogs\u00e5 til \u00e5 opprettholde riktig posisjon mens man venter p\u00e5 hjelp; de er utstyrt med spenner som gj\u00f8r det mulig \u00e5 koble selen til forbindelses- og dempingskomponenten.\u00a0<\/td><\/tr><tr><td>Forbindelses- og absorberende underenhet\u00a0<\/td><td>En spesiell anordning som forhindrer at arbeidstakere faller fra h\u00f8yden. Arbeidstakeren er festet til st\u00f8tte- eller forankringsanordningen ved hjelp av en forbindelses- og dempingsenhet som er plassert mellom forankringsanordningen og sikkerhetsselen.\u00a0<\/td><\/tr><\/tbody><\/table><\/figure>\n\n\n\n<h2 class=\"wp-block-heading\"><strong>Annen informasjon om kurset<\/strong>&nbsp;<\/h2>\n\n\n\n<p>Vi tilbyr oppl\u00e6ring b\u00e5de i Warszawa og i andre byer i Polen. Vi fastsetter prisen individuelt avhengig av antall personer (for st\u00f8rre organiserte grupper er det mulig \u00e5 f\u00e5 rabatt). Vi inviterer deg til \u00e5 melde deg p\u00e5 \u00e5pne kurs i henhold til datoplanen som er tilgjengelig p\u00e5 nettstedet v\u00e5rt. Hvis du vil ha mer informasjon eller har sp\u00f8rsm\u00e5l, kan du kontakte oss p\u00e5 <a href=\"https:\/\/szkolenia-udt.pl\/nb\/kontakt\/\">Kontakt oss<\/a>. Vi inviterer deg hjertelig til \u00e5 kontakte oss, melde deg p\u00e5 og delta p\u00e5 kursene v\u00e5re!\u00a0<\/p>\n\n\n<div class=\"wp-block-image\">\n<figure class=\"aligncenter\"><a href=\"https:\/\/szkolenia-udt.pl\/wp-content\/uploads\/2022\/08\/0096-oso.edu_.pl_.jpg\"><img loading=\"lazy\" decoding=\"async\" width=\"1024\" height=\"853\" src=\"https:\/\/szkolenia-udt.pl\/wp-content\/uploads\/2022\/08\/0096-oso.edu_.pl_-1024x853.jpg\" alt=\"grafisk reklame for oppl\u00e6ringen\" class=\"wp-image-3120\" srcset=\"https:\/\/szkolenia-udt.pl\/wp-content\/uploads\/2022\/08\/0096-oso.edu_.pl_-1024x853.jpg 1024w, https:\/\/szkolenia-udt.pl\/wp-content\/uploads\/2022\/08\/0096-oso.edu_.pl_-300x250.jpg 300w, https:\/\/szkolenia-udt.pl\/wp-content\/uploads\/2022\/08\/0096-oso.edu_.pl_-768x640.jpg 768w, https:\/\/szkolenia-udt.pl\/wp-content\/uploads\/2022\/08\/0096-oso.edu_.pl_-14x12.jpg 14w, https:\/\/szkolenia-udt.pl\/wp-content\/uploads\/2022\/08\/0096-oso.edu_.pl_.jpg 1200w\" sizes=\"auto, (max-width: 1024px) 100vw, 1024px\" \/><\/a><\/figure>\n<\/div>","protected":false},"excerpt":{"rendered":"<p>O kursie Praca na wysoko\u015bciach wymaga posiadania odpowiednich uprawnie\u0144, bior\u0105c pod uwag\u0119 fakt, \u017ce jest to zaw\u00f3d bardzo niebezpieczny, a wypadek przy pracy mo\u017ce zdarzy\u0107 si\u0119 w ka\u017cdej chwili. Niezwykle wa\u017cne jest, aby osoby pracuj\u0105ce na wysoko\u015bciach mia\u0142y odpowiedn\u0105 wiedz\u0119 i umiej\u0119tno\u015bci niezb\u0119dne do bezpiecznego wykonywania zawodu.\u00a0W zwi\u0105zku z tym, serdecznie zapraszamy na stron\u0119 naszego [&hellip;]<\/p>\n","protected":false},"author":10,"featured_media":3119,"parent":1874,"menu_order":0,"comment_status":"closed","ping_status":"closed","template":"","meta":{"footnotes":""},"class_list":["post-3117","page","type-page","status-publish","has-post-thumbnail","hentry"],"aioseo_notices":[],"_links":{"self":[{"href":"https:\/\/szkolenia-udt.pl\/nb\/wp-json\/wp\/v2\/pages\/3117","targetHints":{"allow":["GET"]}}],"collection":[{"href":"https:\/\/szkolenia-udt.pl\/nb\/wp-json\/wp\/v2\/pages"}],"about":[{"href":"https:\/\/szkolenia-udt.pl\/nb\/wp-json\/wp\/v2\/types\/page"}],"author":[{"embeddable":true,"href":"https:\/\/szkolenia-udt.pl\/nb\/wp-json\/wp\/v2\/users\/10"}],"replies":[{"embeddable":true,"href":"https:\/\/szkolenia-udt.pl\/nb\/wp-json\/wp\/v2\/comments?post=3117"}],"version-history":[{"count":6,"href":"https:\/\/szkolenia-udt.pl\/nb\/wp-json\/wp\/v2\/pages\/3117\/revisions"}],"predecessor-version":[{"id":4677,"href":"https:\/\/szkolenia-udt.pl\/nb\/wp-json\/wp\/v2\/pages\/3117\/revisions\/4677"}],"up":[{"embeddable":true,"href":"https:\/\/szkolenia-udt.pl\/nb\/wp-json\/wp\/v2\/pages\/1874"}],"wp:featuredmedia":[{"embeddable":true,"href":"https:\/\/szkolenia-udt.pl\/nb\/wp-json\/wp\/v2\/media\/3119"}],"wp:attachment":[{"href":"https:\/\/szkolenia-udt.pl\/nb\/wp-json\/wp\/v2\/media?parent=3117"}],"curies":[{"name":"wp","href":"https:\/\/api.w.org\/{rel}","templated":true}]}}