{"id":3126,"date":"2022-08-12T14:52:09","date_gmt":"2022-08-12T12:52:09","guid":{"rendered":"https:\/\/szkolenia-udt.pl\/?page_id=3126"},"modified":"2023-03-26T10:19:24","modified_gmt":"2023-03-26T08:19:24","slug":"udt-opplaering","status":"publish","type":"page","link":"https:\/\/szkolenia-udt.pl\/nb\/kursy\/uprawnienia-udt-tdt-wdt\/szkolenia-z-zakresu-udt\/","title":{"rendered":"UDT-oppl\u00e6ring"},"content":{"rendered":"<h2 class=\"wp-block-heading\"><strong>UTB - h\u00e5ndteringsutstyr<\/strong>\u00a0<\/h2>\n\n\n<div class=\"wp-block-image\">\n<figure class=\"alignright size-large is-resized\"><a href=\"https:\/\/szkolenia-udt.pl\/wp-content\/uploads\/2022\/08\/1234.jpeg\"><img loading=\"lazy\" decoding=\"async\" src=\"https:\/\/szkolenia-udt.pl\/wp-content\/uploads\/2022\/08\/1234-1024x684.jpeg\" alt=\"bilde av instrukt\u00f8rer under UTD-trening\" class=\"wp-image-3128\" width=\"512\" height=\"342\" srcset=\"https:\/\/szkolenia-udt.pl\/wp-content\/uploads\/2022\/08\/1234-1024x684.jpeg 1024w, https:\/\/szkolenia-udt.pl\/wp-content\/uploads\/2022\/08\/1234-300x200.jpeg 300w, https:\/\/szkolenia-udt.pl\/wp-content\/uploads\/2022\/08\/1234-768x513.jpeg 768w, https:\/\/szkolenia-udt.pl\/wp-content\/uploads\/2022\/08\/1234-1536x1025.jpeg 1536w, https:\/\/szkolenia-udt.pl\/wp-content\/uploads\/2022\/08\/1234-18x12.jpeg 18w, https:\/\/szkolenia-udt.pl\/wp-content\/uploads\/2022\/08\/1234.jpeg 1600w\" sizes=\"auto, (max-width: 512px) 100vw, 512px\" \/><\/a><\/figure>\n<\/div>\n\n\n<p>Materialh\u00e5ndteringsutstyr er utstyr som er under teknisk tilsyn av UDT. Dette omfatter blant annet&nbsp;<\/p>\n\n\n\n<ul class=\"wp-block-list\">\n<li>kraner,&nbsp;&nbsp;<\/li>\n\n\n\n<li>ulike typer kraner,&nbsp;&nbsp;<\/li>\n\n\n\n<li>gaffeltrucker,&nbsp;&nbsp;<\/li>\n\n\n\n<li>heiser,&nbsp;&nbsp;<\/li>\n\n\n\n<li>mobile plattformer,&nbsp;&nbsp;<\/li>\n\n\n\n<li>kraner,&nbsp;&nbsp;<\/li>\n\n\n\n<li>taljer og vinsjer.&nbsp;&nbsp;<\/li>\n<\/ul>\n\n\n\n<p>Det betyr at de bare kan betjenes, repareres, vedlikeholdes og inspiseres av en person som er sertifisert til \u00e5 gj\u00f8re det. Derfor har vi utviklet profesjonelle kurs for dem som \u00f8nsker \u00e5 tilegne seg dette. Vi har i mange \u00e5r tilbudt profesjonelle kurs for ansatte i hele Polen. Vi tilbyr profesjonelle kurs som gir deg muligheten til \u00e5 f\u00e5 autorisasjoner fra Kontoret for teknisk inspeksjon og deretter f\u00e5 jobb som maskinf\u00f8rer.\u00a0\u00a0<\/p>\n\n\n\n<h2 class=\"wp-block-heading\"><strong>Oppl\u00e6ring av sivilsamfunnsorganisasjoner<\/strong>&nbsp;<\/h2>\n\n\n\n<p>I v\u00e5rt tilbud kan du blant annet finne oppl\u00e6ring for&nbsp;<\/p>\n\n\n\n<ul class=\"dwiekolumny wp-block-list\">\n<li>mobile l\u00f8fteplattformer,&nbsp;<\/li>\n\n\n\n<li>stasjon\u00e6re mobile plattformer,&nbsp;<\/li>\n\n\n\n<li>mobile plattformer med mast,&nbsp;<\/li>\n\n\n\n<li>Suspenderte mobile plattformer,&nbsp;<\/li>\n\n\n\n<li>arbeidsplattformer,&nbsp;<\/li>\n\n\n\n<li>sakselifter,&nbsp;<\/li>\n\n\n\n<li>kraner,&nbsp;<\/li>\n\n\n\n<li>HDS (hydraulisk lastebilkran).&nbsp;<\/li>\n<\/ul>\n\n\n\n<h2 class=\"wp-block-heading\"><strong>V\u00e5re medarbeidere<\/strong>&nbsp;<\/h2>\n\n\n\n<p>Vi har h\u00f8yt kvalifiserte instrukt\u00f8rer som underviser basert p\u00e5 programmer som er utviklet i samarbeid med sertifiseringsorganene som utsteder kvalifikasjonene. Alle som tar dette kurset, f\u00e5r st\u00f8tte og tilgang til undervisningsmateriell.&nbsp;&nbsp;<\/p>\n\n\n<div class=\"wp-block-image\">\n<figure class=\"alignleft size-large is-resized\"><a href=\"https:\/\/szkolenia-udt.pl\/wp-content\/uploads\/2022\/08\/123.webp\"><img loading=\"lazy\" decoding=\"async\" src=\"https:\/\/szkolenia-udt.pl\/wp-content\/uploads\/2022\/08\/123-1024x769.webp\" alt=\"bilde av praktikanter\" class=\"wp-image-3127\" width=\"512\" height=\"385\" srcset=\"https:\/\/szkolenia-udt.pl\/wp-content\/uploads\/2022\/08\/123-1024x769.webp 1024w, https:\/\/szkolenia-udt.pl\/wp-content\/uploads\/2022\/08\/123-300x225.webp 300w, https:\/\/szkolenia-udt.pl\/wp-content\/uploads\/2022\/08\/123-768x576.webp 768w, https:\/\/szkolenia-udt.pl\/wp-content\/uploads\/2022\/08\/123-1536x1153.webp 1536w, https:\/\/szkolenia-udt.pl\/wp-content\/uploads\/2022\/08\/123-16x12.webp 16w, https:\/\/szkolenia-udt.pl\/wp-content\/uploads\/2022\/08\/123.webp 1600w\" sizes=\"auto, (max-width: 512px) 100vw, 512px\" \/><\/a><\/figure>\n<\/div>\n\n\n<h2 class=\"wp-block-heading\"><strong>Omfanget av kursene v\u00e5re<\/strong>&nbsp;<\/h2>\n\n\n\n<p>Vi s\u00f8rger for omfattende forberedelse av deltakerne gjennom forelesninger, der teoretisk kunnskap formidles, men vi gjennomf\u00f8rer ogs\u00e5 praktiske klasser, takket v\u00e6re at deltakerne assimilerer den tilegnede informasjonen enda bedre. Avhengig av antall deltakere fastsetter vi en individuell pris for oppl\u00e6ringen, med attraktive rabatter for st\u00f8rre grupper. For mer informasjon eller hvis du har ytterligere sp\u00f8rsm\u00e5l, vennligst kontakt oss p\u00e5 <a href=\"https:\/\/szkolenia-udt.pl\/nb\/kontakt\/\">Kontakt oss<\/a>.\u00a0<\/p>\n\n\n\n<h2 class=\"wp-block-heading\"><strong>Skjema og timeplan for klasser<\/strong>&nbsp;<\/h2>\n\n\n\n<p>Kurset leveres i to former:&nbsp;&nbsp;<\/p>\n\n\n\n<ul class=\"wp-block-list\">\n<li><strong>\u00e5pen <\/strong>- rettet mot alle interesserte og gjennomf\u00f8res i henhold til tidsplanen som er lagt ut p\u00e5 nettstedet v\u00e5rt,\u00a0\u00a0\u00a0<\/li>\n\n\n\n<li><strong>stengt <\/strong>- utformet for grupper organisert av bestemte arbeidsgivere eller institusjoner. Disse kursene kan gjennomf\u00f8res individuelt, med utgangspunkt i kundenes behov. For lukkede grupper er kursene tilgjengelige i v\u00e5re filialer, men vi kan ogs\u00e5 enkelt reise ut og gjennomf\u00f8re dem hvor som helst i Polen.\u00a0<\/li>\n<\/ul>\n\n\n\n<h2 class=\"wp-block-heading\"><strong>UDT - n\u00f8kkelinformasjon<\/strong>\u00a0<\/h2>\n\n\n\n<p>Kontoret for teknisk inspeksjon er den myndigheten som har myndighet til \u00e5 s\u00f8rge for sikker drift av alt teknisk utstyr og alle tekniske installasjoner som er underlagt teknisk tilsyn. Det tilbyr b\u00e5de UDT-CERT-sertifiseringsaktiviteter og oppl\u00e6ring ved UDT Academy.\u00a0\u00a0<\/p>\n\n\n\n<h4 class=\"wp-block-heading\"><strong>Hovedoppgavene til Kontoret for teknisk inspeksjon er:<\/strong>&nbsp;&nbsp;<\/h4>\n\n\n\n<ul class=\"dwiekolumny wp-block-list\">\n<li>sertifisering av kvaliteten p\u00e5 utstyret,&nbsp;&nbsp;<\/li>\n\n\n\n<li>avgir uttalelser og fatter beslutninger,&nbsp;&nbsp;<\/li>\n\n\n\n<li>teknisk overv\u00e5king av utstyr,&nbsp;&nbsp;<\/li>\n\n\n\n<li>skadeanalyse,&nbsp;&nbsp;&nbsp;<\/li>\n\n\n\n<li>overv\u00e5king av graden av risiko,&nbsp;&nbsp;<\/li>\n\n\n\n<li>registrering av utstyr som er tatt i bruk,&nbsp;&nbsp;<\/li>\n\n\n\n<li>verifisering av kvalifikasjoner,&nbsp;&nbsp;<\/li>\n\n\n\n<li>gjennomf\u00f8re aktiviteter for \u00e5 forbedre faglige kvalifikasjoner.&nbsp;<\/li>\n<\/ul>\n\n\n\n<h2 class=\"wp-block-heading\"><strong>UDT-tillatelser<\/strong>&nbsp;<\/h2>\n\n\n<div class=\"wp-block-image\">\n<figure class=\"aligncenter size-large is-resized\"><a href=\"https:\/\/szkolenia-udt.pl\/wp-content\/uploads\/2022\/08\/UDT-ERGON1.jpeg\"><img loading=\"lazy\" decoding=\"async\" src=\"https:\/\/szkolenia-udt.pl\/wp-content\/uploads\/2022\/08\/UDT-ERGON1-1024x433.jpeg\" alt=\"Oppl\u00e6ring i UDT-autorisasjon\" class=\"wp-image-3129\" width=\"768\" height=\"325\" srcset=\"https:\/\/szkolenia-udt.pl\/wp-content\/uploads\/2022\/08\/UDT-ERGON1-1024x433.jpeg 1024w, https:\/\/szkolenia-udt.pl\/wp-content\/uploads\/2022\/08\/UDT-ERGON1-300x127.jpeg 300w, https:\/\/szkolenia-udt.pl\/wp-content\/uploads\/2022\/08\/UDT-ERGON1-768x325.jpeg 768w, https:\/\/szkolenia-udt.pl\/wp-content\/uploads\/2022\/08\/UDT-ERGON1-1536x650.jpeg 1536w, https:\/\/szkolenia-udt.pl\/wp-content\/uploads\/2022\/08\/UDT-ERGON1-18x8.jpeg 18w, https:\/\/szkolenia-udt.pl\/wp-content\/uploads\/2022\/08\/UDT-ERGON1.jpeg 1588w\" sizes=\"auto, (max-width: 768px) 100vw, 768px\" \/><\/a><\/figure>\n<\/div>\n\n\n<p>UDT-sertifikatet er en kvalifikasjon for personer som \u00f8nsker \u00e5 betjene eller vedlikeholde utstyr som er underlagt teknisk tilsyn, spesielt utstyr for materialh\u00e5ndtering. Sertifikatet utstedes av en kommisjon oppnevnt av Office of Technical Inspection og er ment \u00e5 bekrefte kunnskap om de tekniske inspeksjonsspesifikasjonene, de n\u00f8dvendige forskriftene og standardene og evnen til \u00e5 utf\u00f8re praktiske aktiviteter knyttet til drift eller vedlikehold av utstyr. Alle som \u00f8nsker \u00e5 ut\u00f8ve et yrke som krever et UDT-sertifikat, m\u00e5 gjennomf\u00f8re relevant oppl\u00e6ring og best\u00e5 en autorisasjonseksamen. Kvalifikasjonsbeviset utstedes p\u00e5 grunnlag av en best\u00e5tt statlig eksamen foran en kommisjon oppnevnt av Office of Technical Inspection. Denne eksamenen tester b\u00e5de teoretiske kunnskaper og praktiske ferdigheter i bruk av det valgte h\u00e5ndteringsutstyret. For \u00e5 kunne g\u00e5 opp til eksamen m\u00e5 du sende inn en s\u00f8knad om verifisering av kvalifikasjonene som kreves for \u00e5 betjene og vedlikeholde det tekniske utstyret. Vi tilbyr hjelp med \u00e5 melde deg opp til UDT-eksamen!\u00a0<\/p>\n\n\n\n<p>Vi inviterer deg til \u00e5 kontakte oss og melde deg p\u00e5 kurs som tilbys av selskapet v\u00e5rt!<\/p>","protected":false},"excerpt":{"rendered":"<p>UTB \u2013 Urz\u0105dzenia Transportu Bliskiego\u00a0 Urz\u0105dzenia transportu bliskiego to urz\u0105dzenia, kt\u00f3re s\u0105 obj\u0119te dozorem technicznym UDT. S\u0105 to mi\u0119dzy innymi:&nbsp; Oznacza to, \u017ce ich obs\u0142ug\u0119, napraw\u0119, konserwacj\u0119 i przegl\u0105d mo\u017ce wykonywa\u0107 tyko osoba posiadaj\u0105ca do tego odpowiednie uprawnienia.\u00a0W zwi\u0105zku z powy\u017cszym, stworzyli\u015bmy profesjonalne kursy dla os\u00f3b ch\u0119tnych je zdoby\u0107. Profesjonalne szkolenia dla pracownik\u00f3w s\u0105 prowadzone [&hellip;]<\/p>\n","protected":false},"author":10,"featured_media":3127,"parent":2266,"menu_order":0,"comment_status":"closed","ping_status":"closed","template":"","meta":{"footnotes":""},"class_list":["post-3126","page","type-page","status-publish","has-post-thumbnail","hentry"],"aioseo_notices":[],"_links":{"self":[{"href":"https:\/\/szkolenia-udt.pl\/nb\/wp-json\/wp\/v2\/pages\/3126","targetHints":{"allow":["GET"]}}],"collection":[{"href":"https:\/\/szkolenia-udt.pl\/nb\/wp-json\/wp\/v2\/pages"}],"about":[{"href":"https:\/\/szkolenia-udt.pl\/nb\/wp-json\/wp\/v2\/types\/page"}],"author":[{"embeddable":true,"href":"https:\/\/szkolenia-udt.pl\/nb\/wp-json\/wp\/v2\/users\/10"}],"replies":[{"embeddable":true,"href":"https:\/\/szkolenia-udt.pl\/nb\/wp-json\/wp\/v2\/comments?post=3126"}],"version-history":[{"count":3,"href":"https:\/\/szkolenia-udt.pl\/nb\/wp-json\/wp\/v2\/pages\/3126\/revisions"}],"predecessor-version":[{"id":4736,"href":"https:\/\/szkolenia-udt.pl\/nb\/wp-json\/wp\/v2\/pages\/3126\/revisions\/4736"}],"up":[{"embeddable":true,"href":"https:\/\/szkolenia-udt.pl\/nb\/wp-json\/wp\/v2\/pages\/2266"}],"wp:featuredmedia":[{"embeddable":true,"href":"https:\/\/szkolenia-udt.pl\/nb\/wp-json\/wp\/v2\/media\/3127"}],"wp:attachment":[{"href":"https:\/\/szkolenia-udt.pl\/nb\/wp-json\/wp\/v2\/media?parent=3126"}],"curies":[{"name":"wp","href":"https:\/\/api.w.org\/{rel}","templated":true}]}}