{"id":3132,"date":"2022-08-12T15:49:56","date_gmt":"2022-08-12T13:49:56","guid":{"rendered":"https:\/\/szkolenia-udt.pl\/?page_id=3132"},"modified":"2023-03-20T13:59:24","modified_gmt":"2023-03-20T12:59:24","slug":"ppoz-i-egen-person","status":"publish","type":"page","link":"https:\/\/szkolenia-udt.pl\/nb\/kursy\/bhp-ppoz\/ppoz-w-oso\/","title":{"rendered":"Oppl\u00e6ring i brannsikkerhet hos OSO"},"content":{"rendered":"<h2 class=\"wp-block-heading\"><strong>Oppl\u00e6ring i sivilsamfunnsorganisasjoner<\/strong>\u00a0<\/h2>\n\n\n<div class=\"wp-block-image\">\n<figure class=\"alignright size-large is-resized\"><a href=\"https:\/\/szkolenia-udt.pl\/wp-content\/uploads\/2022\/08\/2-4.jpeg\"><img loading=\"lazy\" decoding=\"async\" src=\"https:\/\/szkolenia-udt.pl\/wp-content\/uploads\/2022\/08\/2-4-1024x868.jpeg\" alt=\"brannslukningsapparater i treningsrommet\" class=\"wp-image-3134\" width=\"512\" height=\"434\" srcset=\"https:\/\/szkolenia-udt.pl\/wp-content\/uploads\/2022\/08\/2-4-1024x868.jpeg 1024w, https:\/\/szkolenia-udt.pl\/wp-content\/uploads\/2022\/08\/2-4-300x254.jpeg 300w, https:\/\/szkolenia-udt.pl\/wp-content\/uploads\/2022\/08\/2-4-768x651.jpeg 768w, https:\/\/szkolenia-udt.pl\/wp-content\/uploads\/2022\/08\/2-4-1536x1302.jpeg 1536w, https:\/\/szkolenia-udt.pl\/wp-content\/uploads\/2022\/08\/2-4-14x12.jpeg 14w, https:\/\/szkolenia-udt.pl\/wp-content\/uploads\/2022\/08\/2-4.jpeg 1600w\" sizes=\"auto, (max-width: 512px) 100vw, 512px\" \/><\/a><\/figure>\n<\/div>\n\n\n<p>P\u00e5 v\u00e5re nettsider kan du finne ekspertkurs i brannsikkerhet. Dette er kurs som s\u00f8rger for at de ansatte er godt forberedt p\u00e5 \u00e5 utf\u00f8re arbeidet sitt p\u00e5 en sikker m\u00e5te. Vi legger all v\u00e5r innsats i \u00e5 sikre best mulig kvalitet p\u00e5 kursene v\u00e5re. Vi har moderne fasiliteter og kurslokaler, samt kompetente instrukt\u00f8rer som er tilgjengelige og godt kvalifiserte. I tillegg satser vi p\u00e5 et omfattende og utviklende program. Vi har ogs\u00e5 mange \u00e5rs erfaring, og kursene v\u00e5re gjennomf\u00f8res i henhold til den nyeste lovgivningen.\u00a0\u00a0<\/p>\n\n\n\n<h2 class=\"wp-block-heading\"><strong>Hvordan trener vi?<\/strong><\/h2>\n\n\n\n<p>Vi tilbyr oppl\u00e6ring i to deler: en teoretisk og en praktisk del. I l\u00f8pet av undervisningen f\u00e5r deltakerne de obligatoriske kunnskapene og ferdighetene som kreves for \u00e5 oppfylle alle juridiske og situasjonsbestemte krav.&nbsp;&nbsp;<\/p>\n\n\n\n<h4 class=\"wp-block-heading\"><strong>Oppl\u00e6ringstemaene omfatter hovedsakelig<\/strong>&nbsp;<\/h4>\n\n\n\n<ul class=\"wp-block-list\">\n<li>betjening av h\u00e5ndholdt brannslukningsutstyr,&nbsp;<\/li>\n\n\n\n<li>brann- og evakueringsskilting,&nbsp;<\/li>\n\n\n\n<li>n\u00f8dprosedyrer og evakuering,&nbsp;<\/li>\n\n\n\n<li>utplassering av brannslukningsutstyr,&nbsp;<\/li>\n\n\n\n<li>regler for riktig kontakt med de relevante tjenestene,&nbsp;<\/li>\n\n\n\n<li>gir f\u00f8rstehjelp til offeret,&nbsp;<\/li>\n\n\n\n<li>brannfarer p\u00e5 arbeidsplassen,&nbsp;<\/li>\n\n\n\n<li>branninstruksjonsboken for det aktuelle arbeidet.&nbsp;<\/li>\n<\/ul>\n\n\n\n<p>Den teoretiske delen suppleres med praktiske \u00f8velser. Det er viktig \u00e5 merke seg at de nevnte temaene kan tilpasses og foredles individuelt etter v\u00e5re kunders behov. Alle som fullf\u00f8rer kurset, vil motta et sertifikat for brannsikkerhetsoppl\u00e6ring.&nbsp;<\/p>\n\n\n\n<h2 class=\"wp-block-heading\"><strong>Hvilke typer oppl\u00e6ring tilbyr vi?\u00a0<\/strong><\/h2>\n\n\n\n<p>Du kan finne to typer oppl\u00e6ring i v\u00e5rt tilbud:&nbsp;<\/p>\n\n\n\n<figure class=\"wp-block-table\"><table><tbody><tr><td><strong>Type:<\/strong>&nbsp;<\/td><td><strong>For hvem?<\/strong>&nbsp;<\/td><td><strong>M\u00e5lsetting<\/strong>&nbsp;<\/td><\/tr><tr><td><strong>Forel\u00f8pig<\/strong>&nbsp;<\/td><td>Utviklet for nyansatte i et bestemt selskap.&nbsp;<\/td><td>Gj\u00f8r deg kjent med gjeldende lovgivning og instrukser for brannsikkerhet, og forklar hvordan du skal oppf\u00f8re deg i tilfelle brann.&nbsp;<\/td><\/tr><tr><td><strong>Periodisk<\/strong>&nbsp;<\/td><td>Beregnet for ansatte i et bestemt selskap.&nbsp;<\/td><td>Komplettering og oppdatering av kunnskap.&nbsp;<\/td><\/tr><\/tbody><\/table><\/figure>\n\n\n\n<h2 class=\"wp-block-heading\"><strong>Hvor finner du oss?<\/strong>&nbsp;<\/h2>\n\n\n<div class=\"wp-block-image\">\n<figure class=\"alignleft size-large is-resized\"><a href=\"https:\/\/szkolenia-udt.pl\/wp-content\/uploads\/2022\/08\/1-1.webp\"><img loading=\"lazy\" decoding=\"async\" src=\"https:\/\/szkolenia-udt.pl\/wp-content\/uploads\/2022\/08\/1-1-1024x683.webp\" alt=\"Deltakere p\u00e5 brannsikkerhetskurset \" class=\"wp-image-3133\" width=\"512\" height=\"342\" srcset=\"https:\/\/szkolenia-udt.pl\/wp-content\/uploads\/2022\/08\/1-1-1024x683.webp 1024w, https:\/\/szkolenia-udt.pl\/wp-content\/uploads\/2022\/08\/1-1-300x200.webp 300w, https:\/\/szkolenia-udt.pl\/wp-content\/uploads\/2022\/08\/1-1-768x512.webp 768w, https:\/\/szkolenia-udt.pl\/wp-content\/uploads\/2022\/08\/1-1-1536x1024.webp 1536w, https:\/\/szkolenia-udt.pl\/wp-content\/uploads\/2022\/08\/1-1-18x12.webp 18w, https:\/\/szkolenia-udt.pl\/wp-content\/uploads\/2022\/08\/1-1.webp 1600w\" sizes=\"auto, (max-width: 512px) 100vw, 512px\" \/><\/a><\/figure>\n<\/div>\n\n\n<p>Hovedkontoret v\u00e5rt ligger i Warszawa, men vi tilbyr oppl\u00e6ring i hele landet og i utlandet. I henhold til gjeldende timeplan kan du melde deg p\u00e5 brannsikkerhetsoppl\u00e6ring p\u00e5 et sted du selv velger. For en detaljert liste over kursdatoer oppfordrer vi deg til \u00e5 ta kontakt med kontoret v\u00e5rt p\u00e5 telefon. Vi er tilgjengelige p\u00e5 telefonnummeret som st\u00e5r oppf\u00f8rt p\u00e5 nettsiden v\u00e5r.&nbsp;<\/p>\n\n\n\n<h2 class=\"wp-block-heading\"><strong>Tilbyr \u00e5 reise til kunden<\/strong>&nbsp;<\/h2>\n\n\n\n<p>N\u00e5r det gjelder lukkede kurs rettet mot organiserte grupper, tilbyr vi reise og kursleveranse til et hvilket som helst sted i Polen. <a href=\"https:\/\/szkolenia-udt.pl\/nb\/oferta\/\">Pris<\/a> er avhengig av antall personer og fastsettes derfor p\u00e5 individuell basis. St\u00f8rre grupper kan f\u00e5 attraktive rabatter. For \u00e5 melde deg p\u00e5 kurset eller f\u00e5 svar p\u00e5 andre sp\u00f8rsm\u00e5l du m\u00e5tte ha, kan du kontakte oss p\u00e5 <a href=\"https:\/\/szkolenia-udt.pl\/nb\/kontakt\/\">Kontakt oss<\/a>.&nbsp;<\/p>\n\n\n\n<h2 class=\"wp-block-heading\"><strong>Hva er brannvern?<\/strong>&nbsp;<\/h2>\n\n\n\n<p>Brannvern er tiltak som iverksettes for \u00e5 beskytte menneskers og dyrs liv og helse og for \u00e5 sikre eiendom mot brann, naturkatastrofer og andre lokale farer. Med brannsikring menes lovregulerte regler som forplikter forvaltere og eiere av bygninger og landomr\u00e5der til \u00e5 bruke hensiktsmessig utformede brannsikringssystemer som kan minimere risikoen for brann og effektivt eliminere konsekvensene av den.&nbsp;<\/p>\n\n\n\n<h2 class=\"wp-block-heading\"><strong>Brannvern p\u00e5 arbeidsplassen<\/strong>&nbsp;<\/h2>\n\n\n\n<p>Enhver som bruker en bygning, et anlegg, et milj\u00f8 eller et omr\u00e5de, er forpliktet til \u00e5 beskytte det mot brannfare, uavhengig av om det er en enkeltperson, en juridisk person, en organisasjon eller en institusjon. I henhold til loven er enhver person som er i besittelse av en bygning, et omr\u00e5de eller en bygning, ansvarlig for \u00e5 s\u00f8rge for brannsikring.  Det er vedkommende derfor forpliktet til:\u00a0<\/p>\n\n\n<div class=\"wp-block-image\">\n<figure class=\"alignright size-large is-resized\"><a href=\"https:\/\/szkolenia-udt.pl\/wp-content\/uploads\/2022\/08\/3.webp\"><img loading=\"lazy\" decoding=\"async\" src=\"https:\/\/szkolenia-udt.pl\/wp-content\/uploads\/2022\/08\/3-1024x678.webp\" alt=\"bilde av bruken av et brannslukningsapparat under en brann\" class=\"wp-image-3135\" width=\"512\" height=\"339\" srcset=\"https:\/\/szkolenia-udt.pl\/wp-content\/uploads\/2022\/08\/3-1024x678.webp 1024w, https:\/\/szkolenia-udt.pl\/wp-content\/uploads\/2022\/08\/3-300x199.webp 300w, https:\/\/szkolenia-udt.pl\/wp-content\/uploads\/2022\/08\/3-768x509.webp 768w, https:\/\/szkolenia-udt.pl\/wp-content\/uploads\/2022\/08\/3-1536x1018.webp 1536w, https:\/\/szkolenia-udt.pl\/wp-content\/uploads\/2022\/08\/3-18x12.webp 18w, https:\/\/szkolenia-udt.pl\/wp-content\/uploads\/2022\/08\/3.webp 1600w\" sizes=\"auto, (max-width: 512px) 100vw, 512px\" \/><\/a><\/figure>\n<\/div>\n\n\n<ul class=\"wp-block-list\">\n<li>garantere vedlikehold og reparasjon av brannslukningsapparater og brannslukningsutstyr slik at de er effektive og p\u00e5litelige;&nbsp;<\/li>\n\n\n\n<li>s\u00f8rge for brannslukningsapparat og annet p\u00e5budt brann- og redningsutstyr i bygningen, konstruksjonen eller p\u00e5 omr\u00e5det;&nbsp;<\/li>\n\n\n\n<li>utpeke personer som er ansvarlige for evakuering av de gjenv\u00e6rende arbeidstakerne, kontakt med n\u00f8detatene og f\u00f8rstehjelpstiltak;&nbsp;<\/li>\n\n\n\n<li>oppfylle kravene til brannsikring: teknologisk, installasjonsmessig og teknisk;&nbsp;<\/li>\n\n\n\n<li>personer som befinner seg i bygningen, skal s\u00f8rge for sikkerhet og en smidig evakuering;&nbsp;<\/li>\n\n\n\n<li>tilpasse bygningen, strukturen eller stedet til redningsaksjonen;&nbsp;<\/li>\n\n\n\n<li>gj\u00f8re sine ansatte kjent med gjeldende brannforskrifter;&nbsp;<\/li>\n\n\n\n<li>identifisere mulige l\u00f8sninger for \u00e5 h\u00e5ndtere en brann, naturkatastrofe eller annen n\u00f8dsituasjon.&nbsp;<\/li>\n<\/ul>\n\n\n\n<h2 class=\"wp-block-heading\"><strong>Den ansattes ansvarsomr\u00e5der<\/strong>&nbsp;<\/h2>\n\n\n\n<p>De ansattes ansvarsomr\u00e5der inkluderer:&nbsp;<\/p>\n\n\n\n<ul class=\"wp-block-list\">\n<li>&nbsp;informere arbeidsgiveren om farer eller ulykker som oppdages;&nbsp;<\/li>\n\n\n\n<li>&nbsp;gjennomf\u00f8ring av grunnoppl\u00e6ring i helse, milj\u00f8 og sikkerhet p\u00e5 arbeidsplassen og brannsikkerhet (for nyansatte);&nbsp;&nbsp;<\/li>\n\n\n\n<li>gjennomf\u00f8ring av periodisk oppl\u00e6ring i helse, milj\u00f8 og sikkerhet p\u00e5 arbeidsplassen og brannsikkerhet (for fast ansatte);&nbsp;<\/li>\n\n\n\n<li>&nbsp;\u00e5 v\u00e6re kjent med og overholde helse-, sikkerhets- og brannvernbestemmelser.&nbsp;&nbsp;<\/li>\n<\/ul>\n\n\n\n<p>Du er hjertelig invitert til oppl\u00e6ringskurs hos v\u00e5r <a href=\"https:\/\/szkolenia-udt.pl\/nb\/o-firmie\/\">Oppl\u00e6ringssenter for operat\u00f8rer<\/a>hvor vi gjennomf\u00f8rer brannsikkerhetskurs. Vi tilbyr profesjonell st\u00f8tte til rimelige priser. Vi inviterer deg til \u00e5 melde deg p\u00e5 og delta p\u00e5 v\u00e5re kurs!<\/p>\n\n\n<div class=\"wp-block-image\">\n<figure class=\"aligncenter size-full is-resized\"><a href=\"https:\/\/szkolenia-udt.pl\/wp-content\/uploads\/2022\/08\/0094-oso.edu_.pl_.jpg\"><img loading=\"lazy\" decoding=\"async\" src=\"https:\/\/szkolenia-udt.pl\/wp-content\/uploads\/2022\/08\/0094-oso.edu_.pl_.jpg\" alt=\"\" class=\"wp-image-3136\" width=\"454\" height=\"378\" srcset=\"https:\/\/szkolenia-udt.pl\/wp-content\/uploads\/2022\/08\/0094-oso.edu_.pl_.jpg 446w, https:\/\/szkolenia-udt.pl\/wp-content\/uploads\/2022\/08\/0094-oso.edu_.pl_-300x250.jpg 300w, https:\/\/szkolenia-udt.pl\/wp-content\/uploads\/2022\/08\/0094-oso.edu_.pl_-14x12.jpg 14w\" sizes=\"auto, (max-width: 454px) 100vw, 454px\" \/><\/a><\/figure>\n<\/div>","protected":false},"excerpt":{"rendered":"<p>Szkolenia w OSO\u00a0 Na naszej stronie mo\u017cna znale\u017a\u0107 fachowe szkolenia w zakresie ochrony PPO\u017b. S\u0105 to kursy, kt\u00f3re zapewniaj\u0105 odpowiednie przygotowanie pracownik\u00f3w do bezpiecznego wykonywania pracy. Przek\u0142adamy wszelkie si\u0142y, aby zapewni\u0107 jak najlepsz\u0105 jako\u015b\u0107 naszych zaj\u0119\u0107.\u00a0Dysponujemy nowoczesnym zapleczem i salami szkoleniowymi oraz kompetentnymi instruktorami, kt\u00f3rzy s\u0105 dyspozycyjni i \u015bwietnie wykwalifikowani. Opr\u00f3cz tego stawiamy na obszerny [&hellip;]<\/p>\n","protected":false},"author":10,"featured_media":3135,"parent":2739,"menu_order":0,"comment_status":"closed","ping_status":"closed","template":"","meta":{"footnotes":""},"class_list":["post-3132","page","type-page","status-publish","has-post-thumbnail","hentry"],"aioseo_notices":[],"_links":{"self":[{"href":"https:\/\/szkolenia-udt.pl\/nb\/wp-json\/wp\/v2\/pages\/3132","targetHints":{"allow":["GET"]}}],"collection":[{"href":"https:\/\/szkolenia-udt.pl\/nb\/wp-json\/wp\/v2\/pages"}],"about":[{"href":"https:\/\/szkolenia-udt.pl\/nb\/wp-json\/wp\/v2\/types\/page"}],"author":[{"embeddable":true,"href":"https:\/\/szkolenia-udt.pl\/nb\/wp-json\/wp\/v2\/users\/10"}],"replies":[{"embeddable":true,"href":"https:\/\/szkolenia-udt.pl\/nb\/wp-json\/wp\/v2\/comments?post=3132"}],"version-history":[{"count":8,"href":"https:\/\/szkolenia-udt.pl\/nb\/wp-json\/wp\/v2\/pages\/3132\/revisions"}],"predecessor-version":[{"id":4625,"href":"https:\/\/szkolenia-udt.pl\/nb\/wp-json\/wp\/v2\/pages\/3132\/revisions\/4625"}],"up":[{"embeddable":true,"href":"https:\/\/szkolenia-udt.pl\/nb\/wp-json\/wp\/v2\/pages\/2739"}],"wp:featuredmedia":[{"embeddable":true,"href":"https:\/\/szkolenia-udt.pl\/nb\/wp-json\/wp\/v2\/media\/3135"}],"wp:attachment":[{"href":"https:\/\/szkolenia-udt.pl\/nb\/wp-json\/wp\/v2\/media?parent=3132"}],"curies":[{"name":"wp","href":"https:\/\/api.w.org\/{rel}","templated":true}]}}