{"id":3143,"date":"2022-08-18T13:21:16","date_gmt":"2022-08-18T11:21:16","guid":{"rendered":"https:\/\/szkolenia-udt.pl\/?page_id=3143"},"modified":"2023-03-20T14:13:38","modified_gmt":"2023-03-20T13:13:38","slug":"skjaering-med-lommelykt","status":"publish","type":"page","link":"https:\/\/szkolenia-udt.pl\/nb\/kursy\/spawanie\/ciecie-palnikiem\/","title":{"rendered":"Skj\u00e6ring med oksygen-acetylenbrenner"},"content":{"rendered":"<h2 class=\"wp-block-heading\"><strong>Om oss<\/strong><\/h2>\n\n\n<div class=\"wp-block-image\">\n<figure class=\"alignright size-large is-resized\"><a href=\"https:\/\/szkolenia-udt.pl\/wp-content\/uploads\/2022\/08\/2-5.jpeg\"><img loading=\"lazy\" decoding=\"async\" src=\"https:\/\/szkolenia-udt.pl\/wp-content\/uploads\/2022\/08\/2-5-1024x682.jpeg\" alt=\"Der acetylon-oksygenbrenner brukes\" class=\"wp-image-3145\" width=\"512\" height=\"341\" srcset=\"https:\/\/szkolenia-udt.pl\/wp-content\/uploads\/2022\/08\/2-5-1024x682.jpeg 1024w, https:\/\/szkolenia-udt.pl\/wp-content\/uploads\/2022\/08\/2-5-300x200.jpeg 300w, https:\/\/szkolenia-udt.pl\/wp-content\/uploads\/2022\/08\/2-5-768x511.jpeg 768w, https:\/\/szkolenia-udt.pl\/wp-content\/uploads\/2022\/08\/2-5-1536x1022.jpeg 1536w, https:\/\/szkolenia-udt.pl\/wp-content\/uploads\/2022\/08\/2-5-18x12.jpeg 18w, https:\/\/szkolenia-udt.pl\/wp-content\/uploads\/2022\/08\/2-5.jpeg 1600w\" sizes=\"auto, (max-width: 512px) 100vw, 512px\" \/><\/a><\/figure>\n<\/div>\n\n\n<p>I mange \u00e5r har vi tilbudt spesialistoppl\u00e6ring i bruk av teknisk utstyr, f.eks. kraner, mobile plattformer eller gaffeltrucker, oppl\u00e6ring for fyrings- og sentralvarmekjeler og <a href=\"https:\/\/szkolenia-udt.pl\/nb\/kursy\/prace-wysokosciowe\/\">H\u00f8ydekurser<\/a> og sveising, inkludert oppl\u00e6ring i skj\u00e6ring med acetylenbrenner. Vi har virksomhet i hele Polen og utenfor landets grenser. Vi samarbeider ogs\u00e5 med statlige eksamenssentre som f.eks: UDT, TDT, WDT eller IMBiGS.\u00a0\u00a0<\/p>\n\n\n\n<h2 class=\"wp-block-heading\"><strong>Hva garanterer CSO-oppl\u00e6ringen?<\/strong>\u00a0<\/h2>\n\n\n\n<p>P\u00e5 kurset v\u00e5rt vil du hovedsakelig l\u00e6re om: juridiske og tekniske forskrifter, arbeidsorganisering, varmeteknologi, helse og sikkerhet p\u00e5 arbeidsplassen og prinsippene for acetylen-oksygenskj\u00e6ring.\u00a0\u00a0<\/p>\n\n\n\n<h2 class=\"wp-block-heading\"><strong>Krav<\/strong><\/h2>\n\n\n\n<p>For \u00e5 delta i oppl\u00e6ringen m\u00e5 du ha:\u00a0<\/p>\n\n\n\n<ul class=\"wp-block-list\">\n<li>minst 18 \u00e5r gammel,&nbsp;<\/li>\n\n\n\n<li>fullf\u00f8rt minst grunnskolen,&nbsp;<\/li>\n\n\n\n<li>legeerkl\u00e6ring om at det ikke foreligger kontraindikasjoner mot \u00e5 utf\u00f8re skj\u00e6rearbeid med oxyacetylen.\u00a0<\/li>\n<\/ul>\n\n\n\n<h2 class=\"wp-block-heading\"><strong>Skj\u00e6ring med oksygen-acetylenbrenner<\/strong>\u00a0<\/h2>\n\n\n<div class=\"wp-block-image\">\n<figure class=\"alignleft size-large is-resized\"><img loading=\"lazy\" decoding=\"async\" src=\"https:\/\/szkolenia-udt.pl\/wp-content\/uploads\/2022\/08\/1-4-775x1024.jpeg\" alt=\"Plasmaskj\u00e6ring\" class=\"wp-image-3144\" width=\"388\" height=\"512\" srcset=\"https:\/\/szkolenia-udt.pl\/wp-content\/uploads\/2022\/08\/1-4-775x1024.jpeg 775w, https:\/\/szkolenia-udt.pl\/wp-content\/uploads\/2022\/08\/1-4-227x300.jpeg 227w, https:\/\/szkolenia-udt.pl\/wp-content\/uploads\/2022\/08\/1-4-768x1015.jpeg 768w, https:\/\/szkolenia-udt.pl\/wp-content\/uploads\/2022\/08\/1-4-1163x1536.jpeg 1163w, https:\/\/szkolenia-udt.pl\/wp-content\/uploads\/2022\/08\/1-4-9x12.jpeg 9w, https:\/\/szkolenia-udt.pl\/wp-content\/uploads\/2022\/08\/1-4.jpeg 1211w\" sizes=\"auto, (max-width: 388px) 100vw, 388px\" \/><\/figure>\n<\/div>\n\n\n<p>Oksygen-acetylenskj\u00e6ring er en metode for \u00e5 separere metaller, s\u00e6rlig lavlegert st\u00e5l og st\u00e5l med lavt karboninnhold. Gassskj\u00e6ringsprosessen inneb\u00e6rer at materialet bringes til antennelsestemperatur og deretter brenner og bl\u00e5ser av de flytende oksidene i metallet ved hjelp av en oksygenstr\u00e5le under trykk. Aceylen-oksygenskj\u00e6ring gj\u00f8r at materialet raskt kan n\u00e5 sv\u00e6rt h\u00f8ye temperaturer.\u00a0\u00a0<\/p>\n\n\n\n<h4 class=\"wp-block-heading\">Hvis materialet skal skj\u00e6res p\u00e5 acetylen-oksygen-m\u00e5ten, m\u00e5 det oppfylle to grunnleggende betingelser. Disse er<\/h4>\n\n\n\n<ul class=\"wp-block-list\">\n<li>antennelse av metallet m\u00e5 skje ved en temperatur under smeltepunktet;&nbsp;<\/li>\n\n\n\n<li>smeltingen av de basiske oksidene m\u00e5 skje ved en temperatur under antennelsestemperatur.&nbsp;<\/li>\n<\/ul>\n\n\n\n<h4 class=\"wp-block-heading\"><strong>Metaller som ikke egner seg for gassskj\u00e6ring:<\/strong>&nbsp;<\/h4>\n\n\n\n<ul class=\"trzykolumny wp-block-list\">\n<li>messing;&nbsp;<\/li>\n\n\n\n<li>bronse;&nbsp;<\/li>\n\n\n\n<li>Wolfram;&nbsp;<\/li>\n\n\n\n<li>Titan;&nbsp;<\/li>\n\n\n\n<li>st\u00f8pejern;&nbsp;<\/li>\n\n\n\n<li>jern.&nbsp;<\/li>\n<\/ul>\n\n\n\n<p>N\u00e5r det gjelder \u00e5 oppn\u00e5 et kutt av h\u00f8y kvalitet, b\u00f8r man fokusere p\u00e5 \u00e5 styre brenneren, holde avstanden mellom brennermunnstykket og materialet som skal skj\u00e6res, og holde skj\u00e6rehastigheten s\u00e5 konstant som mulig. N\u00e5r det er vanskelig \u00e5 holde avstanden, brukes styreruller. Avstanden mellom dysen og materialet som skal skj\u00e6res, avhenger av tykkelsen p\u00e5 materialet. Kvaliteten p\u00e5 kuttet p\u00e5virkes av valget av fakkel. Brennere er delt inn i universal og kun skj\u00e6ring.\u00a0\u00a0<\/p>\n\n\n\n<h2 class=\"wp-block-heading\">Fordeler og ulemper med gasskj\u00e6ring<\/h2>\n\n\n\n<div class=\"wp-block-group dwiekolumny\"><div class=\"wp-block-group__inner-container is-layout-constrained wp-block-group-is-layout-constrained\">\n<h4 class=\"wp-block-heading\"><strong>Fordeler med gassskj\u00e6ring:<\/strong>&nbsp;<\/h4>\n\n\n\n<ul class=\"wp-block-list\">\n<li>mulighet for \u00e5 skj\u00e6re i forskjellige vinkler;&nbsp;<\/li>\n\n\n\n<li>muligheten for automatisering;&nbsp;<\/li>\n\n\n\n<li>sv\u00e6rt stort skj\u00e6rtykkelsesomr\u00e5de;&nbsp;<\/li>\n\n\n\n<li>god skj\u00e6rekvalitet for tykkere materialer;&nbsp;<\/li>\n\n\n\n<li>vinkelrette skj\u00e6rekanter.&nbsp;<\/li>\n<\/ul>\n\n\n\n<h4 class=\"wp-block-heading\"><strong>Ulemper med gassskj\u00e6ring:<\/strong>&nbsp;<\/h4>\n\n\n\n<ul class=\"wp-block-list\">\n<li>lav skj\u00e6rehastighet;&nbsp;<\/li>\n\n\n\n<li>stor varmep\u00e5virket sone;&nbsp;<\/li>\n\n\n\n<li>ingen skj\u00e6ring av h\u00f8ylegert st\u00e5l;&nbsp;<\/li>\n\n\n\n<li>\u00d8kt gjennombruddstid gjennom materialet.&nbsp;<\/li>\n<\/ul>\n<\/div><\/div>\n\n\n\n<h2 class=\"wp-block-heading\"><strong>Hvor brukes acetylen-oksygenbrenner?<\/strong>\u00a0<\/h2>\n\n\n\n<p>Denne typen brenner brukes ikke bare i store bedrifter, men ogs\u00e5 i sm\u00e5 bedrifter eller verksteder. Den er grunnlaget for alt arbeid som involverer maskinering, skj\u00e6ring og sveising av ulike metallegeringer. Den brukes overalt der presisjon er avgj\u00f8rende.  Skj\u00e6ring med en oxy-acetylenbrenner gir relativt lave driftskostnader.&nbsp;<\/p>\n\n\n\n<h2 class=\"wp-block-heading\"><strong>Plasmaskj\u00e6ring<\/strong>&nbsp;<\/h2>\n\n\n\n<p>Den best\u00e5r i \u00e5 smelte og skyte ut metall fra skj\u00e6respalten ved hjelp av en plasmabue som gl\u00f8der mellom elektroden og arbeidsstykket. Elektroden kj\u00f8les ned med vann eller luft. Ved plasmaskj\u00e6ring smelter materialet lokalt, ved temperaturer helt opp til 2000 grader Celsius.&nbsp;&nbsp;<\/p>\n\n\n<div class=\"wp-block-image\">\n<figure class=\"alignright size-large is-resized\"><a href=\"https:\/\/szkolenia-udt.pl\/wp-content\/uploads\/2022\/08\/3-3.jpeg\"><img loading=\"lazy\" decoding=\"async\" src=\"https:\/\/szkolenia-udt.pl\/wp-content\/uploads\/2022\/08\/3-3-768x1024.jpeg\" alt=\"Der acetylon-oksygenbrenner brukes\" class=\"wp-image-3146\" width=\"384\" height=\"512\" srcset=\"https:\/\/szkolenia-udt.pl\/wp-content\/uploads\/2022\/08\/3-3-768x1024.jpeg 768w, https:\/\/szkolenia-udt.pl\/wp-content\/uploads\/2022\/08\/3-3-225x300.jpeg 225w, https:\/\/szkolenia-udt.pl\/wp-content\/uploads\/2022\/08\/3-3-1152x1536.jpeg 1152w, https:\/\/szkolenia-udt.pl\/wp-content\/uploads\/2022\/08\/3-3-9x12.jpeg 9w, https:\/\/szkolenia-udt.pl\/wp-content\/uploads\/2022\/08\/3-3.jpeg 1200w\" sizes=\"auto, (max-width: 384px) 100vw, 384px\" \/><\/a><\/figure>\n<\/div>\n\n\n<h4 class=\"wp-block-heading\"><strong>Metoder for plasmaskj\u00e6ring:<\/strong>&nbsp;<\/h4>\n\n\n\n<ul class=\"wp-block-list\">\n<li><strong>avfasing<\/strong> - Brenneren plasseres over komponenten i en passende vinkel;&nbsp;<\/li>\n\n\n\n<li><strong>grunnleggende<\/strong> - inneb\u00e6rer den klassiske bearbeidingen av arbeidsstykket fra kanten;&nbsp;<\/li>\n\n\n\n<li><strong>mal<\/strong> - bearbeidingen av materialet skjer ved hjelp av et ferdig forberedt m\u00f8nster;\u00a0<\/li>\n\n\n\n<li><strong>uthuling<\/strong> - Ved \u00e5 plassere plasmabrenneren i en vinkel, slik at materialet ikke kuttes, dannes det regelmessige riller;\u00a0<\/li>\n\n\n\n<li><strong>mekanisert<\/strong> - utf\u00f8res ved hjelp av CNC-maskiner og industriroboter, den sikreste m\u00e5ten \u00e5 skj\u00e6re p\u00e5;&nbsp;<\/li>\n\n\n\n<li><strong>skj\u00e6ring av flere ark samtidig<\/strong> - mindre brennerdrift og tidsbesparelser.\u00a0<\/li>\n<\/ul>\n\n\n\n<h2 class=\"wp-block-heading\">V\u00e5re andre kurs<\/h2>\n\n\n\n<p>Vi inviterer deg til \u00e5 ta kurs i blant annet\u00a0<\/p>\n\n\n\n<ul class=\"wp-block-list\">\n<li>skj\u00e6ring med lommelykt,&nbsp;<\/li>\n\n\n\n<li>sveising,&nbsp;<\/li>\n\n\n\n<li>sveising,&nbsp;<\/li>\n\n\n\n<li>flenstilkoblinger,&nbsp;<\/li>\n\n\n\n<li>lodding.&nbsp;<\/li>\n<\/ul>\n\n\n\n<p>Vi utdanner ogs\u00e5 fremtidige operat\u00f8rer og vedlikeholdere av maskiner, f.eks. kraner, HDS, mobile plattformer, skippere og andre. Vi har drevet virksomhet i hele Polen i mange \u00e5r. Vi tilbyr profesjonell forberedelse og T\u00dcV-sertifisering.&nbsp;<\/p>\n\n\n\n<p>Vi inviterer deg til \u00e5 melde deg p\u00e5 \u00e5pne kurs og kontakte oss for lukkede kurs.&nbsp;<\/p>\n\n\n<div class=\"wp-block-image\">\n<figure class=\"aligncenter\"><a href=\"https:\/\/szkolenia-udt.pl\/wp-content\/uploads\/2022\/08\/0071-oso.edu_.pl_.jpg\"><img loading=\"lazy\" decoding=\"async\" width=\"1024\" height=\"853\" src=\"https:\/\/szkolenia-udt.pl\/wp-content\/uploads\/2022\/08\/0071-oso.edu_.pl_-1024x853.jpg\" alt=\"grafisk reklame for oppl\u00e6ringen\" class=\"wp-image-3147\" srcset=\"https:\/\/szkolenia-udt.pl\/wp-content\/uploads\/2022\/08\/0071-oso.edu_.pl_-1024x853.jpg 1024w, https:\/\/szkolenia-udt.pl\/wp-content\/uploads\/2022\/08\/0071-oso.edu_.pl_-300x250.jpg 300w, https:\/\/szkolenia-udt.pl\/wp-content\/uploads\/2022\/08\/0071-oso.edu_.pl_-768x640.jpg 768w, https:\/\/szkolenia-udt.pl\/wp-content\/uploads\/2022\/08\/0071-oso.edu_.pl_-14x12.jpg 14w, https:\/\/szkolenia-udt.pl\/wp-content\/uploads\/2022\/08\/0071-oso.edu_.pl_.jpg 1200w\" sizes=\"auto, (max-width: 1024px) 100vw, 1024px\" \/><\/a><\/figure>\n<\/div>","protected":false},"excerpt":{"rendered":"<p>O nas Ju\u017c od wielu lat prowadzimy specjalistyczne szkolenia z zakresu obs\u0142ugi urz\u0105dze\u0144 technicznych, np. \u017curawi, podest\u00f3w ruchomych czy w\u00f3zk\u00f3w wid\u0142owych, szkolenia na palaczy piec\u00f3w i kot\u0142\u00f3w CO oraz kursy wysoko\u015bciowe i spawalnicze, w tym szkolenia z ci\u0119\u0107 palnikiem acetylenowo\u2013tlenowym.\u00a0Dzia\u0142amy na terenie ca\u0142ej Polski i nie tylko. Wsp\u00f3\u0142pracujemy tak\u017ce z pa\u0144stwowymi o\u015brodkami egzaminacyjnymi, takimi jak [&hellip;]<\/p>\n","protected":false},"author":10,"featured_media":3145,"parent":2583,"menu_order":0,"comment_status":"closed","ping_status":"closed","template":"","meta":{"footnotes":""},"class_list":["post-3143","page","type-page","status-publish","has-post-thumbnail","hentry"],"aioseo_notices":[],"_links":{"self":[{"href":"https:\/\/szkolenia-udt.pl\/nb\/wp-json\/wp\/v2\/pages\/3143","targetHints":{"allow":["GET"]}}],"collection":[{"href":"https:\/\/szkolenia-udt.pl\/nb\/wp-json\/wp\/v2\/pages"}],"about":[{"href":"https:\/\/szkolenia-udt.pl\/nb\/wp-json\/wp\/v2\/types\/page"}],"author":[{"embeddable":true,"href":"https:\/\/szkolenia-udt.pl\/nb\/wp-json\/wp\/v2\/users\/10"}],"replies":[{"embeddable":true,"href":"https:\/\/szkolenia-udt.pl\/nb\/wp-json\/wp\/v2\/comments?post=3143"}],"version-history":[{"count":6,"href":"https:\/\/szkolenia-udt.pl\/nb\/wp-json\/wp\/v2\/pages\/3143\/revisions"}],"predecessor-version":[{"id":4627,"href":"https:\/\/szkolenia-udt.pl\/nb\/wp-json\/wp\/v2\/pages\/3143\/revisions\/4627"}],"up":[{"embeddable":true,"href":"https:\/\/szkolenia-udt.pl\/nb\/wp-json\/wp\/v2\/pages\/2583"}],"wp:featuredmedia":[{"embeddable":true,"href":"https:\/\/szkolenia-udt.pl\/nb\/wp-json\/wp\/v2\/media\/3145"}],"wp:attachment":[{"href":"https:\/\/szkolenia-udt.pl\/nb\/wp-json\/wp\/v2\/media?parent=3143"}],"curies":[{"name":"wp","href":"https:\/\/api.w.org\/{rel}","templated":true}]}}