{"id":3150,"date":"2022-08-19T09:19:35","date_gmt":"2022-08-19T07:19:35","guid":{"rendered":"https:\/\/szkolenia-udt.pl\/?page_id=3150"},"modified":"2023-03-20T12:59:25","modified_gmt":"2023-03-20T11:59:25","slug":"helse-og-sikkerhetsopplaering-av-personer","status":"publish","type":"page","link":"https:\/\/szkolenia-udt.pl\/nb\/kursy\/bhp-ppoz\/szkolenia-bhp-oso\/","title":{"rendered":"Oppl\u00e6ring i helse og sikkerhet p\u00e5 arbeidsplassen"},"content":{"rendered":"<div class=\"wp-block-image\">\n<figure class=\"alignright size-large is-resized\"><a href=\"https:\/\/szkolenia-udt.pl\/wp-content\/uploads\/2022\/08\/1-5.jpeg\"><img loading=\"lazy\" decoding=\"async\" src=\"https:\/\/szkolenia-udt.pl\/wp-content\/uploads\/2022\/08\/1-5-1024x512.jpeg\" alt=\"oppl\u00e6ring i helse og sikkerhet\" class=\"wp-image-3151\" width=\"512\" height=\"256\" srcset=\"https:\/\/szkolenia-udt.pl\/wp-content\/uploads\/2022\/08\/1-5-1024x512.jpeg 1024w, https:\/\/szkolenia-udt.pl\/wp-content\/uploads\/2022\/08\/1-5-300x150.jpeg 300w, https:\/\/szkolenia-udt.pl\/wp-content\/uploads\/2022\/08\/1-5-768x384.jpeg 768w, https:\/\/szkolenia-udt.pl\/wp-content\/uploads\/2022\/08\/1-5-1536x768.jpeg 1536w, https:\/\/szkolenia-udt.pl\/wp-content\/uploads\/2022\/08\/1-5-18x9.jpeg 18w, https:\/\/szkolenia-udt.pl\/wp-content\/uploads\/2022\/08\/1-5.jpeg 1600w\" sizes=\"auto, (max-width: 512px) 100vw, 512px\" \/><\/a><\/figure>\n<\/div>\n\n\n<h2 class=\"wp-block-heading\"><strong>Om oss<\/strong>&nbsp;<\/h2>\n\n\n\n<p>I v\u00e5r <a href=\"https:\/\/szkolenia-udt.pl\/nb\/o-firmie\/\">Oppl\u00e6ringssenter for operat\u00f8rer<\/a> Vi tilbyr ulike typer oppl\u00e6ring, inkludert helse- og sikkerhetsoppl\u00e6ring for dem som arbeider under farlige forhold, samt oppl\u00e6ring i truckkj\u00f8ring og fiberoptisk sveising.\u00a0<\/p>\n\n\n\n<h2 class=\"wp-block-heading\"><strong>Hvorfor ta et helse- og sikkerhetskurs hos OSO?<\/strong>\u00a0<\/h2>\n\n\n\n<p>For arbeidstakere i spesielt farlige stillinger b\u00f8r det gjennomf\u00f8res oppl\u00e6ring minst \u00e9n gang i \u00e5ret. Arbeidsgiveren har plikt til \u00e5 beskytte de ansattes liv og helse ved \u00e5 s\u00f8rge for trygge og hygieniske arbeidsforhold.&nbsp;&nbsp;&nbsp;<\/p>\n\n\n\n<h2 class=\"wp-block-heading\"><strong>Form\u00e5let med oppl\u00e6ringen<\/strong>&nbsp;<\/h2>\n\n\n\n<p>M\u00e5let med kurset er \u00e5 forebygge arbeidsulykker, gj\u00f8re de ansatte kjent med mulige farer og prinsippene for korrekt evakuering og f\u00f8rstehjelp.&nbsp;&nbsp;<\/p>\n\n\n\n<h4 class=\"wp-block-heading\">I tillegg omfatter de veiledende prinsippene for oppl\u00e6ringen:&nbsp;<\/h4>\n\n\n\n<ul class=\"wp-block-list\">\n<li>Reduksjon av farer ved utf\u00f8relse av spesielt farlig arbeid,&nbsp;<\/li>\n\n\n\n<li>identifisering og vurdering av farer ved spesielt risikofylt arbeid,&nbsp;<\/li>\n\n\n\n<li>evne til \u00e5 h\u00e5ndtere utstyr og personlig verneutstyr,&nbsp;<\/li>\n\n\n\n<li>juridiske og organisatoriske krav til de som utf\u00f8rer spesielt farlig arbeid,\u00a0<\/li>\n\n\n\n<li>evne til \u00e5 organisere sikre arbeidsmetoder,&nbsp;<\/li>\n\n\n\n<li>Praktisk oppl\u00e6ring av deltakerne i prinsippene for f\u00f8rstehjelp i henhold til de nyeste ERC- og AHA-standardene,&nbsp;<\/li>\n\n\n\n<li>ivareta sikkerheten til andre arbeidstakere,&nbsp;<\/li>\n\n\n\n<li>innhenting av eksemplarer av dokumentasjonen som kreves for \u00e5 utf\u00f8re s\u00e6rlig farlig arbeid.&nbsp;<\/li>\n<\/ul>\n\n\n\n<h2 class=\"wp-block-heading\"><strong>Form av klasser<\/strong>&nbsp;<\/h2>\n\n\n\n<p>Hyppigheten og formen p\u00e5 oppl\u00e6ringen avhenger av hvilken type stilling den ansatte har. Helse- og sikkerhetsoppl\u00e6ringen skal organiseres og gjennomf\u00f8res av arbeidsgiveren eller, p\u00e5 arbeidsgiverens anmodning, av organisatoriske enheter som er autorisert til \u00e5 gjennomf\u00f8re helse- og sikkerhetsoppl\u00e6ring.\u00a0<\/p>\n\n\n\n<figure class=\"wp-block-table\"><table><thead><tr><th><strong>TYPER OPPL\u00c6RING SOM TILBYS P\u00c5 SENTERET V\u00c5RT<\/strong>\u00a0<\/th><\/tr><\/thead><tbody><tr><td><strong>Forel\u00f8pig <\/strong>-<strong> <\/strong>b\u00f8r finne sted samme dag som den ansatte begynner p\u00e5 arbeidsplassen.<\/td><\/tr><tr><td><strong>Periodisk <\/strong>-<strong> <\/strong>m\u00e5 finne sted innen ett \u00e5r etter ansettelse, eller for ledere (maks. 6 m\u00e5neder etter f\u00f8rste oppl\u00e6ring).\u00a0<\/td><\/tr><\/tbody><\/table><\/figure>\n\n\n\n<h2 class=\"wp-block-heading\"><strong>Riktig instruksjon<\/strong>&nbsp;<\/h2>\n\n\n\n<p>N\u00e5r det gjelder helse og sikkerhet for de som utf\u00f8rer s\u00e6rlig risikofylt arbeid, b\u00f8r instruksen inneholde en navngitt arbeidsfordeling. Rekkef\u00f8lgen arbeidsoppgavene skal utf\u00f8res i, og hvilke helse- og sikkerhetskrav som gjelder for de enkelte aktivitetene, er ogs\u00e5 viktig. Hver enkelt ansatt m\u00e5 vite hvilke oppgaver som er hans\/hennes ansvar. Ansatte som utf\u00f8rer arbeid som f.eks. tilkomstteknikk, b\u00f8r i tillegg f\u00e5 spesialisert oppl\u00e6ring i arbeid i h\u00f8yden. V\u00e5re forelesere og instrukt\u00f8rer har kunnskap, yrkeserfaring og pedagogiske ferdigheter som sikrer at oppl\u00e6ringsprogrammene gjennomf\u00f8res p\u00e5 riktig m\u00e5te. Undervisningen foreg\u00e5r i lokaler med egnet utstyr.&nbsp;<\/p>\n\n\n\n<h2 class=\"has-text-align-center wp-block-heading\"><a href=\"https:\/\/szkolenia-udt.pl\/wp-content\/uploads\/2022\/08\/3-1.webp\"><img loading=\"lazy\" decoding=\"async\" class=\"aligncenter wp-image-3153 size-large\" src=\"https:\/\/szkolenia-udt.pl\/wp-content\/uploads\/2022\/08\/3-1-1024x674.webp\" alt=\"oppl\u00e6ring i helse og sikkerhet\" width=\"750\" height=\"494\" srcset=\"https:\/\/szkolenia-udt.pl\/wp-content\/uploads\/2022\/08\/3-1-1024x674.webp 1024w, https:\/\/szkolenia-udt.pl\/wp-content\/uploads\/2022\/08\/3-1-300x197.webp 300w, https:\/\/szkolenia-udt.pl\/wp-content\/uploads\/2022\/08\/3-1-768x505.webp 768w, https:\/\/szkolenia-udt.pl\/wp-content\/uploads\/2022\/08\/3-1-1536x1011.webp 1536w, https:\/\/szkolenia-udt.pl\/wp-content\/uploads\/2022\/08\/3-1-18x12.webp 18w, https:\/\/szkolenia-udt.pl\/wp-content\/uploads\/2022\/08\/3-1.webp 1600w\" sizes=\"auto, (max-width: 750px) 100vw, 750px\" \/><\/a><\/h2>\n\n\n\n<h2 class=\"wp-block-heading\"><strong>Arbeidsgiveres forpliktelser n\u00e5r det gjelder ansattes helse og sikkerhet<\/strong>&nbsp;<\/h2>\n\n\n\n<p>Arbeidsgiveren er ansvarlig for \u00e5 sikre trygge og sunne arbeidsforhold, blant annet ved \u00e5..:&nbsp;<\/p>\n\n\n\n<ul class=\"wp-block-list\">\n<li>gi den ansatte gratis personlig verneutstyr og informasjon om hvordan det skal brukes,&nbsp;<\/li>\n\n\n\n<li>Gjennomf\u00f8re systematisk oppl\u00e6ring i helse og sikkerhet for de ansatte,&nbsp;<\/li>\n\n\n\n<li>gi detaljerte instruksjoner og veiledning om helse og sikkerhet p\u00e5 arbeidsplassen,&nbsp;<\/li>\n\n\n\n<li>Gj\u00f8r de ansatte kjent med forskrifter og helse- og sikkerhetsregler for de ulike arbeidsplassene.&nbsp;<\/li>\n<\/ul>\n\n\n\n<h2 class=\"wp-block-heading\"><strong>Avsluttende oppl\u00e6ringseksamen<\/strong>&nbsp;<\/h2>\n\n\n\n<p>Arbeidsmilj\u00f8kurset avsluttes med en eksamen som bekrefter at deltakeren har tilegnet seg den kunnskapen som er dekket i programmet, og at han\/hun er i stand til \u00e5 utf\u00f8re og organisere arbeidet i samsvar med prinsippene for helse, milj\u00f8 og sikkerhet p\u00e5 arbeidsplassen. N\u00e5r kurset er fullf\u00f8rt og best\u00e5tt, f\u00e5r deltakeren et sertifikat utstedt av kursarrang\u00f8ren. Sertifikatet oppbevares i deltakerens personlige mappe.&nbsp;<\/p>\n\n\n\n<h2 class=\"wp-block-heading\"><strong>Omfang av aktiviteter<\/strong>&nbsp;<\/h2>\n\n\n\n<p>Emnene som dekkes i de ulike delene av kurset, er blant annet f\u00f8lgende:&nbsp;<\/p>\n\n\n\n<ul class=\"wp-block-list\">\n<li>bruk av personlig verneutstyr,&nbsp;<\/li>\n\n\n\n<li>risikofaktorene som er forbundet med \u00e5 utf\u00f8re spesielt farlig arbeid,&nbsp;<\/li>\n\n\n\n<li>brannvern, riktig skilting p\u00e5 arbeidsplasser,&nbsp;<\/li>\n\n\n\n<li>prinsippene for utarbeidelse av helse- og sikkerhetsdokumentasjon p\u00e5 arbeidsplassen,&nbsp;<\/li>\n\n\n\n<li>helse- og sikkerhetsforskrifter,&nbsp;<\/li>\n\n\n\n<li>prinsipper for h\u00e5ndtering av ulykker og f\u00f8rstehjelp,&nbsp;<\/li>\n\n\n\n<li>omstendigheter og \u00e5rsaker til ulykker under s\u00e6rlig risikofylt arbeid (eksempler),&nbsp;<\/li>\n\n\n\n<li>regler for utf\u00f8relse av arbeid i eksplosjonsfarlige omr\u00e5der,&nbsp;<\/li>\n\n\n\n<li>regler for evakuering av ansatte,&nbsp;<\/li>\n\n\n\n<li>dr\u00f8fting av autentiske hendelser som har oppst\u00e5tt under feilaktig arbeid i trange rom.<\/li>\n<\/ul>\n\n\n<div class=\"wp-block-image\">\n<figure class=\"alignleft size-large is-resized\"><a href=\"https:\/\/szkolenia-udt.pl\/wp-content\/uploads\/2022\/08\/2.webp\"><img loading=\"lazy\" decoding=\"async\" src=\"https:\/\/szkolenia-udt.pl\/wp-content\/uploads\/2022\/08\/2-1024x768.webp\" alt=\"oppl\u00e6ring i helse og sikkerhet\" class=\"wp-image-3152\" width=\"512\" height=\"384\" srcset=\"https:\/\/szkolenia-udt.pl\/wp-content\/uploads\/2022\/08\/2-1024x768.webp 1024w, https:\/\/szkolenia-udt.pl\/wp-content\/uploads\/2022\/08\/2-300x225.webp 300w, https:\/\/szkolenia-udt.pl\/wp-content\/uploads\/2022\/08\/2-768x576.webp 768w, https:\/\/szkolenia-udt.pl\/wp-content\/uploads\/2022\/08\/2-1536x1152.webp 1536w, https:\/\/szkolenia-udt.pl\/wp-content\/uploads\/2022\/08\/2-16x12.webp 16w, https:\/\/szkolenia-udt.pl\/wp-content\/uploads\/2022\/08\/2-135x100.webp 135w, https:\/\/szkolenia-udt.pl\/wp-content\/uploads\/2022\/08\/2.webp 1600w\" sizes=\"auto, (max-width: 512px) 100vw, 512px\" \/><\/a><\/figure>\n<\/div>\n\n\n<h2 class=\"wp-block-heading\"><strong>Oppl\u00e6ringens gyldighet<\/strong>&nbsp;<\/h2>\n\n\n\n<p>Avhengig av hvilken stilling man har, er oppl\u00e6ringens gyldighetstid mellom 1 og 6 \u00e5r. For arbeidsgivere og arbeidsledere, tekniske og administrative ansatte eller ansatte som har ansvar for helse og sikkerhet i sitt arbeid, er oppl\u00e6ringen gyldig i en periode p\u00e5 5 \u00e5r. Personer som er ansatt i arbeidsstillinger der det gis oppl\u00e6ring i form av instruksjon, b\u00f8r f\u00e5 oppl\u00e6ring minst hvert tredje \u00e5r. I arbeidsstillinger der det er s\u00e6rlig h\u00f8y risiko for de ansattes sikkerhet eller helse - minst \u00e9n gang i \u00e5ret.\u00a0<\/p>\n\n\n\n<h2 class=\"wp-block-heading\"><strong>Pris for oppl\u00e6ring<\/strong>&nbsp;<\/h2>\n\n\n\n<p><a href=\"https:\/\/szkolenia-udt.pl\/nb\/oferta\/\">Pris<\/a> <a href=\"https:\/\/szkolenia-udt.pl\/nb\/kursy\/\">av v\u00e5re kurs<\/a> er avhengig av hvor mange som deltar. Vi har gitt attraktive rabatter for st\u00f8rre organiserte grupper, da vi er klar over at potensielle studenter er ute etter god oppl\u00e6ring til en god pris. Ring oss for mer informasjon.&nbsp;<\/p>\n\n\n\n<h2 class=\"wp-block-heading\"><strong>Hvor finner du oss?<\/strong>&nbsp;<\/h2>\n\n\n\n<p>Vi holder til i Warszawa, men tilbyr v\u00e5re tjenester over hele landet. For lukkede grupper reiser vi til bedrifter eller til et avtalt sted. Ta gjerne kontakt med kontoret v\u00e5rt for mer informasjon.<\/p>\n\n\n<div class=\"wp-block-image\">\n<figure class=\"aligncenter\"><a href=\"https:\/\/szkolenia-udt.pl\/wp-content\/uploads\/2022\/08\/0084-oso.edu_.pl_.jpg\"><img loading=\"lazy\" decoding=\"async\" width=\"1024\" height=\"853\" src=\"https:\/\/szkolenia-udt.pl\/wp-content\/uploads\/2022\/08\/0084-oso.edu_.pl_-1024x853.jpg\" alt=\"oppl\u00e6ring i helse og sikkerhet\" class=\"wp-image-3154\" srcset=\"https:\/\/szkolenia-udt.pl\/wp-content\/uploads\/2022\/08\/0084-oso.edu_.pl_-1024x853.jpg 1024w, https:\/\/szkolenia-udt.pl\/wp-content\/uploads\/2022\/08\/0084-oso.edu_.pl_-300x250.jpg 300w, https:\/\/szkolenia-udt.pl\/wp-content\/uploads\/2022\/08\/0084-oso.edu_.pl_-768x640.jpg 768w, https:\/\/szkolenia-udt.pl\/wp-content\/uploads\/2022\/08\/0084-oso.edu_.pl_-14x12.jpg 14w, https:\/\/szkolenia-udt.pl\/wp-content\/uploads\/2022\/08\/0084-oso.edu_.pl_.jpg 1200w\" sizes=\"auto, (max-width: 1024px) 100vw, 1024px\" \/><\/a><\/figure>\n<\/div>","protected":false},"excerpt":{"rendered":"<p>O nas&nbsp; W naszym O\u015brodku Szkolenia Operator\u00f3w prowadzimy r\u00f3\u017cnego rodzaju szkolenia m.in. BHP dla os\u00f3b wykonuj\u0105cych prac\u0119 w niebezpiecznych warunkach oraz z obs\u0142ugi w\u00f3zk\u00f3w wid\u0142owych czy spawania \u015bwiat\u0142owod\u00f3w.\u00a0 Dlaczego warto podj\u0105\u0107 kurs z zakresu BHP w OSO?\u00a0 Dla pracownik\u00f3w zatrudnionych na stanowiskach szczeg\u00f3lnie niebezpiecznych, szkolenia powinno przeprowadza\u0107 si\u0119 co najmniej raz w roku. Obowi\u0105zkiem pracodawcy [&hellip;]<\/p>\n","protected":false},"author":10,"featured_media":3152,"parent":2739,"menu_order":0,"comment_status":"closed","ping_status":"closed","template":"","meta":{"footnotes":""},"class_list":["post-3150","page","type-page","status-publish","has-post-thumbnail","hentry"],"aioseo_notices":[],"_links":{"self":[{"href":"https:\/\/szkolenia-udt.pl\/nb\/wp-json\/wp\/v2\/pages\/3150","targetHints":{"allow":["GET"]}}],"collection":[{"href":"https:\/\/szkolenia-udt.pl\/nb\/wp-json\/wp\/v2\/pages"}],"about":[{"href":"https:\/\/szkolenia-udt.pl\/nb\/wp-json\/wp\/v2\/types\/page"}],"author":[{"embeddable":true,"href":"https:\/\/szkolenia-udt.pl\/nb\/wp-json\/wp\/v2\/users\/10"}],"replies":[{"embeddable":true,"href":"https:\/\/szkolenia-udt.pl\/nb\/wp-json\/wp\/v2\/comments?post=3150"}],"version-history":[{"count":3,"href":"https:\/\/szkolenia-udt.pl\/nb\/wp-json\/wp\/v2\/pages\/3150\/revisions"}],"predecessor-version":[{"id":4615,"href":"https:\/\/szkolenia-udt.pl\/nb\/wp-json\/wp\/v2\/pages\/3150\/revisions\/4615"}],"up":[{"embeddable":true,"href":"https:\/\/szkolenia-udt.pl\/nb\/wp-json\/wp\/v2\/pages\/2739"}],"wp:featuredmedia":[{"embeddable":true,"href":"https:\/\/szkolenia-udt.pl\/nb\/wp-json\/wp\/v2\/media\/3152"}],"wp:attachment":[{"href":"https:\/\/szkolenia-udt.pl\/nb\/wp-json\/wp\/v2\/media?parent=3150"}],"curies":[{"name":"wp","href":"https:\/\/api.w.org\/{rel}","templated":true}]}}