{"id":3192,"date":"2022-08-30T11:06:31","date_gmt":"2022-08-30T09:06:31","guid":{"rendered":"https:\/\/szkolenia-udt.pl\/?page_id=3192"},"modified":"2023-05-22T15:18:49","modified_gmt":"2023-05-22T13:18:49","slug":"vi-kommer-til-unnsetning","status":"publish","type":"page","link":"https:\/\/szkolenia-udt.pl\/nb\/kursy\/bhp-ppoz\/przychodzimy-z-pomoca\/","title":{"rendered":"Oppl\u00e6ring i helse og sikkerhet p\u00e5 arbeidsplassen"},"content":{"rendered":"<h2 class=\"wp-block-heading\">Vi bryr oss om utvikling\u00a0<\/h2>\n\n\n\n<p>Selskapet v\u00e5rt har i \u00e5revis tilbudt ulike oppl\u00e6ringskurs og formidlet fagkunnskap til deltakerne v\u00e5re. Det er opp til deg \u00e5 avgj\u00f8re om du vil sende dine ansatte til oss for \u00e5 f\u00e5 den kunnskapen som er n\u00f8dvendig fra et arbeidsgiverperspektiv. Som det st\u00e5r i arbeidsmilj\u00f8loven, er det viktig at alle n\u00f8dvendige tiltak er p\u00e5 plass p\u00e5 arbeidsplassen i tilfelle brann, behov for evakuering eller plutselige uhell blant de ansatte. I tillegg m\u00e5 det utpekes en bestemt gruppe ansatte som kan utf\u00f8re slike redningsprosedyrer. Det er derfor det er s\u00e5 viktig med god oppl\u00e6ring p\u00e5 dette omr\u00e5det. &nbsp;<\/p>\n\n\n\n<h2 class=\"wp-block-heading\">Oppl\u00e6ring p\u00e5 h\u00f8yt niv\u00e5\u00a0<\/h2>\n\n\n\n<p>Vi tilbyr profesjonell oppl\u00e6ring for dine ansatte. Ved \u00e5 henvise dem til oppl\u00e6ring hos oss er du garantert et h\u00f8yt l\u00e6ringsniv\u00e5. V\u00e5rt program \"F\u00f8rstehjelp i livs- og helsesituasjoner\" forbereder deg p\u00e5 hvordan du skal opptre i n\u00f8dsituasjoner som krever umiddelbar handling. Kontakt oss for \u00e5 melde deg p\u00e5 et kurs. Vi har avdelinger i de fleste polske byer, og vi reiser til det angitte stedet p\u00e5 foresp\u00f8rsel.&nbsp;<\/p>\n\n\n<div class=\"wp-block-image\">\n<figure class=\"alignright size-large is-resized\"><a href=\"https:\/\/szkolenia-udt.pl\/wp-content\/uploads\/2023\/05\/screen_2x-2023-05-22T151512.006.jpg\"><img loading=\"lazy\" decoding=\"async\" src=\"https:\/\/szkolenia-udt.pl\/wp-content\/uploads\/2023\/05\/screen_2x-2023-05-22T151512.006-1024x684.jpg\" alt=\"F\u00f8rstehjelpsutstyr\" class=\"wp-image-5236\" width=\"512\" height=\"342\" srcset=\"https:\/\/szkolenia-udt.pl\/wp-content\/uploads\/2023\/05\/screen_2x-2023-05-22T151512.006-1024x684.jpg 1024w, https:\/\/szkolenia-udt.pl\/wp-content\/uploads\/2023\/05\/screen_2x-2023-05-22T151512.006-300x200.jpg 300w, https:\/\/szkolenia-udt.pl\/wp-content\/uploads\/2023\/05\/screen_2x-2023-05-22T151512.006-768x513.jpg 768w, https:\/\/szkolenia-udt.pl\/wp-content\/uploads\/2023\/05\/screen_2x-2023-05-22T151512.006-1536x1025.jpg 1536w, https:\/\/szkolenia-udt.pl\/wp-content\/uploads\/2023\/05\/screen_2x-2023-05-22T151512.006-18x12.jpg 18w, https:\/\/szkolenia-udt.pl\/wp-content\/uploads\/2023\/05\/screen_2x-2023-05-22T151512.006.jpg 1600w\" sizes=\"auto, (max-width: 512px) 100vw, 512px\" \/><\/a><\/figure>\n<\/div>\n\n\n<ul class=\"wp-block-list\">\n<li>Vi gj\u00f8r v\u00e5rt ytterste for \u00e5 formidle verdifull kunnskap og forberede deltakerne p\u00e5 \u00e5 h\u00e5ndtere kritiske situasjoner. Derfor best\u00e5r oppl\u00e6ringen vi tilbyr av en praktisk og en teoretisk del. Teoriundervisningen best\u00e5r av:&nbsp;<\/li>\n\n\n\n<li>Forskrifter og lovgivning,&nbsp;<\/li>\n\n\n\n<li>Instruksjoner om hvordan du ringer for \u00e5 f\u00e5 hjelp, med en liste over n\u00f8dvendige numre,&nbsp;<\/li>\n\n\n\n<li>Forklaringer p\u00e5 hva du skal gj\u00f8re i tilfelle evakuering,&nbsp;<\/li>\n\n\n\n<li>Prinsipper for sikring av den skaddes omgivelser,&nbsp;<\/li>\n\n\n\n<li>Oppf\u00f8rsel ved ulike skader (brudd, brannskader, slag osv.),\u00a0<\/li>\n\n\n\n<li>Adferd i m\u00f8te med livs- og helserisiko (forgiftning, besvimelse, hjerteinfarkt, lammelser),&nbsp;<\/li>\n\n\n\n<li>Instruksjoner for vurdering av vitale tegn hos en tilskadekommen.&nbsp;<\/li>\n<\/ul>\n\n\n\n<p>Den praktiske delen, som er et viktig supplement til teorien, omfatter:&nbsp;<\/p>\n\n\n\n<ul class=\"wp-block-list\">\n<li>L\u00e6re hvordan man skal forholde seg ved trafikkulykker, elektrisk st\u00f8t, drukning, besvimelse, skader p\u00e5 lemmer eller ryggvirvler eller kvelning,&nbsp;<\/li>\n\n\n\n<li>Instruksjoner for plassering av den tilskadekomne i sideleie,&nbsp;<\/li>\n\n\n\n<li>Organiser evakuering av det ber\u00f8rte omr\u00e5det,&nbsp;<\/li>\n\n\n\n<li>Utf\u00f8re gjenoppliving (HLR).&nbsp;<\/li>\n<\/ul>\n\n\n\n<figure class=\"wp-block-table\"><table><tbody><tr><td>Praktisk kursfase&nbsp;<\/td><td>HLR-oppl\u00e6ring (del I)&nbsp;&nbsp;<\/td><td>Organisering av evakuering (del II)&nbsp;&nbsp;<\/td><td>L\u00e6re \u00e5 h\u00e5ndtere ulike situasjoner (del III)&nbsp;&nbsp;<\/td><\/tr><tr><td>Sted for oppl\u00e6ring&nbsp;<\/td><td>\u00d8vingsrom&nbsp;<\/td><td>Interi\u00f8r i bygningen <a href=\"https:\/\/szkolenia-udt.pl\/nb\/o-firmie\/\">sentrum<\/a>&nbsp;<\/td><td>\u00d8vingsrom&nbsp;<\/td><\/tr><\/tbody><\/table><\/figure>\n\n\n\n<h2 class=\"wp-block-heading\">Behov for oppl\u00e6ring\u00a0<\/h2>\n\n\n\n<p>De fleste av oss har nok minst \u00e9n gang tenkt: \"Hva om jeg havner i en situasjon der jeg m\u00e5 redde noens liv?\". - I v\u00e5r oppl\u00e6ring f\u00e5r du et svar p\u00e5 dette sp\u00f8rsm\u00e5let. Situasjoner som dette kan skje med hvem som helst hver dag, s\u00e5 det er verdt \u00e5 kjenne til prinsippene for f\u00f8rstehjelp for din egen og dine n\u00e6rmestes skyld, men ogs\u00e5 for \u00e5 kunne hjelpe dem p\u00e5 jobb om n\u00f8dvendig. Vi vet aldri n\u00e5r noen ved siden av oss trenger rask hjelp f\u00f8r de rette instansene n\u00e5r frem.\u00a0<\/p>\n\n\n\n<h2 class=\"wp-block-heading\">Vi tilpasser oss deg\u00a0<\/h2>\n\n\n\n<p>Noe som skiller kursene v\u00e5re fra resten, er den store fleksibiliteten og muligheten til \u00e5 tilpasse dem til dine behov. Vi vil fors\u00f8ke \u00e5 utvide temaene i kursene v\u00e5re til \u00e5 omfatte de spesifikke farene som venter p\u00e5 stillinger i din bedrift. Vi tar hensyn til den enkelte arbeidsplass og pr\u00f8ver \u00e5 utarbeide et kurs for enhver stilling som kunden har valgt. <a href=\"https:\/\/szkolenia-udt.pl\/nb\/kursy\/\">V\u00e5r oppl\u00e6ring<\/a> er delt inn i \u00e5pne og lukkede. F\u00f8rstnevnte gjelder for alle som er interessert i \u00e5 tilegne seg spesialkunnskap hos oss, mens sistnevnte er \u00e5pne for utvalgte grupper som er sendt av sine overordnede eller spesialiserte institusjoner. Infrastrukturen v\u00e5r er rik p\u00e5 ulike typer treningsrom, diverse tilbeh\u00f8r og spesiallagde dukker for \u00e5 l\u00e6re HLR. Resultatet er at l\u00e6ringsopplevelsen gir sv\u00e6rt gode resultater, og at kundene v\u00e5re er forn\u00f8yde med oppl\u00e6ringsresultatene. Vi tilbyr ogs\u00e5 et h\u00f8yt kvalifisert team av instrukt\u00f8rer og forelesere som har l\u00e6rt opp et stort antall mennesker i f\u00f8rstehjelp.&nbsp;&nbsp;<\/p>\n\n\n<div class=\"wp-block-image\">\n<figure class=\"alignleft size-large is-resized\"><a href=\"https:\/\/szkolenia-udt.pl\/wp-content\/uploads\/2023\/05\/screen_2x-2023-05-22T151527.656.jpg\"><img loading=\"lazy\" decoding=\"async\" src=\"https:\/\/szkolenia-udt.pl\/wp-content\/uploads\/2023\/05\/screen_2x-2023-05-22T151527.656-1024x684.jpg\" alt=\"Oppl\u00e6ringsgruppe\" class=\"wp-image-5237\" width=\"512\" height=\"342\" srcset=\"https:\/\/szkolenia-udt.pl\/wp-content\/uploads\/2023\/05\/screen_2x-2023-05-22T151527.656-1024x684.jpg 1024w, https:\/\/szkolenia-udt.pl\/wp-content\/uploads\/2023\/05\/screen_2x-2023-05-22T151527.656-300x200.jpg 300w, https:\/\/szkolenia-udt.pl\/wp-content\/uploads\/2023\/05\/screen_2x-2023-05-22T151527.656-768x513.jpg 768w, https:\/\/szkolenia-udt.pl\/wp-content\/uploads\/2023\/05\/screen_2x-2023-05-22T151527.656-1536x1025.jpg 1536w, https:\/\/szkolenia-udt.pl\/wp-content\/uploads\/2023\/05\/screen_2x-2023-05-22T151527.656-18x12.jpg 18w, https:\/\/szkolenia-udt.pl\/wp-content\/uploads\/2023\/05\/screen_2x-2023-05-22T151527.656.jpg 1600w\" sizes=\"auto, (max-width: 512px) 100vw, 512px\" \/><\/a><\/figure>\n<\/div>\n\n\n<h2 class=\"wp-block-heading\">Hvordan melder du deg p\u00e5?\u00a0<\/h2>\n\n\n\n<p>Vi tilbyr ulike datoer i mange byer, detaljer <a href=\"https:\/\/szkolenia-udt.pl\/nb\/oferta\/\">v\u00e5rt tilbud<\/a> finner du p\u00e5 CSOs nettsted. Vi tilbyr ogs\u00e5 muligheten til \u00e5 komme til byer og tettsteder over hele Polen for \u00e5 holde lukkede kurs for utvalgte kursgrupper. Vi garanterer attraktive priser og h\u00f8yeste didaktiske niv\u00e5. Det er opp til deg \u00e5 bestemme den n\u00f8yaktige datoen for oppl\u00e6ringen, vi tilpasser oss din timeplan. Prisene er et sp\u00f8rsm\u00e5l om individuelle valg, men for v\u00e5r del tilbyr vi rabatter dersom vi samler en tilstrekkelig stor gruppe.&nbsp;&nbsp;<\/p>\n\n\n\n<p>Ring og be om alle detaljer n\u00e5! &nbsp;<\/p>\n\n\n<div class=\"wp-block-image\">\n<figure class=\"aligncenter\"><a href=\"https:\/\/szkolenia-udt.pl\/wp-content\/uploads\/2022\/08\/0093-oso.edu_.pl_.jpg\"><img loading=\"lazy\" decoding=\"async\" width=\"1024\" height=\"853\" src=\"https:\/\/szkolenia-udt.pl\/wp-content\/uploads\/2022\/08\/0093-oso.edu_.pl_-1024x853.jpg\" alt=\"\" class=\"wp-image-3198\" srcset=\"https:\/\/szkolenia-udt.pl\/wp-content\/uploads\/2022\/08\/0093-oso.edu_.pl_-1024x853.jpg 1024w, https:\/\/szkolenia-udt.pl\/wp-content\/uploads\/2022\/08\/0093-oso.edu_.pl_-300x250.jpg 300w, https:\/\/szkolenia-udt.pl\/wp-content\/uploads\/2022\/08\/0093-oso.edu_.pl_-768x640.jpg 768w, https:\/\/szkolenia-udt.pl\/wp-content\/uploads\/2022\/08\/0093-oso.edu_.pl_-14x12.jpg 14w, https:\/\/szkolenia-udt.pl\/wp-content\/uploads\/2022\/08\/0093-oso.edu_.pl_.jpg 1200w\" sizes=\"auto, (max-width: 1024px) 100vw, 1024px\" \/><\/a><\/figure>\n<\/div>","protected":false},"excerpt":{"rendered":"<p>Dbamy o rozw\u00f3j\u00a0 Nasza firma prowadzi rozmaite szkolenia od lat, kt\u00f3re przekazuj\u0105 profesjonaln\u0105 wiedz\u0119 naszym kursantom. Od Ciebie zale\u017cy, czy chcesz wys\u0142a\u0107 swojego pracownika w\u0142a\u015bnie do nas, by uzyska\u0142 potrzebn\u0105 z perspektywy pracodawcy wiedz\u0119. Jak m\u00f3wi Kodeks Pracy, niezb\u0119dne jest, by w miejscu pracy zapewni\u0107 wszelkie potrzebne \u015brodki w momencie wyst\u0105pienia po\u017car\u00f3w, konieczno\u015bci ewakuowania si\u0119 [&hellip;]<\/p>\n","protected":false},"author":10,"featured_media":3193,"parent":2739,"menu_order":0,"comment_status":"closed","ping_status":"closed","template":"","meta":{"footnotes":""},"class_list":["post-3192","page","type-page","status-publish","has-post-thumbnail","hentry"],"aioseo_notices":[],"_links":{"self":[{"href":"https:\/\/szkolenia-udt.pl\/nb\/wp-json\/wp\/v2\/pages\/3192","targetHints":{"allow":["GET"]}}],"collection":[{"href":"https:\/\/szkolenia-udt.pl\/nb\/wp-json\/wp\/v2\/pages"}],"about":[{"href":"https:\/\/szkolenia-udt.pl\/nb\/wp-json\/wp\/v2\/types\/page"}],"author":[{"embeddable":true,"href":"https:\/\/szkolenia-udt.pl\/nb\/wp-json\/wp\/v2\/users\/10"}],"replies":[{"embeddable":true,"href":"https:\/\/szkolenia-udt.pl\/nb\/wp-json\/wp\/v2\/comments?post=3192"}],"version-history":[{"count":8,"href":"https:\/\/szkolenia-udt.pl\/nb\/wp-json\/wp\/v2\/pages\/3192\/revisions"}],"predecessor-version":[{"id":5238,"href":"https:\/\/szkolenia-udt.pl\/nb\/wp-json\/wp\/v2\/pages\/3192\/revisions\/5238"}],"up":[{"embeddable":true,"href":"https:\/\/szkolenia-udt.pl\/nb\/wp-json\/wp\/v2\/pages\/2739"}],"wp:featuredmedia":[{"embeddable":true,"href":"https:\/\/szkolenia-udt.pl\/nb\/wp-json\/wp\/v2\/media\/3193"}],"wp:attachment":[{"href":"https:\/\/szkolenia-udt.pl\/nb\/wp-json\/wp\/v2\/media?parent=3192"}],"curies":[{"name":"wp","href":"https:\/\/api.w.org\/{rel}","templated":true}]}}