{"id":3201,"date":"2022-08-30T12:23:00","date_gmt":"2022-08-30T10:23:00","guid":{"rendered":"https:\/\/szkolenia-udt.pl\/?page_id=3201"},"modified":"2023-03-26T11:43:48","modified_gmt":"2023-03-26T09:43:48","slug":"uno-tdt","status":"publish","type":"page","link":"https:\/\/szkolenia-udt.pl\/nb\/kursy\/uprawnienia-udt-tdt-wdt\/uno-tdt\/","title":{"rendered":"UNO - bruk, risikoer og fullmakter til TDT"},"content":{"rendered":"<div class=\"wp-block-image\">\n<figure class=\"alignleft size-large is-resized\"><a href=\"https:\/\/szkolenia-udt.pl\/wp-content\/uploads\/2022\/08\/2-10.jpeg\"><img loading=\"lazy\" decoding=\"async\" src=\"https:\/\/szkolenia-udt.pl\/wp-content\/uploads\/2022\/08\/2-10-1024x678.jpeg\" alt=\"Reparasjon av tankskip\" class=\"wp-image-3203\" width=\"512\" height=\"339\" srcset=\"https:\/\/szkolenia-udt.pl\/wp-content\/uploads\/2022\/08\/2-10-1024x678.jpeg 1024w, https:\/\/szkolenia-udt.pl\/wp-content\/uploads\/2022\/08\/2-10-300x199.jpeg 300w, https:\/\/szkolenia-udt.pl\/wp-content\/uploads\/2022\/08\/2-10-768x509.jpeg 768w, https:\/\/szkolenia-udt.pl\/wp-content\/uploads\/2022\/08\/2-10-1536x1018.jpeg 1536w, https:\/\/szkolenia-udt.pl\/wp-content\/uploads\/2022\/08\/2-10-18x12.jpeg 18w, https:\/\/szkolenia-udt.pl\/wp-content\/uploads\/2022\/08\/2-10.jpeg 1600w\" sizes=\"auto, (max-width: 512px) 100vw, 512px\" \/><\/a><\/figure>\n<\/div>\n\n\n<h2 class=\"wp-block-heading\"><strong>UNO-spesifisitet<\/strong><\/h2>\n\n\n\n<p>Utstyret som brukes til fylling og t\u00f8mming av tanker, er et ganske komplisert maskineri, og for \u00e5 betjene det kreves det en spesifikk kvalifikasjon gitt av Transport Technical Supervision, som er gyldig i en periode p\u00e5 fem \u00e5r fra anskaffelsen. UNO-utstyrets hovedfunksjon er sikker fylling og t\u00f8mming av tanker med flytende r\u00e5varer. Det finnes ulike kurs for \u00e5 forberede seg til \u00e5 betjene slikt utstyr og til eksamen, og best\u00e5tt eksamen foran en kommisjon oppnevnt av TDT gj\u00f8r det mulig \u00e5 betjene UNO-utstyr. Vi l\u00e6rer deg alt du trenger \u00e5 vite om UNO p\u00e5 v\u00e5re spesialutviklede oppl\u00e6ringskurs i <a href=\"https:\/\/szkolenia-udt.pl\/nb\/o-firmie\/\">Oppl\u00e6ringssenter for operat\u00f8rer<\/a>.\u00a0<\/p>\n\n\n\n<h2 class=\"wp-block-heading\"><strong>UNO-oppl\u00e6ring hos CSO<\/strong>&nbsp;<\/h2>\n\n\n\n<p>For \u00e5 kunne forberede deg til TDT-eksamen p\u00e5 en p\u00e5litelig m\u00e5te, m\u00e5 du kunne alt relevant materiale. I v\u00e5r oppl\u00e6ring vil vi fokusere p\u00e5 noen av de viktigste punktene, som du m\u00e5 beherske for \u00e5 kunne arbeide med fyllings- og t\u00f8mmeutstyr. For at du i det hele tatt skal kunne ta UNO-kurset v\u00e5rt, m\u00e5 du oppfylle f\u00f8lgende krav:&nbsp;<\/p>\n\n\n\n<ul class=\"wp-block-list\">\n<li>v\u00e6re minst 18 \u00e5r gammel,&nbsp;<\/li>\n\n\n\n<li>Ha et minimum av yrkesfaglig utdanning,&nbsp;<\/li>\n\n\n\n<li>ha en legeerkl\u00e6ring som bekrefter at det ikke foreligger helsemessige kontraindikasjoner mot \u00e5 arbeide med UNO-fillermaskiner.&nbsp;<\/li>\n<\/ul>\n\n\n\n<h2 class=\"wp-block-heading\"><strong>Omfanget av oppl\u00e6ringen<\/strong>&nbsp;<\/h2>\n\n\n\n<p>Du m\u00e5 vite at arbeid under slike forhold og i slike milj\u00f8er inneb\u00e6rer helserisiko og farer. Derfor trenger du kunnskap om aspekter som f.eks:&nbsp;<\/p>\n\n\n<div class=\"wp-block-image\">\n<figure class=\"alignright size-large is-resized\"><a href=\"https:\/\/szkolenia-udt.pl\/wp-content\/uploads\/2022\/08\/3-7.jpeg\"><img loading=\"lazy\" decoding=\"async\" src=\"https:\/\/szkolenia-udt.pl\/wp-content\/uploads\/2022\/08\/3-7-1024x680.jpeg\" alt=\"UNO-utstyr\" class=\"wp-image-3204\" width=\"512\" height=\"340\" srcset=\"https:\/\/szkolenia-udt.pl\/wp-content\/uploads\/2022\/08\/3-7-1024x680.jpeg 1024w, https:\/\/szkolenia-udt.pl\/wp-content\/uploads\/2022\/08\/3-7-300x199.jpeg 300w, https:\/\/szkolenia-udt.pl\/wp-content\/uploads\/2022\/08\/3-7-768x510.jpeg 768w, https:\/\/szkolenia-udt.pl\/wp-content\/uploads\/2022\/08\/3-7-1536x1020.jpeg 1536w, https:\/\/szkolenia-udt.pl\/wp-content\/uploads\/2022\/08\/3-7-18x12.jpeg 18w, https:\/\/szkolenia-udt.pl\/wp-content\/uploads\/2022\/08\/3-7.jpeg 1600w\" sizes=\"auto, (max-width: 512px) 100vw, 512px\" \/><\/a><\/figure>\n<\/div>\n\n\n<ul class=\"wp-block-list\">\n<li>farlige materialer og deres egenskaper,&nbsp;<\/li>\n\n\n\n<li>teknisk tilsyn med utstyr og kunnskap om tankbygging,&nbsp;<\/li>\n\n\n\n<li>riktig fylle- og t\u00f8mmeprosess for popul\u00e6re beholdere og betjening av skjenkemaskiner,&nbsp;<\/li>\n\n\n\n<li>korrekt merking av eventuelle beholdere,&nbsp;<\/li>\n\n\n\n<li>regler for helse, sikkerhet og brannvern,&nbsp;<\/li>\n<\/ul>\n\n\n\n<p>Vi bruker minst et par timer p\u00e5 hver del av kurset, ettersom vi er opptatt av at alle deltakerne skal f\u00e5 en grundig forst\u00e5else av emnet. Oppl\u00e6ringen omfatter b\u00e5de praktiske og teoretiske deler.&nbsp;<\/p>\n\n\n\n<figure class=\"wp-block-table\"><table><thead><tr><th>En del av oppl\u00e6ringen<\/th><th>Problemer<\/th><th>\u00d8velser<\/th><\/tr><\/thead><tbody><tr><td><strong>Oppl\u00e6ringsprogram<\/strong><\/td><td>\n<ul>\n<li>Farlige materialer<\/li>\n<li>Tankens utforming<\/li>\n<li>Kjennskap til skilting<\/li>\n<li>Regler for helse, sikkerhet og hygiene<\/li>\n<\/ul>\n<\/td><td>\n<ul>\n<li>Utf\u00f8re teknisk overv\u00e5king<\/li>\n<li>Drift av UNO-utstyr<\/li>\n<li>Fylling og t\u00f8mming av tanker<\/li>\n<\/ul>\n<\/td><\/tr><\/tbody><\/table><\/figure>\n\n\n\n<ol class=\"wp-block-list\" start=\"1\">\n<li><strong>Detaljert oppl\u00e6ringsprogram og familiarisering med farlige materialer og tankmerking.<\/strong>\u00a0<\/li>\n<\/ol>\n\n\n\n<p>I l\u00f8pet av kurset gj\u00f8r vi deg kjent med materialene og stoffene du kommer til \u00e5 arbeide med n\u00e5r du bruker UNO. I tillegg vil vi forklare forkortelser for merking, for eksempel ADR eller RID. Kurset omfatter blant annet&nbsp;<\/p>\n\n\n\n<ul class=\"wp-block-list\">\n<li>materialer som er sikre under trykk,&nbsp;<\/li>\n\n\n\n<li>gassmaterialer,&nbsp;<\/li>\n\n\n\n<li>brannfarlige v\u00e6sker,&nbsp;<\/li>\n\n\n\n<li>ulike klasser av ADR\/RID-materialer.&nbsp;<\/li>\n<\/ul>\n\n\n\n<p>Denne delen vil v\u00e6re spesielt viktig, ettersom grunnleggende kunnskap om farlige stoffer og tankmerking er avgj\u00f8rende for sikker arbeidspraksis. Som en introduksjon til oppl\u00e6ringen vil denne delen sannsynligvis v\u00e6re lengre og mer detaljert. Manglende kjennskap til egenskapene til de enkelte stoffene og materialene, sammen med korrekt merking, utgj\u00f8r en direkte trussel mot UNO-operat\u00f8rens liv og helse.&nbsp;<\/p>\n\n\n\n<ol class=\"wp-block-list\" start=\"2\">\n<li><strong>Kunnskap om tank- og utstyrsdesign<\/strong>&nbsp;<\/li>\n<\/ol>\n\n\n\n<p>I dette avsnittet presenteres elementene som inng\u00e5r i konstruksjonen av tanker, for eksempel tankbiler og utstyr for t\u00f8mming og fylling av tanker. Det er verdt \u00e5 merke seg at konstruksjonen av en slik tankbil m\u00e5 oppfylle en rekke krav for \u00e5 kunne transportere stoffene p\u00e5 en s\u00e5 sikker og korrekt m\u00e5te som mulig. Et annet viktig aspekt er ogs\u00e5 styrken til de ulike tanktypene, som forhindrer at materialet slipper ut i tilfelle havari eller ulykke. I denne delen av kurset l\u00e6rer du blant annet om den detaljerte konstruksjonen av tankbiler for transport:&nbsp;<\/p>\n\n\n\n<ul class=\"wp-block-list\">\n<li>faste materialer,&nbsp;<\/li>\n\n\n\n<li>kjemiske stoffer,&nbsp;<\/li>\n\n\n\n<li>gassformig drivstoff,&nbsp;<\/li>\n\n\n\n<li>Avfall,&nbsp;<\/li>\n\n\n\n<li>matvarer.&nbsp;<\/li>\n<\/ul>\n\n\n\n<ol class=\"wp-block-list\" start=\"3\">\n<li><strong>Kunnskap om helse, sikkerhet og hygiene p\u00e5 arbeidsplassen<\/strong>&nbsp;<\/li>\n<\/ol>\n\n\n\n<p>Det neste trinnet i oppl\u00e6ringen, som ikke er mindre viktig, vil dreie seg om helse- og sikkerhetsforskrifter og oppf\u00f8rsel i tilfelle brann, noe som lett kan skje i et milj\u00f8 med gasser og brennbare materialer. Vi vil presentere:&nbsp;<\/p>\n\n\n\n<ul class=\"wp-block-list\">\n<li>de viktigste reglene for \u00e5 ivareta sikkerheten ved arbeid med UNO-utstyr og de vanligste tankene,&nbsp;<\/li>\n\n\n\n<li>ruter for beskyttelse mot eventuelle branner,&nbsp;<\/li>\n\n\n\n<li>m\u00e5ter \u00e5 bekjempe en eventuell katastrofe p\u00e5 arbeidsplassen p\u00e5,&nbsp;<\/li>\n\n\n\n<li>trinn som tar hensyn til forberedelser til arbeid p\u00e5 UNO-tanker og -utstyr,&nbsp;<\/li>\n\n\n\n<li>teknikker for \u00e5 ivareta sikkerheten ikke bare for seg selv, men ogs\u00e5 for alle rundt seg.&nbsp;<\/li>\n<\/ul>\n\n\n<div class=\"wp-block-image\">\n<figure class=\"alignleft size-large is-resized\"><a href=\"https:\/\/szkolenia-udt.pl\/wp-content\/uploads\/2022\/08\/1-10.jpeg\"><img loading=\"lazy\" decoding=\"async\" src=\"https:\/\/szkolenia-udt.pl\/wp-content\/uploads\/2022\/08\/1-10-1024x683.jpeg\" alt=\"Transportteknisk tilsyn\" class=\"wp-image-3202\" width=\"512\" height=\"342\" srcset=\"https:\/\/szkolenia-udt.pl\/wp-content\/uploads\/2022\/08\/1-10-1024x683.jpeg 1024w, https:\/\/szkolenia-udt.pl\/wp-content\/uploads\/2022\/08\/1-10-300x200.jpeg 300w, https:\/\/szkolenia-udt.pl\/wp-content\/uploads\/2022\/08\/1-10-768x512.jpeg 768w, https:\/\/szkolenia-udt.pl\/wp-content\/uploads\/2022\/08\/1-10-1536x1024.jpeg 1536w, https:\/\/szkolenia-udt.pl\/wp-content\/uploads\/2022\/08\/1-10-18x12.jpeg 18w, https:\/\/szkolenia-udt.pl\/wp-content\/uploads\/2022\/08\/1-10.jpeg 1600w\" sizes=\"auto, (max-width: 512px) 100vw, 512px\" \/><\/a><\/figure>\n<\/div>\n\n\n<ol class=\"wp-block-list\" start=\"4\">\n<li><strong>TDT Teknisk inspeksjon<\/strong>&nbsp;<\/li>\n<\/ol>\n\n\n\n<p>Som du vet, er UNO-utstyr underlagt transportteknisk tilsyn. Hos oss vil du l\u00e6re hvordan du utf\u00f8rer teknisk tilsyn med utstyr, dvs:&nbsp;<\/p>\n\n\n\n<ul class=\"wp-block-list\">\n<li>fleksible lastelinjer,&nbsp;<\/li>\n\n\n\n<li>havnelaster (brukes p\u00e5 sj\u00f8g\u00e5ende fart\u00f8yer),&nbsp;<\/li>\n\n\n\n<li>utstyr for fylling og t\u00f8mming av transporttanker.&nbsp;<\/li>\n<\/ul>\n\n\n\n<p>Teknisk tilsyn er et sv\u00e6rt viktig tema, og i v\u00e5r oppl\u00e6ring utgj\u00f8r det en stor del av praksisdelen. Dette tilsynet sikrer utstyrets sikkerhet og levetid, s\u00e5 det er et must for oss \u00e5 praktisere det.&nbsp;<\/p>\n\n\n\n<ol class=\"wp-block-list\" start=\"5\">\n<li><strong>Betjening av utstyr - fylling og t\u00f8mming<\/strong>\u00a0<\/li>\n<\/ol>\n\n\n\n<p>I denne delen vil vi fokusere p\u00e5 betjening av det ovennevnte utstyret og \u00f8ve p\u00e5 hele fylleprosessen med tankt\u00f8mming. Det er disse ferdighetene som din fremtidige jobb vil kreve n\u00e5r du f\u00e5r TDT-sertifikatet ditt, s\u00e5 oppl\u00e6ringen v\u00e5r vil v\u00e6re sterkt fokusert p\u00e5 \u00e5 l\u00e6re deg \u00e5 betjene UNO-utstyret i praksis. Det finnes mange farlige stoffer som kan ende katastrofalt hvis de renner over og transporteres p\u00e5 feil m\u00e5te. Som operat\u00f8r av UNO-utstyr m\u00e5 du derfor kunne:\u00a0<\/p>\n\n\n\n<ul class=\"wp-block-list\">\n<li>vet hvilke stoffer du skal v\u00e6re spesielt forsiktig med,&nbsp;<\/li>\n\n\n\n<li>kjenne egenskapene til de ulike stoffene,&nbsp;<\/li>\n\n\n\n<li>v\u00e6re i stand til \u00e5 vurdere risikoen forbundet med spesifikke materialer.&nbsp;<\/li>\n<\/ul>\n\n\n\n<h2 class=\"wp-block-heading\"><strong>Ta gjerne kontakt med oss<\/strong>&nbsp;<\/h2>\n\n\n\n<p>Hvis du er interessert i v\u00e5rt nye oppl\u00e6ringstilbud for UNO-utstyr, kan du ringe eller skrive til oss for \u00e5 f\u00e5 mer informasjon om kurset. OSO venter bare p\u00e5 deg, vi \u00f8nsker alle velkommen og anbefaler alle <a href=\"https:\/\/szkolenia-udt.pl\/nb\/kursy\/\">v\u00e5re oppl\u00e6ringskurs<\/a>.\u00a0<\/p>\n\n\n<div class=\"wp-block-image\">\n<figure class=\"aligncenter\"><a href=\"https:\/\/szkolenia-udt.pl\/wp-content\/uploads\/2022\/08\/0051-oso.edu_.pl_.jpg\"><img loading=\"lazy\" decoding=\"async\" width=\"1024\" height=\"853\" src=\"https:\/\/szkolenia-udt.pl\/wp-content\/uploads\/2022\/08\/0051-oso.edu_.pl_-1024x853.jpg\" alt=\"grafikk som beskriver oppl\u00e6ring av UNO-operat\u00f8rer\" class=\"wp-image-3208\" srcset=\"https:\/\/szkolenia-udt.pl\/wp-content\/uploads\/2022\/08\/0051-oso.edu_.pl_-1024x853.jpg 1024w, https:\/\/szkolenia-udt.pl\/wp-content\/uploads\/2022\/08\/0051-oso.edu_.pl_-300x250.jpg 300w, https:\/\/szkolenia-udt.pl\/wp-content\/uploads\/2022\/08\/0051-oso.edu_.pl_-768x640.jpg 768w, https:\/\/szkolenia-udt.pl\/wp-content\/uploads\/2022\/08\/0051-oso.edu_.pl_-14x12.jpg 14w, https:\/\/szkolenia-udt.pl\/wp-content\/uploads\/2022\/08\/0051-oso.edu_.pl_.jpg 1200w\" sizes=\"auto, (max-width: 1024px) 100vw, 1024px\" \/><\/a><\/figure>\n<\/div>","protected":false},"excerpt":{"rendered":"<p>Specyfika UNO Urz\u0105dzenia, kt\u00f3re s\u0142u\u017c\u0105 do nape\u0142niania i opr\u00f3\u017cniania zbiornik\u00f3w to dosy\u0107 skomplikowane maszyny, a do ich obs\u0142ugi potrzebne s\u0105 konkretne uprawnienia przyznawane przez Transportowy Doz\u00f3r Techniczny, kt\u00f3re s\u0105 wa\u017cne przez okres 5 lat od ich uzyskania.\u00a0G\u0142\u00f3wn\u0105 funkcj\u0105 urz\u0105dze\u0144 UNO jest bezpieczne nape\u0142nienie wraz z opr\u00f3\u017cnianiem zbiornik\u00f3w surowcami p\u0142ynnymi. Istniej\u0105 r\u00f3\u017cne oferty kurs\u00f3w przygotowuj\u0105ce do [&hellip;]<\/p>\n","protected":false},"author":10,"featured_media":3203,"parent":2266,"menu_order":0,"comment_status":"closed","ping_status":"closed","template":"","meta":{"footnotes":""},"class_list":["post-3201","page","type-page","status-publish","has-post-thumbnail","hentry"],"aioseo_notices":[],"_links":{"self":[{"href":"https:\/\/szkolenia-udt.pl\/nb\/wp-json\/wp\/v2\/pages\/3201","targetHints":{"allow":["GET"]}}],"collection":[{"href":"https:\/\/szkolenia-udt.pl\/nb\/wp-json\/wp\/v2\/pages"}],"about":[{"href":"https:\/\/szkolenia-udt.pl\/nb\/wp-json\/wp\/v2\/types\/page"}],"author":[{"embeddable":true,"href":"https:\/\/szkolenia-udt.pl\/nb\/wp-json\/wp\/v2\/users\/10"}],"replies":[{"embeddable":true,"href":"https:\/\/szkolenia-udt.pl\/nb\/wp-json\/wp\/v2\/comments?post=3201"}],"version-history":[{"count":7,"href":"https:\/\/szkolenia-udt.pl\/nb\/wp-json\/wp\/v2\/pages\/3201\/revisions"}],"predecessor-version":[{"id":4760,"href":"https:\/\/szkolenia-udt.pl\/nb\/wp-json\/wp\/v2\/pages\/3201\/revisions\/4760"}],"up":[{"embeddable":true,"href":"https:\/\/szkolenia-udt.pl\/nb\/wp-json\/wp\/v2\/pages\/2266"}],"wp:featuredmedia":[{"embeddable":true,"href":"https:\/\/szkolenia-udt.pl\/nb\/wp-json\/wp\/v2\/media\/3203"}],"wp:attachment":[{"href":"https:\/\/szkolenia-udt.pl\/nb\/wp-json\/wp\/v2\/media?parent=3201"}],"curies":[{"name":"wp","href":"https:\/\/api.w.org\/{rel}","templated":true}]}}