{"id":3239,"date":"2022-09-01T09:15:24","date_gmt":"2022-09-01T07:15:24","guid":{"rendered":"https:\/\/szkolenia-udt.pl\/?page_id=3239"},"modified":"2023-03-26T11:25:38","modified_gmt":"2023-03-26T09:25:38","slug":"tdt-autorisasjoner","status":"publish","type":"page","link":"https:\/\/szkolenia-udt.pl\/nb\/kursy\/uprawnienia-udt-tdt-wdt\/tdt-uprawniania\/","title":{"rendered":"TDT-sertifiseringskurs"},"content":{"rendered":"<div class=\"wp-block-image\">\n<figure class=\"alignright size-full is-resized\"><a href=\"https:\/\/szkolenia-udt.pl\/wp-content\/uploads\/2022\/08\/transportowy-dozor-techniczny-zaswiadczenie-kwalifikacyjne.jpeg\"><img loading=\"lazy\" decoding=\"async\" src=\"https:\/\/szkolenia-udt.pl\/wp-content\/uploads\/2022\/08\/transportowy-dozor-techniczny-zaswiadczenie-kwalifikacyjne.jpeg\" alt=\"TDT-autorisasjon - kort\" class=\"wp-image-3226\" width=\"296\" height=\"387\" srcset=\"https:\/\/szkolenia-udt.pl\/wp-content\/uploads\/2022\/08\/transportowy-dozor-techniczny-zaswiadczenie-kwalifikacyjne.jpeg 592w, https:\/\/szkolenia-udt.pl\/wp-content\/uploads\/2022\/08\/transportowy-dozor-techniczny-zaswiadczenie-kwalifikacyjne-230x300.jpeg 230w, https:\/\/szkolenia-udt.pl\/wp-content\/uploads\/2022\/08\/transportowy-dozor-techniczny-zaswiadczenie-kwalifikacyjne-9x12.jpeg 9w\" sizes=\"auto, (max-width: 296px) 100vw, 296px\" \/><\/a><\/figure>\n<\/div>\n\n\n<p>Teknisk tilsyn er n\u00f8dvendig for at havner, marinaer, taubaner eller skiheiser skal fungere effektivt. Det finnes ogs\u00e5 yrker som er n\u00f8dvendige for \u00e5 ta vare p\u00e5 maskiner og teknisk utstyr, men som samtidig krever autorisasjon, for eksempel transportteknisk tilsyn.\u00a0\u00a0<\/p>\n\n\n\n<h2 class=\"wp-block-heading\"><strong>TDT-sertifisering<\/strong>&nbsp;<\/h2>\n\n\n\n<p>Med kranf\u00f8rere kan vi flytte sv\u00e6rt tunge materialer i produksjonshaller, p\u00e5 byggeplasser eller skipsverft. P\u00e5 den annen side kan de som jobber p\u00e5 mobile plattformer med mast, utf\u00f8re arbeid p\u00e5 fasader p\u00e5 bygninger eller male vegger. For \u00e5 kunne jobbe som operat\u00f8r trenger du en lisens. P\u00e5 grunn av den nesten konstante ettersp\u00f8rselen etter yrker som inneb\u00e6rer betjening av de ovennevnte maskinene og mange andre, har vi i v\u00e5r <a href=\"https:\/\/szkolenia-udt.pl\/nb\/o-firmie\/\">Oppl\u00e6ringssenter for operat\u00f8rer<\/a> (OSO) tilbyr deg yrkesrettede oppl\u00e6ringskurs, der du tilegner deg relevante kunnskaper og ferdigheter i det yrket du har valgt. Etter kursene kan du ta en eksamen og f\u00e5 det n\u00f8dvendige TDT-sertifikatet.\u00a0<\/p>\n\n\n\n<h2 class=\"wp-block-heading\"><strong>Hva gj\u00f8r TDT, og hvilke fullmakter har den?<\/strong>\u00a0<\/h2>\n\n\n<div class=\"wp-block-image\">\n<figure class=\"alignleft size-large is-resized\"><a href=\"https:\/\/szkolenia-udt.pl\/wp-content\/uploads\/2022\/09\/1.jpeg\"><img loading=\"lazy\" decoding=\"async\" src=\"https:\/\/szkolenia-udt.pl\/wp-content\/uploads\/2022\/09\/1-1024x768.jpeg\" alt=\"drivstofftanker\" class=\"wp-image-3240\" width=\"512\" height=\"384\" srcset=\"https:\/\/szkolenia-udt.pl\/wp-content\/uploads\/2022\/09\/1-1024x768.jpeg 1024w, https:\/\/szkolenia-udt.pl\/wp-content\/uploads\/2022\/09\/1-300x225.jpeg 300w, https:\/\/szkolenia-udt.pl\/wp-content\/uploads\/2022\/09\/1-768x576.jpeg 768w, https:\/\/szkolenia-udt.pl\/wp-content\/uploads\/2022\/09\/1-1536x1152.jpeg 1536w, https:\/\/szkolenia-udt.pl\/wp-content\/uploads\/2022\/09\/1-16x12.jpeg 16w, https:\/\/szkolenia-udt.pl\/wp-content\/uploads\/2022\/09\/1-135x100.jpeg 135w, https:\/\/szkolenia-udt.pl\/wp-content\/uploads\/2022\/09\/1.jpeg 1600w\" sizes=\"auto, (max-width: 512px) 100vw, 512px\" \/><\/a><\/figure>\n<\/div>\n\n\n<p>TDT st\u00e5r for Transport Technical Supervision - det er en nasjonal juridisk enhet basert p\u00e5 lov av 21. desember 2000 om teknisk tilsyn. Det er en enhet i DT (Technical Supervision), som er underlagt ministeren med ansvar for transportsp\u00f8rsm\u00e5l. Det f\u00f8rer tilsyn med teknisk utstyr som er installert p\u00e5 jernbaneomr\u00e5det, sidespor og jernbanetransport, samt tanker (blant annet cisterner, som vi bruker i vei-, jernbane- og innlandstrafikk). TDT er underlagt lov om teknisk tilsyn. Det omfatter blant annet transport av farlig gods, og utsteder godkjenningsbevis for kj\u00f8ret\u00f8y for transport av farlig gods. Virksomheter som produserer, reparerer, moderniserer og monterer teknisk utstyr, m\u00e5 ha tillatelse til dette. Slike autorisasjoner utstedes ogs\u00e5 av Transport Technical Supervision. Denne enheten gir ogs\u00e5 autorisasjon til arbeidstakere i yrker som krever TDT-autorisasjon, for eksempel de som lager sveiseskj\u00f8ter. P\u00e5 den annen side kan de fleste operat\u00f8rer som er autorisert av UDT (Office of Technical Inspection), betjene utstyr som er registrert hos TDT.\u00a0<\/p>\n\n\n\n<h2 class=\"wp-block-heading\"><strong>TDT-oppl\u00e6ring<\/strong>&nbsp;<\/h2>\n\n\n\n<p>For \u00e5 f\u00e5 TDT-lisens m\u00e5 du ha den rette oppl\u00e6ringen og tilegne deg den n\u00f8dvendige kunnskapen. V\u00e5re omfattende kurs ved Operator Training Centre (OSO) gjennomf\u00f8res p\u00e5 h\u00f8yeste niv\u00e5 av profesjonelle eksperter som alltid st\u00e5r til din disposisjon. V\u00e5rt omfattende oppl\u00e6ringstilbud omfatter for eksempel kurs i betjening og montering av trykkbeholdere eller kurs i fylling og t\u00f8mming av trykktanker. Med oppl\u00e6ring p\u00e5 dette utstyret kan du enkelt f\u00e5 jobb.\u00a0\u00a0<\/p>\n\n\n<div class=\"wp-block-image\">\n<figure class=\"alignleft is-resized\"><a href=\"https:\/\/szkolenia-udt.pl\/wp-content\/uploads\/2022\/09\/12.jpeg\"><img loading=\"lazy\" decoding=\"async\" src=\"https:\/\/szkolenia-udt.pl\/wp-content\/uploads\/2022\/09\/12-1024x683.jpeg\" alt=\"person som st\u00e5r i havnen\" class=\"wp-image-3241\" width=\"512\" height=\"342\" srcset=\"https:\/\/szkolenia-udt.pl\/wp-content\/uploads\/2022\/09\/12-1024x683.jpeg 1024w, https:\/\/szkolenia-udt.pl\/wp-content\/uploads\/2022\/09\/12-300x200.jpeg 300w, https:\/\/szkolenia-udt.pl\/wp-content\/uploads\/2022\/09\/12-768x512.jpeg 768w, https:\/\/szkolenia-udt.pl\/wp-content\/uploads\/2022\/09\/12-1536x1024.jpeg 1536w, https:\/\/szkolenia-udt.pl\/wp-content\/uploads\/2022\/09\/12-18x12.jpeg 18w, https:\/\/szkolenia-udt.pl\/wp-content\/uploads\/2022\/09\/12.jpeg 1600w\" sizes=\"auto, (max-width: 512px) 100vw, 512px\" \/><\/a><\/figure>\n<\/div>\n\n\n<h2 class=\"wp-block-heading\"><strong>V\u00e5r oppl\u00e6ring<\/strong>&nbsp;<\/h2>\n\n\n\n<p>V\u00e5re oppl\u00e6ringsprogrammer best\u00e5r av en praktisk og en teoretisk del. Kursene er tilrettelagt p\u00e5 en slik m\u00e5te at du enkelt kan best\u00e5 den statlige TDT-eksamenen og f\u00e5 de n\u00f8dvendige yrkeslisensene. Ta gjerne kontakt med oss, s\u00e5 gir vi deg all n\u00f8dvendig informasjon. Vi tilbyr rimelige priser, som vi alltid avtaler individuelt med deg. Vi tilbyr rabatter for st\u00f8rre, organiserte grupper. OSO-senteret v\u00e5rt tilbyr b\u00e5de \u00e5pne og lukkede kurs. Hovedkontoret v\u00e5rt ligger i Warszawa, men vi tilbyr oppl\u00e6ring i hele Polen. Hvis det dreier seg om et lukket kurs for en st\u00f8rre organisert gruppe, kommer vi gjerne hjem til kunden etter avtale. Vi inviterer deg ogs\u00e5 til \u00e5 ta en titt p\u00e5 v\u00e5rt omfattende kurstilbud p\u00e5 nettstedet v\u00e5rt. Vi har introduksjonskurs og periodiske kurs i helse, milj\u00f8 og sikkerhet p\u00e5 arbeidsplassen, brannsikkerhet og for HDS-kranf\u00f8rere, <a href=\"https:\/\/szkolenia-udt.pl\/nb\/kursy\/prace-wysokosciowe\/\">H\u00f8ydekurser<\/a> og en rekke andre.\u00a0<\/p>\n\n\n<div class=\"wp-block-image\">\n<figure class=\"aligncenter\"><a href=\"https:\/\/szkolenia-udt.pl\/wp-content\/uploads\/2022\/09\/0021-oso-konserwator-udzadzen-udt-1.jpg\"><img loading=\"lazy\" decoding=\"async\" width=\"1024\" height=\"853\" src=\"https:\/\/szkolenia-udt.pl\/wp-content\/uploads\/2022\/09\/0021-oso-konserwator-udzadzen-udt-1-1024x853.jpg\" alt=\"grafisk reklame for oppl\u00e6ringen\" class=\"wp-image-3242\" srcset=\"https:\/\/szkolenia-udt.pl\/wp-content\/uploads\/2022\/09\/0021-oso-konserwator-udzadzen-udt-1-1024x853.jpg 1024w, https:\/\/szkolenia-udt.pl\/wp-content\/uploads\/2022\/09\/0021-oso-konserwator-udzadzen-udt-1-300x250.jpg 300w, https:\/\/szkolenia-udt.pl\/wp-content\/uploads\/2022\/09\/0021-oso-konserwator-udzadzen-udt-1-768x640.jpg 768w, https:\/\/szkolenia-udt.pl\/wp-content\/uploads\/2022\/09\/0021-oso-konserwator-udzadzen-udt-1-14x12.jpg 14w, https:\/\/szkolenia-udt.pl\/wp-content\/uploads\/2022\/09\/0021-oso-konserwator-udzadzen-udt-1.jpg 1200w\" sizes=\"auto, (max-width: 1024px) 100vw, 1024px\" \/><\/a><\/figure>\n<\/div>","protected":false},"excerpt":{"rendered":"<p>Aby porty, przystanie morskie, koleje linowe czy wyci\u0105gi narciarskie sprawnie dzia\u0142a\u0142y, niezb\u0119dny jest sprawowany nad nimi doz\u00f3r techniczny. S\u0105 r\u00f3wnie\u017c zawody niezb\u0119dne w sprawowaniu prawid\u0142owej opieki nad maszynami i urz\u0105dzeniami technicznymi, kt\u00f3re jednocze\u015bnie wymagaj\u0105 uprawnie\u0144, m.in. Transportowego Dozoru Technicznego.\u00a0\u00a0 Uprawnienia TDT&nbsp; Dzi\u0119ki operatorom suwnic mo\u017cemy przenosi\u0107 bardzo ci\u0119\u017ckie materia\u0142y w halach produkcyjnych, na placach budowy [&hellip;]<\/p>\n","protected":false},"author":10,"featured_media":3241,"parent":2266,"menu_order":0,"comment_status":"closed","ping_status":"closed","template":"","meta":{"footnotes":""},"class_list":["post-3239","page","type-page","status-publish","has-post-thumbnail","hentry"],"aioseo_notices":[],"_links":{"self":[{"href":"https:\/\/szkolenia-udt.pl\/nb\/wp-json\/wp\/v2\/pages\/3239","targetHints":{"allow":["GET"]}}],"collection":[{"href":"https:\/\/szkolenia-udt.pl\/nb\/wp-json\/wp\/v2\/pages"}],"about":[{"href":"https:\/\/szkolenia-udt.pl\/nb\/wp-json\/wp\/v2\/types\/page"}],"author":[{"embeddable":true,"href":"https:\/\/szkolenia-udt.pl\/nb\/wp-json\/wp\/v2\/users\/10"}],"replies":[{"embeddable":true,"href":"https:\/\/szkolenia-udt.pl\/nb\/wp-json\/wp\/v2\/comments?post=3239"}],"version-history":[{"count":5,"href":"https:\/\/szkolenia-udt.pl\/nb\/wp-json\/wp\/v2\/pages\/3239\/revisions"}],"predecessor-version":[{"id":4753,"href":"https:\/\/szkolenia-udt.pl\/nb\/wp-json\/wp\/v2\/pages\/3239\/revisions\/4753"}],"up":[{"embeddable":true,"href":"https:\/\/szkolenia-udt.pl\/nb\/wp-json\/wp\/v2\/pages\/2266"}],"wp:featuredmedia":[{"embeddable":true,"href":"https:\/\/szkolenia-udt.pl\/nb\/wp-json\/wp\/v2\/media\/3241"}],"wp:attachment":[{"href":"https:\/\/szkolenia-udt.pl\/nb\/wp-json\/wp\/v2\/media?parent=3239"}],"curies":[{"name":"wp","href":"https:\/\/api.w.org\/{rel}","templated":true}]}}