{"id":3245,"date":"2022-09-01T11:40:46","date_gmt":"2022-09-01T09:40:46","guid":{"rendered":"https:\/\/szkolenia-udt.pl\/?page_id=3245"},"modified":"2023-03-26T11:10:43","modified_gmt":"2023-03-26T09:10:43","slug":"opplaering-i-lossing-og-lasting-av-utstyr","status":"publish","type":"page","link":"https:\/\/szkolenia-udt.pl\/nb\/kursy\/uprawnienia-udt-tdt-wdt\/szkolenie-na-urzadzenia-wyladowcze-i-zaladowcze\/","title":{"rendered":"Oppl\u00e6ring i lossing og lasting av utstyr"},"content":{"rendered":"<h2 class=\"wp-block-heading\"><strong>Hvem er kurset rettet mot?<\/strong><\/h2>\n\n\n<div class=\"wp-block-image\">\n<figure class=\"alignright size-large is-resized\"><a href=\"https:\/\/szkolenia-udt.pl\/wp-content\/uploads\/2022\/09\/3.jpeg\"><img loading=\"lazy\" decoding=\"async\" src=\"https:\/\/szkolenia-udt.pl\/wp-content\/uploads\/2022\/09\/3-1024x683.jpeg\" alt=\"Underviseren st\u00e5r ved tavlen og forklarer til folk i rommet\" class=\"wp-image-3248\" width=\"512\" height=\"342\" srcset=\"https:\/\/szkolenia-udt.pl\/wp-content\/uploads\/2022\/09\/3-1024x683.jpeg 1024w, https:\/\/szkolenia-udt.pl\/wp-content\/uploads\/2022\/09\/3-300x200.jpeg 300w, https:\/\/szkolenia-udt.pl\/wp-content\/uploads\/2022\/09\/3-768x512.jpeg 768w, https:\/\/szkolenia-udt.pl\/wp-content\/uploads\/2022\/09\/3-1536x1024.jpeg 1536w, https:\/\/szkolenia-udt.pl\/wp-content\/uploads\/2022\/09\/3-18x12.jpeg 18w, https:\/\/szkolenia-udt.pl\/wp-content\/uploads\/2022\/09\/3.jpeg 1600w\" sizes=\"auto, (max-width: 512px) 100vw, 512px\" \/><\/a><\/figure>\n<\/div>\n\n\n<p>For \u00e5 betjene eller vedlikeholde laste- eller losseteknisk utstyr trenger du en lisens fra UDT (Office of Technical Inspection) eller TDT (Transport Technical Inspection). Disse maskinene forenkler arbeidet til de som betjener dem. De brukes i produksjonslinjer, teknologiske prosesser og i industrien.\u00a0<a href=\"https:\/\/szkolenia-udt.pl\/nb\/o-firmie\/\">Oppl\u00e6ringssenter for operat\u00f8rer<\/a> tilbyr kurs i vedlikehold og drift av losse- og lasteutstyr samt lastemaskiner i losseprosesslinjen. Tilbudet v\u00e5rt er rettet mot alle som er interessert i \u00e5 skaffe seg relevante sertifikater for \u00e5 arbeide med dette utstyret.\u00a0\u00a0<\/p>\n\n\n\n<h2 class=\"wp-block-heading\"><strong>Kurs for vedlikeholdspersonell og operat\u00f8rer av losse- og lasteutstyr<\/strong>&nbsp;<\/h2>\n\n\n\n<p>Bruk av teknisk utstyr krever solide kunnskaper og praktiske ferdigheter. Disse maskinene er underlagt teknisk tilsyn, og inkompetent bruk av dem utgj\u00f8r derfor en risiko for mange farer som kan f\u00f8re til helseskader eller til og med d\u00f8dsfall for arbeidstakerne. Ikke bare betjeningen av disse maskinene, men ogs\u00e5 vedlikeholdet krever at arbeidstakerne har de n\u00f8dvendige ferdighetene og sertifikatene. Vedlikeholdet av disse maskinene m\u00e5 v\u00e6re sv\u00e6rt grundig, og den som utf\u00f8rer det, m\u00e5 f\u00f8re en spesiell loggbok som rapporteres til UDT. Det er derfor det er s\u00e5 viktig med godt organiserte kurs. P\u00e5 v\u00e5rt senter gjennomf\u00f8res oppl\u00e6ringen profesjonelt av kvalifisert personale med lang erfaring i \u00e5 organisere kurs.\u00a0\u00a0<\/p>\n\n\n\n<h2 class=\"wp-block-heading\"><strong>Oppl\u00e6ringsprogram<\/strong>&nbsp;<\/h2>\n\n\n\n<p>V\u00e5rt programrike tilbud inkluderer:&nbsp;<\/p>\n\n\n\n<ul class=\"dwiekolumny wp-block-list\">\n<li>gj\u00f8r deg kjent med helse- og sikkerhetsforskrifter;&nbsp;<\/li>\n\n\n\n<li>gj\u00f8re deg kjent med de juridiske elementene knyttet til teknisk tilsyn;&nbsp;<\/li>\n\n\n\n<li>typer utstyr og utformingen av dem;&nbsp;<\/li>\n\n\n\n<li>verifisering av utstyrets tilstand;&nbsp;<\/li>\n\n\n\n<li>operat\u00f8r- og vedlikeholdsoppgaver;&nbsp;<\/li>\n\n\n\n<li>prosedyrer i tilfelle feil p\u00e5 utstyret;&nbsp;<\/li>\n\n\n\n<li>tester for \u00e5 kontrollere maskinens funksjon;&nbsp;<\/li>\n\n\n\n<li>justering av sikkerhetsinnretninger;&nbsp;<\/li>\n\n\n\n<li>deljustering;&nbsp;<\/li>\n\n\n\n<li>hvilke typer funksjonsfeil som kan oppst\u00e5 ved bruk av utstyret;&nbsp;<\/li>\n\n\n\n<li>evne til \u00e5 bruke maskinen;&nbsp;<\/li>\n\n\n\n<li>den praktiske delen av kurset.&nbsp;<\/li>\n<\/ul>\n\n\n<div class=\"wp-block-image\">\n<figure class=\"alignleft size-large is-resized\"><a href=\"https:\/\/szkolenia-udt.pl\/wp-content\/uploads\/2022\/09\/1-1.jpeg\"><img loading=\"lazy\" decoding=\"async\" src=\"https:\/\/szkolenia-udt.pl\/wp-content\/uploads\/2022\/09\/1-1-1024x683.jpeg\" alt=\"Tippler i havnen\" class=\"wp-image-3246\" width=\"512\" height=\"342\" srcset=\"https:\/\/szkolenia-udt.pl\/wp-content\/uploads\/2022\/09\/1-1-1024x683.jpeg 1024w, https:\/\/szkolenia-udt.pl\/wp-content\/uploads\/2022\/09\/1-1-300x200.jpeg 300w, https:\/\/szkolenia-udt.pl\/wp-content\/uploads\/2022\/09\/1-1-768x512.jpeg 768w, https:\/\/szkolenia-udt.pl\/wp-content\/uploads\/2022\/09\/1-1-1536x1024.jpeg 1536w, https:\/\/szkolenia-udt.pl\/wp-content\/uploads\/2022\/09\/1-1-18x12.jpeg 18w, https:\/\/szkolenia-udt.pl\/wp-content\/uploads\/2022\/09\/1-1.jpeg 1600w\" sizes=\"auto, (max-width: 512px) 100vw, 512px\" \/><\/a><\/figure>\n<\/div>\n\n\n<h2 class=\"wp-block-heading\"><strong>Praktisk del av kurset<\/strong>&nbsp;<\/h2>\n\n\n\n<p>I v\u00e5re kurs legger vi stor vekt p\u00e5 den praktiske delen. Vi \u00f8nsker at deltakerne skal vite n\u00f8yaktig hvordan de skal bytte ut skadde eller slitte deler og kunne utf\u00f8re vedlikehold p\u00e5 komponenter. Vi tilpasser gjerne kursemnene v\u00e5re til dine behov. Avhengig av hvilke forventninger du har, vil vi helt sikkert bli enige med deg om kursets omfang og dermed komme til enighet. Vi garanterer overf\u00f8ring av den mest n\u00f8dvendige kunnskapen, b\u00e5de teoretisk og praktisk.<strong>&nbsp;<\/strong>&nbsp;<\/p>\n\n\n\n<h2 class=\"wp-block-heading\"><strong>Oppl\u00e6ring ved Operator Training Centre<\/strong>&nbsp;<\/h2>\n\n\n\n<p>Ettersp\u00f8rselen etter medarbeidere som er sertifisert til \u00e5 vedlikeholde og betjene losse-, laste- og mateutstyr er fortsatt sv\u00e6rt stor. Derfor er kursene vi tilbyr sv\u00e6rt popul\u00e6re. Hos OSO f\u00e5r du omfattende og viktig kunnskap om bruk og vedlikehold av disse maskinene, og vi vil ogs\u00e5 forberede og trene deg godt til UDTs statseksamen. Vi tilbyr grundig og veldig god oppl\u00e6ring, og du vil ta eksamen uten stress. Gyldighetsperioden for et slikt sertifikat for den valgte maskinen er opptil 10 \u00e5r.\u00a0<\/p>\n\n\n\n<h2 class=\"wp-block-heading\"><strong>Krav til deltakelse i kurset<\/strong>&nbsp;<\/h2>\n\n\n\n<p>For \u00e5 delta i v\u00e5r oppl\u00e6ring m\u00e5 kandidaten ha:&nbsp;<\/p>\n\n\n\n<ul class=\"wp-block-list\">\n<li>minst 18 \u00e5r gammel,&nbsp;<\/li>\n\n\n\n<li>minst grunnskoleutdanning,&nbsp;<\/li>\n\n\n\n<li>ingen helsemessige hindringer for \u00e5 jobbe i dette yrket.&nbsp;<\/li>\n<\/ul>\n\n\n<div class=\"wp-block-image\">\n<figure class=\"alignright size-large is-resized\"><a href=\"https:\/\/szkolenia-udt.pl\/wp-content\/uploads\/2022\/09\/2.jpeg\"><img loading=\"lazy\" decoding=\"async\" src=\"https:\/\/szkolenia-udt.pl\/wp-content\/uploads\/2022\/09\/2-1024x683.jpeg\" alt=\"slepende maskin p\u00e5 skinnene\" class=\"wp-image-3247\" width=\"512\" height=\"342\" srcset=\"https:\/\/szkolenia-udt.pl\/wp-content\/uploads\/2022\/09\/2-1024x683.jpeg 1024w, https:\/\/szkolenia-udt.pl\/wp-content\/uploads\/2022\/09\/2-300x200.jpeg 300w, https:\/\/szkolenia-udt.pl\/wp-content\/uploads\/2022\/09\/2-768x512.jpeg 768w, https:\/\/szkolenia-udt.pl\/wp-content\/uploads\/2022\/09\/2-1536x1024.jpeg 1536w, https:\/\/szkolenia-udt.pl\/wp-content\/uploads\/2022\/09\/2-18x12.jpeg 18w, https:\/\/szkolenia-udt.pl\/wp-content\/uploads\/2022\/09\/2.jpeg 1600w\" sizes=\"auto, (max-width: 512px) 100vw, 512px\" \/><\/a><\/figure>\n<\/div>\n\n\n<h2 class=\"wp-block-heading\"><strong>Typer laste- og lossemaskiner<\/strong>&nbsp;<\/h2>\n\n\n\n<p>Laste- og losseutstyr (eller in-line-lastere) er materialh\u00e5ndteringsmaskiner som brukes til \u00e5 transportere varer. N\u00e5r det gjelder h\u00e5ndtering av bulkgods, er de et alternativ til kraner. Disse maskinene omfatter blant annet&nbsp;&nbsp;<\/p>\n\n\n\n<ul class=\"wp-block-list\">\n<li><strong>vogntippere<\/strong> - brukes i kraftverk, havner; de losser bulkmaterialer (f.eks. korn, grus),\u00a0\u00a0<\/li>\n\n\n\n<li><strong>hauger<\/strong>i - brukes i gruver og kraftverk,\u00a0\u00a0<\/li>\n\n\n\n<li><strong>transportb\u00e5nd <\/strong>- de beveger seg p\u00e5 et definert spor, enten p\u00e5 skr\u00e5 eller horisontalt; de transporterer bulklaster (f.eks. p\u00e5 byggeplasser),\u00a0\u00a0<\/li>\n\n\n\n<li><strong>r\u00f8mningsmaskiner for transport av vogner p\u00e5 skinner<\/strong> - brukes til \u00e5 flytte vogner uten \u00e5 bruke lokomotiv - her er hver maskin designet separat.\u00a0\u00a0<\/li>\n<\/ul>\n\n\n\n<p>Alle disse maskinene er kraner og spesialmaskiner. De er derfor underlagt tilsyn. De transporterer last kontinuerlig langs en bestemt rute eller et bestemt spor.&nbsp;<\/p>\n\n\n\n<h2 class=\"wp-block-heading\"><strong>Hvorfor velge sivilsamfunnsorganisasjoner?<\/strong>&nbsp;<\/h2>\n\n\n\n<p>Oppl\u00e6ringssenteret v\u00e5rt har allerede mange \u00e5rs erfaring. Alle v\u00e5re ansatte er lidenskapelige mennesker med mange \u00e5rs erfaring og et vell av kunnskap, som de formidler p\u00e5 en tilgjengelig og interessant m\u00e5te. Alt dette gj\u00f8r det mulig for oss \u00e5 tilby deg tjenester av h\u00f8yeste kvalitet. Vi gjennomf\u00f8rer kurs basert p\u00e5 regelverket til blant annet Office of Technical Inspection, som vi samarbeider aktivt med. V\u00e5re kurslokaler og fasiliteter er moderne og velutstyrte. Vi legger stor vekt p\u00e5 kvaliteten p\u00e5 undervisningen, slik at du skal v\u00e6re forn\u00f8yd med <a href=\"https:\/\/szkolenia-udt.pl\/nb\/oferta\/\">v\u00e5re tjenester<\/a>. Operator Training Centre tilbyr en rekke kurs og oppl\u00e6ring. Vi oppfordrer deg til \u00e5 bla gjennom nettstedet v\u00e5rt og finne ut hva vi har \u00e5 tilby. Vi tilbyr kurs i brannsikkerhet, h\u00f8yder og sveising. Vi har mange kurs som kan hjelpe deg med \u00e5 f\u00e5 UDT- eller TDT-lisens (f.eks. for kranf\u00f8rere). Selskapet v\u00e5rt har virksomhet i Warszawa og mange andre byer i Polen. I tillegg til \u00e5pen oppl\u00e6ring tilbyr vi ogs\u00e5 lukkede kurs. I slike tilfeller avtaler vi alltid kursstedet med kunden. Prisene v\u00e5re er markedsstyrte og fastsettes alltid individuelt. Vi har rabatter for organiserte grupper! Ta gjerne kontakt med oss.<\/p>\n\n\n<div class=\"wp-block-image\">\n<figure class=\"aligncenter\"><a href=\"https:\/\/szkolenia-udt.pl\/wp-content\/uploads\/2022\/09\/0080-oso.edu_.pl_.jpg\"><img loading=\"lazy\" decoding=\"async\" width=\"1024\" height=\"853\" src=\"https:\/\/szkolenia-udt.pl\/wp-content\/uploads\/2022\/09\/0080-oso.edu_.pl_-1024x853.jpg\" alt=\"grafisk reklame for oppl\u00e6ringen\" class=\"wp-image-3249\" srcset=\"https:\/\/szkolenia-udt.pl\/wp-content\/uploads\/2022\/09\/0080-oso.edu_.pl_-1024x853.jpg 1024w, https:\/\/szkolenia-udt.pl\/wp-content\/uploads\/2022\/09\/0080-oso.edu_.pl_-300x250.jpg 300w, https:\/\/szkolenia-udt.pl\/wp-content\/uploads\/2022\/09\/0080-oso.edu_.pl_-768x640.jpg 768w, https:\/\/szkolenia-udt.pl\/wp-content\/uploads\/2022\/09\/0080-oso.edu_.pl_-14x12.jpg 14w, https:\/\/szkolenia-udt.pl\/wp-content\/uploads\/2022\/09\/0080-oso.edu_.pl_.jpg 1200w\" sizes=\"auto, (max-width: 1024px) 100vw, 1024px\" \/><\/a><\/figure>\n<\/div>","protected":false},"excerpt":{"rendered":"<p>Do kogo kierowany jest kurs? Aby obs\u0142ugiwa\u0107 lub konserwowa\u0107 urz\u0105dzenia techniczne za\u0142adowcze czy wy\u0142adowcze potrzeba uprawnie\u0144 UDT (Urz\u0119du Dozoru technicznego), b\u0105d\u017a TDT (Transportowy Doz\u00f3r Techniczny). Maszyny te bardzo upraszczaj\u0105 prace osobom je eksploatuj\u0105cym. U\u017cytkujemy je w ci\u0105gach produkcyjnych, technologicznych oraz w przemy\u015ble.\u00a0O\u015brodek Szkolenia Operator\u00f3w prowadzi kursy z zakresu konserwacji oraz obs\u0142ugi urz\u0105dze\u0144 wy\u0142adowczych, za\u0142adowczych oraz [&hellip;]<\/p>\n","protected":false},"author":10,"featured_media":3248,"parent":2266,"menu_order":0,"comment_status":"closed","ping_status":"closed","template":"","meta":{"footnotes":""},"class_list":["post-3245","page","type-page","status-publish","has-post-thumbnail","hentry"],"aioseo_notices":[],"_links":{"self":[{"href":"https:\/\/szkolenia-udt.pl\/nb\/wp-json\/wp\/v2\/pages\/3245","targetHints":{"allow":["GET"]}}],"collection":[{"href":"https:\/\/szkolenia-udt.pl\/nb\/wp-json\/wp\/v2\/pages"}],"about":[{"href":"https:\/\/szkolenia-udt.pl\/nb\/wp-json\/wp\/v2\/types\/page"}],"author":[{"embeddable":true,"href":"https:\/\/szkolenia-udt.pl\/nb\/wp-json\/wp\/v2\/users\/10"}],"replies":[{"embeddable":true,"href":"https:\/\/szkolenia-udt.pl\/nb\/wp-json\/wp\/v2\/comments?post=3245"}],"version-history":[{"count":6,"href":"https:\/\/szkolenia-udt.pl\/nb\/wp-json\/wp\/v2\/pages\/3245\/revisions"}],"predecessor-version":[{"id":4750,"href":"https:\/\/szkolenia-udt.pl\/nb\/wp-json\/wp\/v2\/pages\/3245\/revisions\/4750"}],"up":[{"embeddable":true,"href":"https:\/\/szkolenia-udt.pl\/nb\/wp-json\/wp\/v2\/pages\/2266"}],"wp:featuredmedia":[{"embeddable":true,"href":"https:\/\/szkolenia-udt.pl\/nb\/wp-json\/wp\/v2\/media\/3248"}],"wp:attachment":[{"href":"https:\/\/szkolenia-udt.pl\/nb\/wp-json\/wp\/v2\/media?parent=3245"}],"curies":[{"name":"wp","href":"https:\/\/api.w.org\/{rel}","templated":true}]}}