{"id":3276,"date":"2022-09-06T10:09:51","date_gmt":"2022-09-06T08:09:51","guid":{"rendered":"https:\/\/szkolenia-udt.pl\/?page_id=3276"},"modified":"2023-05-04T19:03:29","modified_gmt":"2023-05-04T17:03:29","slug":"vareheiser","status":"publish","type":"page","link":"https:\/\/szkolenia-udt.pl\/nb\/kursy\/uprawnienia-udt-tdt-wdt\/wyciagi-towarowe\/","title":{"rendered":"Kurs for f\u00f8rerkort for godsheis"},"content":{"rendered":"<div class=\"wp-block-image\">\n<figure class=\"alignright is-resized\"><a href=\"https:\/\/szkolenia-udt.pl\/wp-content\/uploads\/2022\/09\/2-1.webp\"><img loading=\"lazy\" decoding=\"async\" src=\"https:\/\/szkolenia-udt.pl\/wp-content\/uploads\/2022\/09\/2-1.webp\" alt=\"Transport av tunge byggematerialer \" class=\"wp-image-3278\" width=\"287\" height=\"333\" srcset=\"https:\/\/szkolenia-udt.pl\/wp-content\/uploads\/2022\/09\/2-1.webp 250w, https:\/\/szkolenia-udt.pl\/wp-content\/uploads\/2022\/09\/2-1-10x12.webp 10w\" sizes=\"auto, (max-width: 287px) 100vw, 287px\" \/><\/a><\/figure>\n<\/div>\n\n\n<h2 class=\"wp-block-heading\">Invitasjon til kurs hos organisasjoner i det sivile samfunn<\/h2>\n\n\n\n<ul class=\"wp-block-list\">\n<li>Vi tilbyr fagoppl\u00e6ring i blant annet betjening av vareheiser;<\/li>\n\n\n\n<li>Vi underviser i Warszawa og i hele Polen, inkludert Gdansk, Krakow, Gdynia, Poznan, Szczecin, Kielce, Lodz og Wroclaw;<\/li>\n\n\n\n<li>Vi tilbyr \u00e5pen og lukket oppl\u00e6ring med mulighet for \u00e5 reise til kunden;<\/li>\n\n\n\n<li>Vi tilbyr veiledning av erfarne instrukt\u00f8rer;<\/li>\n\n\n\n<li>Alle kursene v\u00e5re omfatter teoretisk og praktisk oppl\u00e6ring i det aktuelle fagomr\u00e5det;<\/li>\n\n\n\n<li>Vi kjennetegnes av at nesten 100% av v\u00e5re kandidater best\u00e5r UDT- og TDT-eksamener.<\/li>\n<\/ul>\n\n\n\n<h2 class=\"wp-block-heading\">Finn ut mer om vareheiser<\/h2>\n\n\n\n<p>En vareheis (p\u00e5 folkemunne kalt skip, stige) er en skyveplattform p\u00e5 en s\u00f8ylekonstruksjon som ligner en stige. Den er festet til et mobilt chassis og senkes skr\u00e5tt ned p\u00e5 taket av en bygning. Den transporterer byggematerialer til h\u00f8yere niv\u00e5er.\u00a0<\/p>\n\n\n\n<h2 class=\"wp-block-heading\">Hvor brukes r\u00e5vareutstyr, og hvilke krav stilles?\u00a0<\/h2>\n\n\n\n<p>&nbsp;&nbsp;&nbsp;&nbsp; I mange \u00e5r har vi kunnet observere betydelige fremskritt n\u00e5r det gjelder mekanisering av arbeid i h\u00f8yden. Tidligere var h\u00f8yteknologisk vertikalt transportutstyr forbundet med store byggeplasser, men i dag finner vi det praktisk talt overalt, til og med i eneboliger. Blant disse apparatene er vareheisen, som regnes som det mest kjente verkt\u00f8yet i taktekkingsbransjen.&nbsp;&nbsp;<\/p>\n\n\n\n<p>For \u00e5 kunne bruke en maskin under teknisk tilsyn m\u00e5 brukeren sende inn et brev til den relevante enheten for teknisk tilsyn. Etter en positiv teknisk inspeksjon vil det bli utstedt et vedtak som tillater bruk av maskinen. Maskinen blir deretter f\u00f8rt inn i inspeksjonsboken og registrert i registeret til den lokale avdelingen av UDT.&nbsp;&nbsp;<\/p>\n\n\n\n<p>Drift og vedlikehold av vareheisene skal kun utf\u00f8res p\u00e5 grunnlag av bruksanvisningen og i samsvar med tiltenkt bruk. Heiser er underlagt teknisk tilsyn. De tilh\u00f8rer gruppen h\u00e5ndteringsutstyr.&nbsp;&nbsp;<\/p>\n\n\n\n<p>Deres funksjon er \u00e5 b\u00e6re last innenfor et bestemt omr\u00e5de. N\u00e5r de er i bruk, er det begrenset tilsyn med dem, og de er underlagt ad hoc-inspeksjonstester annethvert \u00e5r. De vanligste navnene p\u00e5 taljer som brukes i v\u00e5rt land er: takstige, takheis, skr\u00e5stilt vinsj osv.&nbsp;&nbsp;<\/p>\n\n\n\n<p>De finnes i b\u00e6rbare og mobile versjoner.&nbsp;<\/p>\n\n\n\n<h2 class=\"wp-block-heading\">De st\u00f8rste fordelene:\u00a0<\/h2>\n\n\n\n<ul class=\"wp-block-list\">\n<li>mye brukt som vertikalt transportmiddel for selskaper som spesialiserer seg p\u00e5 taktekking eller generell konstruksjon,&nbsp;<\/li>\n\n\n\n<li>enkelhet og brukervennlighet p\u00e5 byggeplasser,&nbsp;&nbsp;<\/li>\n\n\n\n<li>Stort arbeidsomr\u00e5de og l\u00f8ftekapasitet for transport av de fleste byggematerialer,\u00a0\u00a0<\/li>\n\n\n\n<li>praktisk design,\u00a0<\/li>\n\n\n\n<li>allsidighet som kan brukes til ulike typer spesialisert arbeid,&nbsp;<\/li>\n\n\n\n<li>segmentert struktur,&nbsp;<\/li>\n\n\n\n<li>evnen til \u00e5 bygge det riktige settet i henhold til kundenes behov.&nbsp;<\/li>\n<\/ul>\n\n\n\n<h2 class=\"wp-block-heading\">H\u00e5ndtering av en fraktoppgave - hvilke vilk\u00e5r m\u00e5 v\u00e6re oppfylt?\u00a0<\/h2>\n\n\n\n<ul class=\"wp-block-list\">\n<li>Du m\u00e5 ha det relevante kvalifikasjonsbeviset for \u00e5 betjene det aktuelle utstyret, sertifisert av UDT (Office of Technical Inspection);&nbsp;<\/li>\n\n\n\n<li>Alle brukere er forpliktet til \u00e5 overholde grunnleggende helse- og sikkerhetskrav;&nbsp;<\/li>\n\n\n\n<li>F\u00e5 oppl\u00e6ring p\u00e5 arbeidsplassen i helse og sikkerhet og bli informert om farene forbundet med arbeid p\u00e5 en bestemt maskintype, i henhold til heisprodusentens retningslinjer i bruksanvisningen;&nbsp;<\/li>\n\n\n\n<li>Gj\u00f8r deg kjent med operat\u00f8rens\/arbeidsgiverens regler for bruk av utstyret;&nbsp;<\/li>\n\n\n\n<li>Overholde regler og forskrifter.&nbsp;<\/li>\n<\/ul>\n\n\n\n<h2 class=\"wp-block-heading\">Hvilke forhold er avgj\u00f8rende for at en vareheis fungerer som den skal?\u00a0<\/h2>\n\n\n\n<ul class=\"wp-block-list\">\n<li>Taljen skal brukes utenfor faresonen, og omgivelsene p\u00e5 arbeidsstedet, for eksempel ulike hindringer, m\u00e5 kontrolleres f\u00f8r arbeidet starter. Det er n\u00f8dvendig \u00e5 sikre arbeidsomr\u00e5det mot utenforst\u00e5ende.&nbsp;<\/li>\n\n\n\n<li>Operat\u00f8ren m\u00e5 ha god oversikt over materialet som lastes og holde \u00f8ye med plattformen og masten under bevegelse. Hvis lasteplattformen stopper p\u00e5 grunn av en funksjonsfeil, m\u00e5 operat\u00f8ren laste av innholdet. Lasten m\u00e5 alltid v\u00e6re under oppsyn, jevnt fordelt og sikret mot \u00e5 falle ned.&nbsp;&nbsp;<\/li>\n\n\n\n<li>Det er ikke tillatt \u00e5 oppholde seg under lasten. Det anbefales \u00e5 inspisere enheten minst \u00e9n gang om dagen for \u00e5 se etter feil eller skader. Gi umiddelbart beskjed til den ansvarlige for arbeidet om eventuelle endringer eller problemer.&nbsp;&nbsp;<\/li>\n\n\n\n<li>Stopp om n\u00f8dvendig liften umiddelbart og sikre den. Husk \u00e5 bruke n\u00f8dvendig personlig verneutstyr, for eksempel arbeidskl\u00e6r, vernehjelm, hansker, fott\u00f8y osv. Plasser lasten p\u00e5 en sikker m\u00e5te slik at det ikke er fare for at den forskyver seg eller velter, og ved st\u00f8rre h\u00f8yder enn plattformen m\u00e5 den sikres p\u00e5 riktig m\u00e5te. I tillegg m\u00e5 det tas hensyn til plutselige vindkast.&nbsp;<\/li>\n<\/ul>\n\n\n\n<h2 class=\"wp-block-heading\">Spesifikke krav til transportable vareheiser f\u00f8r arbeidet p\u00e5begynnes:\u00a0\u00a0<\/h2>\n\n\n\n<ul class=\"wp-block-list\">\n<li>kontroller at sikkerhetsanordningene som hindrer plattformen i \u00e5 falle ned ved brudd p\u00e5 vaieren fungerer korrekt;&nbsp;<\/li>\n\n\n\n<li>det er forbudt \u00e5 overskride tillatt belastning;&nbsp;<\/li>\n\n\n\n<li>det er forbudt \u00e5 klatre p\u00e5 skinnestykker;&nbsp;<\/li>\n\n\n\n<li>Forbud mot \u00e5 b\u00e6re personer p\u00e5 heisplattformen;&nbsp;<\/li>\n\n\n\n<li>Ved de h\u00f8ye vindhastighetene som er angitt i bruksanvisningen, m\u00e5 driften av godsheisevinsjen avbrytes;&nbsp;<\/li>\n\n\n\n<li>N\u00e5r arbeidet er ferdig, skal lasteplattformen plasseres i nedsenket posisjon.&nbsp;<\/li>\n<\/ul>\n\n\n<div class=\"wp-block-image\">\n<figure class=\"alignleft size-full is-resized\"><a href=\"https:\/\/szkolenia-udt.pl\/wp-content\/uploads\/2022\/09\/1-4.jpeg\"><img loading=\"lazy\" decoding=\"async\" src=\"https:\/\/szkolenia-udt.pl\/wp-content\/uploads\/2022\/09\/1-4.jpeg\" alt=\"Lasting og lossing av takstein\" class=\"wp-image-3277\" width=\"377\" height=\"283\" srcset=\"https:\/\/szkolenia-udt.pl\/wp-content\/uploads\/2022\/09\/1-4.jpeg 300w, https:\/\/szkolenia-udt.pl\/wp-content\/uploads\/2022\/09\/1-4-16x12.jpeg 16w, https:\/\/szkolenia-udt.pl\/wp-content\/uploads\/2022\/09\/1-4-135x100.jpeg 135w\" sizes=\"auto, (max-width: 377px) 100vw, 377px\" \/><\/a><\/figure>\n<\/div>\n\n\n<h2 class=\"wp-block-heading\">Introduksjon til vedlikehold og inspeksjon - grunnleggende informasjon\u00a0<\/h2>\n\n\n\n<p>Vedlikehold kan bare utf\u00f8res av personer med de n\u00f8dvendige kvalifikasjonene. Du m\u00e5 ha et spesielt sertifikat, etter \u00e5 ha best\u00e5tt UDT-eksamen for vedlikehold eller heiseoperat\u00f8r. Fett og utskiftede deler m\u00e5 fjernes uten \u00e5 skade milj\u00f8et.&nbsp;<\/p>\n\n\n\n<p>F\u00f8r vedlikeholds- eller rengj\u00f8ringsarbeid p\u00e5begynnes, skal lasteplattformen senkes s\u00e5 langt ned som mulig og liften kobles fra str\u00f8mforsyningen. Helse- og sikkerhetsregler og -forskrifter m\u00e5 alltid f\u00f8lges, og arbeidskl\u00e6r og fott\u00f8y m\u00e5 brukes. &nbsp;<\/p>\n\n\n\n<h3 class=\"wp-block-heading\">F\u00f8r hver bruk - en autorisert operat\u00f8r kontrollerer utstyret. Hva er operat\u00f8rens ansvar?\u00a0<\/h3>\n\n\n\n<ul class=\"wp-block-list\">\n<li>Kontroller at sikkerhetsanordningen i l\u00f8pekatten beveger seg fritt og forhindrer at kabelen ryker. Hvis det er mangler, m\u00e5 arbeidet stanses og defekte deler skiftes ut.&nbsp;<\/li>\n\n\n\n<li>Kontroller at tauet ikke er slitt og at n\u00f8dstoppbryteren fungerer som den skal. N\u00e5r n\u00f8dstoppbryteren er trykket inn, skal det ikke v\u00e6re mulig \u00e5 bevege lasteplattformen opp eller ned.&nbsp;<\/li>\n\n\n\n<li>Utf\u00f8r en testkj\u00f8ring med tom plattform og kontroller at hele kj\u00f8resporet langs skinnesegmentene er fritt.\u00a0\u00a0<\/li>\n\n\n\n<li>Test funksjonen til endebryterne b\u00e5de \u00f8verst og nederst.&nbsp;<\/li>\n<\/ul>\n\n\n\n<h3 class=\"wp-block-heading\">2 Ukentlig gjennomgang:\u00a0<\/h3>\n\n\n\n<ul class=\"wp-block-list\">\n<li>rengj\u00f8ring av avtrekket for smuss;&nbsp;&nbsp;<\/li>\n\n\n\n<li>holde arbeidsomr\u00e5det rundt avtrekket rent;&nbsp;<\/li>\n\n\n\n<li>grundig inspeksjon av tauet for tegn p\u00e5 slitasje (f.eks. kr\u00f8llete omr\u00e5der, \u00f8delagte tr\u00e5der) eller korrosjon;&nbsp;<\/li>\n\n\n\n<li>bytt ut tauet om n\u00f8dvendig.&nbsp;<\/li>\n<\/ul>\n\n\n<div class=\"wp-block-image\">\n<figure class=\"alignright size-full is-resized\"><a href=\"https:\/\/szkolenia-udt.pl\/wp-content\/uploads\/2022\/09\/3-1.jpeg\"><img loading=\"lazy\" decoding=\"async\" src=\"https:\/\/szkolenia-udt.pl\/wp-content\/uploads\/2022\/09\/3-1.jpeg\" alt=\"vareheis brukt under renoveringsarbeidet\" class=\"wp-image-3279\" width=\"366\" height=\"274\" srcset=\"https:\/\/szkolenia-udt.pl\/wp-content\/uploads\/2022\/09\/3-1.jpeg 259w, https:\/\/szkolenia-udt.pl\/wp-content\/uploads\/2022\/09\/3-1-16x12.jpeg 16w, https:\/\/szkolenia-udt.pl\/wp-content\/uploads\/2022\/09\/3-1-135x100.jpeg 135w\" sizes=\"auto, (max-width: 366px) 100vw, 366px\" \/><\/a><\/figure>\n<\/div>\n\n\n<h3 class=\"wp-block-heading\">3. m\u00e5nedlig inspeksjon og vedlikehold\u00a0<\/h3>\n\n\n\n<ul class=\"wp-block-list\">\n<li>Sm\u00f8r tannhjulet p\u00e5 vaiervinsjetrommelen ved hjelp av en fettpresse;&nbsp;<\/li>\n\n\n\n<li>se om utl\u00f8serlenken til tauet g\u00e5r fritt.&nbsp;<\/li>\n<\/ul>\n\n\n\n<h3 class=\"wp-block-heading\">4 Kvartalsvis gjennomgang\u00a0<\/h3>\n\n\n\n<ul class=\"wp-block-list\">\n<li>Sjekk det:&nbsp;<\/li>\n\n\n\n<li>informasjonsskiltene er p\u00e5 plass og lette \u00e5 lese;&nbsp;<\/li>\n\n\n\n<li>vippevinkelindikatoren og lastbordet er p\u00e5 riktig sted og fungerer som de skal;&nbsp;<\/li>\n\n\n\n<li>alle sikkerhetsanordninger fungerer og ikke viser tegn til feil.&nbsp;&nbsp;<\/li>\n<\/ul>\n\n\n\n<h3 class=\"wp-block-heading\">5. Inspeksjon for hver 3 000 gram eller annet antall driftstimer som oppgitt av produsenten.\u00a0\u00a0<\/h3>\n\n\n\n<ul class=\"wp-block-list\">\n<li>skifte fett i girkassen til girmotoren.\u00a0<\/li>\n<\/ul>","protected":false},"excerpt":{"rendered":"<p>Zapraszamy na szkolenia do OSO Dowiedz si\u0119 wi\u0119cej na temat wyci\u0105g\u00f3w towarowych Wyci\u0105g towarowy (pot. skip, drabina) \u2013 jest to platforma przesuwna po kolumnie konstrukcji, kt\u00f3ra przypomina drabin\u0119. Mocuje si\u0119 j\u0105 do przewo\u017anego podwozia i opuszcza, w spos\u00f3b pochy\u0142y, na dach (strop) budynku. Transportuje materia\u0142y budowlane na wy\u017csze poziomy.\u00a0 Gdzie wykorzystuje si\u0119 urz\u0105dzenia towarowe i [&hellip;]<\/p>\n","protected":false},"author":10,"featured_media":3277,"parent":2266,"menu_order":0,"comment_status":"closed","ping_status":"closed","template":"","meta":{"footnotes":""},"class_list":["post-3276","page","type-page","status-publish","has-post-thumbnail","hentry"],"aioseo_notices":[],"_links":{"self":[{"href":"https:\/\/szkolenia-udt.pl\/nb\/wp-json\/wp\/v2\/pages\/3276","targetHints":{"allow":["GET"]}}],"collection":[{"href":"https:\/\/szkolenia-udt.pl\/nb\/wp-json\/wp\/v2\/pages"}],"about":[{"href":"https:\/\/szkolenia-udt.pl\/nb\/wp-json\/wp\/v2\/types\/page"}],"author":[{"embeddable":true,"href":"https:\/\/szkolenia-udt.pl\/nb\/wp-json\/wp\/v2\/users\/10"}],"replies":[{"embeddable":true,"href":"https:\/\/szkolenia-udt.pl\/nb\/wp-json\/wp\/v2\/comments?post=3276"}],"version-history":[{"count":4,"href":"https:\/\/szkolenia-udt.pl\/nb\/wp-json\/wp\/v2\/pages\/3276\/revisions"}],"predecessor-version":[{"id":4820,"href":"https:\/\/szkolenia-udt.pl\/nb\/wp-json\/wp\/v2\/pages\/3276\/revisions\/4820"}],"up":[{"embeddable":true,"href":"https:\/\/szkolenia-udt.pl\/nb\/wp-json\/wp\/v2\/pages\/2266"}],"wp:featuredmedia":[{"embeddable":true,"href":"https:\/\/szkolenia-udt.pl\/nb\/wp-json\/wp\/v2\/media\/3277"}],"wp:attachment":[{"href":"https:\/\/szkolenia-udt.pl\/nb\/wp-json\/wp\/v2\/media?parent=3276"}],"curies":[{"name":"wp","href":"https:\/\/api.w.org\/{rel}","templated":true}]}}