{"id":3282,"date":"2022-09-06T10:33:37","date_gmt":"2022-09-06T08:33:37","guid":{"rendered":"https:\/\/szkolenia-udt.pl\/?page_id=3282"},"modified":"2023-05-04T16:59:30","modified_gmt":"2023-05-04T14:59:30","slug":"loddekurs","status":"publish","type":"page","link":"https:\/\/szkolenia-udt.pl\/nb\/kursy\/spawanie\/kurs-z-lutowania\/","title":{"rendered":"Kurs i lodding"},"content":{"rendered":"<h2 class=\"wp-block-heading\">Hva er lodding?<\/h2>\n\n\n\n<p><strong>Lodding<\/strong> er en av de mest popul\u00e6re metodene for sammenf\u00f8yning av metaller for nybegynnere innen elektronikk. I praksis g\u00e5r limmetoden ut p\u00e5 \u00e5 sette inn - mellom overflatene som skal limes - en -. <strong>permer<\/strong>som for eksempel er et smeltet metall eller et annet middel.\u00a0\u00a0<\/p>\n\n\n\n<p>Under prosessen smelter ikke delene som skal loddes, men varmes opp. <strong>Lut<\/strong> fester seg permanent til materialer, noe som krever at den aktuelle overflaten rengj\u00f8res grundig (kjemisk og mekanisk). Med riktig kunnskap kan man lage fuger av h\u00f8y kvalitet. &nbsp;<\/p>\n\n\n\n<ul class=\"wp-block-list\">\n<li>Det vanligste bruksomr\u00e5det er i elektronikk-, elektroteknikk- og telekommunikasjonsindustrien, der man lager forbindelser i elektriske kabler.&nbsp;&nbsp;<\/li>\n\n\n\n<li>Ved blikkenslagerarbeid brukes galvanisert metallplate til takrenner, dvs. lodding.&nbsp;&nbsp;<\/li>\n\n\n\n<li>I bilindustrien brukes det til sammenf\u00f8yning av motorviklinger, fylling av hulrom, sprekkdannelser i st\u00f8pegods, reparasjon og produksjon av bilradiatorer.&nbsp;&nbsp;<\/li>\n\n\n\n<li>Loddeforbindelser i integrerte kretser eller andre elektroniske komponenter er den beste m\u00e5ten \u00e5 sikre god ledningsevne p\u00e5. De brukes ofte i stedet for sveising hvis det ikke er behov for \u00e5 overf\u00f8re store belastninger, men det er behov for tilstrekkelig str\u00f8mledning.&nbsp;<\/li>\n<\/ul>\n\n\n<div class=\"wp-block-image\">\n<figure class=\"alignright size-full is-resized\"><a href=\"https:\/\/szkolenia-udt.pl\/wp-content\/uploads\/2023\/05\/1-5-1024x683-1.jpeg\"><img loading=\"lazy\" decoding=\"async\" src=\"https:\/\/szkolenia-udt.pl\/wp-content\/uploads\/2023\/05\/1-5-1024x683-1.jpeg\" alt=\"Sveisemetaller i praksis\" class=\"wp-image-4803\" width=\"512\" height=\"342\" srcset=\"https:\/\/szkolenia-udt.pl\/wp-content\/uploads\/2023\/05\/1-5-1024x683-1.jpeg 1024w, https:\/\/szkolenia-udt.pl\/wp-content\/uploads\/2023\/05\/1-5-1024x683-1-300x200.jpeg 300w, https:\/\/szkolenia-udt.pl\/wp-content\/uploads\/2023\/05\/1-5-1024x683-1-768x512.jpeg 768w, https:\/\/szkolenia-udt.pl\/wp-content\/uploads\/2023\/05\/1-5-1024x683-1-18x12.jpeg 18w\" sizes=\"auto, (max-width: 512px) 100vw, 512px\" \/><\/a><\/figure>\n<\/div>\n\n\n<h3 class=\"wp-block-heading\">Lodding er delt inn i:\u00a0<\/h3>\n\n\n\n<ul class=\"wp-block-list\">\n<li>myk,&nbsp;<\/li>\n\n\n\n<li>HARD.&nbsp;<\/li>\n<\/ul>\n\n\n\n<h3 class=\"wp-block-heading\">Hvor gjelder den?\u00a0<\/h3>\n\n\n\n<ul class=\"wp-block-list\">\n<li>i installasjoner:&nbsp;<\/li>\n\n\n\n<li>kj\u00f8ling,&nbsp;<\/li>\n\n\n\n<li>klimaanlegg,&nbsp;<\/li>\n\n\n\n<li>sentralvarme,&nbsp;<\/li>\n\n\n\n<li>tekniske gasser (inkludert medisinske gasser).&nbsp;<\/li>\n<\/ul>\n\n\n\n<p><strong>Hvorfor er sveising s\u00e5 attraktivt?<\/strong>&nbsp;<\/p>\n\n\n\n<p>Estetisk utf\u00f8relse og jevn fordeling av loddetinnet er en viktig fordel. Det er enkelt \u00e5 sjekke for lekkasjer med vann, og du kan da se eventuelle lekkasjer.&nbsp;&nbsp;<\/p>\n\n\n\n<p>En annen god metode er \u00e5 bruke kritt p\u00e5 den ene siden og parafin p\u00e5 den andre. Den tette fugen vil ikke ha fettete flekker p\u00e5 krittet.&nbsp;<\/p>\n\n\n\n<h2 class=\"wp-block-heading\">Sjekk ut det omfattende loddekurset!\u00a0<\/h2>\n\n\n\n<p>Du vil l\u00e6re mye verdifull informasjon, blant annet om hvordan du identifiserer og l\u00f8ser problemer og lodder riktig. Du f\u00e5r bruke kunnskapen du har tilegnet deg i praksis. Vi hjelper deg med \u00e5 utf\u00f8re avanserte oppgaver under oppsyn av en instrukt\u00f8r. Du l\u00e6rer svaret p\u00e5 sp\u00f8rsm\u00e5let: Hvilken loddebolt er best og hvilket sett med komponenter passer best til en gitt jobb?\u00a0\u00a0<\/p>\n\n\n\n<p>Vi gj\u00f8r studentene oppmerksomme p\u00e5 hvor mange feil som kan gj\u00f8res i h\u00e5ndloddeprosessen. Du vil bli kjent med trinnene for riktig lodding trinn for trinn, og du vil f\u00e5 de n\u00f8dvendige tipsene for \u00e5 bli en ekspert p\u00e5 ditt felt. Vi har designet kurset v\u00e5rt spesielt for \u00e5 hjelpe deg med \u00e5 tilegne deg ferdighetene til \u00e5 lage loddetinn som oppfyller alle krav og kvalitetsstandarder. &nbsp;<\/p>\n\n\n\n<p>I l\u00f8pet av kurset l\u00e6rer du de tre jernreglene for jobben: klargj\u00f8ring av materialer, fortinning og p\u00e5f\u00f8ring av loddetinn. N\u00e5r du behersker disse, blir du raskt profesjonell i faget ditt. Du f\u00e5r tips og triks som hjelper deg med \u00e5 unng\u00e5 mange feil i praksis og beregne sveisetider. Vi viser deg hvordan du gj\u00f8r det:&nbsp;&nbsp;<\/p>\n\n\n\n<ul class=\"wp-block-list\">\n<li>rengj\u00f8r loddebolten,&nbsp;<\/li>\n\n\n\n<li>forlenge levetiden,&nbsp;<\/li>\n\n\n\n<li>lodde integrerte kretser og kontakter.&nbsp;<\/li>\n<\/ul>\n\n\n\n<p>Det blir enkelt for deg \u00e5 skille d\u00e5rlig loddetinn fra godt loddetinn!&nbsp;<\/p>\n\n\n\n<h2 class=\"wp-block-heading\">Valg av loddetinnstype<\/h2>\n\n\n\n<p>Selv om det finnes mange ulike typer loddetinn, er det vanlig \u00e5 velge mellom blyfritt, bly, massiv tr\u00e5d og diameter, type flussmiddel og kjerne blant de grunnleggende elementene. \u00c5 kjenne til disse elementene kan gj\u00f8re det enkelt og morsomt \u00e5 l\u00e6re \u00e5 lodde. Da vet du hvilken metode du skal bruke.&nbsp;<\/p>\n\n\n<div class=\"wp-block-image\">\n<figure class=\"alignright size-full is-resized\"><a href=\"https:\/\/szkolenia-udt.pl\/wp-content\/uploads\/2023\/05\/screen_2x-1024x684-1.jpeg\"><img loading=\"lazy\" decoding=\"async\" src=\"https:\/\/szkolenia-udt.pl\/wp-content\/uploads\/2023\/05\/screen_2x-1024x684-1.jpeg\" alt=\"Sammensmelting av galvaniserte bilplater\" class=\"wp-image-4802\" width=\"512\" height=\"342\" srcset=\"https:\/\/szkolenia-udt.pl\/wp-content\/uploads\/2023\/05\/screen_2x-1024x684-1.jpeg 1024w, https:\/\/szkolenia-udt.pl\/wp-content\/uploads\/2023\/05\/screen_2x-1024x684-1-300x200.jpeg 300w, https:\/\/szkolenia-udt.pl\/wp-content\/uploads\/2023\/05\/screen_2x-1024x684-1-768x513.jpeg 768w, https:\/\/szkolenia-udt.pl\/wp-content\/uploads\/2023\/05\/screen_2x-1024x684-1-18x12.jpeg 18w\" sizes=\"auto, (max-width: 512px) 100vw, 512px\" \/><\/a><\/figure>\n<\/div>\n\n\n<h2 class=\"wp-block-heading\">M\u00e5l for oppl\u00e6ringen:\u00a0\u00a0<\/h2>\n\n\n\n<ul class=\"wp-block-list\">\n<li>\u00c5 bli kvalifisert til \u00e5 arbeide med lodding av aluminium og kobber - myk- og hardlodding ved hjelp av kapill\u00e6rmetoden.&nbsp;<\/li>\n<\/ul>\n\n\n\n<ul class=\"wp-block-list\">\n<li>Utf\u00f8rer lodding av kobber- eller aluminiumsr\u00f8r.&nbsp;<\/li>\n<\/ul>\n\n\n\n<h2 class=\"wp-block-heading\">Tilbud\u00a0<\/h2>\n\n\n\n<p>Kurset best\u00e5r av en teoretisk og en praktisk del. De som lodder for h\u00e5nd, m\u00e5 ha et sertifikat for fullf\u00f8rt oppl\u00e6ring for \u00e5 kunne begynne \u00e5 jobbe. Det er ingen plikt til \u00e5 best\u00e5 en ekstern tilleggseksamen. Dette er beskrevet i \u00f8konomiministerens forskrift av 27. april 2000 (Journal of Laws 2000, nr. 40, punkt 470).&nbsp;&nbsp;<\/p>\n\n\n\n<h2 class=\"wp-block-heading\">Meld deg p\u00e5 loddeoppl\u00e6ring\u00a0<\/h2>\n\n\n\n<p>For tiden er det stor ettersp\u00f8rsel etter materialforbindelsesspesialister p\u00e5 arbeidsmarkedet. Arbeidsgivere er sterkt interessert i personer med denne kompetansen. Derfor er det fornuftig \u00e5 begynne p\u00e5 det relevante kurset som vi har \u00e5 tilby deg.&nbsp;&nbsp;<\/p>\n\n\n\n<p>V\u00e5re ansatte er erfarne instrukt\u00f8rer som formidler kunnskap p\u00e5 en tilgjengelig og lettfattelig m\u00e5te. Umiddelbart etter kurset vil du kunne begynne \u00e5 jobbe som <strong>Solderer<\/strong>.&nbsp;&nbsp;<\/p>\n\n\n\n<p>P\u00e5 kurset vil du se hvilket interessant og givende yrke lodding kan v\u00e6re - spesielt med komplekse operasjoner. Prisen for kurset er overkommelig og kostnadseffektiv. Investeringen i oppl\u00e6ringen vil raskt tjene seg inn gjennom god inntjening og solide ferdigheter. I l\u00f8pet av oppl\u00e6ringen l\u00e6rer deltakerne \u00e5 lodde komponenter, som er den viktigste ferdigheten for elektronikkteknikere.&nbsp;<\/p>\n\n\n\n<h2 class=\"wp-block-heading\">For tiden er de vanligste avloddingsmetodene:\u00a0<\/h2>\n\n\n\n<ul class=\"wp-block-list\">\n<li>ved hjelp av:&nbsp;<\/li>\n\n\n\n<li>tinnuttrekker,&nbsp;<\/li>\n\n\n\n<li>loddestripen som skj\u00e6rer ut komponentene,&nbsp;<\/li>\n\n\n\n<li>ulike typer SMD-komponenter,&nbsp;<\/li>\n\n\n\n<li>oppvarming av alle bena samtidig.&nbsp;<\/li>\n<\/ul>\n\n\n\n<h2 class=\"wp-block-heading\">Lodding\u00a0<\/h2>\n\n\n\n<p>Du vil f\u00e5 en praktisk utdannelse som vil v\u00e6re nyttig ikke bare p\u00e5 jobben, men ogs\u00e5 i hverdagen. Denne oppl\u00e6ringen er rettet mot personer i yrker der solid loddekvalitet er et krav, men ogs\u00e5 mot personer som begynner \u00e5 l\u00e6re om den harde sammensmeltingen av kobber og st\u00e5l. Operator Training Centre er stedet der du effektivt kan l\u00e6re deg faget ditt.&nbsp;<\/p>\n\n\n\n<h2 class=\"wp-block-heading\">Betingelser for opptak til loddekurset:\u00a0<\/h2>\n\n\n\n<ul class=\"wp-block-list\">\n<li>minst 18 \u00e5r gammel;&nbsp;<\/li>\n\n\n\n<li>minimum grunnskoleutdanning;&nbsp;<\/li>\n\n\n\n<li>en helsetilstand som gj\u00f8r det mulig \u00e5 utf\u00f8re arbeidet som loddearbeider, attestert av en arbeidsmedisiner.&nbsp;<\/li>\n<\/ul>\n\n\n<div class=\"wp-block-image\">\n<figure class=\"alignright size-full is-resized\"><a href=\"https:\/\/szkolenia-udt.pl\/wp-content\/uploads\/2023\/05\/2-3-683x1024-1.jpeg\"><img loading=\"lazy\" decoding=\"async\" src=\"https:\/\/szkolenia-udt.pl\/wp-content\/uploads\/2023\/05\/2-3-683x1024-1.jpeg\" alt=\"lodding\" class=\"wp-image-4801\" width=\"342\" height=\"512\" srcset=\"https:\/\/szkolenia-udt.pl\/wp-content\/uploads\/2023\/05\/2-3-683x1024-1.jpeg 683w, https:\/\/szkolenia-udt.pl\/wp-content\/uploads\/2023\/05\/2-3-683x1024-1-200x300.jpeg 200w, https:\/\/szkolenia-udt.pl\/wp-content\/uploads\/2023\/05\/2-3-683x1024-1-8x12.jpeg 8w\" sizes=\"auto, (max-width: 342px) 100vw, 342px\" \/><\/a><\/figure>\n<\/div>\n\n\n<h2 class=\"wp-block-heading\">Generell oversikt over oppl\u00e6ringsemner:\u00a0<\/h2>\n\n\n\n<ol class=\"wp-block-list\" start=\"1\">\n<li>Prinsipper for klargj\u00f8ring av deler for sammenf\u00f8yning;&nbsp;<\/li>\n\n\n\n<li>Designfunksjoner i lodding; \u00a0<\/li>\n\n\n\n<li>Grunnleggende fysikk og kjemi;\u00a0<\/li>\n\n\n\n<li>Sveiseteknologi;\u00a0<\/li>\n\n\n\n<li>Sammensmelting av st\u00e5l, kobber og bindemiddeltyper;\u00a0<\/li>\n\n\n\n<li>Kvalitetsanalyse;\u00a0<\/li>\n\n\n\n<li>HELSE OG SIKKERHET;\u00a0<\/li>\n\n\n\n<li>Praktiske \u00f8velser i gasslodding p\u00e5 produksjonsstasjoner.\u00a0<\/li>\n<\/ol>\n\n\n\n<ol class=\"wp-block-list\" start=\"2\"><\/ol>\n\n\n\n<ol class=\"wp-block-list\" start=\"3\"><\/ol>\n\n\n\n<ol class=\"wp-block-list\" start=\"4\"><\/ol>\n\n\n\n<ol class=\"wp-block-list\" start=\"5\"><\/ol>\n\n\n\n<h2 class=\"wp-block-heading\">Hvorfor velge v\u00e5rt selskap?\u00a0<\/h2>\n\n\n\n<p>Vi inviterer deg til \u00e5 <a href=\"https:\/\/szkolenia-udt.pl\/nb\/oferta\/\">bruk av tjenester<\/a> p\u00e5 OSO Operator Training Centre! Vi tilbyr omfattende <a href=\"https:\/\/szkolenia-udt.pl\/nb\/kursy\/szkolenie-audytorskie-udt\/\">UDT-oppl\u00e6ring<\/a> p\u00e5 et bredt spekter av maskiner, f.eks. traverskraner, gaffeltrucker, kraner, HDS, teleskoptrucker eller mobile plattformer. Sveising, sveising, autorisasjonskurs <a href=\"https:\/\/szkolenia-udt.pl\/nb\/kursy\/sep-g1-g2-g3\/komisje-certyfikujace-sep-pse-simp-sitps\/\">SEP<\/a> og h\u00f8yder.&nbsp;&nbsp;<\/p>\n\n\n\n<p>Vi tilbyr v\u00e5re tjenester til alle interesserte som \u00f8nsker \u00e5 tilegne seg kunnskap og ferdigheter i \u00e5 betjene utstyr og maskiner.  Hos oss f\u00e5r du st\u00f8tte p\u00e5 h\u00f8yeste niv\u00e5!&nbsp;&nbsp;<\/p>\n\n\n\n<p>Vi fokuserer p\u00e5 kundenes behov, slik at du kan stole p\u00e5 profesjonell hjelp og god oppl\u00e6ring. Bestem en passende dato og gj\u00f8r en avtale for din f\u00f8rste time. Vi er en ikke-offentlig utdanningsinstitusjon som tilbyr oppl\u00e6ring i Warszawa.\u00a0<\/p>\n\n\n\n<h2 class=\"wp-block-heading\">Hvor skal vi trene?\u00a0<\/h2>\n\n\n\n<p>Warszawa - her ligger v\u00e5r hovedfilial med profesjonelle lokaler, men vi er ogs\u00e5 tilgjengelige p\u00e5 andre steder i Polen. Vi tilbyr ogs\u00e5 oppl\u00e6ring i lukkede rom, som vi gjennomf\u00f8rer p\u00e5 et sted vi utpeker i samr\u00e5d med kunden.&nbsp;<\/p>\n\n\n\n<p>Hvis du har sp\u00f8rsm\u00e5l om tjenestene v\u00e5re, er vi alltid tilgjengelige - -... <a href=\"https:\/\/szkolenia-udt.pl\/nb\/kontakt\/\" target=\"_blank\" rel=\"noreferrer noopener\">vennligst kontakt oss<\/a>. Vi inviterer deg til \u00e5 ta en titt p\u00e5 v\u00e5r <a href=\"https:\/\/szkolenia-udt.pl\/nb\/tilbud\/\" target=\"_blank\" rel=\"noreferrer noopener\">fullstendig tilbud<\/a> oppl\u00e6ring som presenteres p\u00e5 nettstedet, og vi oppfordrer deg til \u00e5 velge v\u00e5re tjenester!&nbsp;<\/p>\n\n\n\n<h3 class=\"wp-block-heading\">Hvor skal vi trene?<\/h3>\n\n\n\n<div class=\"wp-block-columns is-layout-flex wp-container-core-columns-is-layout-9d6595d7 wp-block-columns-is-layout-flex\">\n<div class=\"wp-block-column is-layout-flow wp-block-column-is-layout-flow\" style=\"flex-basis:50%\">\n<ul class=\"wp-block-list\">\n<li>Warszawa,\u00a0<\/li>\n\n\n\n<li>Krak\u00f3w,&nbsp;<\/li>\n\n\n\n<li>\u0141\u00f3d\u017a,&nbsp;<\/li>\n\n\n\n<li>Wroc\u0142aw,&nbsp;<\/li>\n\n\n\n<li>Pozna\u0144,&nbsp;<\/li>\n\n\n\n<li>Gdansk,\u00a0<\/li>\n<\/ul>\n<\/div>\n\n\n\n<div class=\"wp-block-column is-layout-flow wp-block-column-is-layout-flow\" style=\"flex-basis:50%\">\n<ul class=\"wp-block-list\">\n<li>Gdynia,&nbsp;<\/li>\n\n\n\n<li>Szczecin,&nbsp;<\/li>\n\n\n\n<li>Bydgoszcz,&nbsp;<\/li>\n\n\n\n<li>Lublin,&nbsp;<\/li>\n\n\n\n<li>Schlesien: Katowice,&nbsp;<\/li>\n\n\n\n<li>Bielsko-Bia\u0142a.&nbsp;<\/li>\n<\/ul>\n<\/div>\n<\/div>\n\n\n\n<p><a href=\"https:\/\/szkolenia-udt.pl\/nb\/kontakt\/\">Du er hjertelig invitert<\/a> for \u00e5 velge v\u00e5re tjenester!&nbsp;<\/p>\n\n\n<div class=\"wp-block-image\">\n<figure class=\"aligncenter size-large\"><a href=\"https:\/\/szkolenia-udt.pl\/wp-content\/uploads\/2022\/09\/0073-oso.edu_.pl_.jpg\"><img loading=\"lazy\" decoding=\"async\" width=\"1024\" height=\"853\" src=\"https:\/\/szkolenia-udt.pl\/wp-content\/uploads\/2022\/09\/0073-oso.edu_.pl_-1024x853.jpg\" alt=\"\" class=\"wp-image-3286\" srcset=\"https:\/\/szkolenia-udt.pl\/wp-content\/uploads\/2022\/09\/0073-oso.edu_.pl_-1024x853.jpg 1024w, https:\/\/szkolenia-udt.pl\/wp-content\/uploads\/2022\/09\/0073-oso.edu_.pl_-300x250.jpg 300w, https:\/\/szkolenia-udt.pl\/wp-content\/uploads\/2022\/09\/0073-oso.edu_.pl_-768x640.jpg 768w, https:\/\/szkolenia-udt.pl\/wp-content\/uploads\/2022\/09\/0073-oso.edu_.pl_-14x12.jpg 14w, https:\/\/szkolenia-udt.pl\/wp-content\/uploads\/2022\/09\/0073-oso.edu_.pl_.jpg 1200w\" sizes=\"auto, (max-width: 1024px) 100vw, 1024px\" \/><\/a><\/figure>\n<\/div>","protected":false},"excerpt":{"rendered":"<p>Czym jest lutowanie? Lutowanie to jeden z najpopularniejszych sposob\u00f3w \u0142\u0105czenia metali dla pocz\u0105tkuj\u0105cych elektronik\u00f3w. W praktyce metoda spajania polega na wprowadzeniu mi\u0119dzy \u0142\u0105czone powierzchnie \u2013 spoiwa, czyli np. roztopiony metal lub inny czynnik.\u00a0\u00a0 Podczas procesu cz\u0119\u015bci do lutowania nie topi\u0105 si\u0119, tylko nagrzewaj\u0105. Lut trwale przyczepia si\u0119 do materia\u0142\u00f3w, co wymaga dok\u0142adnego wyczyszczenia danej powierzchni [&hellip;]<\/p>\n","protected":false},"author":10,"featured_media":3283,"parent":2583,"menu_order":0,"comment_status":"closed","ping_status":"closed","template":"","meta":{"footnotes":""},"class_list":["post-3282","page","type-page","status-publish","has-post-thumbnail","hentry"],"aioseo_notices":[],"_links":{"self":[{"href":"https:\/\/szkolenia-udt.pl\/nb\/wp-json\/wp\/v2\/pages\/3282","targetHints":{"allow":["GET"]}}],"collection":[{"href":"https:\/\/szkolenia-udt.pl\/nb\/wp-json\/wp\/v2\/pages"}],"about":[{"href":"https:\/\/szkolenia-udt.pl\/nb\/wp-json\/wp\/v2\/types\/page"}],"author":[{"embeddable":true,"href":"https:\/\/szkolenia-udt.pl\/nb\/wp-json\/wp\/v2\/users\/10"}],"replies":[{"embeddable":true,"href":"https:\/\/szkolenia-udt.pl\/nb\/wp-json\/wp\/v2\/comments?post=3282"}],"version-history":[{"count":5,"href":"https:\/\/szkolenia-udt.pl\/nb\/wp-json\/wp\/v2\/pages\/3282\/revisions"}],"predecessor-version":[{"id":4804,"href":"https:\/\/szkolenia-udt.pl\/nb\/wp-json\/wp\/v2\/pages\/3282\/revisions\/4804"}],"up":[{"embeddable":true,"href":"https:\/\/szkolenia-udt.pl\/nb\/wp-json\/wp\/v2\/pages\/2583"}],"wp:featuredmedia":[{"embeddable":true,"href":"https:\/\/szkolenia-udt.pl\/nb\/wp-json\/wp\/v2\/media\/3283"}],"wp:attachment":[{"href":"https:\/\/szkolenia-udt.pl\/nb\/wp-json\/wp\/v2\/media?parent=3282"}],"curies":[{"name":"wp","href":"https:\/\/api.w.org\/{rel}","templated":true}]}}