{"id":33,"date":"2014-10-07T16:18:33","date_gmt":"2014-10-07T16:18:33","guid":{"rendered":"http:\/\/szkolenia-udt.pl\/?page_id=33"},"modified":"2024-10-09T14:56:22","modified_gmt":"2024-10-09T12:56:22","slug":"gaffeltrucker","status":"publish","type":"page","link":"https:\/\/szkolenia-udt.pl\/nb\/kursy\/wozki-widlowe\/","title":{"rendered":"Gaffeltrucker"},"content":{"rendered":"<h2>Kurs for gaffeltrucker - Warszawa og hele Polen<\/h2>\n<div style=\"float: left; padding-right: 10px;\"><div id=\"metaslider-id-396\" style=\"max-width: 300px;\" class=\"ml-slider-3-108-0 metaslider metaslider-flex metaslider-396 ml-slider ms-theme-default nav-hidden\" role=\"region\" aria-label=\"Gaffeltrucker\" data-height=\"225\" data-width=\"300\">\n    <div id=\"metaslider_container_396\">\n        <div id=\"metaslider_396\">\n            <ul class='slides'>\n                <li style=\"display: block; width: 100%;\" class=\"slide-400 ms-image\" aria-roledescription=\"slide\" data-date=\"2014-10-10 12:07:59\" data-filename=\"6260676228_3a0fdacf7d_o.jpg\" data-slide-type=\"image\"><img loading=\"lazy\" decoding=\"async\" src=\"https:\/\/szkolenia-udt.pl\/wp-content\/uploads\/2014\/10\/6260676228_3a0fdacf7d_o.jpg\" height=\"225\" width=\"300\" alt=\"Gaffeltruck\" class=\"slider-396 slide-400 msDefaultImage\" \/><\/li>\n                <li style=\"display: none; width: 100%;\" class=\"slide-577 ms-image\" aria-roledescription=\"slide\" data-date=\"2014-10-12 05:27:57\" data-filename=\"Szkolenia-w\u00f3zki-wid\u0142owe.jpg\" data-slide-type=\"image\"><img loading=\"lazy\" decoding=\"async\" src=\"https:\/\/szkolenia-udt.pl\/wp-content\/uploads\/2014\/10\/Szkolenia-w\u00f3zki-wid\u0142owe.jpg\" height=\"225\" width=\"300\" alt=\"Oppl\u00e6ring av gaffeltrucker\" class=\"slider-396 slide-577 msDefaultImage\" \/><\/li>\n                <li style=\"display: none; width: 100%;\" class=\"slide-578 ms-image\" aria-roledescription=\"slide\" data-date=\"2014-10-12 05:34:04\" data-filename=\"W\u00f3zki-wid\u0142owe-UDT.jpg\" data-slide-type=\"image\"><img loading=\"lazy\" decoding=\"async\" src=\"https:\/\/szkolenia-udt.pl\/wp-content\/uploads\/2014\/10\/W\u00f3zki-wid\u0142owe-UDT.jpg\" height=\"225\" width=\"300\" alt=\"\" class=\"slider-396 slide-578 msDefaultImage\" \/><\/li>\n                <li style=\"display: none; width: 100%;\" class=\"slide-1205 ms-image\" aria-roledescription=\"slide\" data-date=\"2014-11-17 21:31:17\" data-filename=\"wozki3a.jpg\" data-slide-type=\"image\"><img loading=\"lazy\" decoding=\"async\" src=\"https:\/\/szkolenia-udt.pl\/wp-content\/uploads\/2014\/11\/wozki3a.jpg\" height=\"225\" width=\"300\" alt=\"\" class=\"slider-396 slide-1205 msDefaultImage\" \/><\/li>\n                <li style=\"display: none; width: 100%;\" class=\"slide-1204 ms-image\" aria-roledescription=\"slide\" data-date=\"2014-11-17 21:31:16\" data-filename=\"wozki2a.jpg\" data-slide-type=\"image\"><img loading=\"lazy\" decoding=\"async\" src=\"https:\/\/szkolenia-udt.pl\/wp-content\/uploads\/2014\/11\/wozki2a.jpg\" height=\"225\" width=\"300\" alt=\"\" class=\"slider-396 slide-1204 msDefaultImage\" \/><\/li>\n            <\/ul>\n        <\/div>\n        \n    <\/div>\n<\/div><\/div>\n<div class=\"wyjustuj\">\n<p>Vi inviterer deg til \u00e5 ta truckkurs hos <a href=\"https:\/\/szkolenia-udt.pl\/nb\/o-firmie\/\">Oppl\u00e6ringssenter for operat\u00f8rer<\/a>! Hvis du \u00f8nsker \u00e5 ta truckf\u00f8rerbevis, kan du alltid f\u00e5 det til en lav pris hos oss - vi har mange \u00e5rs erfaring med \u00e5 undervise i denne typen kurs, og tusenvis av mennesker over hele Polen har allerede benyttet seg av v\u00e5re tjenester - vi oppfordrer deg til \u00e5 bli en av dem! Kurset v\u00e5rt om gaffeltrucker (jezdniowe, gaffeltrucker) er designet for personer som \u00f8nsker \u00e5 jobbe som operat\u00f8rer av disse enhetene. I dag er ettersp\u00f8rselen etter personer med trucksertifikat stadig \u00f8kende, s\u00e5 ved \u00e5 dra nytte av <a href=\"https:\/\/szkolenia-udt.pl\/nb\/oferta\/\">v\u00e5rt tilbud<\/a> er en fremtidsrettet beslutning.<\/p>\n<p>Gaffeltruckkursene gjennomf\u00f8res i 3 kategorier.<\/p>\n<div class=\"filmw\">\n<div class=\"responsive-youtube\"><iframe loading=\"lazy\" title=\"YouTube-videospiller\" src=\"https:\/\/www.youtube.com\/embed\/lBt7_7QgUVU\" width=\"560\" height=\"315\" frameborder=\"0\" allowfullscreen=\"allowfullscreen\"><\/iframe><\/div>\n<\/div>\n<h2 class=\"boldnagl\">Vi utsteder truckf\u00f8rerbevis i f\u00f8lgende kategorier:<\/h2>\n<ul>\n<li>III WJO - gir rett til \u00e5 drive <a href=\"https:\/\/szkolenia-udt.pl\/nb\/kursy\/wozki-widlowe\/budowa-wozka-jezdniowego\/\">gaffeltrucker<\/a> styrte og fjernstyrte trucker<\/li>\n<li>II WJO - gi tillatelse til bruk av trucker, med unntak av spesialisert utstyr<\/li>\n<li>I WJO - autoriserer drift av trucker, inkludert spesialiserte trucker: med operat\u00f8r som l\u00f8fter med last og med variabel rekkevidde.<\/li>\n<\/ul>\n<p>Hvis du \u00f8nsker \u00e5 kj\u00f8re gaffeltruck, er dette kurset helt avgj\u00f8rende. Kurset gir deg all den viktigste teoretiske informasjonen, og i tillegg f\u00e5r du praktiske \u00f8velser p\u00e5 utstyr som ofte brukes i forbindelse med materialh\u00e5ndtering.<\/p>\n<h2 class=\"boldnagl\">Hvert gaffeltruckkurs dekker f\u00f8lgende emner:<\/h2>\n<ul>\n<li>typer og konstruksjon av utstyr<\/li>\n<li>operat\u00f8rens aktiviteter f\u00f8r og etter operasjonen<\/li>\n<li>operat\u00f8rens aktiviteter under drift<\/li>\n<li>meldinger om transport av gods<\/li>\n<li>teknisk tilsyn<\/li>\n<li>regler for bytte av gassflasker<\/li>\n<li>praktiske \u00f8velser<\/li>\n<\/ul>\n<div style=\"width: 640px;\" class=\"wp-video\"><video id=\"video-33-1\" width=\"640\" height=\"360\" poster=\"https:\/\/szkolenia-udt.pl\/wp-content\/uploads\/2023\/03\/okladka-wozek-widlowy-OSO.jpg\" preload=\"metadata\" controls=\"controls\"><source type=\"video\/mp4\" src=\"https:\/\/szkolenia-udt.pl\/wp-content\/uploads\/2023\/03\/wozki-widlowe-SZKOLENIA-UDT.PL-OSO.mp4?_=1\" \/><a href=\"https:\/\/szkolenia-udt.pl\/wp-content\/uploads\/2023\/03\/wozki-widlowe-SZKOLENIA-UDT.PL-OSO.mp4\">https:\/\/szkolenia-udt.pl\/wp-content\/uploads\/2023\/03\/wozki-widlowe-SZKOLENIA-UDT.PL-OSO.mp4<\/a><\/video><\/div>\n<h2 class=\"boldnagl\">Krav<\/h2>\n<p>F\u00f8lgende krav m\u00e5 v\u00e6re oppfylt for \u00e5 melde seg p\u00e5 kurset:<\/p>\n<ul>\n<li>minst 18 \u00e5r gammel<\/li>\n<li>minst grunnskoleutdanning<\/li>\n<li>ingen kontraindikasjoner for \u00e5 arbeide i stillingen<\/li>\n<\/ul>\n<h2 class=\"boldnagl\">Pris<\/h2>\n<p>Hvis du \u00f8nsker \u00e5 ta et truckkurs hos oss, trenger du ikke \u00e5 bekymre deg for h\u00f8ye avgifter. Det som skiller oss ut, er v\u00e5re gunstige priser og ekstra rabatter for deg som \u00f8nsker \u00e5 ta gaffeltruckkompetanse uten store kostnader. Prisen inkluderer allerede eksamensavgift og utstedelse av oppl\u00e6ringsbevis. Vi oppfordrer deg til \u00e5 g\u00e5 inn p\u00e5 v\u00e5r prisliste for \u00e5 sjekke gjeldende priser.<\/p>\n<h2 class=\"boldnagl\">Hvor opererer vi?<\/h2>\n<div class=\"sliderpageright\"><div id=\"metaslider-id-403\" style=\"max-width: 300px;\" class=\"ml-slider-3-108-0 metaslider metaslider-flex metaslider-403 ml-slider ms-theme-default nav-hidden nav-hidden\" role=\"region\" aria-label=\"Gaffeltrucker2\" data-height=\"225\" data-width=\"300\">\n    <div id=\"metaslider_container_403\">\n        <div id=\"metaslider_403\">\n            <ul class='slides'>\n                <li style=\"display: block; width: 100%;\" class=\"slide-580 ms-image\" aria-roledescription=\"slide\" data-date=\"2014-10-12 05:36:13\" data-filename=\"Kurs-W\u00f3zek-Wid\u0142owy.jpg\" data-slide-type=\"image\"><img loading=\"lazy\" decoding=\"async\" src=\"https:\/\/szkolenia-udt.pl\/wp-content\/uploads\/2014\/10\/Kurs-W\u00f3zek-Wid\u0142owy.jpg\" height=\"225\" width=\"300\" alt=\"\" class=\"slider-403 slide-580 msDefaultImage\" \/><\/li>\n                <li style=\"display: none; width: 100%;\" class=\"slide-579 ms-image\" aria-roledescription=\"slide\" data-date=\"2014-10-12 05:36:12\" data-filename=\"Szkolenie-W\u00f3zki-wid\u0142owe.jpg\" data-slide-type=\"image\"><img loading=\"lazy\" decoding=\"async\" src=\"https:\/\/szkolenia-udt.pl\/wp-content\/uploads\/2014\/10\/Szkolenie-W\u00f3zki-wid\u0142owe.jpg\" height=\"225\" width=\"300\" alt=\"Oppl\u00e6ring av gaffeltrucker\" class=\"slider-403 slide-579 msDefaultImage\" \/><\/li>\n                <li style=\"display: none; width: 100%;\" class=\"slide-583 ms-image\" aria-roledescription=\"slide\" data-date=\"2014-10-12 05:36:15\" data-filename=\"Szkolenia-\u0141adowarka-teleskopowa.jpg\" data-slide-type=\"image\"><img loading=\"lazy\" decoding=\"async\" src=\"https:\/\/szkolenia-udt.pl\/wp-content\/uploads\/2014\/10\/Szkolenia-\u0141adowarka-teleskopowa.jpg\" height=\"225\" width=\"300\" alt=\"\" class=\"slider-403 slide-583 msDefaultImage\" \/><\/li>\n                <li style=\"display: none; width: 100%;\" class=\"slide-594 ms-image\" aria-roledescription=\"slide\" data-date=\"2014-10-12 05:43:43\" data-filename=\"Szkolenia-w\u00f3zki-wid\u0142owe1.jpg\" data-slide-type=\"image\"><img loading=\"lazy\" decoding=\"async\" src=\"https:\/\/szkolenia-udt.pl\/wp-content\/uploads\/2014\/10\/Szkolenia-w\u00f3zki-wid\u0142owe1.jpg\" height=\"225\" width=\"300\" alt=\"\" class=\"slider-403 slide-594 msDefaultImage\" \/><\/li>\n                <li style=\"display: none; width: 100%;\" class=\"slide-1206 ms-image\" aria-roledescription=\"slide\" data-date=\"2014-11-17 21:31:18\" data-filename=\"wozki4a.jpg\" data-slide-type=\"image\"><img loading=\"lazy\" decoding=\"async\" src=\"https:\/\/szkolenia-udt.pl\/wp-content\/uploads\/2014\/11\/wozki4a.jpg\" height=\"225\" width=\"300\" alt=\"\" class=\"slider-403 slide-1206 msDefaultImage\" \/><\/li>\n            <\/ul>\n        <\/div>\n        \n    <\/div>\n<\/div><\/div>\n<p>V\u00e5r hovedfilial i Warszawa er stedet der du kan dra nytte av v\u00e5re oppl\u00e6ringstjenester i velutstyrte lokaler. I tillegg gjennomf\u00f8rer vi truckkurs ved avdelingskontorene v\u00e5re i Katowice, Krakow og Bielsko-Bia\u0142a. Ved oppl\u00e6ring av organiserte grupper kan vi ogs\u00e5 reise til kunder over hele Polen.<\/p>\n<p>N\u00e5r du har tenkt \u00e5 kj\u00f8re gaffeltruck, er et kurs hos OSO den beste investeringen for deg - sjekk ut de tilgjengelige datoene n\u00e5 eller <a href=\"https:\/\/szkolenia-udt.pl\/nb\/kontakt\/\">Kontakt oss<\/a> for \u00e5 diskutere detaljene i implementeringen av lukkede klasser. Du er hjertelig velkommen!<\/p>\n<\/div>","protected":false},"excerpt":{"rendered":"<p>Kurs na w\u00f3zki wid\u0142owe &#8211; Warszawa i ca\u0142a Polska Zapraszamy na kursy na w\u00f3zki wid\u0142owe do O\u015brodka Szkolenia Operator\u00f3w! Je\u017celi chcesz uzyska\u0107 uprawnienia na w\u00f3zki wid\u0142owe, z nami mo\u017cesz otrzyma\u0107 je zawsze w niskiej cenie \u2013 mamy wieloletnie do\u015bwiadczenie w prowadzeniu zaj\u0119\u0107 tego typu i z naszych us\u0142ug skorzysta\u0142o ju\u017c tysi\u0105ce os\u00f3b na terenie ca\u0142ej [&hellip;]<\/p>\n","protected":false},"author":3,"featured_media":400,"parent":22,"menu_order":0,"comment_status":"closed","ping_status":"closed","template":"","meta":{"footnotes":""},"class_list":["post-33","page","type-page","status-publish","has-post-thumbnail","hentry"],"aioseo_notices":[],"_links":{"self":[{"href":"https:\/\/szkolenia-udt.pl\/nb\/wp-json\/wp\/v2\/pages\/33","targetHints":{"allow":["GET"]}}],"collection":[{"href":"https:\/\/szkolenia-udt.pl\/nb\/wp-json\/wp\/v2\/pages"}],"about":[{"href":"https:\/\/szkolenia-udt.pl\/nb\/wp-json\/wp\/v2\/types\/page"}],"author":[{"embeddable":true,"href":"https:\/\/szkolenia-udt.pl\/nb\/wp-json\/wp\/v2\/users\/3"}],"replies":[{"embeddable":true,"href":"https:\/\/szkolenia-udt.pl\/nb\/wp-json\/wp\/v2\/comments?post=33"}],"version-history":[{"count":21,"href":"https:\/\/szkolenia-udt.pl\/nb\/wp-json\/wp\/v2\/pages\/33\/revisions"}],"predecessor-version":[{"id":5632,"href":"https:\/\/szkolenia-udt.pl\/nb\/wp-json\/wp\/v2\/pages\/33\/revisions\/5632"}],"up":[{"embeddable":true,"href":"https:\/\/szkolenia-udt.pl\/nb\/wp-json\/wp\/v2\/pages\/22"}],"wp:featuredmedia":[{"embeddable":true,"href":"https:\/\/szkolenia-udt.pl\/nb\/wp-json\/wp\/v2\/media\/400"}],"wp:attachment":[{"href":"https:\/\/szkolenia-udt.pl\/nb\/wp-json\/wp\/v2\/media?parent=33"}],"curies":[{"name":"wp","href":"https:\/\/api.w.org\/{rel}","templated":true}]}}