{"id":3339,"date":"2022-09-16T11:37:48","date_gmt":"2022-09-16T09:37:48","guid":{"rendered":"https:\/\/szkolenia-udt.pl\/?page_id=3339"},"modified":"2023-03-20T12:20:48","modified_gmt":"2023-03-20T11:20:48","slug":"vedlikeholder-av-brannslukningsutstyr","status":"publish","type":"page","link":"https:\/\/szkolenia-udt.pl\/nb\/kursy\/bhp-ppoz\/konserwator-sprzetu-gasniczego\/","title":{"rendered":"Kurs i vedlikehold av brannutstyr"},"content":{"rendered":"<div class=\"wp-block-image\">\n<figure class=\"alignleft size-large is-resized\"><a href=\"https:\/\/szkolenia-udt.pl\/wp-content\/uploads\/2022\/09\/3-2.jpeg\"><img loading=\"lazy\" decoding=\"async\" src=\"https:\/\/szkolenia-udt.pl\/wp-content\/uploads\/2022\/09\/3-2-1024x683.jpeg\" alt=\"Brannslukningsapparat - utstyr\" class=\"wp-image-3342\" width=\"512\" height=\"342\" srcset=\"https:\/\/szkolenia-udt.pl\/wp-content\/uploads\/2022\/09\/3-2-1024x683.jpeg 1024w, https:\/\/szkolenia-udt.pl\/wp-content\/uploads\/2022\/09\/3-2-300x200.jpeg 300w, https:\/\/szkolenia-udt.pl\/wp-content\/uploads\/2022\/09\/3-2-768x512.jpeg 768w, https:\/\/szkolenia-udt.pl\/wp-content\/uploads\/2022\/09\/3-2-1536x1024.jpeg 1536w, https:\/\/szkolenia-udt.pl\/wp-content\/uploads\/2022\/09\/3-2-18x12.jpeg 18w, https:\/\/szkolenia-udt.pl\/wp-content\/uploads\/2022\/09\/3-2.jpeg 1600w\" sizes=\"auto, (max-width: 512px) 100vw, 512px\" \/><\/a><\/figure>\n<\/div>\n\n\n<h2 class=\"wp-block-heading\">Om oss\u00a0<\/h2>\n\n\n\n<p>Hos OSO har vi utarbeidet et tilbud til kundene v\u00e5re i form av et omfattende oppl\u00e6ringskurs for vedlikeholdere av h\u00e5ndholdt brannslukningsutstyr. Vi har levert oppl\u00e6ringstjenester i mange \u00e5r. Tilbudet v\u00e5rt omfatter ogs\u00e5 oppl\u00e6ring for operat\u00f8rer av h\u00e5ndteringsutstyr (med UDT-kvalifikasjoner), samt energioppl\u00e6ring.&nbsp;&nbsp;<\/p>\n\n\n\n<h2 class=\"wp-block-heading\">Hvorfor sivilsamfunnsorganisasjoner?\u00a0<\/h2>\n\n\n\n<p>Vi tilbyr attraktive priser og h\u00f8yt kvalifiserte medarbeidere med lang yrkeserfaring - vi gir deg en profesjonell og omfattende utdanning som dekker b\u00e5de teoretisk og praktisk kunnskap. Vi har avdelinger over hele Polen, inkludert Warszawa. Teoretisk kunnskap kan ogs\u00e5 l\u00e6res p\u00e5 avstand, mens praktisk kunnskap kan l\u00e6res i spesielt utpekte oppl\u00e6ringsfasiliteter som oppfyller alle sikkerhetskrav.\u00a0\u00a0<\/p>\n\n\n\n<h2 class=\"wp-block-heading\">Generelle krav\u00a0<\/h2>\n\n\n\n<p>V\u00e5re krav for \u00e5 starte oppl\u00e6ringen er bare:&nbsp;<\/p>\n\n\n\n<ul class=\"wp-block-list\">\n<li>minst 18 \u00e5r gammel,&nbsp;&nbsp;<\/li>\n\n\n\n<li>minst grunnskoleutdanning,&nbsp;&nbsp;<\/li>\n\n\n\n<li>en attest fra en bedriftslege om at det ikke foreligger helsemessige kontraindikasjoner.\u00a0<\/li>\n<\/ul>\n\n\n\n<h2 class=\"wp-block-heading\">V\u00e5rt oppl\u00e6ringstilbud\u00a0<\/h2>\n\n\n\n<figure class=\"wp-block-table\"><table><tbody><tr><td><strong>Hva skal vi l\u00e6re deg?<\/strong>&nbsp;<\/td><td><strong>Hva tilbyr vi?<\/strong>&nbsp;<\/td><\/tr><tr><td>Bruk av brannslukningsutstyr<\/td><td>Kompetent oppl\u00e6ringspersonell<\/td><\/tr><tr><td>Vedlikehold av utstyr<\/td><td>Profesjonelt utstyr<\/td><\/tr><tr><td>Testing og diagnostisering av utstyrsfeil<\/td><td>Omfattende oppl\u00e6ring<\/td><\/tr><tr><td>Helse- og sikkerhetsregler<\/td><td>Attraktive priser<\/td><\/tr><tr><td>Reparasjoner av brannslukningsapparater<\/td><td>Vennlig atmosf\u00e6re<\/td><\/tr><\/tbody><\/table><\/figure>\n\n\n\n<h2 class=\"wp-block-heading\">Kursinnhold - n\u00f8kkelinformasjon\u00a0<\/h2>\n\n\n<div class=\"wp-block-image\">\n<figure class=\"alignright size-large is-resized\"><a href=\"https:\/\/szkolenia-udt.pl\/wp-content\/uploads\/2022\/09\/2-6.jpeg\"><img loading=\"lazy\" decoding=\"async\" src=\"https:\/\/szkolenia-udt.pl\/wp-content\/uploads\/2022\/09\/2-6-1024x683.jpeg\" alt=\"CSO-logo\" class=\"wp-image-3341\" width=\"512\" height=\"342\" srcset=\"https:\/\/szkolenia-udt.pl\/wp-content\/uploads\/2022\/09\/2-6-1024x683.jpeg 1024w, https:\/\/szkolenia-udt.pl\/wp-content\/uploads\/2022\/09\/2-6-300x200.jpeg 300w, https:\/\/szkolenia-udt.pl\/wp-content\/uploads\/2022\/09\/2-6-768x512.jpeg 768w, https:\/\/szkolenia-udt.pl\/wp-content\/uploads\/2022\/09\/2-6-1536x1024.jpeg 1536w, https:\/\/szkolenia-udt.pl\/wp-content\/uploads\/2022\/09\/2-6-18x12.jpeg 18w, https:\/\/szkolenia-udt.pl\/wp-content\/uploads\/2022\/09\/2-6.jpeg 1600w\" sizes=\"auto, (max-width: 512px) 100vw, 512px\" \/><\/a><\/figure>\n<\/div>\n\n\n<p>Alt utstyr krever godt vedlikehold, og det gjelder ogs\u00e5 brannutstyr, som m\u00e5 testes med jevne mellomrom for \u00e5 fungere effektivt. For \u00e5 kunne tilby best mulig oppl\u00e6ring s\u00f8rger vi for at undervisningen er p\u00e5 samme niv\u00e5 for alle deltakerne. I tillegg s\u00f8rger foreleserne v\u00e5re for \u00e5 gi deltakerne ekstra innhold i form av et sett med undervisningsmateriell som er utformet for \u00e5 utdype og konsolidere kundens kunnskap.\u00a0<\/p>\n\n\n\n<h2 class=\"wp-block-heading\">Vedlikehold av brannutstyr, eller hva vi l\u00e6rer studentene v\u00e5re\u00a0<\/h2>\n\n\n\n<p>I l\u00f8pet av kurset vil vi gi deltakerne all den viktigste informasjonen om inspeksjon av brannslukningsutstyr. Dette er en rekke trinn som er n\u00f8dvendige for \u00e5 sikre at utstyret er trygt og funksjonelt og utf\u00f8rer oppgavene sine uten problemer. Det er vedlikeholdsteknikeren som har ansvaret for ikke bare \u00e5 overhale utstyret, men ogs\u00e5 \u00e5 reparere det.&nbsp;<\/p>\n\n\n\n<h4 class=\"wp-block-heading\">Riktig vedlikehold inkluderer:&nbsp;<\/h4>\n\n\n\n<ul class=\"wp-block-list\">\n<li>kontrollinspeksjon av brannslukningsutstyr,&nbsp;<\/li>\n\n\n\n<li>periodisk inspeksjon av brannslukningsapparatet,&nbsp;<\/li>\n\n\n\n<li>montering og demontering av brannslukningsutstyr,&nbsp;<\/li>\n\n\n\n<li>skifte slokkemiddel hvert femte \u00e5r,&nbsp;<\/li>\n\n\n\n<li>utf\u00f8re b\u00e5de reparasjons- og vedlikeholdsaktiviteter,&nbsp;<\/li>\n\n\n\n<li>merking av utstyr.&nbsp;<\/li>\n<\/ul>\n\n\n\n<p>Hos OSO tilbyr vi oppl\u00e6ring for \u00e5 sikre at v\u00e5re kursdeltakere er i stand til \u00e5 utf\u00f8re anbefalinger knyttet til b\u00e5de vedlikeholds- og reparasjonsprosedyrer for brannslukningsutstyr. Vi gir kundene v\u00e5re den teoretiske og praktiske kunnskapen de trenger for \u00e5 kunne utf\u00f8re de riktige tiltakene for \u00e5 sette utstyret i full drift igjen.\u00a0\u00a0<\/p>\n\n\n\n<h2 class=\"wp-block-heading\">Teknisk inspeksjon\u00a0<\/h2>\n\n\n\n<p>Alt brannslukningsutstyr, inkludert brannslukningsapparater, skal underkastes regelmessige tekniske inspeksjoner, samt andre vedlikeholdsprosedyrer som er angitt i gjeldende regler, og som spesifiserer b\u00e5de vedlikeholdskurs og informasjon om hvordan det aktuelle utstyret skal brukes. Teknisk utstyr er underlagt l\u00f8pende vedlikehold, som best\u00e5r av periodiske inspeksjoner, strengt definert i en diagnoseplan (minst en gang i \u00e5ret).&nbsp;&nbsp;<\/p>\n\n\n\n<p>Periodiske inspeksjoner er n\u00f8dvendige for \u00e5 ivareta sikkerheten til brukerne av utstyret, s\u00e6rlig hvis det befinner seg i et omr\u00e5de med potensiell risiko, f.eks. ved branntill\u00f8p. Inspeksjonen b\u00f8r utf\u00f8res av en person som har f\u00e5tt oppl\u00e6ring i dette.&nbsp;<\/p>\n\n\n\n<h2 class=\"wp-block-heading\">Hvor vil du finne arbeid?\u00a0<\/h2>\n\n\n\n<p>Vedlikeholdsarbeidere med riktig kompetanse vil kunne utf\u00f8re arbeid i autoriserte vedlikeholdssentre, som utf\u00f8rer b\u00e5de vedlikehold og reparasjoner p\u00e5 ulike typer utstyr - inkludert brannbekjempelse.&nbsp;&nbsp;<\/p>\n\n\n<div class=\"wp-block-image\">\n<figure class=\"alignleft size-large is-resized\"><a href=\"https:\/\/szkolenia-udt.pl\/wp-content\/uploads\/2022\/09\/1-8.jpeg\"><img loading=\"lazy\" decoding=\"async\" src=\"https:\/\/szkolenia-udt.pl\/wp-content\/uploads\/2022\/09\/1-8-1024x768.jpeg\" alt=\"Brannslukningsapparat - utstyr\" class=\"wp-image-3340\" width=\"512\" height=\"384\" srcset=\"https:\/\/szkolenia-udt.pl\/wp-content\/uploads\/2022\/09\/1-8-1024x768.jpeg 1024w, https:\/\/szkolenia-udt.pl\/wp-content\/uploads\/2022\/09\/1-8-300x225.jpeg 300w, https:\/\/szkolenia-udt.pl\/wp-content\/uploads\/2022\/09\/1-8-768x576.jpeg 768w, https:\/\/szkolenia-udt.pl\/wp-content\/uploads\/2022\/09\/1-8-1536x1152.jpeg 1536w, https:\/\/szkolenia-udt.pl\/wp-content\/uploads\/2022\/09\/1-8-16x12.jpeg 16w, https:\/\/szkolenia-udt.pl\/wp-content\/uploads\/2022\/09\/1-8-135x100.jpeg 135w, https:\/\/szkolenia-udt.pl\/wp-content\/uploads\/2022\/09\/1-8.jpeg 1600w\" sizes=\"auto, (max-width: 512px) 100vw, 512px\" \/><\/a><\/figure>\n<\/div>\n\n\n<p>For \u00e5 \u00f8ke kompetansen sender arbeidsgivere ofte sine underordnede p\u00e5 kurs som inkluderer kunnskap om HMS og UTB - dette er spesialiserte kurs som gjennomf\u00f8res for skoler, bedrifter eller barnehager. Evnen til \u00e5 utf\u00f8re tekniske inspeksjoner vil v\u00e6re nyttig overalt der det er brannrisiko. Det kan v\u00e6re produksjonshaller, lagerlokaler eller kontorer. Hos OSO vil vi gi v\u00e5re traineer en omfattende dose kunnskap som vil utvide horisonten deres p\u00e5 arbeidsmarkedet. Vi inviterer deg til \u00e5 ta en titt p\u00e5 hele oppl\u00e6ringstilbudet v\u00e5rt, som ogs\u00e5 inkluderer kurs for UDT eller <a href=\"https:\/\/szkolenia-udt.pl\/nb\/kursy\/sep-g1-g2-g3\/komisje-certyfikujace-sep-pse-simp-sitps\/\">SEP<\/a>. Ring v\u00e5re konsulenter for \u00e5 f\u00e5 svar p\u00e5 flere sp\u00f8rsm\u00e5l.\u00a0<\/p>","protected":false},"excerpt":{"rendered":"<p>O nas\u00a0 W OSO przygotowali\u015bmy dla naszych klient\u00f3w ofert\u0119 w postaci kompleksowego szkolenia na konserwator\u00f3w podr\u0119cznego sprz\u0119tu ga\u015bniczego. Jeste\u015bmy firm\u0105 \u015bwiadcz\u0105c\u0105 us\u0142ugi szkoleniowe od wielu lat. W naszej ofercie znajd\u0105 Pa\u0144stwo r\u00f3wnie\u017c szkolenia na operator\u00f3w urz\u0105dze\u0144 transportu bliskiego (z kwalifikacjami UDT), jak i szkolenia energetyczne.&nbsp;&nbsp; Dlaczego OSO?\u00a0 Oferujemy atrakcyjne ceny oraz wysoko wykwalifikowan\u0105 kadr\u0119 o [&hellip;]<\/p>\n","protected":false},"author":10,"featured_media":3340,"parent":2739,"menu_order":0,"comment_status":"closed","ping_status":"closed","template":"","meta":{"footnotes":""},"class_list":["post-3339","page","type-page","status-publish","has-post-thumbnail","hentry"],"aioseo_notices":[],"_links":{"self":[{"href":"https:\/\/szkolenia-udt.pl\/nb\/wp-json\/wp\/v2\/pages\/3339","targetHints":{"allow":["GET"]}}],"collection":[{"href":"https:\/\/szkolenia-udt.pl\/nb\/wp-json\/wp\/v2\/pages"}],"about":[{"href":"https:\/\/szkolenia-udt.pl\/nb\/wp-json\/wp\/v2\/types\/page"}],"author":[{"embeddable":true,"href":"https:\/\/szkolenia-udt.pl\/nb\/wp-json\/wp\/v2\/users\/10"}],"replies":[{"embeddable":true,"href":"https:\/\/szkolenia-udt.pl\/nb\/wp-json\/wp\/v2\/comments?post=3339"}],"version-history":[{"count":7,"href":"https:\/\/szkolenia-udt.pl\/nb\/wp-json\/wp\/v2\/pages\/3339\/revisions"}],"predecessor-version":[{"id":4606,"href":"https:\/\/szkolenia-udt.pl\/nb\/wp-json\/wp\/v2\/pages\/3339\/revisions\/4606"}],"up":[{"embeddable":true,"href":"https:\/\/szkolenia-udt.pl\/nb\/wp-json\/wp\/v2\/pages\/2739"}],"wp:featuredmedia":[{"embeddable":true,"href":"https:\/\/szkolenia-udt.pl\/nb\/wp-json\/wp\/v2\/media\/3340"}],"wp:attachment":[{"href":"https:\/\/szkolenia-udt.pl\/nb\/wp-json\/wp\/v2\/media?parent=3339"}],"curies":[{"name":"wp","href":"https:\/\/api.w.org\/{rel}","templated":true}]}}