{"id":3368,"date":"2022-09-23T11:14:18","date_gmt":"2022-09-23T09:14:18","guid":{"rendered":"https:\/\/szkolenia-udt.pl\/?page_id=3368"},"modified":"2023-05-08T16:06:48","modified_gmt":"2023-05-08T14:06:48","slug":"drift-av-trykkpakjent-utstyr","status":"publish","type":"page","link":"https:\/\/szkolenia-udt.pl\/nb\/kursy\/uprawnienia-udt-tdt-wdt\/obsluga-urzadzen-cisnieniowych\/","title":{"rendered":"Oppl\u00e6ring i trykkp\u00e5kjent utstyr"},"content":{"rendered":"<h2 class=\"wp-block-heading\">Hvem er kurset for?&nbsp;<\/h2>\n\n\n\n<p>Du inviteres til \u00e5 ta et kurs i h\u00e5ndtering av trykkbeholdere. Oppl\u00e6ringen gj\u00f8r deg kvalifisert til \u00e5 fylle tanker og flasker med en kapasitet p\u00e5 mer enn 350 cm3.&nbsp;<\/p>\n\n\n<div class=\"wp-block-image\">\n<figure class=\"alignright size-full is-resized\"><a href=\"https:\/\/szkolenia-udt.pl\/wp-content\/uploads\/2023\/05\/1-12-1024x684-1.jpeg\"><img loading=\"lazy\" decoding=\"async\" src=\"https:\/\/szkolenia-udt.pl\/wp-content\/uploads\/2023\/05\/1-12-1024x684-1.jpeg\" alt=\"trykkflaske\" class=\"wp-image-4868\" width=\"512\" height=\"342\" srcset=\"https:\/\/szkolenia-udt.pl\/wp-content\/uploads\/2023\/05\/1-12-1024x684-1.jpeg 1024w, https:\/\/szkolenia-udt.pl\/wp-content\/uploads\/2023\/05\/1-12-1024x684-1-300x200.jpeg 300w, https:\/\/szkolenia-udt.pl\/wp-content\/uploads\/2023\/05\/1-12-1024x684-1-768x513.jpeg 768w, https:\/\/szkolenia-udt.pl\/wp-content\/uploads\/2023\/05\/1-12-1024x684-1-18x12.jpeg 18w\" sizes=\"auto, (max-width: 512px) 100vw, 512px\" \/><\/a><\/figure>\n<\/div>\n\n\n<h3 class=\"wp-block-heading\">Slik oppl\u00e6ring m\u00e5 gj\u00f8res av de som er ansatt som:&nbsp;<\/h3>\n\n\n\n<ul class=\"wp-block-list\">\n<li>Kuldemont\u00f8rer;&nbsp;&nbsp;<\/li>\n\n\n\n<li>Installat\u00f8rer av varmepumper; &nbsp;<\/li>\n\n\n\n<li>Brannmenn;&nbsp;<\/li>\n\n\n\n<li>Sykehuspersonalet; &nbsp;<\/li>\n\n\n\n<li>Spa-arbeidere; &nbsp;<\/li>\n\n\n\n<li>Personer som arbeider i n\u00e6ringsmiddelindustrien. &nbsp;<\/li>\n<\/ul>\n\n\n\n<h2 class=\"wp-block-heading\">Form\u00e5l med kurset\u00a0<\/h2>\n\n\n\n<p>Gjennom oppl\u00e6ringen vil hver enkelt deltaker f\u00e5 b\u00e5de praktisk og teoretisk kunnskap.&nbsp;<\/p>\n\n\n\n<p>V\u00e5rt selskap tilbyr muligheten til \u00e5 bli sertifisert i fylling og drift av b\u00e6rbare trykkbeholdere med en kapasitet p\u00e5 mer enn 350 cm3 med gasser:&nbsp;<\/p>\n\n\n\n<ul class=\"wp-block-list\">\n<li>Oppl\u00f8st, for eksempel acetylen;&nbsp;&nbsp;&nbsp;<\/li>\n\n\n\n<li>Komprimert - for eksempel luft, argon, nitrogen eller oksygen;&nbsp;&nbsp;<\/li>\n\n\n\n<li>flytende, for eksempel lystgass, ammoniakk eller LPG.&nbsp;&nbsp;<\/li>\n<\/ul>\n\n\n\n<h2 class=\"wp-block-heading\">Hvilke emner dekkes p\u00e5 kurset?\u00a0<\/h2>\n\n\n\n<p><a href=\"https:\/\/szkolenia-udt.pl\/nb\/kursy\/\">V\u00e5r oppl\u00e6ring<\/a> er ikke bare kunnskap, men ogs\u00e5 praksis. Deltakerne forberedes til eksamen hos Office of Technical Inspection. &nbsp;<\/p>\n\n\n\n<figure class=\"wp-block-table\"><table><tbody><tr><td><strong>Oppl\u00e6ringskursene som gjennomf\u00f8res hos oss, er i samsvar med UDT-programmet. Vi dekker emner som f.eks:<\/strong>&nbsp;&nbsp;<\/td><\/tr><tr><td>- Utf\u00f8re teknisk tilsyn med flyttbare tanker;\u00a0<br>- Test av b\u00e6rbare tanker;\u00a0<br>- Mobile tankreparasjoner;\u00a0<br>- Detaljer om gassen;\u00a0<br>- Tankdesign;\u00a0<br>- Tankparametere;\u00a0<br>- Inspeksjon og arbeidsaktiviteter ved fylling av trykkbeholdere;\u00a0<br>- Generelle helse- og sikkerhetsanbefalinger; Generelle brann- og sikkerhetsanbefalinger.\u00a0\u00a0<\/td><\/tr><\/tbody><\/table><\/figure>\n\n\n<div class=\"wp-block-image\">\n<figure class=\"alignright size-full is-resized\"><a href=\"https:\/\/szkolenia-udt.pl\/wp-content\/uploads\/2023\/05\/3-3-683x1024-1.jpeg\"><img loading=\"lazy\" decoding=\"async\" src=\"https:\/\/szkolenia-udt.pl\/wp-content\/uploads\/2023\/05\/3-3-683x1024-1.jpeg\" alt=\"kurs i trykkp\u00e5kjent utstyr i drift\" class=\"wp-image-4869\" width=\"342\" height=\"512\" srcset=\"https:\/\/szkolenia-udt.pl\/wp-content\/uploads\/2023\/05\/3-3-683x1024-1.jpeg 683w, https:\/\/szkolenia-udt.pl\/wp-content\/uploads\/2023\/05\/3-3-683x1024-1-200x300.jpeg 200w, https:\/\/szkolenia-udt.pl\/wp-content\/uploads\/2023\/05\/3-3-683x1024-1-8x12.jpeg 8w\" sizes=\"auto, (max-width: 342px) 100vw, 342px\" \/><\/a><\/figure>\n<\/div>\n\n\n<h2 class=\"wp-block-heading\">Autorisasjon for drift og fylling av trykkbeholdere\u00a0<\/h2>\n\n\n\n<p>N\u00e5r du har fullf\u00f8rt kurset og best\u00e5tt UDT-pr\u00f8ven, f\u00e5r du de relevante kvalifikasjonene. Dette gj\u00f8r deg i stand til \u00e5 betjene og fylle trykktanker med en kapasitet p\u00e5 mer enn 350 cm3. Kvalifikasjonen for fylling av flasker avhenger av type eksamen. Du kan f\u00e5 denne kvalifikasjonen for fylling av gassflasker:&nbsp;<\/p>\n\n\n\n<ul class=\"wp-block-list\">\n<li>flytende,&nbsp;<\/li>\n\n\n\n<li>komprimert,&nbsp;<\/li>\n\n\n\n<li>oppl\u00f8st.\u00a0\u00a0<\/li>\n<\/ul>\n\n\n\n<h2 class=\"wp-block-heading\">Hvilke tester m\u00e5 trykkbeholdere gjennomg\u00e5?\u00a0\u00a0<\/h2>\n\n\n\n<p>Trykkp\u00e5kjent utstyr i bruk er underlagt f\u00f8lgende tester:&nbsp;<\/p>\n\n\n\n<ul class=\"wp-block-list\">\n<li>periodisk;&nbsp;<\/li>\n\n\n\n<li>operativ;&nbsp;<\/li>\n\n\n\n<li>n\u00f8dsituasjon etter en ulykke eller et havari. &nbsp;<\/li>\n<\/ul>\n\n\n\n<h3 class=\"wp-block-heading\">Periodiske unders\u00f8kelser:\u00a0<\/h3>\n\n\n\n<p>Periodiske tester er interne revisjoner, eksterne revisjoner og trykktester.&nbsp;&nbsp;&nbsp;<\/p>\n\n\n\n<p><strong>Interne vurderinger<\/strong> - Under den innvendige inspeksjonen gj\u00f8res det en visuell vurdering av tilstanden til veggene i det trykkp\u00e5kjente utstyret. De avtakbare og ikke-avtakbare forbindelsene og sikkerhets- og trykkp\u00e5kjent utstyr vurderes ogs\u00e5. I teknisk begrunnede tilfeller kan den visuelle vurderingen erstattes eller suppleres med andre tester. Dette er mulig, p\u00e5 samme m\u00e5te som med trykktesten, etter avtale med det relevante tekniske kontrollorganet.&nbsp;<\/p>\n\n\n<div class=\"wp-block-image\">\n<figure class=\"alignright size-large is-resized\"><a href=\"https:\/\/szkolenia-udt.pl\/wp-content\/uploads\/2023\/05\/s2-2023-05-08T160152.791.jpg\"><img loading=\"lazy\" decoding=\"async\" src=\"https:\/\/szkolenia-udt.pl\/wp-content\/uploads\/2023\/05\/s2-2023-05-08T160152.791-1024x683.jpg\" alt=\"servicekurs for trykkbeholdere\" class=\"wp-image-4872\" width=\"512\" height=\"342\" srcset=\"https:\/\/szkolenia-udt.pl\/wp-content\/uploads\/2023\/05\/s2-2023-05-08T160152.791-1024x683.jpg 1024w, https:\/\/szkolenia-udt.pl\/wp-content\/uploads\/2023\/05\/s2-2023-05-08T160152.791-300x200.jpg 300w, https:\/\/szkolenia-udt.pl\/wp-content\/uploads\/2023\/05\/s2-2023-05-08T160152.791-768x512.jpg 768w, https:\/\/szkolenia-udt.pl\/wp-content\/uploads\/2023\/05\/s2-2023-05-08T160152.791-1536x1024.jpg 1536w, https:\/\/szkolenia-udt.pl\/wp-content\/uploads\/2023\/05\/s2-2023-05-08T160152.791-18x12.jpg 18w, https:\/\/szkolenia-udt.pl\/wp-content\/uploads\/2023\/05\/s2-2023-05-08T160152.791.jpg 1600w\" sizes=\"auto, (max-width: 512px) 100vw, 512px\" \/><\/a><\/figure>\n<\/div>\n\n\n<p><strong>Eksterne revisjoner<\/strong> - Det utf\u00f8res en vurdering av det trykkp\u00e5kjente utstyret fra utsiden, samt en vurdering av utstyret i tilgjengelige omr\u00e5der. Hvis det er mulig, utf\u00f8res ogs\u00e5 drift av utstyret og funksjonstester.&nbsp;&nbsp;<\/p>\n\n\n\n<p><strong>Trykktester - W<\/strong>De brukes vanligvis som hydrauliske tester. I berettigede tilfeller kan den hydrauliske testen erstattes av en annen test eller en annen type test. Som ved en intern revisjon kan dette gj\u00f8res etter avtale med enheten for teknisk tilsyn. &nbsp;<\/p>\n\n\n\n<h3 class=\"wp-block-heading\">Operasjonelle tester og ad hoc-tester\u00a0\u00a0<\/h3>\n\n\n\n<p>Omfanget av slike tester, samt m\u00e5ten de utarbeides p\u00e5, bestemmes av de tekniske tilsynsenhetene. Dette avhenger av omstendighetene som begrunner utf\u00f8relsen. De kan utf\u00f8res:\u00a0<\/p>\n\n\n\n<ul class=\"wp-block-list\">\n<li>trykktester,&nbsp;<\/li>\n\n\n\n<li>interne revisjoner,&nbsp;&nbsp;<\/li>\n\n\n\n<li>eksterne revisjoner.&nbsp;<\/li>\n<\/ul>\n\n\n\n<p>De kan suppleres eller erstattes av en annen test. De skal utf\u00f8res p\u00e5 anmodning fra brukeren av det trykkp\u00e5kjente utstyret, s\u00e6rlig n\u00e5r det gjelder:&nbsp;<\/p>\n\n\n<div class=\"wp-block-image\">\n<figure class=\"alignright size-large is-resized\"><a href=\"https:\/\/szkolenia-udt.pl\/wp-content\/uploads\/2023\/05\/screen_2x-2023-05-08T160132.907.jpg\"><img loading=\"lazy\" decoding=\"async\" src=\"https:\/\/szkolenia-udt.pl\/wp-content\/uploads\/2023\/05\/screen_2x-2023-05-08T160132.907-1024x683.jpg\" alt=\"trykkflasker\" class=\"wp-image-4871\" width=\"512\" height=\"342\" srcset=\"https:\/\/szkolenia-udt.pl\/wp-content\/uploads\/2023\/05\/screen_2x-2023-05-08T160132.907-1024x683.jpg 1024w, https:\/\/szkolenia-udt.pl\/wp-content\/uploads\/2023\/05\/screen_2x-2023-05-08T160132.907-300x200.jpg 300w, https:\/\/szkolenia-udt.pl\/wp-content\/uploads\/2023\/05\/screen_2x-2023-05-08T160132.907-768x512.jpg 768w, https:\/\/szkolenia-udt.pl\/wp-content\/uploads\/2023\/05\/screen_2x-2023-05-08T160132.907-1536x1024.jpg 1536w, https:\/\/szkolenia-udt.pl\/wp-content\/uploads\/2023\/05\/screen_2x-2023-05-08T160132.907-18x12.jpg 18w, https:\/\/szkolenia-udt.pl\/wp-content\/uploads\/2023\/05\/screen_2x-2023-05-08T160132.907.jpg 1600w\" sizes=\"auto, (max-width: 512px) 100vw, 512px\" \/><\/a><\/figure>\n<\/div>\n\n\n<ul class=\"wp-block-list\">\n<li>Endringer p\u00e5 nettstedet;&nbsp;&nbsp;<\/li>\n\n\n\n<li>Reparasjoner av trykkp\u00e5kjent utstyr;&nbsp;&nbsp;<\/li>\n\n\n\n<li>Oppgradering av trykkp\u00e5kjent utstyr;&nbsp;<\/li>\n\n\n\n<li>Utskifting av utstyrsdeler;&nbsp;&nbsp;<\/li>\n\n\n\n<li>Endringer i type forsyningsutstyr;&nbsp;<\/li>\n\n\n\n<li>Deteksjon av skader p\u00e5 enhetens vegger;&nbsp;&nbsp;<\/li>\n\n\n\n<li>Deteksjon av lekkasjer i enheten.\u00a0<\/li>\n<\/ul>\n\n\n\n<h2 class=\"wp-block-heading\">Hvorfor velge kurset som tilbys av v\u00e5rt selskap?&nbsp;<\/h2>\n\n\n\n<p>Oppl\u00e6ring i v\u00e5rt selskap garanterer h\u00f8y effektivitet. Nesten 100% av v\u00e5re kursdeltakere kan skryte av \u00e5 ha best\u00e5tt UDT-eksamen.  Kursprisen hos oss inkluderer teoretisk og praktisk undervisning samt kursmateriell. Etter fullf\u00f8rt kurs og best\u00e5tt eksamen mottar hver deltaker et sertifikat.  Sertifikatet er gyldig i hele EU og er tidsubegrenset. I tillegg til sertifikatet f\u00e5r hver deltaker en kvalifikasjon fra Office of Technical Inspection.&nbsp;<\/p>\n\n\n\n<p>Vi inviterer deg til \u00e5 ta en titt p\u00e5 hva selskapet v\u00e5rt har \u00e5 tilby!\u00a0<\/p>\n\n\n\n<figure class=\"wp-block-image size-full\"><a href=\"https:\/\/szkolenia-udt.pl\/wp-content\/uploads\/2023\/05\/0082-oso.edu_.pl_-1024x853-1.jpg\"><img loading=\"lazy\" decoding=\"async\" width=\"1024\" height=\"853\" src=\"https:\/\/szkolenia-udt.pl\/wp-content\/uploads\/2023\/05\/0082-oso.edu_.pl_-1024x853-1.jpg\" alt=\"\" class=\"wp-image-4866\" srcset=\"https:\/\/szkolenia-udt.pl\/wp-content\/uploads\/2023\/05\/0082-oso.edu_.pl_-1024x853-1.jpg 1024w, https:\/\/szkolenia-udt.pl\/wp-content\/uploads\/2023\/05\/0082-oso.edu_.pl_-1024x853-1-300x250.jpg 300w, https:\/\/szkolenia-udt.pl\/wp-content\/uploads\/2023\/05\/0082-oso.edu_.pl_-1024x853-1-768x640.jpg 768w, https:\/\/szkolenia-udt.pl\/wp-content\/uploads\/2023\/05\/0082-oso.edu_.pl_-1024x853-1-14x12.jpg 14w\" sizes=\"auto, (max-width: 1024px) 100vw, 1024px\" \/><\/a><\/figure>","protected":false},"excerpt":{"rendered":"<p>Dla kogo kurs?&nbsp; Zapraszamy do skorzystania z kursu z zakresu obs\u0142ugi zbiornik\u00f3w ci\u015bnieniowych. Szkolenie pozwoli ci uzyska\u0107 uprawnienia z zakresu nape\u0142niania zbiornik\u00f3w oraz butli, kt\u00f3re maj\u0105 pojemno\u015b\u0107 powy\u017cej 350 cm3.&nbsp; Takie szkolenia musz\u0105 zrobi\u0107 osoby, kt\u00f3re s\u0105 zatrudnione jako:&nbsp; Cel kursu\u00a0 Dzi\u0119ki szkoleniu ka\u017cdy uczestnik zdob\u0119dzie wiedz\u0119 zar\u00f3wno praktyczn\u0105, jak i teoretyczn\u0105.&nbsp; Nasza firma oferuje [&hellip;]<\/p>\n","protected":false},"author":10,"featured_media":3369,"parent":2266,"menu_order":0,"comment_status":"closed","ping_status":"closed","template":"","meta":{"footnotes":""},"class_list":["post-3368","page","type-page","status-publish","has-post-thumbnail","hentry"],"aioseo_notices":[],"_links":{"self":[{"href":"https:\/\/szkolenia-udt.pl\/nb\/wp-json\/wp\/v2\/pages\/3368","targetHints":{"allow":["GET"]}}],"collection":[{"href":"https:\/\/szkolenia-udt.pl\/nb\/wp-json\/wp\/v2\/pages"}],"about":[{"href":"https:\/\/szkolenia-udt.pl\/nb\/wp-json\/wp\/v2\/types\/page"}],"author":[{"embeddable":true,"href":"https:\/\/szkolenia-udt.pl\/nb\/wp-json\/wp\/v2\/users\/10"}],"replies":[{"embeddable":true,"href":"https:\/\/szkolenia-udt.pl\/nb\/wp-json\/wp\/v2\/comments?post=3368"}],"version-history":[{"count":9,"href":"https:\/\/szkolenia-udt.pl\/nb\/wp-json\/wp\/v2\/pages\/3368\/revisions"}],"predecessor-version":[{"id":4873,"href":"https:\/\/szkolenia-udt.pl\/nb\/wp-json\/wp\/v2\/pages\/3368\/revisions\/4873"}],"up":[{"embeddable":true,"href":"https:\/\/szkolenia-udt.pl\/nb\/wp-json\/wp\/v2\/pages\/2266"}],"wp:featuredmedia":[{"embeddable":true,"href":"https:\/\/szkolenia-udt.pl\/nb\/wp-json\/wp\/v2\/media\/3369"}],"wp:attachment":[{"href":"https:\/\/szkolenia-udt.pl\/nb\/wp-json\/wp\/v2\/media?parent=3368"}],"curies":[{"name":"wp","href":"https:\/\/api.w.org\/{rel}","templated":true}]}}