{"id":3374,"date":"2022-09-23T11:52:42","date_gmt":"2022-09-23T09:52:42","guid":{"rendered":"https:\/\/szkolenia-udt.pl\/?page_id=3374"},"modified":"2023-03-20T15:29:03","modified_gmt":"2023-03-20T14:29:03","slug":"evakuering-av-personer","status":"publish","type":"page","link":"https:\/\/szkolenia-udt.pl\/nb\/kursy\/prace-wysokosciowe\/ewakuacja-osob\/","title":{"rendered":"Oppl\u00e6ring i evakuering av personer fra trange rom"},"content":{"rendered":"<h2 class=\"wp-block-heading\">Hvorfor er oppl\u00e6ring p\u00e5 dette omr\u00e5det s\u00e5 viktig?<\/h2>\n\n\n<div class=\"wp-block-image\">\n<figure class=\"alignright size-large is-resized\"><a href=\"https:\/\/szkolenia-udt.pl\/wp-content\/uploads\/2022\/09\/3-4.jpeg\"><img loading=\"lazy\" decoding=\"async\" src=\"https:\/\/szkolenia-udt.pl\/wp-content\/uploads\/2022\/09\/3-4-1024x683.jpeg\" alt=\"oppl\u00e6ring i evakuering av personer fra trange rom \" class=\"wp-image-3377\" width=\"512\" height=\"342\" srcset=\"https:\/\/szkolenia-udt.pl\/wp-content\/uploads\/2022\/09\/3-4-1024x683.jpeg 1024w, https:\/\/szkolenia-udt.pl\/wp-content\/uploads\/2022\/09\/3-4-300x200.jpeg 300w, https:\/\/szkolenia-udt.pl\/wp-content\/uploads\/2022\/09\/3-4-768x512.jpeg 768w, https:\/\/szkolenia-udt.pl\/wp-content\/uploads\/2022\/09\/3-4-1536x1024.jpeg 1536w, https:\/\/szkolenia-udt.pl\/wp-content\/uploads\/2022\/09\/3-4-18x12.jpeg 18w, https:\/\/szkolenia-udt.pl\/wp-content\/uploads\/2022\/09\/3-4.jpeg 1600w\" sizes=\"auto, (max-width: 512px) 100vw, 512px\" \/><\/a><\/figure>\n<\/div>\n\n\n<p>N\u00e5r vi arbeider i trange og farlige rom, utsettes vi for alvorlig risiko for liv og helse. Begrensede rom kan for eksempel v\u00e6re br\u00f8nner, kloakkbr\u00f8nner eller kloakkbr\u00f8nner. Arbeid i slike rom inneb\u00e6rer en stor risiko for ulykker. En av dem er forgiftning eller til og med kvelning som f\u00f8lge av at man oppholder seg p\u00e5 et sted der det ikke er nok oksygen, eller ved kontakt med giftige gasser. For \u00e5 vite hvordan man skal oppf\u00f8re seg i farlige situasjoner og hvordan man evakuerer slike rom, anbefales det \u00e5 delta p\u00e5 et kurs om dette emnet som tilbys av v\u00e5rt selskap OSO.\u00a0<\/p>\n\n\n\n<h2 class=\"wp-block-heading\"><strong>Oppl\u00e6ring i evakuering av personer fra trange rom<\/strong>&nbsp;<\/h2>\n\n\n\n<p>Kursene tar for seg farene som er forbundet med trange rom. Kurset tar ogs\u00e5 for seg teknikker for arbeid i trange rom. Alle kursdeltakerne l\u00e6rer om utstyret som er n\u00f8dvendig for \u00e5 arbeide i h\u00f8yden og under evakuering. Under oppl\u00e6ringen gjennomf\u00f8rer vi ogs\u00e5 \u00f8velser i evakuering fra trange rom, som foreg\u00e5r i henhold til scenarier som er utarbeidet i samarbeid med kursarrang\u00f8rene.&nbsp;<\/p>\n\n\n\n<h2 class=\"wp-block-heading\"><strong>Hvem er oppl\u00e6ringen rettet mot?<\/strong>&nbsp;<\/h2>\n\n\n\n<p>Oppl\u00e6ringen er beregnet p\u00e5 ansatte som arbeider i lukkede og trange rom, for eksempel tanker, kummer osv. Oppl\u00e6ringen passer b\u00e5de for personer uten erfaring og for dem som trenger tilleggsoppl\u00e6ring eller oppfriskning.&nbsp;<\/p>\n\n\n\n<div class=\"filmw\">\n<div class=\"responsive-youtube\" style=\"text-align: center;\"><iframe loading=\"lazy\" title=\"YouTube-videospiller\" src=\"https:\/\/www.youtube.com\/embed\/QcT4h2Z50M0\" width=\"560\" height=\"315\" frameborder=\"0\" allowfullscreen=\"allowfullscreen\"><\/iframe><\/div>\n<\/div>\n\n\n\n<h2 class=\"wp-block-heading\"><strong>Krav til de som er interessert i \u00e5 delta i oppl\u00e6ringen<\/strong>&nbsp;<\/h2>\n\n\n\n<p>Treningen er ganske fysisk krevende. Deltakerne \u00f8ver p\u00e5 \u00e5 bruke pusteapparat. Personer med synshemming kan ogs\u00e5 delta, men m\u00e5 melde fra om dette p\u00e5 forh\u00e5nd. For \u00e5 delta p\u00e5 kurset trenger du&nbsp;<\/p>\n\n\n\n<ul class=\"wp-block-list\">\n<li>CS3-oppl\u00e6ringen er fullf\u00f8rt,&nbsp;<\/li>\n\n\n\n<li>\u00e5 bli voksen,&nbsp;<\/li>\n\n\n\n<li>minst grunnskoleutdanning,&nbsp;<\/li>\n\n\n\n<li>et sertifikat p\u00e5 at det ikke foreligger medisinske kontraindikasjoner som gir oss tillatelse til \u00e5 arbeide i h\u00f8yder over 3 meter og i et begrenset omr\u00e5de.&nbsp;<\/li>\n<\/ul>\n\n\n\n<p><strong>Omfanget av oppl\u00e6ringen<\/strong>&nbsp;<\/p>\n\n\n\n<figure class=\"wp-block-table\"><table><tbody><tr><td><strong>I l\u00f8pet av kurset vil du blant annet f\u00e5 kunnskap om<\/strong><\/td><\/tr><tr><td>\n<ul>\n<li>Helse- og sikkerhetsforskrifter som gjelder for trange rom og arbeid i h\u00f8yden<\/li>\n<li>Utstyr som brukes i trange rom<\/li>\n<li>H\u00e5ndtering av stativ<\/li>\n<li>Grunnleggende redningsteknikker<\/li>\n<li>Grunnleggende evakueringsteknikker<\/li>\n<li>Valg av gassdetektorer<\/li>\n<li>H\u00e5ndtering av farlige situasjoner<\/li>\n<li>Redningsteknikker<\/li>\n<\/ul>\n<\/td><\/tr><\/tbody><\/table><\/figure>\n\n\n\n<h2 class=\"wp-block-heading\"><strong>Form\u00e5let med oppl\u00e6ringen<\/strong>&nbsp;<\/h2>\n\n\n\n<p>Deltakelse i kurset inneb\u00e6rer f\u00f8rst og fremst \u00e5 tilegne seg kunnskaper som gj\u00f8r det mulig for deltakerne \u00e5 \u00f8ke sine faglige ferdigheter ved arbeid i trange rom. Dette gir den ansatte flere muligheter for ansettelse innen tjenester som utf\u00f8res i lukkede rom.&nbsp;&nbsp;<\/p>\n\n\n<div class=\"wp-block-image\">\n<figure class=\"alignleft size-large is-resized\"><a href=\"https:\/\/szkolenia-udt.pl\/wp-content\/uploads\/2022\/09\/1-13.jpeg\"><img loading=\"lazy\" decoding=\"async\" src=\"https:\/\/szkolenia-udt.pl\/wp-content\/uploads\/2022\/09\/1-13-1024x684.jpeg\" alt=\"lukkede rom\" class=\"wp-image-3375\" width=\"512\" height=\"342\" srcset=\"https:\/\/szkolenia-udt.pl\/wp-content\/uploads\/2022\/09\/1-13-1024x684.jpeg 1024w, https:\/\/szkolenia-udt.pl\/wp-content\/uploads\/2022\/09\/1-13-300x200.jpeg 300w, https:\/\/szkolenia-udt.pl\/wp-content\/uploads\/2022\/09\/1-13-768x513.jpeg 768w, https:\/\/szkolenia-udt.pl\/wp-content\/uploads\/2022\/09\/1-13-1536x1025.jpeg 1536w, https:\/\/szkolenia-udt.pl\/wp-content\/uploads\/2022\/09\/1-13-18x12.jpeg 18w, https:\/\/szkolenia-udt.pl\/wp-content\/uploads\/2022\/09\/1-13.jpeg 1600w\" sizes=\"auto, (max-width: 512px) 100vw, 512px\" \/><\/a><\/figure>\n<\/div>\n\n\n<p>Oppl\u00e6ring handler ikke bare om kunnskap, men ogs\u00e5 om ferdigheter. Kursdeltakerne l\u00e6rer om utstyret som beskytter mot fall fra h\u00f8yden, og systemene som brukes under evakuering. Kursene best\u00e5r av to deler - en praktisk og en teoretisk del. Det legges stor vekt p\u00e5 praktiske \u00f8velser. Den teoretiske delen av oppl\u00e6ringen omfatter ulike oppl\u00e6ringsmetoder som er tilpasset undervisning av voksne. Vi bruker ogs\u00e5 bilder, filmer og multimediepresentasjoner i undervisningen. Den praktiske delen omfatter derimot b\u00e5de individuelle \u00f8velser og gruppe\u00f8velser. Vi velger metodene individuelt med tanke p\u00e5 effekten av treningen og gruppens spesifikke egenskaper.&nbsp;<\/p>\n\n\n\n<h2 class=\"wp-block-heading\"><strong>Sertifikat<\/strong>&nbsp;<\/h2>\n\n\n\n<p>Etter \u00e5 ha fullf\u00f8rt den praktiske og teoretiske delen av kurset, f\u00e5r kursdeltakerne et sertifikat og et merke. Disse er gyldige i en periode p\u00e5 tre \u00e5r.&nbsp;&nbsp;<\/p>\n\n\n\n<h2 class=\"wp-block-heading\"><strong>Hva er et lukket rom?<\/strong>&nbsp;<\/h2>\n\n\n\n<p>Et lukket rom er et rom med begrensede \u00e5pninger for inn- og utgang. Det er utilstrekkelig ventilasjon. Slike rom er ikke tilstrekkelig forberedt p\u00e5 at det hele tiden skal v\u00e6re arbeidere til stede. Det er dette som gj\u00f8r det spesielt farlig \u00e5 arbeide i slike rom. Noen industrianlegg har flere lukkede rom der det er n\u00f8dvendig med regelmessig inspeksjon. F\u00f8r man planlegger \u00e5 g\u00e5 inn i slike rom, er det viktig \u00e5 forsikre seg om at personen som skal g\u00e5 inn i dem, har f\u00e5tt tilstrekkelig oppl\u00e6ring.<\/p>\n\n\n\n<h4 class=\"wp-block-heading\"><strong>Eksempler p\u00e5 bransjer der trange rom er hyppig brukt:<\/strong>&nbsp;<\/h4>\n\n\n\n<ul class=\"dwiekolumny wp-block-list\">\n<li>farmas\u00f8ytisk industri,&nbsp;<\/li>\n\n\n\n<li>drikkevareproduksjon,&nbsp;<\/li>\n\n\n\n<li>matproduksjon,&nbsp;<\/li>\n\n\n\n<li>kjemisk produksjon,&nbsp;<\/li>\n\n\n\n<li>petrokjemisk industri.&nbsp;<\/li>\n<\/ul>\n\n\n\n<p>Lukkede rom finnes ogs\u00e5 p\u00e5 sykehus, skoler, kj\u00f8pesentre og til og med i bygater. N\u00e5r et rom er helt eller delvis innelukket, og n\u00e5r arbeid i det utgj\u00f8r en risiko for menneskers helse og sikkerhet, kan vi kalle et slikt rom for et lukket rom.\u00a0\u00a0<\/p>\n\n\n\n<h2 class=\"wp-block-heading\">Farer som oppst\u00e5r ved arbeid i trange rom<\/h2>\n\n\n\n<p>Det er mange risikoer forbundet med \u00e5 arbeide i trange rom. Vi kan blant annet nevne&nbsp;<\/p>\n\n\n<div class=\"wp-block-image\">\n<figure class=\"alignright size-large is-resized\"><a href=\"https:\/\/szkolenia-udt.pl\/wp-content\/uploads\/2022\/09\/2-2.webp\"><img loading=\"lazy\" decoding=\"async\" src=\"https:\/\/szkolenia-udt.pl\/wp-content\/uploads\/2022\/09\/2-2-1024x768.webp\" alt=\"f\u00f8rstehjelpsutstyr\" class=\"wp-image-3376\" width=\"512\" height=\"384\" srcset=\"https:\/\/szkolenia-udt.pl\/wp-content\/uploads\/2022\/09\/2-2-1024x768.webp 1024w, https:\/\/szkolenia-udt.pl\/wp-content\/uploads\/2022\/09\/2-2-300x225.webp 300w, https:\/\/szkolenia-udt.pl\/wp-content\/uploads\/2022\/09\/2-2-768x576.webp 768w, https:\/\/szkolenia-udt.pl\/wp-content\/uploads\/2022\/09\/2-2-1536x1152.webp 1536w, https:\/\/szkolenia-udt.pl\/wp-content\/uploads\/2022\/09\/2-2-16x12.webp 16w, https:\/\/szkolenia-udt.pl\/wp-content\/uploads\/2022\/09\/2-2-135x100.webp 135w, https:\/\/szkolenia-udt.pl\/wp-content\/uploads\/2022\/09\/2-2.webp 1600w\" sizes=\"auto, (max-width: 512px) 100vw, 512px\" \/><\/a><\/figure>\n<\/div>\n\n\n<ul class=\"wp-block-list\">\n<li>fare for brann eller eksplosjon,&nbsp;<\/li>\n\n\n\n<li>bevisstl\u00f8shet, som kan oppst\u00e5 p\u00e5 grunn av h\u00f8ye konsentrasjoner av gasser som metan eller karbondioksid,&nbsp;<\/li>\n\n\n\n<li>drukning, som for eksempel kan for\u00e5rsakes av forh\u00f8yet vannstand,&nbsp;<\/li>\n\n\n\n<li>besvimelse, som kan oppst\u00e5 som f\u00f8lge av lavt oksygeninnhold p\u00e5 arbeidsplassen,&nbsp;<\/li>\n\n\n\n<li>kvelning, som kan for\u00e5rsakes av manglende evne til \u00e5 komme seg ut av et lukket rom.&nbsp;<\/li>\n<\/ul>\n\n\n\n<p>Arbeid i omr\u00e5der som tanker, kloakker og andre farlige omr\u00e5der er regulert.&nbsp;&nbsp;<\/p>\n\n\n\n<p><strong>Ta en titt p\u00e5 utvalget av kurs i evakuering av personer fra trange rom som tilbys av selskapet v\u00e5rt!<\/strong>\u00a0<\/p>\n\n\n<div class=\"wp-block-image\">\n<figure class=\"aligncenter size-large\"><a href=\"https:\/\/szkolenia-udt.pl\/wp-content\/uploads\/2022\/09\/0096-oso.edu_.pl_.jpg\"><img loading=\"lazy\" decoding=\"async\" width=\"1024\" height=\"853\" src=\"https:\/\/szkolenia-udt.pl\/wp-content\/uploads\/2022\/09\/0096-oso.edu_.pl_-1024x853.jpg\" alt=\"grafisk reklame for kurset\" class=\"wp-image-3378\" srcset=\"https:\/\/szkolenia-udt.pl\/wp-content\/uploads\/2022\/09\/0096-oso.edu_.pl_-1024x853.jpg 1024w, https:\/\/szkolenia-udt.pl\/wp-content\/uploads\/2022\/09\/0096-oso.edu_.pl_-300x250.jpg 300w, https:\/\/szkolenia-udt.pl\/wp-content\/uploads\/2022\/09\/0096-oso.edu_.pl_-768x640.jpg 768w, https:\/\/szkolenia-udt.pl\/wp-content\/uploads\/2022\/09\/0096-oso.edu_.pl_-14x12.jpg 14w, https:\/\/szkolenia-udt.pl\/wp-content\/uploads\/2022\/09\/0096-oso.edu_.pl_.jpg 1200w\" sizes=\"auto, (max-width: 1024px) 100vw, 1024px\" \/><\/a><\/figure>\n<\/div>","protected":false},"excerpt":{"rendered":"<p>Dlaczego szkolenie w tym zakresie jest tak wa\u017cne? Pracuj\u0105c w przestrzeniach zamkni\u0119tych oraz niebezpiecznych jeste\u015bmy nara\u017ceni na powa\u017cne zagro\u017cenia dla \u017cycia oraz zdrowia. Do przestrzeni zamkni\u0119tych mo\u017cemy zaliczy\u0107 m.in. studnie, studzienki kanalizacyjne czy szamba. Praca w takich miejscach wi\u0105\u017ce si\u0119 z ogromnym ryzykiem wyst\u0105pienia nieszcz\u0119\u015bliwych wypadk\u00f3w. Jednymi z nich s\u0105 zatrucia czy nawet uduszenia, w [&hellip;]<\/p>\n","protected":false},"author":10,"featured_media":3377,"parent":1874,"menu_order":0,"comment_status":"closed","ping_status":"closed","template":"","meta":{"footnotes":""},"class_list":["post-3374","page","type-page","status-publish","has-post-thumbnail","hentry"],"aioseo_notices":[],"_links":{"self":[{"href":"https:\/\/szkolenia-udt.pl\/nb\/wp-json\/wp\/v2\/pages\/3374","targetHints":{"allow":["GET"]}}],"collection":[{"href":"https:\/\/szkolenia-udt.pl\/nb\/wp-json\/wp\/v2\/pages"}],"about":[{"href":"https:\/\/szkolenia-udt.pl\/nb\/wp-json\/wp\/v2\/types\/page"}],"author":[{"embeddable":true,"href":"https:\/\/szkolenia-udt.pl\/nb\/wp-json\/wp\/v2\/users\/10"}],"replies":[{"embeddable":true,"href":"https:\/\/szkolenia-udt.pl\/nb\/wp-json\/wp\/v2\/comments?post=3374"}],"version-history":[{"count":5,"href":"https:\/\/szkolenia-udt.pl\/nb\/wp-json\/wp\/v2\/pages\/3374\/revisions"}],"predecessor-version":[{"id":4650,"href":"https:\/\/szkolenia-udt.pl\/nb\/wp-json\/wp\/v2\/pages\/3374\/revisions\/4650"}],"up":[{"embeddable":true,"href":"https:\/\/szkolenia-udt.pl\/nb\/wp-json\/wp\/v2\/pages\/1874"}],"wp:featuredmedia":[{"embeddable":true,"href":"https:\/\/szkolenia-udt.pl\/nb\/wp-json\/wp\/v2\/media\/3377"}],"wp:attachment":[{"href":"https:\/\/szkolenia-udt.pl\/nb\/wp-json\/wp\/v2\/media?parent=3374"}],"curies":[{"name":"wp","href":"https:\/\/api.w.org\/{rel}","templated":true}]}}