{"id":3482,"date":"2023-02-03T01:37:57","date_gmt":"2023-02-03T00:37:57","guid":{"rendered":"https:\/\/szkolenia-udt.pl\/?page_id=3482"},"modified":"2023-02-03T01:39:17","modified_gmt":"2023-02-03T00:39:17","slug":"stasjonaere-kraner-udt-kurs","status":"publish","type":"page","link":"https:\/\/szkolenia-udt.pl\/nb\/kursy\/uprawnienia-udt-tdt-wdt\/zurawie-stacjonarne-kurs-udt\/","title":{"rendered":"STASJON\u00c6RE KRANER - UDT KURS"},"content":{"rendered":"\n<p>\u017burawie stacjonarne, zwane r\u00f3wnie\u017c d\u017awigami, to d\u017awignice sk\u0142adaj\u0105ce si\u0119 z kolumn i wysi\u0119gnik\u00f3w. Oferowane przez nas kursy ucz\u0105 obs\u0142ugi zaawansowanych technologicznie urz\u0105dze\u0144, niezwykle przydatnych w r\u00f3\u017cnorodnych bran\u017cach.&nbsp;<\/p>\n\n\n<div class=\"wp-block-image\">\n<figure class=\"alignleft size-full is-resized\"><a href=\"https:\/\/szkolenia-udt.pl\/wp-content\/uploads\/2023\/02\/KBK-SSK_Slewing_jib_crane-1-1.jpg\"><img loading=\"lazy\" decoding=\"async\" src=\"https:\/\/szkolenia-udt.pl\/wp-content\/uploads\/2023\/02\/KBK-SSK_Slewing_jib_crane-1-1.jpg\" alt=\"\" class=\"wp-image-3484\" width=\"438\" height=\"288\" srcset=\"https:\/\/szkolenia-udt.pl\/wp-content\/uploads\/2023\/02\/KBK-SSK_Slewing_jib_crane-1-1.jpg 875w, https:\/\/szkolenia-udt.pl\/wp-content\/uploads\/2023\/02\/KBK-SSK_Slewing_jib_crane-1-1-300x197.jpg 300w, https:\/\/szkolenia-udt.pl\/wp-content\/uploads\/2023\/02\/KBK-SSK_Slewing_jib_crane-1-1-768x506.jpg 768w, https:\/\/szkolenia-udt.pl\/wp-content\/uploads\/2023\/02\/KBK-SSK_Slewing_jib_crane-1-1-18x12.jpg 18w\" sizes=\"auto, (max-width: 438px) 100vw, 438px\" \/><\/a><\/figure>\n<\/div>\n\n\n<h2 class=\"wp-block-heading\"><strong>Jaki jest przebieg kursu?&nbsp;<\/strong>&nbsp;<\/h2>\n\n\n\n<p>Szkolenie dla operator\u00f3w \u017curawi stacjonarnych przygotowuje uczestnik\u00f3w zar\u00f3wno pod wzgl\u0119dem praktycznym, jak i teoretycznym. W naszym materiale znajduj\u0105 si\u0119 np.:&nbsp;&nbsp;<\/p>\n\n\n\n<ul class=\"wp-block-list\">\n<li>wymagania s\u0142u\u017cb kontrolnych,&nbsp;&nbsp;<\/li>\n\n\n\n<li>typy i specyfikacje maszyn,&nbsp;&nbsp;<\/li>\n\n\n\n<li>sposoby zapewnienia bezpiecznych warunk\u00f3w pracy,&nbsp;<\/li>\n\n\n\n<li>podsystemy zar\u00f3wno hydrauliczne, jak i elektryczne,&nbsp;&nbsp;<\/li>\n\n\n\n<li>przygotowanie \u017curawia do pracy,&nbsp;&nbsp;<\/li>\n\n\n\n<li>kwestie zwi\u0105zane z ud\u017awigiem,&nbsp;&nbsp;<\/li>\n\n\n\n<li>codzienne wyzwania zwi\u0105zane z obs\u0142ug\u0105 \u017curawia. &nbsp;<\/li>\n<\/ul>\n\n\n\n<p>Uczymy praktycznych umiej\u0119tno\u015bci na najnowocze\u015bniejszym sprz\u0119cie, na specjalnie zaprojektowanych placach manewrowych.&nbsp;&nbsp;<\/p>\n\n\n\n<h2 class=\"wp-block-heading\"><strong>Egzamin na uprawnienia<\/strong>&nbsp;<\/h2>\n\n\n\n<p>Szkolenie na operatora \u017curawi stacjonarnych ko\u0144czy si\u0119 odpowiednim egzaminem pa\u0144stwowym przeprowadzanym przez Urz\u0105d Dozoru Technicznego. Egzamin, podobnie jak kurs, dzieli si\u0119 na cz\u0119\u015b\u0107 teoretyczn\u0105 i praktyczn\u0105. Oba maj\u0105 na celu sprawdzenie nabytych umiej\u0119tno\u015bci w zakresie konkretnego urz\u0105dzenia i jego dzia\u0142ania. Wszystkie lekcje zawarte w naszym szkoleniu powinny w pe\u0142ni przygotowa\u0107 Ci\u0119 do egzaminu.&nbsp;&nbsp;<\/p>\n\n\n\n<h2 class=\"wp-block-heading\"><strong>Lokalizacja&nbsp;<\/strong>&nbsp;<\/h2>\n\n\n\n<p>Szkolenia organizujemy w Warszawie, gdzie znajduje si\u0119 nasza siedziba, a tak\u017ce wsz\u0119dzie tam, gdzie znajduj\u0105 si\u0119 nasze biura regionalne. Oferujemy r\u00f3wnie\u017c opcj\u0119 zaj\u0119\u0107 z dojazdem do klienta. Kurs mo\u017ce mie\u0107 posta\u0107:&nbsp;&nbsp;<\/p>\n\n\n\n<ul class=\"wp-block-list\">\n<li>zamkni\u0119t\u0105,&nbsp;&nbsp;<\/li>\n\n\n\n<li>otwart\u0105.&nbsp;&nbsp;<\/li>\n<\/ul>\n\n\n\n<p>Inne aspekty, takie jak terminy, zale\u017c\u0105 od zainteresowania danym kursem.&nbsp;&nbsp;<\/p>\n\n\n\n<h2 class=\"wp-block-heading\"><strong>Cele szkolenia&nbsp;<\/strong>&nbsp;<\/h2>\n\n\n\n<p>Nasi kursanci musz\u0105 by\u0107 kompetentni w obs\u0142udze wszystkich typ\u00f3w \u017curawi stacjonarnych i by\u0107 gotowi do pracy w r\u00f3\u017cnych warunkach. Musz\u0105 r\u00f3wnie\u017c zna\u0107 dane techniczne r\u00f3\u017cnych typ\u00f3w \u017curawi oraz umie\u0107 wykrywa\u0107 usterki i bezpiecznie z nich korzysta\u0107.&nbsp;<\/p>\n\n\n\n<p><strong>Zastosowania \u017curawi stacjonarnych<\/strong>&nbsp;<\/p>\n\n\n\n<ul class=\"wp-block-list\">\n<li>do transportu \u0142adunk\u00f3w jako urz\u0105dzenie transportu bliskiego,&nbsp;<\/li>\n\n\n\n<li>w procesach produkcyjnych i ich optymalizacji,&nbsp;<\/li>\n\n\n\n<li>do prac roz\u0142adunkowych,&nbsp;<\/li>\n\n\n\n<li>do prac monta\u017cowych,&nbsp;<\/li>\n\n\n\n<li>do prac remontowych.&nbsp;<\/li>\n<\/ul>\n\n\n\n<p><strong>Jednostki podnosz\u0105ce<\/strong>&nbsp;<\/p>\n\n\n\n<ul class=\"wp-block-list\">\n<li>wci\u0105gnik linowy elektryczny,&nbsp;<\/li>\n\n\n\n<li>wci\u0105gnik pneumatyczny,&nbsp;<\/li>\n\n\n\n<li>wci\u0105gnik \u0142a\u0144cuchowy.&nbsp;<\/li>\n<\/ul>\n\n\n\n<h2 class=\"wp-block-heading\"><strong>Konstrukcja \u017curawi stacjonarnych<\/strong>&nbsp;<\/h2>\n\n\n\n<p>G\u0142\u00f3wny podzia\u0142 \u017curawi wyr\u00f3\u017cnia przy\u015bcienne i s\u0142upowe, jednak najwa\u017cniejszym wyr\u00f3\u017cnikiem konstrukcyjnym jest ich podstawa lub inaczej spos\u00f3b mocowania. \u017buraw w zale\u017cno\u015bci od rodzaju mo\u017ce by\u0107 przymocowany do maszyny b\u0105d\u017a do stropu. Mo\u017ce by\u0107 tak\u017ce zamontowany na tzw. stopie fundamentowej lub p\u0142ycie po\u015bredniej.&nbsp;&nbsp;<\/p>\n\n\n\n<h2 class=\"wp-block-heading\"><strong>Mechanizmy motoryczne&nbsp;<\/strong>&nbsp;<\/h2>\n\n\n\n<p>Obr\u00f3t \u017curawia jest zazwyczaj realizowany przez:&nbsp;<\/p>\n\n\n\n<ul class=\"wp-block-list\">\n<li>obr\u00f3t o nap\u0119dzie mechanicznym lub elektrycznym,&nbsp;<\/li>\n<\/ul>\n\n\n\n<ul class=\"wp-block-list\">\n<li>obr\u00f3t r\u0119czny.&nbsp;<\/li>\n<\/ul>\n\n\n\n<p>Obr\u00f3t elektryczny wykorzystuje najcz\u0119\u015bciej sprz\u0119\u017ce\u0144 cierny b\u0105d\u017a wieniec z\u0119baty.&nbsp;<\/p>\n\n\n\n<h3 class=\"wp-block-heading\"><strong>Rami\u0119<\/strong>&nbsp;<\/h3>\n\n\n\n<p>\u017burawie mog\u0105 posiada\u0107 jeden lub dwa wysi\u0119gniki. Montowane albo naprzeciwko siebie, albo jeden na drugim. W\u015br\u00f3d \u017curawi przemys\u0142owych najcz\u0119\u015bciej mo\u017cna spotka\u0107 \u017curawie z ramieniem \u0142amanym, poniewa\u017c tak najlepiej mo\u017cna wykorzysta\u0107 ich mo\u017cliwo\u015bci na zamkni\u0119tych przestrzeniach.&nbsp;&nbsp;<\/p>\n\n\n\n<h2 class=\"wp-block-heading\"><strong>Dob\u00f3r \u017curawi stacjonarnych<\/strong>&nbsp;<\/h2>\n\n\n\n<p>Przy wyborze odpowiedniego modelu \u017curawia stacjonarnego nale\u017cy pami\u0119ta\u0107 o jego najwa\u017cniejszych parametrach technicznych. S\u0105 to:&nbsp;<\/p>\n\n\n\n<ul class=\"wp-block-list\">\n<li>ud\u017awig,&nbsp;<\/li>\n\n\n\n<li>k\u0105t obrotu,&nbsp;<\/li>\n\n\n\n<li>wysoko\u015b\u0107 podnoszenia,&nbsp;<\/li>\n\n\n\n<li>wysi\u0119g.&nbsp;<\/li>\n<\/ul>\n\n\n\n<p>Inn\u0105 wa\u017cn\u0105 rzecz\u0105, kt\u00f3r\u0105 nale\u017cy wzi\u0105\u0107 pod uwag\u0119 to tzw. pr\u0119dko\u015bci robocze. Wyr\u00f3\u017cnia si\u0119 pr\u0119dko\u015b\u0107 podnoszenia, pr\u0119dko\u015b\u0107 jazdy wci\u0105gnika oraz pr\u0119dko\u015b\u0107 obrotu.&nbsp;<\/p>\n\n\n\n<h2 class=\"wp-block-heading\"><strong>Pozosta\u0142e typy \u017curawi<\/strong>&nbsp;<\/h2>\n\n\n\n<p>\u017burawie stacjonarne to nie jedyny rodzaj tych urz\u0105dze\u0144. Opr\u00f3cz nich wyr\u00f3\u017cniamy tak\u017ce:&nbsp;<\/p>\n\n\n\n<ul class=\"wp-block-list\">\n<li>\u017curawie przewo\u017ane,&nbsp;<\/li>\n\n\n\n<li><a href=\"https:\/\/szkolenia-udt.pl\/nb\/kursy\/uprawnienia-udt-tdt-wdt\/operator-konserwator-zurawia-samojezdnego\/\">\u017curawie samojezdne<\/a>,&nbsp;<\/li>\n\n\n\n<li>\u017curawie szynowe,&nbsp;<\/li>\n\n\n\n<li>\u017curawie wie\u017cowe,&nbsp;<\/li>\n\n\n\n<li>\u017curawie kolejowe,&nbsp;<\/li>\n\n\n\n<li>\u017curawie pok\u0142adowe,&nbsp;<\/li>\n\n\n\n<li>\u017curawie p\u0142ywaj\u0105ce.&nbsp;<\/li>\n<\/ul>\n\n\n\n<h2 class=\"wp-block-heading\"><strong>Dlaczego warto wykorzysta\u0107 \u017curawie stacjonarne?<\/strong>&nbsp;<\/h2>\n\n\n\n<p>\u017burawie doskonale wspomagaj\u0105 prac\u0119 ka\u017cdego przedsi\u0119biorstwa przemys\u0142owego. S\u0105 jednym z najlepszych rozwi\u0105za\u0144 w\u015br\u00f3d urz\u0105dze\u0144 transportu bliskiego. \u015awietnie sprawdzaj\u0105 si\u0119 w miejscach trudno dost\u0119pnych np. podczas transportowania \u0142adunk\u00f3w na wysoko\u015bciach. S\u0105 r\u00f3wnie\u017c du\u017co stabilniejsze ni\u017c inne rodzaje \u017curawi.&nbsp;&nbsp;&nbsp;<\/p>\n\n\n\n<h2 class=\"wp-block-heading\"><strong>Nasze wymagania&nbsp;<\/strong>&nbsp;<\/h2>\n\n\n\n<p>Wszyscy kandydaci na kurs musz\u0105 mie\u0107:&nbsp;&nbsp;<\/p>\n\n\n\n<ul class=\"wp-block-list\">\n<li>18 lat,&nbsp;&nbsp;<\/li>\n\n\n\n<li>brak przeciwwskaza\u0144 do wykonywania zawodu na podstawie orzeczenia lekarskiego,&nbsp;&nbsp;<\/li>\n\n\n\n<li>wykszta\u0142cenie podstawowe lub wy\u017csze.\u00a0\u00a0<\/li>\n<\/ul>\n\n\n\n<h2 class=\"wp-block-heading\">Pytania i odpowiedzi<\/h2>\n\n\n\t\t<section\t\thelp class=\"sc_fs_faq sc_card    \"\n\t\t\t\t>\n\t\t\t\t<h2>DLACZEGO WARTO PRACOWA\u0106 Z \u017bURAWIAMI STACJONARNYMI?\u00a0<\/h2>\t\t\t\t<div>\n\t\t\t\t\t\t<div class=\"sc_fs_faq__content\">\n\t\t\t\t\n\n<p>\u017burawie stacjonarne to najlepsza opcja do wykorzystania g\u0142\u00f3wnie w halach przemys\u0142owych. Charakteryzuj\u0105 si\u0119 du\u017cym ud\u017awigiem i du\u017co lepsz\u0105 ni\u017c inne rodzaje stabilno\u015bci\u0105. S\u0105 zatem cz\u0119sto wykorzystywane, wi\u0119c zapotrzebowanie na operator\u00f3w tak\u017ce jest du\u017ce.\u00a0\u00a0<\/p>\n\n\t\t\t<\/div>\n\t\t<\/div>\n\t\t<\/section>\n\t\t\t\t<section\t\thelp class=\"sc_fs_faq sc_card    \"\n\t\t\t\t>\n\t\t\t\t<h2>JAKIE FORMALNO\u015aCI DOTYCZ\u0104 \u017bURAWI STACJONARNYCH?\u00a0<\/h2>\t\t\t\t<div>\n\t\t\t\t\t\t<div class=\"sc_fs_faq__content\">\n\t\t\t\t\n\n<p>\u017burawie stacjonarne nale\u017c\u0105 do grupy urz\u0105dze\u0144 podlegaj\u0105cych Urz\u0119dowi Dozoru Technicznego. Oznacza to, \u017ce nale\u017cy je zarejestrowa\u0107 oraz poddawa\u0107 regularnym przegl\u0105dom. Do ich obs\u0142ugi wymagana jest w\u0142a\u015bciwa licencja.\u00a0<\/p>\n\n\t\t\t<\/div>\n\t\t<\/div>\n\t\t<\/section>\n\t\t\t\t<section\t\thelp class=\"sc_fs_faq sc_card    \"\n\t\t\t\t>\n\t\t\t\t<h2>JAKIE JESZCZE S\u0104 RODZAJE \u017bURAWI?\u00a0<\/h2>\t\t\t\t<div>\n\t\t\t\t\t\t<div class=\"sc_fs_faq__content\">\n\t\t\t\t\n\n<p>Poza \u017curawiami stacjonarnymi wyr\u00f3\u017cnia si\u0119 r\u00f3wnie\u017c \u017curawie przewo\u017ane i przeno\u015bne, samojezdne, szynowe, kolejowe, pok\u0142adowe, p\u0142ywaj\u0105ce oraz wie\u017cowe.\u00a0<\/p>\n\n\t\t\t<\/div>\n\t\t<\/div>\n\t\t<\/section>\n\t\t\n<script type=\"application\/ld+json\">\n\t{\n\t\t\"@context\": \"https:\/\/schema.org\",\n\t\t\"@type\": \"FAQPage\",\n\t\t\"mainEntity\": [\n\t\t\t\t\t{\n\t\t\t\t\"@type\": \"Question\",\n\t\t\t\t\"name\": \"DLACZEGO WARTO PRACOWA\u0106 Z \u017bURAWIAMI STACJONARNYMI?\u00a0\",\n\t\t\t\t\"acceptedAnswer\": {\n\t\t\t\t\t\"@type\": \"Answer\",\n\t\t\t\t\t\"text\": \"<p>\u017burawie stacjonarne to najlepsza opcja do wykorzystania g\u0142\u00f3wnie w halach przemys\u0142owych. Charakteryzuj\u0105 si\u0119 du\u017cym ud\u017awigiem i du\u017co lepsz\u0105 ni\u017c inne rodzaje stabilno\u015bci\u0105. S\u0105 zatem cz\u0119sto wykorzystywane, wi\u0119c zapotrzebowanie na operator\u00f3w tak\u017ce jest du\u017ce.\u00a0\u00a0<\/p>\"\n\t\t\t\t\t\t\t\t\t}\n\t\t\t}\n\t\t\t,\t\t\t\t{\n\t\t\t\t\"@type\": \"Question\",\n\t\t\t\t\"name\": \"JAKIE FORMALNO\u015aCI DOTYCZ\u0104 \u017bURAWI STACJONARNYCH?\u00a0\",\n\t\t\t\t\"acceptedAnswer\": {\n\t\t\t\t\t\"@type\": \"Answer\",\n\t\t\t\t\t\"text\": \"<p>\u017burawie stacjonarne nale\u017c\u0105 do grupy urz\u0105dze\u0144 podlegaj\u0105cych Urz\u0119dowi Dozoru Technicznego. Oznacza to, \u017ce nale\u017cy je zarejestrowa\u0107 oraz poddawa\u0107 regularnym przegl\u0105dom. Do ich obs\u0142ugi wymagana jest w\u0142a\u015bciwa licencja.\u00a0<\/p>\"\n\t\t\t\t\t\t\t\t\t}\n\t\t\t}\n\t\t\t,\t\t\t\t{\n\t\t\t\t\"@type\": \"Question\",\n\t\t\t\t\"name\": \"JAKIE JESZCZE S\u0104 RODZAJE \u017bURAWI?\u00a0\",\n\t\t\t\t\"acceptedAnswer\": {\n\t\t\t\t\t\"@type\": \"Answer\",\n\t\t\t\t\t\"text\": \"<p>Poza \u017curawiami stacjonarnymi wyr\u00f3\u017cnia si\u0119 r\u00f3wnie\u017c \u017curawie przewo\u017ane i przeno\u015bne, samojezdne, szynowe, kolejowe, pok\u0142adowe, p\u0142ywaj\u0105ce oraz wie\u017cowe.\u00a0<\/p>\"\n\t\t\t\t\t\t\t\t\t}\n\t\t\t}\n\t\t\t\t\t\t]\n\t}\n<\/script>\n\n\n\n<p><\/p>\n","protected":false},"excerpt":{"rendered":"<p>\u017burawie stacjonarne, zwane r\u00f3wnie\u017c d\u017awigami, to d\u017awignice sk\u0142adaj\u0105ce si\u0119 z kolumn i wysi\u0119gnik\u00f3w. Oferowane przez nas kursy ucz\u0105 obs\u0142ugi zaawansowanych technologicznie urz\u0105dze\u0144, niezwykle przydatnych w r\u00f3\u017cnorodnych bran\u017cach.&nbsp; Jaki jest przebieg kursu?&nbsp;&nbsp; Szkolenie dla operator\u00f3w \u017curawi stacjonarnych przygotowuje uczestnik\u00f3w zar\u00f3wno pod wzgl\u0119dem praktycznym, jak i teoretycznym. W naszym materiale znajduj\u0105 si\u0119 np.:&nbsp;&nbsp; Uczymy praktycznych umiej\u0119tno\u015bci na [&hellip;]<\/p>\n","protected":false},"author":3,"featured_media":3483,"parent":2266,"menu_order":0,"comment_status":"closed","ping_status":"closed","template":"","meta":{"footnotes":""},"class_list":["post-3482","page","type-page","status-publish","has-post-thumbnail","hentry"],"aioseo_notices":[],"_links":{"self":[{"href":"https:\/\/szkolenia-udt.pl\/nb\/wp-json\/wp\/v2\/pages\/3482","targetHints":{"allow":["GET"]}}],"collection":[{"href":"https:\/\/szkolenia-udt.pl\/nb\/wp-json\/wp\/v2\/pages"}],"about":[{"href":"https:\/\/szkolenia-udt.pl\/nb\/wp-json\/wp\/v2\/types\/page"}],"author":[{"embeddable":true,"href":"https:\/\/szkolenia-udt.pl\/nb\/wp-json\/wp\/v2\/users\/3"}],"replies":[{"embeddable":true,"href":"https:\/\/szkolenia-udt.pl\/nb\/wp-json\/wp\/v2\/comments?post=3482"}],"version-history":[{"count":2,"href":"https:\/\/szkolenia-udt.pl\/nb\/wp-json\/wp\/v2\/pages\/3482\/revisions"}],"predecessor-version":[{"id":3486,"href":"https:\/\/szkolenia-udt.pl\/nb\/wp-json\/wp\/v2\/pages\/3482\/revisions\/3486"}],"up":[{"embeddable":true,"href":"https:\/\/szkolenia-udt.pl\/nb\/wp-json\/wp\/v2\/pages\/2266"}],"wp:featuredmedia":[{"embeddable":true,"href":"https:\/\/szkolenia-udt.pl\/nb\/wp-json\/wp\/v2\/media\/3483"}],"wp:attachment":[{"href":"https:\/\/szkolenia-udt.pl\/nb\/wp-json\/wp\/v2\/media?parent=3482"}],"curies":[{"name":"wp","href":"https:\/\/api.w.org\/{rel}","templated":true}]}}