{"id":361,"date":"2014-10-09T17:19:21","date_gmt":"2014-10-09T17:19:21","guid":{"rendered":"http:\/\/szkolenia-udt.pl\/?page_id=361"},"modified":"2023-12-11T00:59:20","modified_gmt":"2023-12-10T23:59:20","slug":"teleskoptrucker","status":"publish","type":"page","link":"https:\/\/szkolenia-udt.pl\/nb\/kursy\/uprawnienia-udt-tdt-wdt\/ladowarki-teleskopowe\/","title":{"rendered":"Teleskopl\u00f8ftere"},"content":{"rendered":"<h2>Kurs for teleskoptrucker - Warszawa og hele Polen<\/h2>\n<div style=\"float: left; padding-right: 10px;\"><div id=\"metaslider-id-388\" style=\"max-width: 300px;\" class=\"ml-slider-3-108-0 metaslider metaslider-flex metaslider-388 ml-slider ms-theme-default nav-hidden\" role=\"region\" aria-label=\"Teleskoplaster\" data-height=\"225\" data-width=\"300\">\n    <div id=\"metaslider_container_388\">\n        <div id=\"metaslider_388\">\n            <ul class='slides'>\n                <li style=\"display: block; width: 100%;\" class=\"slide-702 ms-image\" aria-roledescription=\"slide\" data-date=\"2014-10-12 11:29:19\" data-filename=\"O\u015brodek-szkolenia-operator\u00f3w1.jpg\" data-slide-type=\"image\"><img loading=\"lazy\" decoding=\"async\" src=\"https:\/\/szkolenia-udt.pl\/wp-content\/uploads\/2014\/10\/O\u015brodek-szkolenia-operator\u00f3w1.jpg\" height=\"225\" width=\"300\" alt=\"Laster-kurs\" class=\"slider-388 slide-702 msDefaultImage\" \/><\/li>\n                <li style=\"display: none; width: 100%;\" class=\"slide-699 ms-image\" aria-roledescription=\"slide\" data-date=\"2014-10-12 11:29:17\" data-filename=\"Kurs-\u0142adowarka-teleskopowa.jpg\" data-slide-type=\"image\"><img loading=\"lazy\" decoding=\"async\" src=\"https:\/\/szkolenia-udt.pl\/wp-content\/uploads\/2014\/10\/Kurs-\u0142adowarka-teleskopowa.jpg\" height=\"225\" width=\"300\" alt=\"\" class=\"slider-388 slide-699 msDefaultImage\" \/><\/li>\n                <li style=\"display: none; width: 100%;\" class=\"slide-701 ms-image\" aria-roledescription=\"slide\" data-date=\"2014-10-12 11:29:19\" data-filename=\"OSO-Warszawa3.jpg\" data-slide-type=\"image\"><img loading=\"lazy\" decoding=\"async\" src=\"https:\/\/szkolenia-udt.pl\/wp-content\/uploads\/2014\/10\/OSO-Warszawa3.jpg\" height=\"225\" width=\"300\" alt=\"\" class=\"slider-388 slide-701 msDefaultImage\" \/><\/li>\n                <li style=\"display: none; width: 100%;\" class=\"slide-700 ms-image\" aria-roledescription=\"slide\" data-date=\"2014-10-12 11:29:18\" data-filename=\"Kursy-oraz-szkolenia-uprawnienia-udt.jpg\" data-slide-type=\"image\"><img loading=\"lazy\" decoding=\"async\" src=\"https:\/\/szkolenia-udt.pl\/wp-content\/uploads\/2014\/10\/Kursy-oraz-szkolenia-uprawnienia-udt.jpg\" height=\"225\" width=\"300\" alt=\"udt-oppl\u00e6ring\" class=\"slider-388 slide-700 msDefaultImage\" \/><\/li>\n                <li style=\"display: none; width: 100%;\" class=\"slide-1207 ms-image\" aria-roledescription=\"slide\" data-date=\"2014-11-17 21:42:14\" data-filename=\"\u0142adowarka-teles3a.jpg\" data-slide-type=\"image\"><img loading=\"lazy\" decoding=\"async\" src=\"https:\/\/szkolenia-udt.pl\/wp-content\/uploads\/2014\/11\/\u0142adowarka-teles3a.jpg\" height=\"225\" width=\"300\" alt=\"\" class=\"slider-388 slide-1207 msDefaultImage\" \/><\/li>\n            <\/ul>\n        <\/div>\n        \n    <\/div>\n<\/div><\/div>\n<div class=\"wyjustuj\">Kurs for teleskoplastere finner sted i <a href=\"https:\/\/szkolenia-udt.pl\/nb\/o-firmie\/\">Oppl\u00e6ringssenter for operat\u00f8rer<\/a> er et tilbud til alle som \u00f8nsker \u00e5 skaffe seg de n\u00f8dvendige kvalifikasjonene for \u00e5 jobbe som operat\u00f8r av denne typen utstyr. Som en oppl\u00e6ringsbedrift med erfaring kan vi garantere at v\u00e5rt lastmaskinkurs vil v\u00e6re en god investering!<\/div>\n<h2 class=\"wyjustuj boldnagl\"><strong>Bruk av utstyr<\/strong><\/h2>\n<div class=\"wyjustuj\">\n<p>Teleskoplasteren med variabel rekkevidde er en spesialisert gaffeltruck som f\u00f8rst og fremst er utviklet for transportarbeid p\u00e5 byggeplasser og i landbruket. Takket v\u00e6re sin konstruksjon og kraft er den i stand til \u00e5 transportere st\u00f8rre gjenstander enn vanlige gaffeltrucker. Den brukes blant annet til h\u00e5ndtering av gjenstander som st\u00e5lkonstruksjoner, betongelementer, tilslag, trevirke, halm og annet. Blant de mest popul\u00e6re produsentene av denne typen utstyr er: Manitou, JCB, Merlo, New Holland, Dieci og Case. For \u00e5 bruke utstyret m\u00e5 operat\u00f8ren ha et kompetansesertifikat.<\/p>\n<h2 class=\"boldnagl\"><strong>Form\u00e5let med oppl\u00e6ringen<\/strong><\/h2>\n<p>Teleskoptruckkursene er utformet for \u00e5 gi deltakerne omfattende kunnskaper. Kursene gir teoretiske kunnskaper og praktiske ferdigheter for betjening av utstyr i kategori I WJO - spesialiserte gaffeltrucker, inkludert trucker med variabel rekkevidde, eller teleskoptrucker.<\/p>\n<p>Takket v\u00e6re oss kan du skaffe deg kvalifikasjoner til en gunstig pris og med visshet om at du f\u00e5r oppl\u00e6ring av kompetente medarbeidere. Kvaliteten p\u00e5 oppl\u00e6ringen har v\u00e6rt en prioritet for oss i mange \u00e5r, noe som ogs\u00e5 gjenspeiles i kundenes tilfredshet.<\/p>\n<h2 class=\"boldnagl\"><strong>Program<\/strong><\/h2>\n<p>Teleskoplasterkursene v\u00e5re er utformet for \u00e5 gi deltakerne omfattende kunnskap om hvordan maskinen skal betjenes. M\u00e5let v\u00e5rt er ikke bare \u00e5 undervise for \u00e5 best\u00e5 eksamen, men ogs\u00e5 \u00e5 gi nyttige r\u00e5d som er nyttige i arbeidshverdagen, slik at den er sikker og fungerer problemfritt. Derfor undervises alle kursene vi arrangerer av en person med h\u00f8y kompetanse og erfaring innen oppl\u00e6ring og yrket sitt. Programmene er utviklet p\u00e5 grunnlag av UDTs retningslinjer og den nyeste lovgivningen.<\/p>\n<h3 class=\"boldnagl\"><strong>Kurs i teleskoplastere - med variabel rekkevidde er basert p\u00e5 f\u00f8lgende informasjon:<\/strong><\/h3>\n<ul>\n<li>typer utstyr og deres konstruksjon<\/li>\n<li>teknisk tilsyn<\/li>\n<li>utstyrsoperat\u00f8rens aktiviteter f\u00f8r, under og etter arbeidsoppgaven<\/li>\n<li>Grunnleggende godsvitenskap<\/li>\n<li>tilleggsutstyr og tilbeh\u00f8r<\/li>\n<li>konstruksjon og drift av gassflasker<\/li>\n<li>Helse og sikkerhet p\u00e5 arbeidsplassen<\/li>\n<\/ul>\n<p>Oppl\u00e6ringen omfatter ogs\u00e5 praktiske \u00f8velser p\u00e5 utstyr. N\u00e5r det gjelder lukkede klasser, er det mulig \u00e5 inkludere temaer knyttet til de ansattes spesifikke arbeidsoppgaver.<\/p>\n<div style=\"float: left; padding-right: 10px;\"><div id=\"metaslider-id-388\" style=\"max-width: 300px;\" class=\"ml-slider-3-108-0 metaslider metaslider-flex metaslider-388 ml-slider ms-theme-default nav-hidden nav-hidden\" role=\"region\" aria-label=\"Teleskoplaster\" data-height=\"225\" data-width=\"300\">\n    <div id=\"metaslider_container_388\">\n        <div id=\"metaslider_388\">\n            <ul class='slides'>\n                <li style=\"display: block; width: 100%;\" class=\"slide-702 ms-image\" aria-roledescription=\"slide\" data-date=\"2014-10-12 11:29:19\" data-filename=\"O\u015brodek-szkolenia-operator\u00f3w1.jpg\" data-slide-type=\"image\"><img loading=\"lazy\" decoding=\"async\" src=\"https:\/\/szkolenia-udt.pl\/wp-content\/uploads\/2014\/10\/O\u015brodek-szkolenia-operator\u00f3w1.jpg\" height=\"225\" width=\"300\" alt=\"Laster-kurs\" class=\"slider-388 slide-702 msDefaultImage\" \/><\/li>\n                <li style=\"display: none; width: 100%;\" class=\"slide-699 ms-image\" aria-roledescription=\"slide\" data-date=\"2014-10-12 11:29:17\" data-filename=\"Kurs-\u0142adowarka-teleskopowa.jpg\" data-slide-type=\"image\"><img loading=\"lazy\" decoding=\"async\" src=\"https:\/\/szkolenia-udt.pl\/wp-content\/uploads\/2014\/10\/Kurs-\u0142adowarka-teleskopowa.jpg\" height=\"225\" width=\"300\" alt=\"\" class=\"slider-388 slide-699 msDefaultImage\" \/><\/li>\n                <li style=\"display: none; width: 100%;\" class=\"slide-701 ms-image\" aria-roledescription=\"slide\" data-date=\"2014-10-12 11:29:19\" data-filename=\"OSO-Warszawa3.jpg\" data-slide-type=\"image\"><img loading=\"lazy\" decoding=\"async\" src=\"https:\/\/szkolenia-udt.pl\/wp-content\/uploads\/2014\/10\/OSO-Warszawa3.jpg\" height=\"225\" width=\"300\" alt=\"\" class=\"slider-388 slide-701 msDefaultImage\" \/><\/li>\n                <li style=\"display: none; width: 100%;\" class=\"slide-700 ms-image\" aria-roledescription=\"slide\" data-date=\"2014-10-12 11:29:18\" data-filename=\"Kursy-oraz-szkolenia-uprawnienia-udt.jpg\" data-slide-type=\"image\"><img loading=\"lazy\" decoding=\"async\" src=\"https:\/\/szkolenia-udt.pl\/wp-content\/uploads\/2014\/10\/Kursy-oraz-szkolenia-uprawnienia-udt.jpg\" height=\"225\" width=\"300\" alt=\"udt-oppl\u00e6ring\" class=\"slider-388 slide-700 msDefaultImage\" \/><\/li>\n                <li style=\"display: none; width: 100%;\" class=\"slide-1207 ms-image\" aria-roledescription=\"slide\" data-date=\"2014-11-17 21:42:14\" data-filename=\"\u0142adowarka-teles3a.jpg\" data-slide-type=\"image\"><img loading=\"lazy\" decoding=\"async\" src=\"https:\/\/szkolenia-udt.pl\/wp-content\/uploads\/2014\/11\/\u0142adowarka-teles3a.jpg\" height=\"225\" width=\"300\" alt=\"\" class=\"slider-388 slide-1207 msDefaultImage\" \/><\/li>\n            <\/ul>\n        <\/div>\n        \n    <\/div>\n<\/div><\/div>\n<h3 class=\"boldnagl\"><strong>Rettigheter<\/strong><\/h3>\n<p>For \u00e5 oppn\u00e5 kvalifikasjonen m\u00e5 man f\u00f8rst delta p\u00e5 et kurs om teleskoptrucker og deretter avlegge en eksamen for en nemnd fra Office of Technical Inspection. Etter best\u00e5tt eksamen f\u00e5r han eller hun det relevante sertifikatet og er autorisert til \u00e5 arbeide som maskinf\u00f8rer. Sertifikatene er gyldige i 5 \u00e5r i Polen og EU-landene. Det er mulig \u00e5 f\u00e5 utstedt dokumenter p\u00e5 andre spr\u00e5k.<\/p>\n<h3 class=\"boldnagl\"><strong>Vilk\u00e5r for opptak<\/strong><\/h3>\n<p>Lasterkurs er tilgjengelig for de som:<\/p>\n<ul>\n<li>er minst 18 \u00e5r gamle<\/li>\n<li>har minst grunnskoleutdanning<\/li>\n<li>ikke har kontraindikasjoner mot \u00e5 arbeide som utstyrsoperat\u00f8r<\/li>\n<\/ul>\n<p>Lastekurset arrangeres i b\u00e5de \u00e5pne og lukkede formater. Se timeplanen for kommende \u00e5pne kurs, som er \u00e5pne for alle interesserte. N\u00e5r det gjelder lukkede kurs, organiserer vi dem p\u00e5 et tidspunkt som passer kunden, ogs\u00e5 i deres lokaler.<\/p>\n<p><a href=\"https:\/\/szkolenia-udt.pl\/nb\/oferta\/\">Pris for oppl\u00e6ring<\/a> fastsettes individuelt avhengig av antall deltakere. Prislisten v\u00e5r viser h\u00f8yeste og laveste mulige bel\u00f8p for bruk av tjenesten. Maksimalt 15 personer kan delta p\u00e5 kurset.<\/p>\n<p>Undervisningen foreg\u00e5r i v\u00e5re filialer i byene: Warszawa, Krakow, Katowice og Bielsko-Biala. Vi kan ogs\u00e5 arrangere dem p\u00e5 et hvilket som helst sted i Polen som kunden \u00f8nsker.<\/p>\n<p>Vi er alltid tilgjengelige for sp\u00f8rsm\u00e5l. Vi oppfordrer deg til \u00e5 <a href=\"https:\/\/szkolenia-udt.pl\/nb\/kontakt\/\">Kontakt oss<\/a> via e-post, telefon eller ved personlig oppm\u00f8te p\u00e5 en av v\u00e5re filialer. V\u00e5re medarbeidere utarbeider et individuelt tilbud spesielt for deg og svarer p\u00e5 alle dine sp\u00f8rsm\u00e5l.<\/p>\n<\/div>","protected":false},"excerpt":{"rendered":"<p>Kursy na \u0142adowarki teleskopowe &#8211; Warszawa i ca\u0142a Polska Kurs na \u0142adowark\u0119 teleskopow\u0105 odbywaj\u0105cy si\u0119 w O\u015brodku Szkolenia Operator\u00f3w to oferta skierowana do ka\u017cdego, kto chcia\u0142by uzyska\u0107 niezb\u0119dne uprawnienia do pracy na stanowisku operatora urz\u0105dze\u0144 tego typu. Jako firma szkoleniowa z do\u015bwiadczeniem gwarantujemy, \u017ce nasz kurs na \u0142adowark\u0119 b\u0119dzie dobr\u0105 inwestycj\u0105! Zastosowanie sprz\u0119tu \u0141adowarka ze [&hellip;]<\/p>\n","protected":false},"author":3,"featured_media":702,"parent":2266,"menu_order":0,"comment_status":"closed","ping_status":"closed","template":"","meta":{"footnotes":""},"class_list":["post-361","page","type-page","status-publish","has-post-thumbnail","hentry"],"aioseo_notices":[],"_links":{"self":[{"href":"https:\/\/szkolenia-udt.pl\/nb\/wp-json\/wp\/v2\/pages\/361","targetHints":{"allow":["GET"]}}],"collection":[{"href":"https:\/\/szkolenia-udt.pl\/nb\/wp-json\/wp\/v2\/pages"}],"about":[{"href":"https:\/\/szkolenia-udt.pl\/nb\/wp-json\/wp\/v2\/types\/page"}],"author":[{"embeddable":true,"href":"https:\/\/szkolenia-udt.pl\/nb\/wp-json\/wp\/v2\/users\/3"}],"replies":[{"embeddable":true,"href":"https:\/\/szkolenia-udt.pl\/nb\/wp-json\/wp\/v2\/comments?post=361"}],"version-history":[{"count":18,"href":"https:\/\/szkolenia-udt.pl\/nb\/wp-json\/wp\/v2\/pages\/361\/revisions"}],"predecessor-version":[{"id":3257,"href":"https:\/\/szkolenia-udt.pl\/nb\/wp-json\/wp\/v2\/pages\/361\/revisions\/3257"}],"up":[{"embeddable":true,"href":"https:\/\/szkolenia-udt.pl\/nb\/wp-json\/wp\/v2\/pages\/2266"}],"wp:featuredmedia":[{"embeddable":true,"href":"https:\/\/szkolenia-udt.pl\/nb\/wp-json\/wp\/v2\/media\/702"}],"wp:attachment":[{"href":"https:\/\/szkolenia-udt.pl\/nb\/wp-json\/wp\/v2\/media?parent=361"}],"curies":[{"name":"wp","href":"https:\/\/api.w.org\/{rel}","templated":true}]}}