{"id":366,"date":"2014-10-09T17:25:31","date_gmt":"2014-10-09T17:25:31","guid":{"rendered":"http:\/\/szkolenia-udt.pl\/?page_id=366"},"modified":"2022-09-01T22:20:46","modified_gmt":"2022-09-01T20:20:46","slug":"teleskoplastere-med-variabel-rekkevidde","status":"publish","type":"page","link":"https:\/\/szkolenia-udt.pl\/nb\/dzwignice\/ladowarki-teleskopowe-ze-zmiennym-wysiegiem\/","title":{"rendered":"Teleskopl\u00f8ftere"},"content":{"rendered":"<div style=\"float: left; padding-right: 10px;\"><div id=\"metaslider-id-388\" style=\"max-width: 300px;\" class=\"ml-slider-3-108-0 metaslider metaslider-flex metaslider-388 ml-slider ms-theme-default nav-hidden\" role=\"region\" aria-label=\"Teleskoplaster\" data-height=\"225\" data-width=\"300\">\n    <div id=\"metaslider_container_388\">\n        <div id=\"metaslider_388\">\n            <ul class='slides'>\n                <li style=\"display: block; width: 100%;\" class=\"slide-702 ms-image\" aria-roledescription=\"slide\" data-date=\"2014-10-12 11:29:19\" data-filename=\"O\u015brodek-szkolenia-operator\u00f3w1.jpg\" data-slide-type=\"image\"><img loading=\"lazy\" decoding=\"async\" src=\"https:\/\/szkolenia-udt.pl\/wp-content\/uploads\/2014\/10\/O\u015brodek-szkolenia-operator\u00f3w1.jpg\" height=\"225\" width=\"300\" alt=\"Laster-kurs\" class=\"slider-388 slide-702 msDefaultImage\" \/><\/li>\n                <li style=\"display: none; width: 100%;\" class=\"slide-699 ms-image\" aria-roledescription=\"slide\" data-date=\"2014-10-12 11:29:17\" data-filename=\"Kurs-\u0142adowarka-teleskopowa.jpg\" data-slide-type=\"image\"><img loading=\"lazy\" decoding=\"async\" src=\"https:\/\/szkolenia-udt.pl\/wp-content\/uploads\/2014\/10\/Kurs-\u0142adowarka-teleskopowa.jpg\" height=\"225\" width=\"300\" alt=\"\" class=\"slider-388 slide-699 msDefaultImage\" \/><\/li>\n                <li style=\"display: none; width: 100%;\" class=\"slide-701 ms-image\" aria-roledescription=\"slide\" data-date=\"2014-10-12 11:29:19\" data-filename=\"OSO-Warszawa3.jpg\" data-slide-type=\"image\"><img loading=\"lazy\" decoding=\"async\" src=\"https:\/\/szkolenia-udt.pl\/wp-content\/uploads\/2014\/10\/OSO-Warszawa3.jpg\" height=\"225\" width=\"300\" alt=\"\" class=\"slider-388 slide-701 msDefaultImage\" \/><\/li>\n                <li style=\"display: none; width: 100%;\" class=\"slide-700 ms-image\" aria-roledescription=\"slide\" data-date=\"2014-10-12 11:29:18\" data-filename=\"Kursy-oraz-szkolenia-uprawnienia-udt.jpg\" data-slide-type=\"image\"><img loading=\"lazy\" decoding=\"async\" src=\"https:\/\/szkolenia-udt.pl\/wp-content\/uploads\/2014\/10\/Kursy-oraz-szkolenia-uprawnienia-udt.jpg\" height=\"225\" width=\"300\" alt=\"udt-oppl\u00e6ring\" class=\"slider-388 slide-700 msDefaultImage\" \/><\/li>\n                <li style=\"display: none; width: 100%;\" class=\"slide-1207 ms-image\" aria-roledescription=\"slide\" data-date=\"2014-11-17 21:42:14\" data-filename=\"\u0142adowarka-teles3a.jpg\" data-slide-type=\"image\"><img loading=\"lazy\" decoding=\"async\" src=\"https:\/\/szkolenia-udt.pl\/wp-content\/uploads\/2014\/11\/\u0142adowarka-teles3a.jpg\" height=\"225\" width=\"300\" alt=\"\" class=\"slider-388 slide-1207 msDefaultImage\" \/><\/li>\n            <\/ul>\n        <\/div>\n        \n    <\/div>\n<\/div><\/div>\n<div class=\"wyjustuj\">Lastere brukes ofte til transportarbeid. Teleskoplastere - med variabel rekkevidde - faller inn under denne kategorien og er mye brukt i bygg- og anleggsarbeid og i landbruket. Moderne utstyr gj\u00f8r det mulig \u00e5 utf\u00f8re arbeidet sikkert og mye raskere. For \u00e5 kunne bruke disse maskinene trenger du et teleskoplasterkurs og en autorisasjon fra teknisk kontrollorgan.<\/div>\n<h2 class=\"wyjustuj\"><strong>Grunnleggende informasjon<\/strong><\/h2>\n<p class=\"wyjustuj\">En teleskoplaster er en spesialisert gaffeltruck med variabel rekkevidde. Popul\u00e6re produsenter av denne typen utstyr er bl.a: Dieci, Manitou, Merlo, New Holland, Case, JCB. Modellene tilbys i forskjellige varianter og med tilleggsutstyr, noe som gj\u00f8r dem sv\u00e6rt anvendelige og mye brukt p\u00e5 arbeidsplasser. Denne typen utstyr skiller seg fra standard gaffeltrucker ved at de har en annen utforming. De er utstyrt med spesialutstyr som gj\u00f8r det mulig \u00e5 h\u00e5ndtere st\u00f8rre og tyngre gjenstander og materialer. De har kraftigere motorer, f\u00f8rerhuset er ekstra beskyttet for \u00e5 beskytte f\u00f8reren mot ulykker, og de er ogs\u00e5 utstyrt med en spesiell drivlinje og dekk som gj\u00f8r at de kan kj\u00f8re p\u00e5 de fleste underlag, ogs\u00e5 vanskelige. Den spesielle konstruksjonen og kraften gj\u00f8r at disse maskinene brukes til jobber der vanlige gaffeltrucker ikke kan brukes og det kreves en spesialisert gaffeltruck.<\/p>\n<h3 class=\"boldnagl\"><strong>S\u00f8knad<\/strong><\/h3>\n<p>Lastebiler er mye brukt innen bygg og anlegg og i landbruket. De leveres med en rekke redskaper som gj\u00f8r at de kan utf\u00f8re mange oppgaver. De brukes blant annet til jordarbeid og transport av jord og tilslag av ulike typer, til transport av st\u00e5lkonstruksjoner, betongelementer samt gj\u00f8dsel, halm og trevirke. I tillegg brukes maskinene i lagerindustrien til lasting og lossing av paller, big-bags og kassepaller. Ved \u00e5 montere menneskekurver p\u00e5 trallene er det mulig \u00e5 bruke dem som heiser.<\/p>\n<h3 class=\"boldnagl\"><strong>Typer av utstyr<\/strong><\/h3>\n<p><strong>Det finnes to typer utstyr, avhengig av utformingen:<\/strong><\/p>\n<ul>\n<li>stive, frontmonterte - har f\u00f8rerhuset stivt plassert p\u00e5 maskinrammen. Bommene styres fra h\u00f8yre side av kj\u00f8ret\u00f8yet. Enhetene kan utstyres med sidest\u00f8tter. Gjennomsnittlig l\u00f8ftekapasitet varierer fra 1,5 til 20 tonn, med en maksimal rekkevidde p\u00e5 20 meter.<\/li>\n<li>Roterende - har et svingbart hode som gj\u00f8r at f\u00f8rerhuset kan flyttes og bommen kan flyttes 360 grader p\u00e5 maskinplattformen. I gjennomsnitt har de en l\u00f8ftekapasitet p\u00e5 3 til 5 tonn og en maksimal rekkevidde p\u00e5 30 meter.<\/li>\n<\/ul>\n<h3 class=\"boldnagl\"><strong>Tjenestel\u00e6ring<\/strong><\/h3>\n<p>For \u00e5 kunne betjene utstyret trenger du et teleskopl\u00f8fterkurs. For \u00e5 arbeide med det beskrevne utstyret m\u00e5 du v\u00e6re kvalifisert i WJO-kategori I for spesialiserte gaffeltrucker. De kan ikke brukes av personer som er kvalifisert for andre typer gaffeltrucker. Det grunnleggende kravet er at du deltar p\u00e5 et oppl\u00e6ringskurs ved et sertifisert senter. For \u00e5 delta p\u00e5 oppl\u00e6ringen m\u00e5 du v\u00e6re myndig, ha minst grunnskoleutdanning og ikke ha noen medisinske kontraindikasjoner mot \u00e5 jobbe som truckf\u00f8rer.<\/p>\n<div style=\"float: left; padding-right: 10px;\"><div id=\"metaslider-id-704\" style=\"max-width: 300px;\" class=\"ml-slider-3-108-0 metaslider metaslider-flex metaslider-704 ml-slider ms-theme-default nav-hidden nav-hidden\" role=\"region\" aria-label=\"teleskoplaster2\" data-height=\"225\" data-width=\"300\">\n    <div id=\"metaslider_container_704\">\n        <div id=\"metaslider_704\">\n            <ul class='slides'>\n                <li style=\"display: block; width: 100%;\" class=\"slide-713 ms-image\" aria-roledescription=\"slide\" data-date=\"2014-10-12 11:48:49\" data-filename=\"foto-\u0142adowarka.jpg\" data-slide-type=\"image\"><img loading=\"lazy\" decoding=\"async\" src=\"https:\/\/szkolenia-udt.pl\/wp-content\/uploads\/2014\/10\/foto-\u0142adowarka.jpg\" height=\"225\" width=\"300\" alt=\"Kurser Teleskopisk h\u00e5ndteringsenhet\" class=\"slider-704 slide-713 msDefaultImage\" \/><\/li>\n                <li style=\"display: none; width: 100%;\" class=\"slide-715 ms-image\" aria-roledescription=\"slide\" data-date=\"2014-10-12 11:48:51\" data-filename=\"kursy-\u0142adowarki2.jpg\" data-slide-type=\"image\"><img loading=\"lazy\" decoding=\"async\" src=\"https:\/\/szkolenia-udt.pl\/wp-content\/uploads\/2014\/10\/kursy-\u0142adowarki2.jpg\" height=\"225\" width=\"300\" alt=\"Oppl\u00e6ringssenter for operat\u00f8rer i Warszawa\" class=\"slider-704 slide-715 msDefaultImage\" \/><\/li>\n                <li style=\"display: none; width: 100%;\" class=\"slide-717 ms-image\" aria-roledescription=\"slide\" data-date=\"2014-10-12 11:48:53\" data-filename=\"OSO-Warszawa4.jpg\" data-slide-type=\"image\"><img loading=\"lazy\" decoding=\"async\" src=\"https:\/\/szkolenia-udt.pl\/wp-content\/uploads\/2014\/10\/OSO-Warszawa4.jpg\" height=\"225\" width=\"300\" alt=\"\" class=\"slider-704 slide-717 msDefaultImage\" \/><\/li>\n                <li style=\"display: none; width: 100%;\" class=\"slide-718 ms-image\" aria-roledescription=\"slide\" data-date=\"2014-10-12 11:48:53\" data-filename=\"zdj\u0119cie-\u0142adowarka-teleskopowa.jpg\" data-slide-type=\"image\"><img loading=\"lazy\" decoding=\"async\" src=\"https:\/\/szkolenia-udt.pl\/wp-content\/uploads\/2014\/10\/zdj\u0119cie-\u0142adowarka-teleskopowa.jpg\" height=\"225\" width=\"300\" alt=\"Kurs og oppl\u00e6ring for teleskoplastere\" class=\"slider-704 slide-718 msDefaultImage\" \/><\/li>\n                <li style=\"display: none; width: 100%;\" class=\"slide-714 ms-image\" aria-roledescription=\"slide\" data-date=\"2014-10-12 11:48:50\" data-filename=\"kursy-\u0142adowarki.jpg\" data-slide-type=\"image\"><img loading=\"lazy\" decoding=\"async\" src=\"https:\/\/szkolenia-udt.pl\/wp-content\/uploads\/2014\/10\/kursy-\u0142adowarki.jpg\" height=\"225\" width=\"300\" alt=\"\" class=\"slider-704 slide-714 msDefaultImage\" \/><\/li>\n            <\/ul>\n        <\/div>\n        \n    <\/div>\n<\/div><\/div>\n<p>Oppl\u00e6ringen gir deltakerne teoretisk informasjon om bruk av utstyret, helse- og sikkerhetsregler og annen kunnskap som er n\u00f8dvendig for sikkert arbeid. Oppl\u00e6ringen omfatter ogs\u00e5 praktiske \u00f8velser. P\u00e5 slutten av kurset avlegger deltakeren en eksamen for en kommisjon fra Office of Technical Inspection. Hvis deltakeren best\u00e5r eksamen, f\u00e5r han\/hun et sertifikat og en lisens som er gyldig i fem \u00e5r.<\/p>\n<p>I v\u00e5r <a href=\"https:\/\/szkolenia-udt.pl\/nb\/o-firmie\/\">Oppl\u00e6ringssenter for operat\u00f8rer<\/a> Vi tilbyr profesjonell oppl\u00e6ring for operat\u00f8rer av lastere med variabel rekkevidde - teleskoplastere. Kursene arrangeres p\u00e5 fire steder i Polen: Warszawa, Krakow, Katowice, Bielsko-Bia\u0142a, samt i hele Polen med reise til kunden. <a href=\"https:\/\/szkolenia-udt.pl\/nb\/oferta\/\">Prisliste<\/a> avhenger av antall deltakere i klassene.<\/p>\n<p><a href=\"https:\/\/szkolenia-udt.pl\/nb\/kontakt\/\">Du er hjertelig invitert<\/a> p\u00e5 <a href=\"https:\/\/szkolenia-udt.pl\/nb\/kursy\/uprawnienia-udt-tdt-wdt\/ladowarki-teleskopowe\/\">kurs for teleskoplastere<\/a> til v\u00e5rt operat\u00f8roppl\u00e6ringssenter!<\/p>","protected":false},"excerpt":{"rendered":"<p>\u0141adowarki s\u0105 powszechnie wykorzystywanymi w pracach transportowych urz\u0105dzeniami. \u0141adowarki teleskopowe \u2013 ze zmiennym wysi\u0119giem nale\u017c\u0105 do tej kategorii i znajduj\u0105 szerokie zastosowanie w pracach w bran\u017cy budowniczej oraz rolniczej. Nowoczesne sprz\u0119ty pozwalaj\u0105 na bezpieczne i znacznie szybsze wykonywanie prac. Do ich obs\u0142ugi potrzebny jest kurs na \u0142adowark\u0119 teleskopow\u0105 i odpowiednie uprawnienia nadawane przez UDT. Podstawowe [&hellip;]<\/p>\n","protected":false},"author":3,"featured_media":0,"parent":69,"menu_order":0,"comment_status":"closed","ping_status":"closed","template":"","meta":{"footnotes":""},"class_list":["post-366","page","type-page","status-publish","hentry"],"aioseo_notices":[],"_links":{"self":[{"href":"https:\/\/szkolenia-udt.pl\/nb\/wp-json\/wp\/v2\/pages\/366","targetHints":{"allow":["GET"]}}],"collection":[{"href":"https:\/\/szkolenia-udt.pl\/nb\/wp-json\/wp\/v2\/pages"}],"about":[{"href":"https:\/\/szkolenia-udt.pl\/nb\/wp-json\/wp\/v2\/types\/page"}],"author":[{"embeddable":true,"href":"https:\/\/szkolenia-udt.pl\/nb\/wp-json\/wp\/v2\/users\/3"}],"replies":[{"embeddable":true,"href":"https:\/\/szkolenia-udt.pl\/nb\/wp-json\/wp\/v2\/comments?post=366"}],"version-history":[{"count":13,"href":"https:\/\/szkolenia-udt.pl\/nb\/wp-json\/wp\/v2\/pages\/366\/revisions"}],"predecessor-version":[{"id":3258,"href":"https:\/\/szkolenia-udt.pl\/nb\/wp-json\/wp\/v2\/pages\/366\/revisions\/3258"}],"up":[{"embeddable":true,"href":"https:\/\/szkolenia-udt.pl\/nb\/wp-json\/wp\/v2\/pages\/69"}],"wp:attachment":[{"href":"https:\/\/szkolenia-udt.pl\/nb\/wp-json\/wp\/v2\/media?parent=366"}],"curies":[{"name":"wp","href":"https:\/\/api.w.org\/{rel}","templated":true}]}}