{"id":37,"date":"2014-10-07T16:20:56","date_gmt":"2014-10-07T16:20:56","guid":{"rendered":"http:\/\/szkolenia-udt.pl\/?page_id=37"},"modified":"2016-07-05T20:02:46","modified_gmt":"2016-07-05T20:02:46","slug":"udt-rettigheter","status":"publish","type":"page","link":"https:\/\/szkolenia-udt.pl\/nb\/uprawnienia-udt\/","title":{"rendered":"UDT-tillatelser"},"content":{"rendered":"<h3>Hos oss f\u00e5r du dine UDT-autorisasjoner - Warszawa og over hele Polen.<\/h3>\n<div class=\"wyjustuj\">Kontoret for teknisk inspeksjon (UDT) er en statlig institusjon med base i Warszawa, som har som form\u00e5l \u00e5 kontrollere sikkerheten til installasjoner og teknisk utstyr som er underlagt teknisk tilsyn. Det er en enhet som driver oppl\u00e6ring og sertifisering, og som har egne forsknings- og kompetansefasiliteter.<strong>Virkeomr\u00e5de for Kontoret for teknisk inspeksjon:<\/strong><\/p>\n<ul>\n<li>ut\u00f8ve tilsyn og kontroll i forbindelse med etterlevelse av tekniske kontrollforskrifter og annet gjeldende regelverk<\/li>\n<li>utf\u00f8re teknisk tilsyn av utstyr som er oppf\u00f8rt i forskriftene<\/li>\n<li>utstedelse av vedtak om teknisk tilsyn<\/li>\n<li>registrering av teknisk utstyr<\/li>\n<li>analyser av \u00e5rsaker til og virkninger av skader p\u00e5 utstyr og risikovurdering av disse<\/li>\n<li>motivere til forbedring av brukernes og produsentenes ferdigheter i arbeidet med utstyret<\/li>\n<li>utarbeidelse og godkjenning av programmer for UDT-kurs<\/li>\n<li>verifisering av ansattes kvalifikasjoner, utstedelse av UDT-autorisasjoner<\/li>\n<\/ul>\n<p>Alle personer som \u00f8nsker \u00e5 arbeide p\u00e5 utstyr som traverskraner, kraner, HDS, gaffeltrucker, beltestablere, lift- og taubaner, containerh\u00e5ndterings- og p\u00e5fyllingsutstyr eller mobile plattformer, blant annet, sertifiseres av Office of Technical Inspection. En person som arbeider som operat\u00f8r av ovennevnte utstyr, men som ikke har UTD-sertifikat, utsetter arbeidsgiveren for straff.<\/p>\n<div style=\"float: left; padding-right: 10px;\"><div id=\"metaslider-id-625\" style=\"max-width: 300px;\" class=\"ml-slider-3-107-0 metaslider metaslider-flex metaslider-625 ml-slider ms-theme-default nav-hidden\" role=\"region\" aria-label=\"Rettigheter\" data-height=\"225\" data-width=\"300\">\n    <div id=\"metaslider_container_625\">\n        <div id=\"metaslider_625\">\n            <ul class='slides'>\n                <li style=\"display: block; width: 100%;\" class=\"slide-540 ms-image\" aria-roledescription=\"slide\" data-date=\"2014-10-11 16:42:06\" data-filename=\"170AETJL_BI_NRJ_045.jpg\" data-slide-type=\"image\"><img loading=\"lazy\" decoding=\"async\" src=\"https:\/\/szkolenia-udt.pl\/wp-content\/uploads\/2014\/10\/170AETJL_BI_NRJ_045.jpg\" height=\"225\" width=\"300\" alt=\"Kurs og oppl\u00e6ring \" class=\"slider-625 slide-540 msDefaultImage\" \/><\/li>\n                <li style=\"display: none; width: 100%;\" class=\"slide-1109 ms-image\" aria-roledescription=\"slide\" data-date=\"2014-11-12 13:56:05\" data-filename=\"bizness3a.jpg\" data-slide-type=\"image\"><img loading=\"lazy\" decoding=\"async\" src=\"https:\/\/szkolenia-udt.pl\/wp-content\/uploads\/2014\/11\/bizness3a.jpg\" height=\"225\" width=\"300\" alt=\"oppl\u00e6ring\" class=\"slider-625 slide-1109 msDefaultImage\" \/><\/li>\n                <li style=\"display: none; width: 100%;\" class=\"slide-1105 ms-image\" aria-roledescription=\"slide\" data-date=\"2014-11-12 13:56:03\" data-filename=\"biznes4a.jpg\" data-slide-type=\"image\"><img loading=\"lazy\" decoding=\"async\" src=\"https:\/\/szkolenia-udt.pl\/wp-content\/uploads\/2014\/11\/biznes4a.jpg\" height=\"225\" width=\"300\" alt=\"\" class=\"slider-625 slide-1105 msDefaultImage\" \/><\/li>\n                <li style=\"display: none; width: 100%;\" class=\"slide-1104 ms-image\" aria-roledescription=\"slide\" data-date=\"2014-11-12 13:56:02\" data-filename=\"biznes1a.jpg\" data-slide-type=\"image\"><img loading=\"lazy\" decoding=\"async\" src=\"https:\/\/szkolenia-udt.pl\/wp-content\/uploads\/2014\/11\/biznes1a.jpg\" height=\"225\" width=\"300\" alt=\"\" class=\"slider-625 slide-1104 msDefaultImage\" \/><\/li>\n                <li style=\"display: none; width: 100%;\" class=\"slide-1112 ms-image\" aria-roledescription=\"slide\" data-date=\"2014-11-12 14:10:23\" data-filename=\"engeneer2.jpg\" data-slide-type=\"image\"><img loading=\"lazy\" decoding=\"async\" src=\"https:\/\/szkolenia-udt.pl\/wp-content\/uploads\/2014\/11\/engeneer2.jpg\" height=\"225\" width=\"300\" alt=\"\" class=\"slider-625 slide-1112 msDefaultImage\" \/><\/li>\n            <\/ul>\n        <\/div>\n        \n    <\/div>\n<\/div><\/div>\n<p>For \u00e5 f\u00e5 UDT-lisens er det n\u00f8dvendig \u00e5 delta i oppl\u00e6ringskurs. UDT-kurs gjennomf\u00f8res over hele Polen av yrkesoppl\u00e6ringsinstitusjoner. Slike <a href=\"https:\/\/szkolenia-udt.pl\/nb\/kursy\/uprawnienia-udt-tdt-wdt\/szkolenia-z-zakresu-udt\/\">UDT-kurs<\/a> skal organiseres av en sertifisert virksomhet som samarbeider med myndigheten. Virksomheten skal tilby undervisning i henhold til myndighetens krav i form av teori og praktiske \u00f8velser. <a href=\"https:\/\/szkolenia-udt.pl\/nb\/kursy\/szkolenie-audytorskie-udt\/\">UDT-oppl\u00e6ring<\/a> forbereder deg til en eksamen, som finner sted foran en nemnd best\u00e5ende av medlemmer av myndigheten. Eksamen best\u00e5r vanligvis av en skriftlig eller muntlig pr\u00f8ve. Vilk\u00e5rene for \u00e5 best\u00e5 pr\u00f8ven avhenger av hvilken type rettighet deltakeren s\u00f8ker om. Mer informasjon kan f\u00e5s ved henvendelse til oppl\u00e6ringssentrene eller kontoret.<\/p>\n<p><strong>Juridisk grunnlag:<\/strong><\/p>\n<ul>\n<li>Lov av 21. desember 2000 om teknisk tilsyn (Lovtidende nr. 122, post 1321, med endringer).<\/li>\n<li>\u00d8konomiministerens forskrift om kontroll av kvalifikasjoner som kreves for drift og vedlikehold av tekniske innretninger av 18. juli 2001 (Journal of Laws nr. 79, punkt 849), endret ved forskrift av 20. februar 2003 (Journal of Laws nr. 50, punkt 426), utstedt p\u00e5 grunnlag av artikkel 23, paragraf 5 i lov om teknisk tilsyn.<\/li>\n<\/ul>\n<p>Alle som er interessert i \u00e5 skaffe seg en UDT-lisens <a href=\"https:\/\/szkolenia-udt.pl\/nb\/kontakt\/\">hjertelig velkommen<\/a> til v\u00e5rt oppl\u00e6ringssenter for operat\u00f8rer. Vi samarbeider med Arbeidstilsynet og tilbyr l\u00e6rlingeoppl\u00e6ring for maskinf\u00f8rere. Hos oss kan du blant annet ta fagbrev for arbeidsplattformer, sakselifter og kraner, <a href=\"https:\/\/szkolenia-udt.pl\/nb\/kursy\/wozki-widlowe\/\">f\u00f8rerkort for gaffeltruck<\/a>kraner. Vi holder kurs i byer som Warszawa, Krakow, Katowice og Bielsko-Bia\u0142a, der sentrene v\u00e5re ligger, men vi kan ogs\u00e5 holde dem direkte i kundens lokaler. Vi tilbyr lukkede kurs (for organiserte grupper) og \u00e5pne kurs (for alle interesserte). Vi garanterer lave priser!<\/p>\n<p>Du er hjertelig velkommen til \u00e5 delta p\u00e5 UDT-kurs ved v\u00e5rt senter!<\/p>\n<\/div>","protected":false},"excerpt":{"rendered":"<p>Z nami zdob\u0119dziesz Uprawnienia UDT &#8211; Warszawa i ca\u0142a Polska Urz\u0105d Dozoru Technicznego (UDT) to pa\u0144stwowa instytucja z siedzib\u0105 w Warszawie, kt\u00f3rej celem jest kontrola bezpiecze\u0144stwa instalacji i urz\u0105dze\u0144 technicznych podlegaj\u0105cych dozorowi technicznemu. Jest jednostk\u0105 prowadz\u0105c\u0105 dzia\u0142alno\u015b\u0107 szkoleniow\u0105, certyfikacyjn\u0105, posiadaj\u0105c\u0105 w\u0142asne zaplecze badawczo-ekspertyzowe.Zakres dzia\u0142ania Urz\u0119du Dozoru Technicznego: prowadzenie nadzoru i kontroli w zwi\u0105zku z przestrzeganiem [&hellip;]<\/p>\n","protected":false},"author":3,"featured_media":0,"parent":0,"menu_order":3,"comment_status":"closed","ping_status":"closed","template":"","meta":{"footnotes":""},"class_list":["post-37","page","type-page","status-publish","hentry"],"aioseo_notices":[],"_links":{"self":[{"href":"https:\/\/szkolenia-udt.pl\/nb\/wp-json\/wp\/v2\/pages\/37","targetHints":{"allow":["GET"]}}],"collection":[{"href":"https:\/\/szkolenia-udt.pl\/nb\/wp-json\/wp\/v2\/pages"}],"about":[{"href":"https:\/\/szkolenia-udt.pl\/nb\/wp-json\/wp\/v2\/types\/page"}],"author":[{"embeddable":true,"href":"https:\/\/szkolenia-udt.pl\/nb\/wp-json\/wp\/v2\/users\/3"}],"replies":[{"embeddable":true,"href":"https:\/\/szkolenia-udt.pl\/nb\/wp-json\/wp\/v2\/comments?post=37"}],"version-history":[{"count":9,"href":"https:\/\/szkolenia-udt.pl\/nb\/wp-json\/wp\/v2\/pages\/37\/revisions"}],"predecessor-version":[{"id":1667,"href":"https:\/\/szkolenia-udt.pl\/nb\/wp-json\/wp\/v2\/pages\/37\/revisions\/1667"}],"wp:attachment":[{"href":"https:\/\/szkolenia-udt.pl\/nb\/wp-json\/wp\/v2\/media?parent=37"}],"curies":[{"name":"wp","href":"https:\/\/api.w.org\/{rel}","templated":true}]}}