{"id":40,"date":"2014-10-07T16:21:46","date_gmt":"2014-10-07T16:21:46","guid":{"rendered":"http:\/\/szkolenia-udt.pl\/?page_id=40"},"modified":"2022-06-15T13:19:34","modified_gmt":"2022-06-15T11:19:34","slug":"kategorier-av-autorisasjoner","status":"publish","type":"page","link":"https:\/\/szkolenia-udt.pl\/nb\/uprawnienia-udt\/kategorie-uprawnien\/","title":{"rendered":"UDT-autorisasjonskategorier frem til 1. juni 2019"},"content":{"rendered":"<div style=\"float: left; padding-right: 10px;\"><div id=\"metaslider-id-373\" style=\"max-width: 300px;\" class=\"ml-slider-3-108-0 metaslider metaslider-flex metaslider-373 ml-slider ms-theme-default nav-hidden\" role=\"region\" aria-label=\"Om selskapet 2\" data-height=\"225\" data-width=\"300\">\n    <div id=\"metaslider_container_373\">\n        <div id=\"metaslider_373\">\n            <ul class='slides'>\n                <li style=\"display: block; width: 100%;\" class=\"slide-1109 ms-image\" aria-roledescription=\"slide\" data-date=\"2014-11-12 13:56:05\" data-filename=\"bizness3a.jpg\" data-slide-type=\"image\"><img loading=\"lazy\" decoding=\"async\" src=\"https:\/\/szkolenia-udt.pl\/wp-content\/uploads\/2014\/11\/bizness3a.jpg\" height=\"225\" width=\"300\" alt=\"oppl\u00e6ring\" class=\"slider-373 slide-1109 msDefaultImage\" \/><\/li>\n                <li style=\"display: none; width: 100%;\" class=\"slide-1106 ms-image\" aria-roledescription=\"slide\" data-date=\"2014-11-12 13:56:03\" data-filename=\"biznes5a.jpg\" data-slide-type=\"image\"><img loading=\"lazy\" decoding=\"async\" src=\"https:\/\/szkolenia-udt.pl\/wp-content\/uploads\/2014\/11\/biznes5a.jpg\" height=\"225\" width=\"300\" alt=\"teknisk kontrollmyndighet\" class=\"slider-373 slide-1106 msDefaultImage\" \/><\/li>\n                <li style=\"display: none; width: 100%;\" class=\"slide-1110 ms-image\" aria-roledescription=\"slide\" data-date=\"2014-11-12 14:04:12\" data-filename=\"meeting-2a.jpg\" data-slide-type=\"image\"><img loading=\"lazy\" decoding=\"async\" src=\"https:\/\/szkolenia-udt.pl\/wp-content\/uploads\/2014\/11\/meeting-2a.jpg\" height=\"225\" width=\"300\" alt=\"udt-kurs\" class=\"slider-373 slide-1110 msDefaultImage\" \/><\/li>\n                <li style=\"display: none; width: 100%;\" class=\"slide-1199 ms-image\" aria-roledescription=\"slide\" data-date=\"2014-11-17 21:17:06\" data-filename=\"firma-5a.jpg\" data-slide-type=\"image\"><img loading=\"lazy\" decoding=\"async\" src=\"https:\/\/szkolenia-udt.pl\/wp-content\/uploads\/2014\/11\/firma-5a.jpg\" height=\"225\" width=\"300\" alt=\"warsaw gaffeltrucker\" class=\"slider-373 slide-1199 msDefaultImage\" \/><\/li>\n                <li style=\"display: none; width: 100%;\" class=\"slide-1196 ms-image\" aria-roledescription=\"slide\" data-date=\"2014-11-17 21:17:04\" data-filename=\"Firma-2a.jpg\" data-slide-type=\"image\"><img loading=\"lazy\" decoding=\"async\" src=\"https:\/\/szkolenia-udt.pl\/wp-content\/uploads\/2014\/11\/Firma-2a.jpg\" height=\"225\" width=\"300\" alt=\"\" class=\"slider-373 slide-1196 msDefaultImage\" \/><\/li>\n            <\/ul>\n        <\/div>\n        \n    <\/div>\n<\/div><\/div>\n<div class=\"wyjustuj\">\n<p>P\u00e5 denne siden finner du en detaljert liste over utstyr som krever UDT-lisens. Dette er utstyr som er underlagt teknisk tilsyn, og som krever grunnleggende oppl\u00e6ring for \u00e5 kunne betjene det og best\u00e5 en eksamen foran en nemnd i Office of Technical Inspection. Ved \u00e5 velge v\u00e5rt Personal Improvement Centre kan du f\u00e5 UDT-autorisasjon p\u00e5 det omr\u00e5det du \u00f8nsker. Vi tilbyr omfattende oppl\u00e6ring til overkommelige priser, og undervisningsmetodene v\u00e5re gj\u00f8r at praktisk talt alle som deltar p\u00e5 kursene v\u00e5re, best\u00e5r eksamen p\u00e5 f\u00f8rste fors\u00f8k. Vi tilbyr rimelige kurspriser, og siden vi samarbeider med myndighetene, kan vi arrangere eksamener p\u00e5 tidspunkter som passer kundene v\u00e5re. Hvis du vil ha mer informasjon om UDT-godkjenninger og teknisk utstyr som er underlagt teknisk tilsyn, kan du g\u00e5 inn p\u00e5 nettstedet v\u00e5rt. <a href=\"http:\/\/www.udt.gov.pl\" target=\"_blank\" rel=\"noopener noreferrer\">https:\/\/www.udt.gov.pl<\/a>. N\u00e5r du har sp\u00f8rsm\u00e5l om <a href=\"https:\/\/szkolenia-udt.pl\/nb\/oferta\/\">v\u00e5re tjenester<\/a> oppl\u00e6ring eller \u00f8nsker \u00e5 bestille et kurs, kan du g\u00e5 til <a href=\"https:\/\/szkolenia-udt.pl\/nb\/kontakt\/\">Kontakt oss<\/a> - vi svarer s\u00e5 snart som mulig!<\/p>\n<div style=\"width: 90%; margin-left: 40px; font-size: 80%; overflow: auto;\">\n<table border=\"3\" cellspacing=\"1\" cellpadding=\"1\">\n<tbody>\n<tr>\n<td width=\"85\">Gruppe<\/td>\n<td width=\"85\">Kategori<\/td>\n<td width=\"236\">Omfanget av driftstillatelsen defineres av utstyrets type (form\u00e5l).<\/td>\n<td width=\"227\">Detaljert omfang - mulige begrensninger<\/td>\n<\/tr>\n<tr>\n<td width=\"85\">1<\/td>\n<td width=\"85\">2<\/td>\n<td width=\"236\">3<\/td>\n<td width=\"227\">4<\/td>\n<\/tr>\n<tr>\n<td rowspan=\"2\">Bergingsbiler<\/td>\n<td width=\"85\">II W<\/td>\n<td width=\"236\">Niv\u00e5styrte taljer og vinsjer og stasjon\u00e6re verkstedkraner.<\/td>\n<td width=\"227\">Form\u00e5l med utstyret:<\/p>\n<ul>\n<li>kroker til generelle form\u00e5l,<\/li>\n<li>spesiell:\n<ul>\n<li>cuzienne,<\/li>\n<li>herding,<\/li>\n<li>ley,<\/li>\n<li>gripende,<\/li>\n<li>gripere,<\/li>\n<li>andre.<\/li>\n<\/ul>\n<\/li>\n<\/ul>\n<\/td>\n<\/tr>\n<tr>\n<td width=\"85\">I W<\/td>\n<td width=\"236\">Taljer og vinsjer som styres fra arbeidsniv\u00e5 eller fra f\u00f8rerhuset og stasjon\u00e6re verkstedkraner.<\/td>\n<td width=\"227\">Form\u00e5l med utstyret:<\/p>\n<ul>\n<li>kroker til generelle form\u00e5l,<\/li>\n<li>spesiell:\n<ul>\n<li>cuzienne,<\/li>\n<li>herding,<\/li>\n<li>ley,<\/li>\n<li>gripende,<\/li>\n<li>gripere,<\/li>\n<li>andre.<\/li>\n<\/ul>\n<\/li>\n<\/ul>\n<\/td>\n<\/tr>\n<tr>\n<td rowspan=\"2\">Traverskraner<\/td>\n<td width=\"85\">II S<\/td>\n<td width=\"236\">Traverskraner, taljer og vinsjer som styres fra arbeidsniv\u00e5 og stasjon\u00e6re verkstedkraner.<\/td>\n<td width=\"227\">Form\u00e5l med utstyret:<\/p>\n<ul>\n<li>kroker til generelle form\u00e5l,<\/li>\n<li>spesiell:\n<ul>\n<li>kaffir,<\/li>\n<li>kolonner,<\/li>\n<li>cuzienne,<\/li>\n<li>Pawpaw,<\/li>\n<li>ticker,<\/li>\n<li>stryper,<\/li>\n<li>batch,<\/li>\n<li>herding,<\/li>\n<li>ley,<\/li>\n<li>gripende,<\/li>\n<li>gripere,<\/li>\n<li>traversering,<\/li>\n<li>andre.<\/li>\n<\/ul>\n<\/li>\n<\/ul>\n<\/td>\n<\/tr>\n<tr>\n<td width=\"85\">I S<\/td>\n<td width=\"236\">Traverskraner, taljer og vinsjer som styres fra arbeidsniv\u00e5et eller fra f\u00f8rerhuset, og stasjon\u00e6re verkstedkraner.<\/td>\n<td width=\"227\">Form\u00e5l med utstyret:<\/p>\n<ul>\n<li>kroker til generelle form\u00e5l,<\/li>\n<li>spesiell:\n<ul>\n<li>kaffir,<\/li>\n<li>kolonner,<\/li>\n<li>cuzienne,<\/li>\n<li>Pawpaw,<\/li>\n<li>ticker,<\/li>\n<li>stryper,<\/li>\n<li>batch,<\/li>\n<li>herding,<\/li>\n<li>ley,<\/li>\n<li>gripende,<\/li>\n<li>gripere,<\/li>\n<li>traversering,<\/li>\n<li>andre.<\/li>\n<\/ul>\n<\/li>\n<\/ul>\n<\/td>\n<\/tr>\n<tr>\n<td rowspan=\"3\">Kraner<\/td>\n<td width=\"85\">II \u00bf<\/td>\n<td width=\"236\">Kraner:<\/p>\n<ul>\n<li>stasjon\u00e6r,<\/li>\n<li>mobil,<\/li>\n<li>b\u00e6rbar,<\/li>\n<li>selvg\u00e5ende.<\/li>\n<\/ul>\n<\/td>\n<td width=\"227\">Typer av utstyr, typer av utstyr,<\/p>\n<p>kapasitetsbegrensning.<\/td>\n<\/tr>\n<tr>\n<td rowspan=\"2\" width=\"85\">I \u017b<\/td>\n<td width=\"236\">Kraner:<\/p>\n<ul>\n<li>t\u00e5rn og hurtigmontering.<\/li>\n<\/ul>\n<\/td>\n<td width=\"227\">Typer av utstyr:<\/p>\n<ul>\n<li>konstruksjon,<\/li>\n<li>andre,<\/li>\n<\/ul>\n<p>utstyrstyper,<\/p>\n<p>kapasitetsbegrensning.<\/td>\n<\/tr>\n<tr>\n<td width=\"236\">\n<ul>\n<li>skinne<\/li>\n<\/ul>\n<\/td>\n<td width=\"227\">Typer av utstyr:<\/p>\n<ul>\n<li>skipsbygging,<\/li>\n<li>andre,<\/li>\n<\/ul>\n<p>kapasitetsbegrensning.<\/td>\n<\/tr>\n<tr>\n<td rowspan=\"2\">Mobile plattformer<\/td>\n<td width=\"85\">II P<\/td>\n<td width=\"236\">Mobile plattformer:<\/p>\n<ul>\n<li>hengende,<\/li>\n<li>mastetoppene,<\/li>\n<li>stasjon\u00e6r.<\/li>\n<\/ul>\n<\/td>\n<td width=\"227\">Typer av utstyr, typer av utstyr.<\/td>\n<\/tr>\n<tr>\n<td width=\"85\">I P<\/td>\n<td width=\"236\">Mobile mobile plattformer:<\/p>\n<ul>\n<li>sakte bevegelser,<\/li>\n<li>kj\u00f8ret\u00f8ymontert selvg\u00e5ende,<\/li>\n<li>mobil.<\/li>\n<\/ul>\n<\/td>\n<td width=\"227\">Typer av utstyr, typer av utstyr.<\/td>\n<\/tr>\n<tr>\n<td>Stablerkraner<\/td>\n<td width=\"85\">I U<\/td>\n<td width=\"236\">Stabler.<\/td>\n<td width=\"227\">Enhetstyper.<\/td>\n<\/tr>\n<tr>\n<td>Linotor kraner<\/td>\n<td width=\"85\">I L<\/td>\n<td width=\"236\">Linotor-kraner.<\/td>\n<td width=\"227\"><\/td>\n<\/tr>\n<tr>\n<td><a href=\"https:\/\/szkolenia-udt.pl\/nb\/kursy\/uprawnienia-udt-tdt-wdt\/wyciagi-towarowe\/\">Godsheiser<\/a><\/td>\n<td width=\"85\">I WT<\/td>\n<td width=\"236\">Lastheiser:<\/p>\n<ul>\n<li>stasjon\u00e6r,<\/li>\n<li>mobil og b\u00e6rbar,<\/li>\n<li>skipsheiser.<\/li>\n<\/ul>\n<\/td>\n<td width=\"227\">Typer av utstyr, typer av utstyr.<\/td>\n<\/tr>\n<tr>\n<td rowspan=\"2\">Kraner<\/td>\n<td width=\"85\">II D<\/td>\n<td width=\"236\">Byggekraner:<\/p>\n<ul>\n<li>frakt og mobile og b\u00e6rbare vareheiser,<\/li>\n<li>gods og mennesker.<\/li>\n<\/ul>\n<\/td>\n<td width=\"227\">Typer av utstyr.<\/td>\n<\/tr>\n<tr>\n<td width=\"85\">\n<p style=\"text-align: center;\">I D<\/p>\n<\/td>\n<td width=\"236\">Internt kontrollerte frakt- og sykehuskraner.<\/td>\n<td width=\"227\"><\/td>\n<\/tr>\n<tr>\n<td>Utstyr for h\u00e5ndtering av containere<\/td>\n<td width=\"85\">I K<\/td>\n<td width=\"236\">Containerh\u00e5ndteringsutstyr for omlasting.<\/td>\n<td width=\"227\">Enhetstyper.<\/td>\n<\/tr>\n<tr>\n<td rowspan=\"3\"><a href=\"https:\/\/szkolenia-udt.pl\/nb\/kursy\/wozki-widlowe\/budowa-wozka-jezdniowego\/\">Mobile lastebiler<\/a> heise<\/td>\n<td width=\"85\">III WJO<\/td>\n<td width=\"236\">Selvg\u00e5ende og fjernstyrte gaffeltrucker<\/td>\n<td width=\"227\"><\/td>\n<\/tr>\n<tr>\n<td width=\"85\">\u00a0II WJO<\/td>\n<td width=\"236\">L\u00f8ftetrucker unntatt spesialiserte.<\/td>\n<td width=\"227\"><\/td>\n<\/tr>\n<tr>\n<td width=\"85\">I WJO<\/td>\n<td width=\"236\">L\u00f8ftetrucker, inkludert spesialiserte trucker.<\/td>\n<td width=\"227\">Type spesialisert vogn:<\/p>\n<ul>\n<li>med operat\u00f8ren som l\u00f8fter lasten,<\/li>\n<li>med variabelt overheng.<\/li>\n<\/ul>\n<\/td>\n<\/tr>\n<\/tbody>\n<\/table>\n<p>&nbsp;<\/p>\n<\/div>\n<\/div>","protected":false},"excerpt":{"rendered":"<p>Na tej stronie znajdziesz szczeg\u00f3\u0142owy wykaz urz\u0105dze\u0144, do kt\u00f3rych obs\u0142ugi potrzebne s\u0105 uprawnienia UDT. S\u0105 to urz\u0105dzenia podlegaj\u0105ce dozorowi technicznemu i wymagaj\u0105ce pocz\u0105tkowego przeszkolenia do obs\u0142ugi oraz zdania egzaminu przed komisj\u0105 Urz\u0119du Dozoru Technicznego. Wybieraj\u0105c nasz O\u015brodek Doskonalenia Kadr, mo\u017cesz uzyska\u0107 uprawnienia UDT w wybranym przez siebie zakresie. Zapewniamy kompleksowe przeszkolenie w przyst\u0119pnych cenach, a [&hellip;]<\/p>\n","protected":false},"author":3,"featured_media":0,"parent":37,"menu_order":0,"comment_status":"closed","ping_status":"closed","template":"","meta":{"footnotes":""},"class_list":["post-40","page","type-page","status-publish","hentry"],"aioseo_notices":[],"_links":{"self":[{"href":"https:\/\/szkolenia-udt.pl\/nb\/wp-json\/wp\/v2\/pages\/40","targetHints":{"allow":["GET"]}}],"collection":[{"href":"https:\/\/szkolenia-udt.pl\/nb\/wp-json\/wp\/v2\/pages"}],"about":[{"href":"https:\/\/szkolenia-udt.pl\/nb\/wp-json\/wp\/v2\/types\/page"}],"author":[{"embeddable":true,"href":"https:\/\/szkolenia-udt.pl\/nb\/wp-json\/wp\/v2\/users\/3"}],"replies":[{"embeddable":true,"href":"https:\/\/szkolenia-udt.pl\/nb\/wp-json\/wp\/v2\/comments?post=40"}],"version-history":[{"count":19,"href":"https:\/\/szkolenia-udt.pl\/nb\/wp-json\/wp\/v2\/pages\/40\/revisions"}],"predecessor-version":[{"id":2905,"href":"https:\/\/szkolenia-udt.pl\/nb\/wp-json\/wp\/v2\/pages\/40\/revisions\/2905"}],"up":[{"embeddable":true,"href":"https:\/\/szkolenia-udt.pl\/nb\/wp-json\/wp\/v2\/pages\/37"}],"wp:attachment":[{"href":"https:\/\/szkolenia-udt.pl\/nb\/wp-json\/wp\/v2\/media?parent=40"}],"curies":[{"name":"wp","href":"https:\/\/api.w.org\/{rel}","templated":true}]}}