{"id":42,"date":"2014-10-07T16:22:36","date_gmt":"2014-10-07T16:22:36","guid":{"rendered":"http:\/\/szkolenia-udt.pl\/?page_id=42"},"modified":"2019-05-09T13:41:47","modified_gmt":"2019-05-09T13:41:47","slug":"forskrifter","status":"publish","type":"page","link":"https:\/\/szkolenia-udt.pl\/nb\/uprawnienia-udt\/przepisy\/","title":{"rendered":"Forordninger"},"content":{"rendered":"<div class=\"wyjustuj\">Vi presenterer de viktigste bestemmelsene knyttet til v\u00e5r <a href=\"https:\/\/szkolenia-udt.pl\/nb\/o-firmie\/\">Sentrum<\/a> oppl\u00e6ringsaktiviteter, vilk\u00e5rene for tildeling av UDT-autorisasjoner og teknisk utstyr som er underlagt teknisk tilsyn.<\/p>\n<ul>\n<ul>\n<li><strong>Ministerr\u00e5dets forskrift av 7. desember 2012 om typer tekniske innretninger som er underlagt teknisk tilsyn (Journal of Laws 2012 nr. 0 pkt. 1468), fastsatt med hjemmel i artikkel 5(2) i lov om teknisk tilsyn.<\/strong><\/li>\n<\/ul>\n<\/ul>\n<p>Forskriften inneholder hvilke typer teknisk utstyr som er underlagt teknisk tilsyn. Dokumentet inneholder informasjon om former for teknisk tilsyn med utstyr, alternativer for tekniske tester og tidsfrister for disse, samt omfanget av tester for teknisk utstyr som brukes p\u00e5 arbeidsplasser. Forskriften omhandler trykkp\u00e5kjent utstyr, kraner, utstyr for n\u00e6rtransport, stol- og kabintransport\u00f8rer, tanker for oppbevaring av brennbare og giftige materialer.<\/p>\n<ul>\n<ul>\n<li><strong>Lov av 21. desember 2000 om teknisk tilsyn (Lovtidende 2013, post 963, med endringer).<\/strong><\/li>\n<\/ul>\n<\/ul>\n<p>Loven inneholder informasjon om prinsippene, formene og profilen for teknisk tilsyn utf\u00f8rt av autoriserte organer. Dette er de grunnleggende lovbestemmelsene som ligger til grunn for det tekniske tilsynets virksomhet. Dokumentet inneholder ogs\u00e5 bestemmelser om implementering av regelverket i Polen, prinsippene for tildeling av UDT-godkjenninger, prinsippene for godkjenning av tekniske innretninger for bruk, utvikling og produksjon, samt reparasjoner og modernisering.<\/p>\n<ul>\n<ul>\n<li><strong>\u00d8konomiministerens forskrift av 18. juli 2001 om prosedyren for verifisering av kvalifikasjonene som kreves for drift og vedlikehold av tekniske innretninger (Dz. U. nr. 79, punkt 849), endret ved forskrift av 20. februar 2003 (Dz. U. nr. 50, punkt 426), utstedt p\u00e5 grunnlag av artikkel 23, paragraf 5 i loven om teknisk tilsyn.<\/strong><\/li>\n<\/ul>\n<\/ul>\n<p>Forskriften inneholder bestemmelser om kvalifikasjonskontroller som er n\u00f8dvendige for drift og vedlikehold av teknisk utstyr og hvilke typer teknisk utstyr det kreves kvalifikasjoner for. I tillegg inneholder dokumentet et eksempel p\u00e5 en s\u00f8knad om kvalifikasjonskontroll med en forklaring av bestemmelsene og fristene for \u00e5 melde fra til personer som \u00f8nsker \u00e5 oppn\u00e5 kvalifikasjoner. Forskriften dekker ogs\u00e5 vilk\u00e5rene for eksamener av Office of Technical Inspection for drift og vedlikehold av utstyr.<\/p>\n<ul>\n<ul>\n<li><strong>\u00d8konomiministerens forskrift av 28. desember 2001 om de tekniske vilk\u00e5rene for teknisk tilsyn som heiser skal oppfylle (Dz. U. nr. 4, punkt 43).<\/strong><\/li>\n<\/ul>\n<\/ul>\n<p>Denne forskriften fokuserer p\u00e5 vilk\u00e5rene for teknisk tilsyn i forbindelse med prosjektering, produksjon, drift og vedlikehold av mekaniske og manuelle taljer og taljer for rettlinjet bevegelse av laster i vertikaler ved hjelp av stive elementer og delvis bruk av et koblingssystem. Forskriften gir i tillegg informasjon om formler, designfaktorer for utstyr, sikkerhetsfaktorer, prosedyrer for utskifting av heiskomponenter, inkludert de som ikke krever konsultasjon med tekniske tilsynsorganer.<\/p>\n<ul>\n<ul>\n<li><strong>Forskrift fra ministeren for entrepren\u00f8rskap og teknologi av 30. oktober 2018 om de tekniske vilk\u00e5rene for teknisk tilsyn ved drift, reparasjon og modernisering av materialh\u00e5ndteringsutstyr (Journal of Laws 2018 item 2176).<\/strong><\/li>\n<\/ul>\n<\/ul>\n<p>Forskriften inneholder bestemmelser om de tekniske vilk\u00e5rene for teknisk tilsyn med h\u00e5ndteringsutstyr, herunder, men ikke begrenset til, traverskraner, taljer og vinsjer, kraner, vareheiser, stablerkraner, mobile plattformer, transportutstyr for funksjonshemmede, plattform- og sirkelheiser, gangbroer og rulletrapper, kraner beregnet p\u00e5 transport av personer og last, byggekraner, sm\u00e5godskraner, linmotorkraner, <a href=\"https:\/\/szkolenia-udt.pl\/nb\/kursy\/wozki-widlowe\/budowa-wozka-jezdniowego\/\">gaffeltrucker<\/a> l\u00f8fteplattformer, jekker for h\u00e5ndtering av ikke-rettlinjet last og containerh\u00e5ndteringsutstyr.<\/p>\n<p>Vi inviterer deg ogs\u00e5 til \u00e5 l\u00e6re mer om UDTs autorisasjonskategorier!<\/p>\n<\/div>","protected":false},"excerpt":{"rendered":"<p>Przedstawiamy najwa\u017cniejsze przepisy zwi\u0105zane z prowadzon\u0105 przez nas O\u015brodek dzia\u0142alno\u015bci\u0105 szkoleniow\u0105, warunkami, na kt\u00f3rych nadawane s\u0105 uprawnienia UDT oraz urz\u0105dzeniami technicznymi podlegaj\u0105cymi dozorowi technicznemu. Rozporz\u0105dzenie Rady Ministr\u00f3w z dnia 7 grudnia 2012 r. w sprawie rodzaj\u00f3w urz\u0105dze\u0144 technicznych podlegaj\u0105cych dozorowi technicznemu (Dz. U. 2012 nr 0 poz. 1468), wydane na podstawie art. 5 ust. 2 [&hellip;]<\/p>\n","protected":false},"author":3,"featured_media":0,"parent":37,"menu_order":0,"comment_status":"closed","ping_status":"closed","template":"","meta":{"footnotes":""},"class_list":["post-42","page","type-page","status-publish","hentry"],"aioseo_notices":[],"_links":{"self":[{"href":"https:\/\/szkolenia-udt.pl\/nb\/wp-json\/wp\/v2\/pages\/42","targetHints":{"allow":["GET"]}}],"collection":[{"href":"https:\/\/szkolenia-udt.pl\/nb\/wp-json\/wp\/v2\/pages"}],"about":[{"href":"https:\/\/szkolenia-udt.pl\/nb\/wp-json\/wp\/v2\/types\/page"}],"author":[{"embeddable":true,"href":"https:\/\/szkolenia-udt.pl\/nb\/wp-json\/wp\/v2\/users\/3"}],"replies":[{"embeddable":true,"href":"https:\/\/szkolenia-udt.pl\/nb\/wp-json\/wp\/v2\/comments?post=42"}],"version-history":[{"count":8,"href":"https:\/\/szkolenia-udt.pl\/nb\/wp-json\/wp\/v2\/pages\/42\/revisions"}],"predecessor-version":[{"id":2070,"href":"https:\/\/szkolenia-udt.pl\/nb\/wp-json\/wp\/v2\/pages\/42\/revisions\/2070"}],"up":[{"embeddable":true,"href":"https:\/\/szkolenia-udt.pl\/nb\/wp-json\/wp\/v2\/pages\/37"}],"wp:attachment":[{"href":"https:\/\/szkolenia-udt.pl\/nb\/wp-json\/wp\/v2\/media?parent=42"}],"curies":[{"name":"wp","href":"https:\/\/api.w.org\/{rel}","templated":true}]}}