{"id":44,"date":"2014-10-07T16:23:18","date_gmt":"2014-10-07T16:23:18","guid":{"rendered":"http:\/\/szkolenia-udt.pl\/?page_id=44"},"modified":"2021-07-19T22:19:44","modified_gmt":"2021-07-19T22:19:44","slug":"snekkere","status":"publish","type":"page","link":"https:\/\/szkolenia-udt.pl\/nb\/dzwignice\/ciegniki\/","title":{"rendered":"Bergingsbiler"},"content":{"rendered":"<div style=\"float: left; padding-right: 10px;\"><div id=\"metaslider-id-629\" style=\"max-width: 300px;\" class=\"ml-slider-3-108-0 metaslider metaslider-flex metaslider-629 ml-slider ms-theme-default nav-hidden\" role=\"region\" aria-label=\"Bergingsbiler\" data-height=\"225\" data-width=\"300\">\n    <div id=\"metaslider_container_629\">\n        <div id=\"metaslider_629\">\n            <ul class='slides'>\n                <li style=\"display: block; width: 100%;\" class=\"slide-636 ms-image\" aria-roledescription=\"slide\" data-date=\"2014-10-12 07:55:54\" data-filename=\"Szkolenia-Ci\u0119gnik.jpg\" data-slide-type=\"image\"><img loading=\"lazy\" decoding=\"async\" src=\"https:\/\/szkolenia-udt.pl\/wp-content\/uploads\/2014\/10\/Szkolenia-Ci\u0119gnik.jpg\" height=\"225\" width=\"300\" alt=\"Oppl\u00e6ring av traktorer\" class=\"slider-629 slide-636 msDefaultImage\" \/><\/li>\n                <li style=\"display: none; width: 100%;\" class=\"slide-635 ms-image\" aria-roledescription=\"slide\" data-date=\"2014-10-12 07:55:53\" data-filename=\"OSO-Warszawa.jpg\" data-slide-type=\"image\"><img loading=\"lazy\" decoding=\"async\" src=\"https:\/\/szkolenia-udt.pl\/wp-content\/uploads\/2014\/10\/OSO-Warszawa.jpg\" height=\"225\" width=\"300\" alt=\"\" class=\"slider-629 slide-635 msDefaultImage\" \/><\/li>\n                <li style=\"display: none; width: 100%;\" class=\"slide-637 ms-image\" aria-roledescription=\"slide\" data-date=\"2014-10-12 07:55:54\" data-filename=\"Szkolenia-w\u00f3zki-wid\u0142owe2.jpg\" data-slide-type=\"image\"><img loading=\"lazy\" decoding=\"async\" src=\"https:\/\/szkolenia-udt.pl\/wp-content\/uploads\/2014\/10\/Szkolenia-w\u00f3zki-wid\u0142owe2.jpg\" height=\"225\" width=\"300\" alt=\"Kurs og oppl\u00e6ring Slepebiler\" class=\"slider-629 slide-637 msDefaultImage\" \/><\/li>\n                <li style=\"display: none; width: 100%;\" class=\"slide-632 ms-image\" aria-roledescription=\"slide\" data-date=\"2014-10-12 07:55:51\" data-filename=\"D\u017awigi-uprawnienia-UDT.jpg\" data-slide-type=\"image\"><img loading=\"lazy\" decoding=\"async\" src=\"https:\/\/szkolenia-udt.pl\/wp-content\/uploads\/2014\/10\/D\u017awigi-uprawnienia-UDT.jpg\" height=\"225\" width=\"300\" alt=\"\" class=\"slider-629 slide-632 msDefaultImage\" \/><\/li>\n                <li style=\"display: none; width: 100%;\" class=\"slide-634 ms-image\" aria-roledescription=\"slide\" data-date=\"2014-10-12 07:55:52\" data-filename=\"Kursy-szkolenia1.jpg\" data-slide-type=\"image\"><img loading=\"lazy\" decoding=\"async\" src=\"https:\/\/szkolenia-udt.pl\/wp-content\/uploads\/2014\/10\/Kursy-szkolenia1.jpg\" height=\"225\" width=\"300\" alt=\"Oppl\u00e6ringssenter for operat\u00f8rer i Warszawa\" class=\"slider-629 slide-634 msDefaultImage\" \/><\/li>\n            <\/ul>\n        <\/div>\n        \n    <\/div>\n<\/div><\/div>\n<div class=\"wyjustuj\">Vinsjer (vinsjer, jekker, vinsjer) er kraner og krever tillatelse fra Justervesenet for \u00e5 kunne brukes. Form\u00e5let med vinsjer er \u00e5 flytte last ved hjelp av sener i form av gripere eller kroker. I v\u00e5re <a href=\"https:\/\/szkolenia-udt.pl\/nb\/o-firmie\/\">Sentrum<\/a> OSO kan du melde deg p\u00e5 et kurs for l\u00f8fteanordninger, der du kan f\u00e5 de n\u00f8dvendige autorisasjonene for \u00e5 betjene dem. De er frittst\u00e5ende maskiner eller kan v\u00e6re en del av annet l\u00f8fteutstyr.<br \/>\n<strong><br \/>\nTraktorer kan flytte last i forskjellige plan:<\/strong><\/p>\n<ul>\n<li>attraktorer - lasten beveger seg i retning av avtrekkeren<\/li>\n<li>vinsjer - lasten beveger seg mot og bort fra vinsjen ved hjelp av tyngdekraften; n\u00e5r vinsjen er opphengt, kalles den en talje<\/li>\n<li>trekkgir - lasten beveges av to koblinger, hvorav den ene flytter lasten fra trekkgiret og den andre til trekkgiret<\/li>\n<\/ul>\n<div style=\"float: left; padding-right: 10px;\"><div id=\"metaslider-id-639\" style=\"max-width: 300px;\" class=\"ml-slider-3-108-0 metaslider metaslider-flex metaslider-639 ml-slider ms-theme-default nav-hidden nav-hidden\" role=\"region\" aria-label=\"Traktorer2\" data-height=\"225\" data-width=\"300\">\n    <div id=\"metaslider_container_639\">\n        <div id=\"metaslider_639\">\n            <ul class='slides'>\n                <li style=\"display: block; width: 100%;\" class=\"slide-630 ms-image\" aria-roledescription=\"slide\" data-date=\"2014-10-12 07:55:49\" data-filename=\"Ci\u0119gnik.jpg\" data-slide-type=\"image\"><img loading=\"lazy\" decoding=\"async\" src=\"https:\/\/szkolenia-udt.pl\/wp-content\/uploads\/2014\/10\/Ci\u0119gnik.jpg\" height=\"225\" width=\"300\" alt=\"\" class=\"slider-639 slide-630 msDefaultImage\" \/><\/li>\n                <li style=\"display: none; width: 100%;\" class=\"slide-631 ms-image\" aria-roledescription=\"slide\" data-date=\"2014-10-12 07:55:50\" data-filename=\"Ci\u0119gniki.jpg\" data-slide-type=\"image\"><img loading=\"lazy\" decoding=\"async\" src=\"https:\/\/szkolenia-udt.pl\/wp-content\/uploads\/2014\/10\/Ci\u0119gniki.jpg\" height=\"225\" width=\"300\" alt=\"Kurs Traktorer\" class=\"slider-639 slide-631 msDefaultImage\" \/><\/li>\n                <li style=\"display: none; width: 100%;\" class=\"slide-633 ms-image\" aria-roledescription=\"slide\" data-date=\"2014-10-12 07:55:51\" data-filename=\"kursy-Ci\u0119gniki.jpg\" data-slide-type=\"image\"><img loading=\"lazy\" decoding=\"async\" src=\"https:\/\/szkolenia-udt.pl\/wp-content\/uploads\/2014\/10\/kursy-Ci\u0119gniki.jpg\" height=\"225\" width=\"300\" alt=\"\" class=\"slider-639 slide-633 msDefaultImage\" \/><\/li>\n                <li style=\"display: none; width: 100%;\" class=\"slide-637 ms-image\" aria-roledescription=\"slide\" data-date=\"2014-10-12 07:55:54\" data-filename=\"Szkolenia-w\u00f3zki-wid\u0142owe2.jpg\" data-slide-type=\"image\"><img loading=\"lazy\" decoding=\"async\" src=\"https:\/\/szkolenia-udt.pl\/wp-content\/uploads\/2014\/10\/Szkolenia-w\u00f3zki-wid\u0142owe2.jpg\" height=\"225\" width=\"300\" alt=\"Kurs og oppl\u00e6ring Slepebiler\" class=\"slider-639 slide-637 msDefaultImage\" \/><\/li>\n                <li style=\"display: none; width: 100%;\" class=\"slide-634 ms-image\" aria-roledescription=\"slide\" data-date=\"2014-10-12 07:55:52\" data-filename=\"Kursy-szkolenia1.jpg\" data-slide-type=\"image\"><img loading=\"lazy\" decoding=\"async\" src=\"https:\/\/szkolenia-udt.pl\/wp-content\/uploads\/2014\/10\/Kursy-szkolenia1.jpg\" height=\"225\" width=\"300\" alt=\"Oppl\u00e6ringssenter for operat\u00f8rer i Warszawa\" class=\"slider-639 slide-634 msDefaultImage\" \/><\/li>\n            <\/ul>\n        <\/div>\n        \n    <\/div>\n<\/div><\/div>\n<p>Multiple vinsjer - er en egen type vinsj som danner et sett med vinsjer, h\u00f8vdinger og drag. De brukes f\u00f8rst og fremst i mastekraner, linmotorkraner og grabber.<\/p>\n<p>Vi har holdt traktorkurs i en \u00e5rrekke og hjulpet kundene v\u00e5re med \u00e5 tilegne seg de rette kvalifikasjonene for \u00e5 kj\u00f8re traktorene. Vi kjennetegnes av h\u00f8yeste kvalitet p\u00e5 oppl\u00e6ringen, kundetilfredshet og rimelige priser. <a href=\"https:\/\/szkolenia-udt.pl\/nb\/oferta\/\">pris<\/a>.<\/p>\n<p>Kom til OSO for traktoroppl\u00e6ring!<\/p>\n<\/div>","protected":false},"excerpt":{"rendered":"<p>Ci\u0119gniki (przyci\u0105garki, wodzarki, wci\u0105garki) zaliczane s\u0105 do urz\u0105dze\u0144 d\u017awigowych i do ich obs\u0142ugi potrzebne s\u0105 uprawnienia UDT. Zadaniem ci\u0119gnik\u00f3w jest przemieszczanie \u0142adunk\u00f3w z u\u017cyciem ci\u0119gien w formie chwytak\u00f3w lub hak\u00f3w. W naszym O\u015brodku OSO mo\u017cesz zapisa\u0107 si\u0119 na kurs na ci\u0119gniki, dzi\u0119ki kt\u00f3remu uzyskasz potrzebne do ich eksploatacji uprawnienia.Ci\u0119gniki nap\u0119dzane s\u0105 r\u0119cznie lub mechanicznie z [&hellip;]<\/p>\n","protected":false},"author":3,"featured_media":0,"parent":69,"menu_order":0,"comment_status":"closed","ping_status":"closed","template":"","meta":{"footnotes":""},"class_list":["post-44","page","type-page","status-publish","hentry"],"aioseo_notices":[],"_links":{"self":[{"href":"https:\/\/szkolenia-udt.pl\/nb\/wp-json\/wp\/v2\/pages\/44","targetHints":{"allow":["GET"]}}],"collection":[{"href":"https:\/\/szkolenia-udt.pl\/nb\/wp-json\/wp\/v2\/pages"}],"about":[{"href":"https:\/\/szkolenia-udt.pl\/nb\/wp-json\/wp\/v2\/types\/page"}],"author":[{"embeddable":true,"href":"https:\/\/szkolenia-udt.pl\/nb\/wp-json\/wp\/v2\/users\/3"}],"replies":[{"embeddable":true,"href":"https:\/\/szkolenia-udt.pl\/nb\/wp-json\/wp\/v2\/comments?post=44"}],"version-history":[{"count":8,"href":"https:\/\/szkolenia-udt.pl\/nb\/wp-json\/wp\/v2\/pages\/44\/revisions"}],"predecessor-version":[{"id":2388,"href":"https:\/\/szkolenia-udt.pl\/nb\/wp-json\/wp\/v2\/pages\/44\/revisions\/2388"}],"up":[{"embeddable":true,"href":"https:\/\/szkolenia-udt.pl\/nb\/wp-json\/wp\/v2\/pages\/69"}],"wp:attachment":[{"href":"https:\/\/szkolenia-udt.pl\/nb\/wp-json\/wp\/v2\/media?parent=44"}],"curies":[{"name":"wp","href":"https:\/\/api.w.org\/{rel}","templated":true}]}}