{"id":46,"date":"2014-10-07T16:23:50","date_gmt":"2014-10-07T16:23:50","guid":{"rendered":"http:\/\/szkolenia-udt.pl\/?page_id=46"},"modified":"2016-07-06T17:35:30","modified_gmt":"2016-07-06T17:35:30","slug":"kraner","status":"publish","type":"page","link":"https:\/\/szkolenia-udt.pl\/nb\/dzwignice\/dzwigi\/","title":{"rendered":"Kraner"},"content":{"rendered":"<div style=\"float: left; padding-right: 10px;\"><div id=\"metaslider-id-642\" style=\"max-width: 300px;\" class=\"ml-slider-3-107-0 metaslider metaslider-flex metaslider-642 ml-slider ms-theme-default nav-hidden\" role=\"region\" aria-label=\"Kraner\" data-height=\"225\" data-width=\"300\">\n    <div id=\"metaslider_container_642\">\n        <div id=\"metaslider_642\">\n            <ul class='slides'>\n                <li style=\"display: block; width: 100%;\" class=\"slide-647 ms-image\" aria-roledescription=\"slide\" data-date=\"2014-10-12 09:52:02\" data-filename=\"O\u015brodek-Szkolenia-Operator\u00f3w.jpg\" data-slide-type=\"image\"><img loading=\"lazy\" decoding=\"async\" src=\"https:\/\/szkolenia-udt.pl\/wp-content\/uploads\/2014\/10\/O\u015brodek-Szkolenia-Operator\u00f3w.jpg\" height=\"225\" width=\"300\" alt=\"\" class=\"slider-642 slide-647 msDefaultImage\" \/><\/li>\n                <li style=\"display: none; width: 100%;\" class=\"slide-649 ms-image\" aria-roledescription=\"slide\" data-date=\"2014-10-12 09:52:03\" data-filename=\"Szkolenie-d\u017awigi.jpg\" data-slide-type=\"image\"><img loading=\"lazy\" decoding=\"async\" src=\"https:\/\/szkolenia-udt.pl\/wp-content\/uploads\/2014\/10\/Szkolenie-d\u017awigi.jpg\" height=\"225\" width=\"300\" alt=\"Kran-kurs\" class=\"slider-642 slide-649 msDefaultImage\" \/><\/li>\n                <li style=\"display: none; width: 100%;\" class=\"slide-650 ms-image\" aria-roledescription=\"slide\" data-date=\"2014-10-12 09:52:03\" data-filename=\"Uprawnienia-UDT1.jpg\" data-slide-type=\"image\"><img loading=\"lazy\" decoding=\"async\" src=\"https:\/\/szkolenia-udt.pl\/wp-content\/uploads\/2014\/10\/Uprawnienia-UDT1.jpg\" height=\"225\" width=\"300\" alt=\"\" class=\"slider-642 slide-650 msDefaultImage\" \/><\/li>\n                <li style=\"display: none; width: 100%;\" class=\"slide-648 ms-image\" aria-roledescription=\"slide\" data-date=\"2014-10-12 09:52:02\" data-filename=\"szkolenia-d\u017awigi.jpg\" data-slide-type=\"image\"><img loading=\"lazy\" decoding=\"async\" src=\"https:\/\/szkolenia-udt.pl\/wp-content\/uploads\/2014\/10\/szkolenia-d\u017awigi.jpg\" height=\"225\" width=\"300\" alt=\"Oppl\u00e6ringssenter for operat\u00f8rer\" class=\"slider-642 slide-648 msDefaultImage\" \/><\/li>\n                <li style=\"display: none; width: 100%;\" class=\"slide-651 ms-image\" aria-roledescription=\"slide\" data-date=\"2014-10-12 09:52:04\" data-filename=\"zdj\u0119cie-d\u017awig.jpg\" data-slide-type=\"image\"><img loading=\"lazy\" decoding=\"async\" src=\"https:\/\/szkolenia-udt.pl\/wp-content\/uploads\/2014\/10\/zdj\u0119cie-d\u017awig.jpg\" height=\"225\" width=\"300\" alt=\"Kranoppl\u00e6ring. UDT-autorisasjoner\" class=\"slider-642 slide-651 msDefaultImage\" \/><\/li>\n            <\/ul>\n        <\/div>\n        \n    <\/div>\n<\/div><\/div>\n<div class=\"wyjustuj\">\nKraner omtales som l\u00f8fteinnretninger eller kraner, eller heiser eller taljer, hvis funksjon er \u00e5 flytte gods eller personer. Disse lastene kan befinne seg p\u00e5 plattformer eller i kabiner. En kranf\u00f8rer er ansvarlig for \u00e5 l\u00f8fte eller senke lasten. For \u00e5 f\u00e5 lov til \u00e5 kj\u00f8re kran kreves det et krankurs og en lisens som utstedes av teknisk kontrollorgan. Etter \u00e5 ha fullf\u00f8rt kurset tar studentene UDT-eksamen.<\/p>\n<p><strong>Kraner deles inn i f\u00f8lgende typer:<\/strong><\/p>\n<ul>\n<li>sjakter - ogs\u00e5 kjent som heiser<\/li>\n<li>sirkul\u00e6r - ogs\u00e5 kjent som paternoster <\/li>\n<li>\nvertikal konstruksjon - veggmontert, mastel\u00f8ftere<\/li>\n<li>Havnekraner<\/li>\n<li>skr\u00e5nende<\/li>\n<\/ul>\n<p>Hvis du \u00f8nsker \u00e5 jobbe som kranf\u00f8rer, kan du ta et kurs hos oss. <a href=\"https:\/\/szkolenia-udt.pl\/nb\/o-firmie\/\">Sentrum<\/a> er det beste valget. Det som skiller oss fra andre, er den oppmuntrende prisen p\u00e5 oppl\u00e6ringen, v\u00e5r profesjonalitet, h\u00f8ye best\u00e5elsesprosent og tilfredshet blant elevene. Vi utdanner kranf\u00f8rere i byene: Warszawa, Krakow, Katowice, Bielsko-Bia\u0142a. Vi inviterer deg til \u00e5 benytte deg av <a href=\"https:\/\/szkolenia-udt.pl\/nb\/oferta\/\">v\u00e5re tjenester<\/a>!\n<\/p><\/div>","protected":false},"excerpt":{"rendered":"<p>D\u017awigami nazywamy urz\u0105dzenia d\u017awigowe czy te\u017c d\u017awignice, inaczej windy czy wyci\u0105gi, kt\u00f3rych zadaniem jest przemieszanie towar\u00f3w lub os\u00f3b. \u0141adunki te mog\u0105 znajdowa\u0107 si\u0119 na platformach lub w kabinach. Za podnoszenie lub opuszczanie \u0142adunk\u00f3w odpowiedzialny jest d\u017awigowy. Do prowadzenia obs\u0142ugi potrzebny jest kurs d\u017awigowego oraz uprawnienia nadane przez Urz\u0105d Dozoru Technicznego. Po zako\u0144czeniu nauki kursanci podchodz\u0105 [&hellip;]<\/p>\n","protected":false},"author":3,"featured_media":0,"parent":69,"menu_order":0,"comment_status":"closed","ping_status":"closed","template":"","meta":{"footnotes":""},"class_list":["post-46","page","type-page","status-publish","hentry"],"aioseo_notices":[],"_links":{"self":[{"href":"https:\/\/szkolenia-udt.pl\/nb\/wp-json\/wp\/v2\/pages\/46","targetHints":{"allow":["GET"]}}],"collection":[{"href":"https:\/\/szkolenia-udt.pl\/nb\/wp-json\/wp\/v2\/pages"}],"about":[{"href":"https:\/\/szkolenia-udt.pl\/nb\/wp-json\/wp\/v2\/types\/page"}],"author":[{"embeddable":true,"href":"https:\/\/szkolenia-udt.pl\/nb\/wp-json\/wp\/v2\/users\/3"}],"replies":[{"embeddable":true,"href":"https:\/\/szkolenia-udt.pl\/nb\/wp-json\/wp\/v2\/comments?post=46"}],"version-history":[{"count":5,"href":"https:\/\/szkolenia-udt.pl\/nb\/wp-json\/wp\/v2\/pages\/46\/revisions"}],"predecessor-version":[{"id":652,"href":"https:\/\/szkolenia-udt.pl\/nb\/wp-json\/wp\/v2\/pages\/46\/revisions\/652"}],"up":[{"embeddable":true,"href":"https:\/\/szkolenia-udt.pl\/nb\/wp-json\/wp\/v2\/pages\/69"}],"wp:attachment":[{"href":"https:\/\/szkolenia-udt.pl\/nb\/wp-json\/wp\/v2\/media?parent=46"}],"curies":[{"name":"wp","href":"https:\/\/api.w.org\/{rel}","templated":true}]}}