{"id":48,"date":"2014-10-07T16:24:25","date_gmt":"2014-10-07T16:24:25","guid":{"rendered":"http:\/\/szkolenia-udt.pl\/?page_id=48"},"modified":"2021-06-27T22:16:57","modified_gmt":"2021-06-27T22:16:57","slug":"kraner-med-kobling","status":"publish","type":"page","link":"https:\/\/szkolenia-udt.pl\/nb\/dzwignice\/dzwignice-linotorowe\/","title":{"rendered":"Linotor kraner"},"content":{"rendered":"<div style=\"float: left; padding-right: 10px;\"><div id=\"metaslider-id-653\" style=\"max-width: 300px;\" class=\"ml-slider-3-107-0 metaslider metaslider-flex metaslider-653 ml-slider ms-theme-default nav-hidden\" role=\"region\" aria-label=\"kraner2\" data-height=\"225\" data-width=\"300\">\n    <div id=\"metaslider_container_653\">\n        <div id=\"metaslider_653\">\n            <ul class='slides'>\n                <li style=\"display: block; width: 100%;\" class=\"slide-645 ms-image\" aria-roledescription=\"slide\" data-date=\"2014-10-12 09:52:00\" data-filename=\"Foto-szkolenia-uprawnienia-udt.jpg\" data-slide-type=\"image\"><img loading=\"lazy\" decoding=\"async\" src=\"https:\/\/szkolenia-udt.pl\/wp-content\/uploads\/2014\/10\/Foto-szkolenia-uprawnienia-udt.jpg\" height=\"225\" width=\"300\" alt=\"Treningskraner\" class=\"slider-653 slide-645 msDefaultImage\" \/><\/li>\n                <li style=\"display: none; width: 100%;\" class=\"slide-646 ms-image\" aria-roledescription=\"slide\" data-date=\"2014-10-12 09:52:01\" data-filename=\"Operator-D\u017awig.jpg\" data-slide-type=\"image\"><img loading=\"lazy\" decoding=\"async\" src=\"https:\/\/szkolenia-udt.pl\/wp-content\/uploads\/2014\/10\/Operator-D\u017awig.jpg\" height=\"225\" width=\"300\" alt=\"\" class=\"slider-653 slide-646 msDefaultImage\" \/><\/li>\n                <li style=\"display: none; width: 100%;\" class=\"slide-643 ms-image\" aria-roledescription=\"slide\" data-date=\"2014-10-12 09:51:58\" data-filename=\"D\u017awig.jpg\" data-slide-type=\"image\"><img loading=\"lazy\" decoding=\"async\" src=\"https:\/\/szkolenia-udt.pl\/wp-content\/uploads\/2014\/10\/D\u017awig.jpg\" height=\"225\" width=\"300\" alt=\"\" class=\"slider-653 slide-643 msDefaultImage\" \/><\/li>\n                <li style=\"display: none; width: 100%;\" class=\"slide-644 ms-image\" aria-roledescription=\"slide\" data-date=\"2014-10-12 09:51:59\" data-filename=\"D\u017awig-foto.jpg\" data-slide-type=\"image\"><img loading=\"lazy\" decoding=\"async\" src=\"https:\/\/szkolenia-udt.pl\/wp-content\/uploads\/2014\/10\/D\u017awig-foto.jpg\" height=\"225\" width=\"300\" alt=\"Linotor-kraner\" class=\"slider-653 slide-644 msDefaultImage\" \/><\/li>\n                <li style=\"display: none; width: 100%;\" class=\"slide-648 ms-image\" aria-roledescription=\"slide\" data-date=\"2014-10-12 09:52:02\" data-filename=\"szkolenia-d\u017awigi.jpg\" data-slide-type=\"image\"><img loading=\"lazy\" decoding=\"async\" src=\"https:\/\/szkolenia-udt.pl\/wp-content\/uploads\/2014\/10\/szkolenia-d\u017awigi.jpg\" height=\"225\" width=\"300\" alt=\"Oppl\u00e6ringssenter for operat\u00f8rer\" class=\"slider-653 slide-648 msDefaultImage\" \/><\/li>\n            <\/ul>\n        <\/div>\n        \n    <\/div>\n<\/div><\/div>\n<div class=\"wyjustuj\">\n<p>Linotype-kraner er klassifisert som kranutstyr. Disse kranene ligner taubaner n\u00e5r det gjelder konstruksjon. De best\u00e5r av vogner eller traller som er hengt opp i opphengskabler mellom t\u00e5rnene. De gj\u00f8r det enkelt \u00e5 flytte ulike typer last, inkludert bulkmaterialer, for eksempel p\u00e5 byggeplasser. Alle linkage-kraner er underlagt teknisk tilsyn.<\/p>\n<p><strong>Kraner, n\u00e5r det gjelder design, er delt inn i:<\/strong><\/p>\n<ul>\n<li>utstyr med faste t\u00e5rn<\/li>\n<li>utstyr med skyvet\u00e5rn<\/li>\n<li>utstyr med faste og roterende t\u00e5rn<\/li>\n<\/ul>\n<p>Ved \u00e5 velge v\u00e5rt linjekrankurs f\u00e5r du den n\u00f8dvendige teoretiske kunnskapen og kan \u00f8ve deg p\u00e5 de praktiske ferdighetene knyttet til betjening av utstyret. P\u00e5 slutten av kurset m\u00e5 du avlegge en eksamen for \u00e5 f\u00e5 UDT-lisens. Best\u00e5tt eksamen gir deg et sertifikat for linjekraner. Vi inviterer deg til \u00e5 l\u00e6re hos Operator Training Centre!<\/p>\n<\/div>","protected":false},"excerpt":{"rendered":"<p>D\u017awignice linotorowe zaliczane s\u0105 do urz\u0105dze\u0144 d\u017awignicowych. D\u017awignice te pod k\u0105tem swojej budowy przypominaj\u0105 kolejki linowe. S\u0105 skonstruowane z wodzak\u00f3w, czyli w\u00f3zk\u00f3w b\u0105d\u017a te\u017c z w\u00f3zk\u00f3w podwieszonych na linach no\u015bnych mi\u0119dzy wie\u017cami. Dzi\u0119ki nim mo\u017cna \u0142atwo przemieszcza\u0107 \u0142adunki r\u00f3\u017cnych typ\u00f3w, tak\u017ce materia\u0142y sypkie, na przyk\u0142ad na placach bud\u00f3w. Wszystkie d\u017awignice linotorowe podlegaj\u0105 dozorowi technicznemu. D\u017awignice [&hellip;]<\/p>\n","protected":false},"author":3,"featured_media":0,"parent":69,"menu_order":0,"comment_status":"closed","ping_status":"closed","template":"","meta":{"footnotes":""},"class_list":["post-48","page","type-page","status-publish","hentry"],"aioseo_notices":[],"_links":{"self":[{"href":"https:\/\/szkolenia-udt.pl\/nb\/wp-json\/wp\/v2\/pages\/48","targetHints":{"allow":["GET"]}}],"collection":[{"href":"https:\/\/szkolenia-udt.pl\/nb\/wp-json\/wp\/v2\/pages"}],"about":[{"href":"https:\/\/szkolenia-udt.pl\/nb\/wp-json\/wp\/v2\/types\/page"}],"author":[{"embeddable":true,"href":"https:\/\/szkolenia-udt.pl\/nb\/wp-json\/wp\/v2\/users\/3"}],"replies":[{"embeddable":true,"href":"https:\/\/szkolenia-udt.pl\/nb\/wp-json\/wp\/v2\/comments?post=48"}],"version-history":[{"count":6,"href":"https:\/\/szkolenia-udt.pl\/nb\/wp-json\/wp\/v2\/pages\/48\/revisions"}],"predecessor-version":[{"id":2234,"href":"https:\/\/szkolenia-udt.pl\/nb\/wp-json\/wp\/v2\/pages\/48\/revisions\/2234"}],"up":[{"embeddable":true,"href":"https:\/\/szkolenia-udt.pl\/nb\/wp-json\/wp\/v2\/pages\/69"}],"wp:attachment":[{"href":"https:\/\/szkolenia-udt.pl\/nb\/wp-json\/wp\/v2\/media?parent=48"}],"curies":[{"name":"wp","href":"https:\/\/api.w.org\/{rel}","templated":true}]}}