{"id":4829,"date":"2023-06-30T12:47:41","date_gmt":"2023-06-30T10:47:41","guid":{"rendered":"https:\/\/szkolenia-udt.pl\/?page_id=4829"},"modified":"2023-06-30T12:47:42","modified_gmt":"2023-06-30T10:47:42","slug":"service-reparasjon-og-vedlikehold-av-bilheiser","status":"publish","type":"page","link":"https:\/\/szkolenia-udt.pl\/nb\/serwis-naprawa-i-konserwacja-wind-samochodowych\/","title":{"rendered":"Service, reparasjon og vedlikehold av bilheiser"},"content":{"rendered":"<h2 class=\"wp-block-heading\">Om selskapet&nbsp;<\/h2>\n\n\n\n<p>Vi opererer i <a href=\"https:\/\/szkolenia-udt.pl\/nb\/o-firmie\/\">Oppl\u00e6ringssenter for operat\u00f8rer<\/a> OSO har eksistert i mer enn 15 \u00e5r, men v\u00e5r erfaring g\u00e5r mer enn 20 \u00e5r tilbake i tid. Vi tilbyr omfattende tjenester knyttet til service, vedlikehold og UDT-support. Hovedkontoret v\u00e5rt ligger i Warszawa, men vi har avdelinger over hele Polen. &nbsp;<\/p>\n\n\n\n<p>Vi reparerer og vedlikeholder alle typer l\u00f8ftemaskiner. Vi samarbeider med ulike institusjoner, for eksempel Office of Technical Inspection og Association of Polish Electricians. Staben v\u00e5r best\u00e5r av h\u00f8yt kvalifiserte spesialister med lang erfaring. Takket v\u00e6re dem utf\u00f8rer vi alle oppdrag p\u00e5 en p\u00e5litelig m\u00e5te og til rett tid.&nbsp;<\/p>\n\n\n\n<h2 class=\"wp-block-heading\">Tilbud&nbsp;<\/h2>\n\n\n\n<p>Vi har en individuell tiln\u00e6rming til hver enkelt jobb og gir profesjonell r\u00e5dgivning. Vi har alle n\u00f8dvendige autorisasjoner for \u00e5 utf\u00f8re service- og vedlikeholdsarbeid. Vi kan ogs\u00e5 p\u00e5ta oss komplekse og uvanlige oppdrag. Til daglig gir vi oppl\u00e6ring i drift og vedlikehold av ulike typer utstyr og driver v\u00e5r egen service.&nbsp;<\/p>\n\n\n<div class=\"wp-block-image\">\n<figure class=\"alignright size-large is-resized\"><a href=\"https:\/\/szkolenia-udt.pl\/wp-content\/uploads\/2023\/05\/whdh.png\"><img loading=\"lazy\" decoding=\"async\" src=\"https:\/\/szkolenia-udt.pl\/wp-content\/uploads\/2023\/05\/whdh-1024x693.png\" alt=\"Vedlikehold og inspeksjon av lasteheisen \" class=\"wp-image-4832\" width=\"512\" height=\"347\" srcset=\"https:\/\/szkolenia-udt.pl\/wp-content\/uploads\/2023\/05\/whdh-1024x693.png 1024w, https:\/\/szkolenia-udt.pl\/wp-content\/uploads\/2023\/05\/whdh-300x203.png 300w, https:\/\/szkolenia-udt.pl\/wp-content\/uploads\/2023\/05\/whdh-768x520.png 768w, https:\/\/szkolenia-udt.pl\/wp-content\/uploads\/2023\/05\/whdh-18x12.png 18w, https:\/\/szkolenia-udt.pl\/wp-content\/uploads\/2023\/05\/whdh.png 1137w\" sizes=\"auto, (max-width: 512px) 100vw, 512px\" \/><\/a><\/figure>\n<\/div>\n\n\n<h3 class=\"wp-block-heading\">I v\u00e5rt tilbud finner du ogs\u00e5:&nbsp;<\/h3>\n\n\n\n<ul class=\"wp-block-list\">\n<li>utf\u00f8re reparasjoner og vedlikehold av heiser;&nbsp;<\/li>\n\n\n\n<li>utf\u00f8re vedlikeholdskontroller;&nbsp;<\/li>\n\n\n\n<li>utarbeidelse av dokumentasjon;&nbsp;<\/li>\n\n\n\n<li>reparasjon av mobile plattformer og modernisering av kraner;&nbsp;<\/li>\n\n\n\n<li>gjennomf\u00f8re periodiske unders\u00f8kelser;&nbsp;<\/li>\n\n\n\n<li>utarbeide dokumentasjon for maskiner kj\u00f8pt i utlandet;&nbsp;<\/li>\n\n\n\n<li>oppl\u00e6ringsorganisasjoner.&nbsp;<\/li>\n<\/ul>\n\n\n\n<p>Vi tilbyr en mobil tjeneste for lasteheiser i hele Polen med tilgang til kunden. Vi tilbyr profesjonelle tjenester. Vi har et bredt utvalg av reservedeler til mobile plattformer fra alle produsenter. Vi h\u00e5ndterer feil i b\u00e5de elektriske og hydrauliske systemer. &nbsp;<\/p>\n\n\n\n<p>Vi garanterer presis og rask feildiagnose. I tillegg regenererer vi aktuatorer og utf\u00f8rer vedlikeholdsinspeksjoner i henhold til UDTs retningslinjer. Medarbeiderne v\u00e5re utvikler stadig sine ferdigheter og utvider kunnskapen sin p\u00e5 spesialiserte kurs. Hos oss er du garantert h\u00f8yeste profesjonalitet!&nbsp;&nbsp;<\/p>\n\n\n\n<h2 class=\"wp-block-heading\">Reparasjon av feil p\u00e5 lastebilheiser og lasteplattformer&nbsp;&nbsp;<\/h2>\n\n\n\n<p>Moderne lasteheiser gj\u00f8r logistikken og godsh\u00e5ndteringen betydelig raskere. Logistikkbransjen kjennetegnes av h\u00f8y dynamikk og er ofte en d\u00f8gnkontinuerlig virksomhet. Derfor kan feil p\u00e5 heisene f\u00f8re til driftsstans og dermed \u00f8konomiske tap for transportselskapene. &nbsp;<\/p>\n\n\n\n<p>Derfor utf\u00f8rer vi v\u00e5re tjenester p\u00e5 en kompetent og uttrykkelig m\u00e5te hos kunden. Vi utf\u00f8rer ogs\u00e5 gjerne periodiske inspeksjoner og utarbeider den n\u00f8dvendige UDT-dokumentasjonen.&nbsp;&nbsp;<\/p>\n\n\n\n<p>De mange l\u00f8sningene som finnes p\u00e5 markedet, gj\u00f8r at du m\u00e5 ha bred kunnskap for \u00e5 kunne betjene plattformene, og denne kunnskapen m\u00e5 du systematisk utvide. Medarbeiderne v\u00e5re utvikler seg hver dag. Vi utf\u00f8rer reparasjonsarbeid for alle produsenter. Vi stiller raske og p\u00e5litelige diagnoser. Vi har et velfylt lager med b\u00e5de originaldeler og reservedeler. Det betyr at vi bytter ut systemkomponenter uten \u00e5 vente p\u00e5 bestilling, noe som gj\u00f8r at driftsstansen g\u00e5r betydelig raskere og maskinen fungerer som den skal igjen. Hvis heisen din har havarert - ta kontakt med oss!&nbsp;<\/p>\n\n\n\n<h2 class=\"wp-block-heading\">Kj\u00f8ret\u00f8yheiser - hva er det? Hva kan de brukes til?<\/h2>\n\n\n<div class=\"wp-block-image\">\n<figure class=\"alignright size-full is-resized\"><a href=\"https:\/\/szkolenia-udt.pl\/wp-content\/uploads\/2023\/05\/egtegedh-1.png\"><img loading=\"lazy\" decoding=\"async\" src=\"https:\/\/szkolenia-udt.pl\/wp-content\/uploads\/2023\/05\/egtegedh-1.png\" alt=\"Innkj\u00f8ring av bil med kran\" class=\"wp-image-4838\" width=\"515\" height=\"344\" srcset=\"https:\/\/szkolenia-udt.pl\/wp-content\/uploads\/2023\/05\/egtegedh-1.png 878w, https:\/\/szkolenia-udt.pl\/wp-content\/uploads\/2023\/05\/egtegedh-1-300x200.png 300w, https:\/\/szkolenia-udt.pl\/wp-content\/uploads\/2023\/05\/egtegedh-1-768x513.png 768w, https:\/\/szkolenia-udt.pl\/wp-content\/uploads\/2023\/05\/egtegedh-1-18x12.png 18w\" sizes=\"auto, (max-width: 515px) 100vw, 515px\" \/><\/a><\/figure>\n<\/div>\n\n\n<p><strong>Bilheiser<\/strong> er en sjelden, men sv\u00e6rt funksjonell l\u00f8sning som kan brukes i private og offentlige bygninger. De er et utmerket valg i omr\u00e5der med liten plass for \u00e5 f\u00e5 plass til s\u00e5 mange kj\u00f8ret\u00f8y som mulig.&nbsp;&nbsp;<\/p>\n\n\n\n<p>Dette er mobile plattformer som gj\u00f8r det mulig \u00e5 l\u00f8fte et kj\u00f8ret\u00f8y til en gitt h\u00f8yde uten hindringer. De fungerer godt i parkeringskjellere eller parkeringshus der det er f\u00e5 parkeringsplasser. I en slik situasjon kan \u00e9n bil st\u00e5 p\u00e5 toppen og en annen under.&nbsp;&nbsp;<\/p>\n\n\n\n<p>Heiser brukes ogs\u00e5 i industrianlegg og andre steder der det er behov for \u00e5 l\u00f8fte ulike kj\u00f8ret\u00f8y til h\u00f8yere etasjer.&nbsp;<\/p>\n\n\n\n<p>VL-lifter (en type hydraulisk personlift) er egnet for transport av biler. De er tilgjengelige i tre standardversjoner, som alle har et EC Design Examination Certificate:&nbsp;<\/p>\n\n\n\n<figure class=\"wp-block-table\"><table><tbody><tr><td>VL mobilkraner&nbsp;&nbsp;<\/td><td>Lastekapasitet og f\u00f8rerhusdimensjoner&nbsp;<\/td><\/tr><tr><td>VL30&nbsp;<\/td><td>3 000 kg; 2,4 x 5,3 m og 2,3 m d\u00f8rbredde&nbsp;&nbsp;<\/td><\/tr><tr><td>VL35&nbsp;&nbsp;<\/td><td>3 500 kg; 2,7 x 5,6 m og 2,4 m d\u00f8rbredde&nbsp;&nbsp;<\/td><\/tr><tr><td>VL40&nbsp;<\/td><td>4 000 kg; 2,8 x 6,0 m og 2,6 m d\u00f8rbredde&nbsp;&nbsp;<\/td><\/tr><\/tbody><\/table><\/figure>\n\n\n\n<p>Vi anbefaler VL40- og VL35-versjonene, da det kun er disse liftene som kan transportere alle serieproduserte personbiler - inkludert de st\u00f8rste amerikanske SUV-ene.&nbsp;<\/p>\n\n\n\n<p>VL-ene er laget med GMV 1:1-teknologi - verdens eneste 1:1-direktedriftsteknologi - f\u00f8rerhusgulvet kollapser ikke under innkj\u00f8ring, og l\u00f8ftevinduene er ekstremt sm\u00e5 i forhold til f\u00f8rerhusets st\u00f8rrelse.&nbsp;<\/p>\n\n\n\n<p>De betjener parkeringshus i flere etasjer, b\u00e5de under og over bakken. De er vanligvis den eneste l\u00f8sningen for garasjeplasser under bygninger i bysentra. En heis i en liten garasje under en bygning, i stedet for en vanlig utkj\u00f8ring, sparer mellom 5 og 9 parkeringsplasser per etasje.&nbsp;&nbsp;<\/p>\n\n\n\n<h2 class=\"wp-block-heading\">Slik fungerer bilheiser&nbsp;<\/h2>\n\n\n<div class=\"wp-block-image\">\n<figure class=\"alignright size-large is-resized\"><a href=\"https:\/\/szkolenia-udt.pl\/wp-content\/uploads\/2023\/05\/sghrjr.png\"><img loading=\"lazy\" decoding=\"async\" src=\"https:\/\/szkolenia-udt.pl\/wp-content\/uploads\/2023\/05\/sghrjr-1024x678.png\" alt=\"bilheis - garasje\" class=\"wp-image-4833\" width=\"512\" height=\"339\" srcset=\"https:\/\/szkolenia-udt.pl\/wp-content\/uploads\/2023\/05\/sghrjr-1024x678.png 1024w, https:\/\/szkolenia-udt.pl\/wp-content\/uploads\/2023\/05\/sghrjr-300x199.png 300w, https:\/\/szkolenia-udt.pl\/wp-content\/uploads\/2023\/05\/sghrjr-768x508.png 768w, https:\/\/szkolenia-udt.pl\/wp-content\/uploads\/2023\/05\/sghrjr-18x12.png 18w, https:\/\/szkolenia-udt.pl\/wp-content\/uploads\/2023\/05\/sghrjr.png 1065w\" sizes=\"auto, (max-width: 512px) 100vw, 512px\" \/><\/a><\/figure>\n<\/div>\n\n\n<p>L\u00f8ftesystemer i bilheiser er sv\u00e6rt kompakte og krever kun en grunn fordypning i underlaget. Heissystemer i bilheiser er sv\u00e6rt kompakte og krever kun en grunn fordypning i underlaget. De fungerer godt selv p\u00e5 steder med sv\u00e6rt begrenset plass, siden de ikke tar opp mye plass. Ved hjelp av en spesiell kjetting kan tunge kj\u00f8ret\u00f8y l\u00f8ftes kontinuerlig og uanstrengt.&nbsp;&nbsp;<\/p>\n\n\n\n<p>Denne l\u00f8sningen fungerer best i offentlige bygg, der trafikken er mye h\u00f8yere enn i private bygninger. Heiser har styringssystemer og har ofte fortsatt en glasskabin med d\u00f8rer og vinduer.&nbsp;&nbsp;<\/p>\n\n\n\n<p>M\u00e5ten de fungerer p\u00e5 er ikke s\u00e5 forskjellig fra klassiske personheiser. Bilheiser er derimot mye st\u00f8rre og mer robuste, og noen av dem kan l\u00f8fte kj\u00f8ret\u00f8y p\u00e5 opptil 60 tonn.&nbsp;<\/p>\n\n\n\n<h2 class=\"wp-block-heading\">Typer av teknisk inspeksjon&nbsp;<\/h2>\n\n\n\n<p>En bilheis kan bare godkjennes for bruk hvis den er merket med instruksjoner fra produsenten.&nbsp;&nbsp;<\/p>\n\n\n<div class=\"wp-block-image\">\n<figure class=\"alignright size-large is-resized\"><a href=\"https:\/\/szkolenia-udt.pl\/wp-content\/uploads\/2023\/05\/bdfnfjf.png\"><img loading=\"lazy\" decoding=\"async\" src=\"https:\/\/szkolenia-udt.pl\/wp-content\/uploads\/2023\/05\/bdfnfjf-1024x689.png\" alt=\"bilheis med parkerte biler\" class=\"wp-image-4834\" width=\"512\" height=\"345\" srcset=\"https:\/\/szkolenia-udt.pl\/wp-content\/uploads\/2023\/05\/bdfnfjf-1024x689.png 1024w, https:\/\/szkolenia-udt.pl\/wp-content\/uploads\/2023\/05\/bdfnfjf-300x202.png 300w, https:\/\/szkolenia-udt.pl\/wp-content\/uploads\/2023\/05\/bdfnfjf-768x517.png 768w, https:\/\/szkolenia-udt.pl\/wp-content\/uploads\/2023\/05\/bdfnfjf-18x12.png 18w, https:\/\/szkolenia-udt.pl\/wp-content\/uploads\/2023\/05\/bdfnfjf.png 1045w\" sizes=\"auto, (max-width: 512px) 100vw, 512px\" \/><\/a><\/figure>\n<\/div>\n\n\n<p>F\u00f8r heisen kan installeres, m\u00e5 det innhentes tillatelse fra Teknisk kontroll og n\u00f8dvendig dokumentasjon. Riktig drift avhenger av syklisk service av utstyret, spesielt for heiser med en lastekapasitet p\u00e5 over 250 kg. Under inspeksjonen kontrolleres utstyrets tekniske tilstand, at merkingen er korrekt og at dokumentasjonen er fullstendig og i samsvar med kravene. Inspekt\u00f8ren kontrollerer at lastel\u00f8fteren er riktig montert p\u00e5 lastebilchassiset og utf\u00f8rer funksjonstester med last for \u00e5 sikre at alle plattformens mekanismer og sikkerhetsfunksjoner fungerer som de skal.&nbsp;&nbsp;<\/p>\n\n\n\n<p>N\u00e5r godkjenningstesten er best\u00e5tt, fyller inspekt\u00f8ren ut en protokoll som gir grunnlag for en beslutning om \u00e5 godkjenne bruken av lasteheisen.&nbsp;<\/p>","protected":false},"excerpt":{"rendered":"<p>O firmie&nbsp; Dzia\u0142amy w O\u015brodku Szkolenia Operator\u00f3w OSO od ponad 15 lat, ale nasze do\u015bwiadczenie si\u0119ga ponad 20 lat wstecz. \u015awiadczymy kompleksowe us\u0142ugi zwi\u0105zane z serwisem, konserwacj\u0105 i obs\u0142ug\u0105 UDT. Siedziba naszej firmy znajduje si\u0119 w Warszawie, ale mamy dost\u0119pne oddzia\u0142y na terenie ca\u0142ej Polski. &nbsp; Naprawiamy i konserwujemy wszelkie maszyny d\u017awigowe. Wsp\u00f3\u0142pracujemy z r\u00f3\u017cnymi [&hellip;]<\/p>\n","protected":false},"author":10,"featured_media":4838,"parent":0,"menu_order":0,"comment_status":"closed","ping_status":"closed","template":"","meta":{"footnotes":""},"class_list":["post-4829","page","type-page","status-publish","has-post-thumbnail","hentry"],"aioseo_notices":[],"_links":{"self":[{"href":"https:\/\/szkolenia-udt.pl\/nb\/wp-json\/wp\/v2\/pages\/4829","targetHints":{"allow":["GET"]}}],"collection":[{"href":"https:\/\/szkolenia-udt.pl\/nb\/wp-json\/wp\/v2\/pages"}],"about":[{"href":"https:\/\/szkolenia-udt.pl\/nb\/wp-json\/wp\/v2\/types\/page"}],"author":[{"embeddable":true,"href":"https:\/\/szkolenia-udt.pl\/nb\/wp-json\/wp\/v2\/users\/10"}],"replies":[{"embeddable":true,"href":"https:\/\/szkolenia-udt.pl\/nb\/wp-json\/wp\/v2\/comments?post=4829"}],"version-history":[{"count":8,"href":"https:\/\/szkolenia-udt.pl\/nb\/wp-json\/wp\/v2\/pages\/4829\/revisions"}],"predecessor-version":[{"id":4842,"href":"https:\/\/szkolenia-udt.pl\/nb\/wp-json\/wp\/v2\/pages\/4829\/revisions\/4842"}],"wp:featuredmedia":[{"embeddable":true,"href":"https:\/\/szkolenia-udt.pl\/nb\/wp-json\/wp\/v2\/media\/4838"}],"wp:attachment":[{"href":"https:\/\/szkolenia-udt.pl\/nb\/wp-json\/wp\/v2\/media?parent=4829"}],"curies":[{"name":"wp","href":"https:\/\/api.w.org\/{rel}","templated":true}]}}