{"id":4843,"date":"2023-06-30T12:48:46","date_gmt":"2023-06-30T10:48:46","guid":{"rendered":"https:\/\/szkolenia-udt.pl\/?page_id=4843"},"modified":"2023-06-30T12:48:47","modified_gmt":"2023-06-30T10:48:47","slug":"kranservice-ved-opplaeringssenteret-for-kranforere","status":"publish","type":"page","link":"https:\/\/szkolenia-udt.pl\/nb\/serwis-zurawi-w-osrodku-szkolenia-operatorow\/","title":{"rendered":"Kranservice p\u00e5 operat\u00f8roppl\u00e6ringssenteret\u00a0"},"content":{"rendered":"<p>OSO er opptatt av kvaliteten p\u00e5 sine tjenester. Vi deler vedlikeholdet inn i akutt vedlikehold (ved feil) og planlagt vedlikehold.&nbsp;<\/p>\n\n\n\n<h2 class=\"wp-block-heading\">Hva kjennetegner planlagt vedlikeholdsarbeid?&nbsp;<\/h2>\n\n\n\n<p>Uansett hvilke vedlikeholdstiltak som iverksettes, har hver komponent en bestemt levetid som er avhengig av en rekke faktorer. Derfor er alle kraner gitt en tidsbegrensning for den naturlige slitasjen p\u00e5 de enkelte delene. I mange kontrakter for salg av nytt utstyr er det lagt til vedlegg som angir disse komponentene og instruksjoner for korrekt bruk og utskifting. I tillegg er det serviceteknikerens oppgave \u00e5 kontrollere komponentenes tilstand fortl\u00f8pende og fastsl\u00e5 graden av slitasje etter en gitt bruksperiode. En god servicetekniker vil informere deg p\u00e5 forh\u00e5nd om behovet for reparasjon eller utskifting og komme med forslag, slik at du kan v\u00e6re forberedt i god tid.&nbsp;<\/p>\n\n\n<div class=\"wp-block-image\">\n<figure class=\"alignright size-large is-resized\"><a href=\"https:\/\/szkolenia-udt.pl\/wp-content\/uploads\/2023\/05\/screen_2x-2023-05-04T205807.892.jpg\"><img loading=\"lazy\" decoding=\"async\" src=\"https:\/\/szkolenia-udt.pl\/wp-content\/uploads\/2023\/05\/screen_2x-2023-05-04T205807.892-1024x500.jpg\" alt=\"Profesjonelle reparasjoner p\u00e5 stedet\" class=\"wp-image-4844\" width=\"512\" height=\"250\" srcset=\"https:\/\/szkolenia-udt.pl\/wp-content\/uploads\/2023\/05\/screen_2x-2023-05-04T205807.892-1024x500.jpg 1024w, https:\/\/szkolenia-udt.pl\/wp-content\/uploads\/2023\/05\/screen_2x-2023-05-04T205807.892-300x146.jpg 300w, https:\/\/szkolenia-udt.pl\/wp-content\/uploads\/2023\/05\/screen_2x-2023-05-04T205807.892-768x375.jpg 768w, https:\/\/szkolenia-udt.pl\/wp-content\/uploads\/2023\/05\/screen_2x-2023-05-04T205807.892-1536x750.jpg 1536w, https:\/\/szkolenia-udt.pl\/wp-content\/uploads\/2023\/05\/screen_2x-2023-05-04T205807.892-18x9.jpg 18w, https:\/\/szkolenia-udt.pl\/wp-content\/uploads\/2023\/05\/screen_2x-2023-05-04T205807.892.jpg 1600w\" sizes=\"auto, (max-width: 512px) 100vw, 512px\" \/><\/a><\/figure>\n<\/div>\n\n\n<h2 class=\"wp-block-heading\">Noe av tjenestens arbeid er planlagt p\u00e5 grunn av:&nbsp;<\/h2>\n\n\n\n<ul class=\"wp-block-list\">\n<li>endringer i lovgivningen som p\u00e5legger brukerne nye forpliktelser;&nbsp;<\/li>\n\n\n\n<li>forretningsutvikling;&nbsp;<\/li>\n\n\n\n<li>muligheter for \u00e5 forbedre ergonomien ved bruk av kraner;&nbsp;<\/li>\n\n\n\n<li>endring av produksjonsprofilen.&nbsp;<\/li>\n<\/ul>\n\n\n\n<p>I eldre kraner kan problemet v\u00e6re det reduserte antallet tilgjengelige reservedeler eller manglende kompatibilitet med ny teknologi, for ikke \u00e5 snakke om sikkerheten ved arbeidene. V\u00e5re spesialister utf\u00f8rer oppussing av utstyret, f.eks. utskifting av str\u00f8mforsyningen, installasjon av radiostyringer og mer. Gjennomtenkt og n\u00f8ye planlagt arbeid er kjennetegnet p\u00e5 v\u00e5re aktiviteter. Dette inkluderer innledende og spesielle inspeksjoner, ekspertrapporter og tilstandsvurderinger. Alt utf\u00f8rt av v\u00e5rt team av eksperter!&nbsp;<\/p>\n\n\n\n<h2 class=\"wp-block-heading\">Passende respons p\u00e5 n\u00f8dsituasjoner&nbsp;<\/h2>\n\n\n<div class=\"wp-block-image\">\n<figure class=\"alignright size-large is-resized\"><a href=\"https:\/\/szkolenia-udt.pl\/wp-content\/uploads\/2023\/05\/screen_2x-2023-05-04T205720.559.jpg\"><img loading=\"lazy\" decoding=\"async\" src=\"https:\/\/szkolenia-udt.pl\/wp-content\/uploads\/2023\/05\/screen_2x-2023-05-04T205720.559-1024x673.jpg\" alt=\"kran p\u00e5 byggeplassen\" class=\"wp-image-4847\" width=\"512\" height=\"337\" srcset=\"https:\/\/szkolenia-udt.pl\/wp-content\/uploads\/2023\/05\/screen_2x-2023-05-04T205720.559-1024x673.jpg 1024w, https:\/\/szkolenia-udt.pl\/wp-content\/uploads\/2023\/05\/screen_2x-2023-05-04T205720.559-300x197.jpg 300w, https:\/\/szkolenia-udt.pl\/wp-content\/uploads\/2023\/05\/screen_2x-2023-05-04T205720.559-768x505.jpg 768w, https:\/\/szkolenia-udt.pl\/wp-content\/uploads\/2023\/05\/screen_2x-2023-05-04T205720.559-1536x1010.jpg 1536w, https:\/\/szkolenia-udt.pl\/wp-content\/uploads\/2023\/05\/screen_2x-2023-05-04T205720.559-18x12.jpg 18w, https:\/\/szkolenia-udt.pl\/wp-content\/uploads\/2023\/05\/screen_2x-2023-05-04T205720.559.jpg 1600w\" sizes=\"auto, (max-width: 512px) 100vw, 512px\" \/><\/a><\/figure>\n<\/div>\n\n\n<p>Vi har som m\u00e5l \u00e5 s\u00f8rge for at vedlikehold av eldre kranutstyr (for eksempel kraner) reduserer feil og havarier. Nytt utstyr b\u00f8r holdes i drift s\u00e5 lenge som mulig, slik at levetiden til komponentene forlenges og utstyret konfigureres p\u00e5 riktig m\u00e5te. Man m\u00e5 ikke glemme at potensielle feil p\u00e5virkes av andre faktorer som ikke er strengt knyttet til den tekniske tilstanden, for eksempel utstyrets og komponentenes alder, t\u00f8ffe arbeidsforhold og kvaliteten p\u00e5 operat\u00f8rservicen. OSO reagerer raskt p\u00e5 rapporter om feil ved \u00e5 inng\u00e5 permanente eller individuelle kontrakter etter avtale.&nbsp;<\/p>\n\n\n\n<h2 class=\"wp-block-heading\">Hvordan ser dette ut i praksis?&nbsp;<\/h2>\n\n\n\n<ul class=\"wp-block-list\">\n<li>Forretningsvilk\u00e5rene avtales med hver enkelt kunde, bekreftes per e-post av selgeren v\u00e5r, og en prisliste over tjenester presenteres.\u00a0<\/li>\n\n\n\n<li>Servicemedarbeideren kontakter entrepren\u00f8ren til avtalt tid i henhold til kontrakten. For \u00e5 fullf\u00f8re informasjonen om behovet for reservedeler eller spesifikt servicearbeid og for \u00e5 vurdere situasjonen.&nbsp;<\/li>\n\n\n\n<li>Husk sp\u00f8rsm\u00e5lene knyttet til tilgang til enheten og serviceforhold.&nbsp;<\/li>\n\n\n\n<li>Vi avtaler en dato for ankomst av v\u00e5rt serviceteam. For kontrakter som reguleres av poster - dette er veldig raskt.&nbsp;<\/li>\n\n\n\n<li>Etter endt servicearbeid leverer vi en kranservicerapport, som i hovedsak inneholder: feil som er funnet, arbeidstid, omfang av utf\u00f8rt arbeid, antall serviceteknikere og videre anbefalinger.&nbsp;<\/li>\n\n\n\n<li>Hvis det ikke er mulig \u00e5 utbedre feilen under det f\u00f8rste servicebes\u00f8ket, bestemmer vi det videre forl\u00f8pet.&nbsp;<\/li>\n<\/ul>\n\n\n\n<p>Vi vet hvor viktig det er \u00e5 kommunisere med kunden, som \u00f8nsker \u00e5 f\u00e5 vite s\u00e5 raskt som mulig hva som har skjedd med maskinen og kunne fortsette med videre produksjon. Derfor insisterer vi p\u00e5 at v\u00e5re medarbeidere er i stand til \u00e5 gi spesifikk informasjon. Vi gir gjerne r\u00e5d, hjelper deg og svarer p\u00e5 dine sp\u00f8rsm\u00e5l. Vi ser frem til \u00e5 h\u00f8re fra deg!&nbsp;<\/p>\n\n\n\n<h2 class=\"wp-block-heading\">Forskrifter og vedlikehold av kraner&nbsp;<\/h2>\n\n\n<div class=\"wp-block-image\">\n<figure class=\"alignright size-large is-resized\"><a href=\"https:\/\/szkolenia-udt.pl\/wp-content\/uploads\/2023\/05\/canva-bez-tytulu-MAEGxB8unE0.jpg\"><img loading=\"lazy\" decoding=\"async\" src=\"https:\/\/szkolenia-udt.pl\/wp-content\/uploads\/2023\/05\/canva-bez-tytulu-MAEGxB8unE0-1024x681.jpg\" alt=\"vedlikehold av t\u00e5rnkran\" class=\"wp-image-4846\" width=\"512\" height=\"341\" srcset=\"https:\/\/szkolenia-udt.pl\/wp-content\/uploads\/2023\/05\/canva-bez-tytulu-MAEGxB8unE0-1024x681.jpg 1024w, https:\/\/szkolenia-udt.pl\/wp-content\/uploads\/2023\/05\/canva-bez-tytulu-MAEGxB8unE0-300x200.jpg 300w, https:\/\/szkolenia-udt.pl\/wp-content\/uploads\/2023\/05\/canva-bez-tytulu-MAEGxB8unE0-768x511.jpg 768w, https:\/\/szkolenia-udt.pl\/wp-content\/uploads\/2023\/05\/canva-bez-tytulu-MAEGxB8unE0-1536x1021.jpg 1536w, https:\/\/szkolenia-udt.pl\/wp-content\/uploads\/2023\/05\/canva-bez-tytulu-MAEGxB8unE0-18x12.jpg 18w, https:\/\/szkolenia-udt.pl\/wp-content\/uploads\/2023\/05\/canva-bez-tytulu-MAEGxB8unE0.jpg 1600w\" sizes=\"auto, (max-width: 512px) 100vw, 512px\" \/><\/a><\/figure>\n<\/div>\n\n\n<p>Vi utf\u00f8rer v\u00e5re aktiviteter p\u00e5 grunnlag av bestemmelsene i forskriften fra ministeren for entrepren\u00f8rskap og teknologi av 30. oktober 2018 om de tekniske vilk\u00e5rene for teknisk tilsyn ved drift, reparasjon og modernisering av materialh\u00e5ndteringsutstyr. Detaljerte retningslinjer knyttet til vedlikehold av kranen og komponenter eller fastsettelse av tidsfrister for disse aktivitetene er vanligvis skrevet i h\u00e5ndboken, som har prioritet for anvendelse. Vennligst oppgi denne informasjonen og gj\u00f8r avtaler.&nbsp;<\/p>\n\n\n\n<h2 class=\"wp-block-heading\">Hva omfatter vedlikehold av kraner?&nbsp;<\/h2>\n\n\n\n<figure class=\"wp-block-table\"><table><tbody><tr><td><strong>Sjekk<\/strong>&nbsp;<\/td><td><strong>Visuell inspeksjon av tilstanden&nbsp;<\/strong><\/td><td><strong>Reparasjon<\/strong>&nbsp;<\/td><\/tr><tr><td>tilstanden til drivmekanismene, bremsesystemet, koblingene til festene;&nbsp;&nbsp;<\/td><td>overbygningen - med s\u00e6rlig henvisning til avtakbare og sveisede forbindelser, taljens l\u00f8pebane;&nbsp;&nbsp;<\/td><td>justering av bremser, etterfylling og stramming av skruer, sm\u00f8ring osv;&nbsp;<\/td><\/tr><tr><td>kontrollinnretninger, signalinnretninger, belysningsinnretninger, sikkerhetskomponenter, driftsstopp, korrekt drift;&nbsp;<\/td><td>kranens festekomponenter p\u00e5 stedet, installasjon av beskyttelse mot elektrisk st\u00f8t;&nbsp;&nbsp;<\/td><td>utbedring av funksjonsfeil.&nbsp;<\/td><\/tr><\/tbody><\/table><\/figure>\n\n\n\n<h2 class=\"wp-block-heading\">Vi f\u00f8rer vedlikeholds- og inspeksjonsjournaler&nbsp;<\/h2>\n\n\n<div class=\"wp-block-image\">\n<figure class=\"alignright size-large is-resized\"><a href=\"https:\/\/szkolenia-udt.pl\/wp-content\/uploads\/2023\/05\/screen_2x-2023-05-04T205756.134.jpg\"><img loading=\"lazy\" decoding=\"async\" src=\"https:\/\/szkolenia-udt.pl\/wp-content\/uploads\/2023\/05\/screen_2x-2023-05-04T205756.134-678x1024.jpg\" alt=\"service, reparasjon og vedlikehold av kraner\" class=\"wp-image-4845\" width=\"339\" height=\"512\" srcset=\"https:\/\/szkolenia-udt.pl\/wp-content\/uploads\/2023\/05\/screen_2x-2023-05-04T205756.134-678x1024.jpg 678w, https:\/\/szkolenia-udt.pl\/wp-content\/uploads\/2023\/05\/screen_2x-2023-05-04T205756.134-199x300.jpg 199w, https:\/\/szkolenia-udt.pl\/wp-content\/uploads\/2023\/05\/screen_2x-2023-05-04T205756.134-768x1160.jpg 768w, https:\/\/szkolenia-udt.pl\/wp-content\/uploads\/2023\/05\/screen_2x-2023-05-04T205756.134-1017x1536.jpg 1017w, https:\/\/szkolenia-udt.pl\/wp-content\/uploads\/2023\/05\/screen_2x-2023-05-04T205756.134-8x12.jpg 8w, https:\/\/szkolenia-udt.pl\/wp-content\/uploads\/2023\/05\/screen_2x-2023-05-04T205756.134.jpg 1059w\" sizes=\"auto, (max-width: 339px) 100vw, 339px\" \/><\/a><\/figure>\n<\/div>\n\n\n<p>Hver service eller reparasjon som utf\u00f8res, registreres i en loggbok som brukeren skal oppbevare. Vi strekker oss imidlertid langt for \u00e5 im\u00f8tekomme v\u00e5re kunders behov og kan p\u00e5 foresp\u00f8rsel sette opp en slik loggbok for hvert enkelt utstyr du eier. I tillegg til dette vil f\u00f8lgende bli notert i inspeksjonsprotokollen:&nbsp;<\/p>\n\n\n\n<ul class=\"wp-block-list\">\n<li>Antall ansatte som utf\u00f8rer gjennomgangen;&nbsp;<\/li>\n\n\n\n<li>Varighet av kranvedlikehold;&nbsp;<\/li>\n\n\n\n<li>Resultater av gjennomgangen og vedlikeholdsarbeidet;&nbsp;<\/li>\n\n\n\n<li>Notater om enhetens tilstand;&nbsp;<\/li>\n\n\n\n<li>Anbefalinger for tilleggsarbeid og utskifting av deler under drift;&nbsp;<\/li>\n\n\n\n<li>Forslag til klargj\u00f8ring av reservedeler som beredskapslager.&nbsp;<\/li>\n<\/ul>\n\n\n\n<p>Vi utsteder fakturaer p\u00e5 grunnlag av loggboken. Vi varsler umiddelbart brukeren om eventuelle problemer som har oppst\u00e5tt og som har f\u00f8rt til at utstyret har sluttet \u00e5 fungere, og registrerer dette i loggboken.&nbsp;<\/p>\n\n\n\n<p>Vi inviterer deg til \u00e5 kontakte oss for \u00e5 diskutere detaljene i v\u00e5re tjenester innen service, reparasjon og vedlikehold av maskiner, inkludert kraner og byggekraner. Vi tilbyr v\u00e5re tjenester i hele Polen. Vi tilbyr ogs\u00e5 reiser til kunden! <\/p>","protected":false},"excerpt":{"rendered":"<p>Firma OSO stawia na jako\u015b\u0107 wykonywanych us\u0142ug. Konserwacj\u0119 dzielimy na awaryjn\u0105 (w odpowiedzi na usterk\u0119) i planowan\u0105.&nbsp; Czym wyr\u00f3\u017cniaj\u0105 si\u0119 prace konserwacyjne planowane?&nbsp; Niezale\u017cnie od podj\u0119tych dzia\u0142a\u0144 serwisowych, ka\u017cdy z element\u00f3w ma okre\u015blon\u0105 d\u0142ugo\u015b\u0107 eksploatacji oraz jest zale\u017cny od wielu czynnik\u00f3w. Dlatego te\u017c, wszystkim \u017curawiom okre\u015bla si\u0119 czas naturalnego zu\u017cycia poszczeg\u00f3lnych cz\u0119\u015bci. W wielu umowach [&hellip;]<\/p>\n","protected":false},"author":10,"featured_media":4844,"parent":0,"menu_order":0,"comment_status":"closed","ping_status":"closed","template":"","meta":{"footnotes":""},"class_list":["post-4843","page","type-page","status-publish","has-post-thumbnail","hentry"],"aioseo_notices":[],"_links":{"self":[{"href":"https:\/\/szkolenia-udt.pl\/nb\/wp-json\/wp\/v2\/pages\/4843","targetHints":{"allow":["GET"]}}],"collection":[{"href":"https:\/\/szkolenia-udt.pl\/nb\/wp-json\/wp\/v2\/pages"}],"about":[{"href":"https:\/\/szkolenia-udt.pl\/nb\/wp-json\/wp\/v2\/types\/page"}],"author":[{"embeddable":true,"href":"https:\/\/szkolenia-udt.pl\/nb\/wp-json\/wp\/v2\/users\/10"}],"replies":[{"embeddable":true,"href":"https:\/\/szkolenia-udt.pl\/nb\/wp-json\/wp\/v2\/comments?post=4843"}],"version-history":[{"count":2,"href":"https:\/\/szkolenia-udt.pl\/nb\/wp-json\/wp\/v2\/pages\/4843\/revisions"}],"predecessor-version":[{"id":5279,"href":"https:\/\/szkolenia-udt.pl\/nb\/wp-json\/wp\/v2\/pages\/4843\/revisions\/5279"}],"wp:featuredmedia":[{"embeddable":true,"href":"https:\/\/szkolenia-udt.pl\/nb\/wp-json\/wp\/v2\/media\/4844"}],"wp:attachment":[{"href":"https:\/\/szkolenia-udt.pl\/nb\/wp-json\/wp\/v2\/media?parent=4843"}],"curies":[{"name":"wp","href":"https:\/\/api.w.org\/{rel}","templated":true}]}}