{"id":4850,"date":"2023-06-30T12:49:30","date_gmt":"2023-06-30T10:49:30","guid":{"rendered":"https:\/\/szkolenia-udt.pl\/?page_id=4850"},"modified":"2023-06-30T12:49:31","modified_gmt":"2023-06-30T10:49:31","slug":"service-reparasjon-og-vedlikehold-av-kraner","status":"publish","type":"page","link":"https:\/\/szkolenia-udt.pl\/nb\/serwis-naprawa-konserwacja-suwnic\/","title":{"rendered":"Service, reparasjon og vedlikehold av kraner\u00a0"},"content":{"rendered":"<div class=\"wp-block-image\">\n<figure class=\"alignright size-large is-resized\"><a href=\"https:\/\/szkolenia-udt.pl\/wp-content\/uploads\/2023\/05\/screen_2x-2023-05-08T132000.333.jpg\"><img loading=\"lazy\" decoding=\"async\" src=\"https:\/\/szkolenia-udt.pl\/wp-content\/uploads\/2023\/05\/screen_2x-2023-05-08T132000.333-683x1024.jpg\" alt=\"krankrok\" class=\"wp-image-4854\" width=\"342\" height=\"512\" srcset=\"https:\/\/szkolenia-udt.pl\/wp-content\/uploads\/2023\/05\/screen_2x-2023-05-08T132000.333-683x1024.jpg 683w, https:\/\/szkolenia-udt.pl\/wp-content\/uploads\/2023\/05\/screen_2x-2023-05-08T132000.333-200x300.jpg 200w, https:\/\/szkolenia-udt.pl\/wp-content\/uploads\/2023\/05\/screen_2x-2023-05-08T132000.333-768x1152.jpg 768w, https:\/\/szkolenia-udt.pl\/wp-content\/uploads\/2023\/05\/screen_2x-2023-05-08T132000.333-1024x1536.jpg 1024w, https:\/\/szkolenia-udt.pl\/wp-content\/uploads\/2023\/05\/screen_2x-2023-05-08T132000.333-8x12.jpg 8w, https:\/\/szkolenia-udt.pl\/wp-content\/uploads\/2023\/05\/screen_2x-2023-05-08T132000.333.jpg 1067w\" sizes=\"auto, (max-width: 342px) 100vw, 342px\" \/><\/a><\/figure>\n<\/div>\n\n\n<h2 class=\"wp-block-heading\">Bruk av kraner&nbsp;<\/h2>\n\n\n\n<p>Traverskraner brukes ofte til raske og sikre produksjonsprosesser. De brukes i lager-, reparasjons- eller monteringsarbeid. De s\u00f8rger for at alle l\u00f8ft og forflytninger av tungt gods utf\u00f8res effektivt og feilfritt. Stadig flere sm\u00e5 og store bedrifter velger \u00e5 kj\u00f8pe kraner fordi de setter pris p\u00e5 ergonomien og robustheten til disse maskinene. Dette er en investering som vil vare i mange \u00e5r. Det er imidlertid viktig \u00e5 huske p\u00e5 at den intensive bruken av utstyret p\u00e5virker behovet for regelmessig vedlikehold. Unnlatelse av \u00e5 gj\u00f8re dette kan f\u00f8re til hyppige sammenbrudd og funksjonsfeil, eller til og med til fullstendig arbeidsstans eller en ulykke som kan g\u00e5 ut over de ansatte. Det er derfor lurt \u00e5 s\u00f8rge for at kranene f\u00e5r riktig service for \u00e5 beskytte deg mot alvorlige problemer og for \u00e5 oppdage potensielle feil p\u00e5 forh\u00e5nd.&nbsp;<\/p>\n\n\n\n<h3 class=\"wp-block-heading\">P\u00e5 grunnlag av \u00f8konomiministerens forskrift og retningslinjene fra Office of Technical Inspection kan vedlikeholdsarbeid deles inn i flere typer:&nbsp;<\/h3>\n\n\n\n<ul class=\"wp-block-list\">\n<li>vedlikehold og forebygging;\u00a0<\/li>\n\n\n\n<li>standard;&nbsp;&nbsp;<\/li>\n\n\n\n<li>gjennomgang av brukt eller nytt utstyr etter kj\u00f8pet.&nbsp;<\/li>\n<\/ul>\n\n\n\n<h2 class=\"wp-block-heading\">Hvorfor er vedlikehold s\u00e5 viktig?&nbsp;<\/h2>\n\n\n\n<p>Hovedform\u00e5let med kranvedlikehold er \u00e5 oppdage ulike farer p\u00e5 arbeidsplassen og opprettholde maskinens ytelse. Det er viktig \u00e5 tilpasse strategien til den aktuelle bedriften og f\u00f8lge utstyrsprodusentens anbefalinger. Rutinemessig vedlikehold sikrer at maskinen fungerer som den skal. Det sikrer at utslitte komponenter kan skiftes ut i tide og at levetiden forlenges.&nbsp;&nbsp;<\/p>\n\n\n\n<p>Ved service er det viktig \u00e5 overholde lovbestemmelsene for kraner. Det er derfor avgj\u00f8rende \u00e5 ha et godt samarbeid med serviceteknikere som er eksperter p\u00e5 sitt felt og som er godt kjent med de juridiske kravene i UDT eller arbeidsmilj\u00f8loven. For \u00e5 sikre at servicearbeidet blir utf\u00f8rt i tide og uten avbrudd, anbefaler vi at du planlegger spesialistenes ankomst til bedriften p\u00e5 forh\u00e5nd. &nbsp;<\/p>\n\n\n\n<h2 class=\"wp-block-heading\">L\u00f8nner det seg \u00e5 reparere kraner?&nbsp;<\/h2>\n\n\n<div class=\"wp-block-image\">\n<figure class=\"alignright size-large is-resized\"><a href=\"https:\/\/szkolenia-udt.pl\/wp-content\/uploads\/2023\/05\/screen_2x-2023-05-08T132022.906.jpg\"><img loading=\"lazy\" decoding=\"async\" src=\"https:\/\/szkolenia-udt.pl\/wp-content\/uploads\/2023\/05\/screen_2x-2023-05-08T132022.906-1024x683.jpg\" alt=\"service, reparasjon av kraner\" class=\"wp-image-4852\" width=\"552\" height=\"369\" srcset=\"https:\/\/szkolenia-udt.pl\/wp-content\/uploads\/2023\/05\/screen_2x-2023-05-08T132022.906-1024x683.jpg 1024w, https:\/\/szkolenia-udt.pl\/wp-content\/uploads\/2023\/05\/screen_2x-2023-05-08T132022.906-300x200.jpg 300w, https:\/\/szkolenia-udt.pl\/wp-content\/uploads\/2023\/05\/screen_2x-2023-05-08T132022.906-768x512.jpg 768w, https:\/\/szkolenia-udt.pl\/wp-content\/uploads\/2023\/05\/screen_2x-2023-05-08T132022.906-1536x1024.jpg 1536w, https:\/\/szkolenia-udt.pl\/wp-content\/uploads\/2023\/05\/screen_2x-2023-05-08T132022.906-18x12.jpg 18w, https:\/\/szkolenia-udt.pl\/wp-content\/uploads\/2023\/05\/screen_2x-2023-05-08T132022.906.jpg 1600w\" sizes=\"auto, (max-width: 552px) 100vw, 552px\" \/><\/a><\/figure>\n<\/div>\n\n\n<p>Traverskraner er maskiner som som regel skal holde i mange \u00e5r. Derfor er det ikke tilr\u00e5delig \u00e5 bytte ut delene med nye med en gang n\u00e5r det oppst\u00e5r feil eller svikt, men de kan repareres med samme resultat. Reparasjoner b\u00f8r utf\u00f8res p\u00e5 servicesentre med skikkelig verkt\u00f8y, spesielt innovative analysatorer. Med disse apparatene kan man kontrollere alle problemer med maskinens funksjon, f.eks. spenningsforstyrrelser eller overbelastning, uten \u00e5 m\u00e5tte sl\u00e5 av utstyret. F\u00f8r reparasjon vil et erfarent serviceteam utf\u00f8re en grundig diagnose av maskinens generelle tilstand og kontrollere utsatte omr\u00e5der for \u00f8kt slitasje, som lagre, hjul og motor.&nbsp;<\/p>\n\n\n\n<h2 class=\"wp-block-heading\"><strong>Service<\/strong>j<strong>Vi har kjente merkevarer som f.eks:<\/strong>&nbsp;<\/h2>\n\n\n\n<div class=\"wp-block-columns is-layout-flex wp-container-core-columns-is-layout-9d6595d7 wp-block-columns-is-layout-flex\">\n<div class=\"wp-block-column is-layout-flow wp-block-column-is-layout-flow\" style=\"flex-basis:50%\">\n<ul class=\"wp-block-list\">\n<li>CONECRANES,&nbsp;<\/li>\n\n\n\n<li>STHAL,&nbsp;<\/li>\n\n\n\n<li>SWF,&nbsp;<\/li>\n\n\n\n<li>VETTER,&nbsp;<\/li>\n<\/ul>\n<\/div>\n\n\n\n<div class=\"wp-block-column is-layout-flow wp-block-column-is-layout-flow\" style=\"flex-basis:50%\">\n<ul class=\"wp-block-list\">\n<li>YALE,&nbsp;<\/li>\n\n\n\n<li>ABUS,&nbsp;<\/li>\n\n\n\n<li>DEMAG\/KBK,&nbsp;<\/li>\n\n\n\n<li>HAK.&nbsp;<\/li>\n<\/ul>\n<\/div>\n<\/div>\n\n\n\n<h2 class=\"wp-block-heading\">Hvorfor b\u00f8r du overlate serviceoppgavene dine til OSO?&nbsp;<\/h2>\n\n\n<div class=\"wp-block-image\">\n<figure class=\"alignright size-large is-resized\"><a href=\"https:\/\/szkolenia-udt.pl\/wp-content\/uploads\/2023\/05\/screen_2x-2023-05-08T131912.060.jpg\"><img loading=\"lazy\" decoding=\"async\" src=\"https:\/\/szkolenia-udt.pl\/wp-content\/uploads\/2023\/05\/screen_2x-2023-05-08T131912.060-1024x683.jpg\" alt=\"kranreparat\u00f8r\" class=\"wp-image-4851\" width=\"512\" height=\"342\" srcset=\"https:\/\/szkolenia-udt.pl\/wp-content\/uploads\/2023\/05\/screen_2x-2023-05-08T131912.060-1024x683.jpg 1024w, https:\/\/szkolenia-udt.pl\/wp-content\/uploads\/2023\/05\/screen_2x-2023-05-08T131912.060-300x200.jpg 300w, https:\/\/szkolenia-udt.pl\/wp-content\/uploads\/2023\/05\/screen_2x-2023-05-08T131912.060-768x512.jpg 768w, https:\/\/szkolenia-udt.pl\/wp-content\/uploads\/2023\/05\/screen_2x-2023-05-08T131912.060-1536x1024.jpg 1536w, https:\/\/szkolenia-udt.pl\/wp-content\/uploads\/2023\/05\/screen_2x-2023-05-08T131912.060-18x12.jpg 18w, https:\/\/szkolenia-udt.pl\/wp-content\/uploads\/2023\/05\/screen_2x-2023-05-08T131912.060.jpg 1600w\" sizes=\"auto, (max-width: 512px) 100vw, 512px\" \/><\/a><\/figure>\n<\/div>\n\n\n<ul class=\"wp-block-list\">\n<li>Vi har kvalifiserte og erfarne medarbeidere som har tilegnet seg kunnskap i l\u00f8pet av de \u00e5rene selskapet har v\u00e6rt p\u00e5 markedet.&nbsp;<\/li>\n\n\n\n<li>Vi har det beste utstyret og den mest innovative teknologien til r\u00e5dighet, slik at vi kan utf\u00f8re reparasjoner uten un\u00f8dig forsinkelse, men ogs\u00e5 p\u00e5 en sikker m\u00e5te.&nbsp;<\/li>\n\n\n\n<li>Vi prioriterer v\u00e5re kunders verdifulle tid, og derfor legger vi alt til rette p\u00e5 tidspunkter som passer for bedriftene. Vi setter ikke bedriften i st\u00e5, men lar den arbeide fritt.&nbsp;<\/li>\n\n\n\n<li>Alt v\u00e5rt samarbeid er basert p\u00e5 klare og definerte regler. Helt fra starten av informerer vi deg om det totale reparasjons- og servicetilbudet.&nbsp;<\/li>\n\n\n\n<li>Vi utf\u00f8rer alle tjenester etter h\u00f8yeste standard og tilbyr attraktive priser.&nbsp;<\/li>\n\n\n\n<li>Vi har opparbeidet oss et godt rykte, og det er grunnen til at gamle kunder kommer tilbake til oss og anbefaler oss til sine venner. Dette viser den profesjonelle tiln\u00e6rmingen til hele teamet.&nbsp;<\/li>\n\n\n\n<li>Vi utf\u00f8rer reparasjoner av gamle og nye kraner fra ulike produsenter. Uansett om det dreier seg om feil, havari, ulykker eller ettervirkninger av en oppgradering av utstyret. V\u00e5re profesjonelle teknikere vil bringe maskinene tilbake til full drift p\u00e5 en effektiv og sikker m\u00e5te.&nbsp;<\/li>\n<\/ul>\n\n\n\n<h2 class=\"wp-block-heading\">Modernisering av kraner&nbsp;<\/h2>\n\n\n\n<p>Det dreier seg ofte om \u00e5 modernisere str\u00f8mforsyningssystemer eller mekaniske konstruksjoner, noe som gj\u00f8r det mulig \u00e5 tilpasse kranens n\u00f8yaktige parametere til bedriftens n\u00e5v\u00e6rende og skiftende behov, forholdene p\u00e5 stedet eller nye krav fra Tekniske kontrollmyndigheter. N\u00e5r det gjelder modernisering av kraner, utf\u00f8rer vi hovedsakelig modifikasjoner av automatiserings- og str\u00f8mforsyningselementer, drivsystemet og kontrollsystemet.&nbsp;<\/p>\n\n\n\n<figure class=\"wp-block-table\"><table><tbody><tr><td><strong>Reparasjon<\/strong>&nbsp;<\/td><td><strong>Traverskraner<\/strong>&nbsp;<\/td><\/tr><tr><td>kraner, taljer, mobilkraner (HDS), l\u00f8fteplattformer, taljer, vinsjer, kraner, gaffeltrucker, drivverksteknologi&nbsp;<\/td><td>standard, teknologisk, enkelt- og dobbeltbjelke, skinnemontert, gantry, konsoller&nbsp;<\/td><\/tr><\/tbody><\/table><\/figure>\n\n\n\n<h2 class=\"wp-block-heading\">Hva skiller selskapet v\u00e5rt fra andre?&nbsp;<\/h2>\n\n\n<div class=\"wp-block-image\">\n<figure class=\"alignright size-large is-resized\"><a href=\"https:\/\/szkolenia-udt.pl\/wp-content\/uploads\/2023\/05\/screen_2x-2023-05-08T132012.262.jpg\"><img loading=\"lazy\" decoding=\"async\" src=\"https:\/\/szkolenia-udt.pl\/wp-content\/uploads\/2023\/05\/screen_2x-2023-05-08T132012.262-1024x682.jpg\" alt=\"kran p\u00e5 lager\" class=\"wp-image-4853\" width=\"539\" height=\"359\" srcset=\"https:\/\/szkolenia-udt.pl\/wp-content\/uploads\/2023\/05\/screen_2x-2023-05-08T132012.262-1024x682.jpg 1024w, https:\/\/szkolenia-udt.pl\/wp-content\/uploads\/2023\/05\/screen_2x-2023-05-08T132012.262-300x200.jpg 300w, https:\/\/szkolenia-udt.pl\/wp-content\/uploads\/2023\/05\/screen_2x-2023-05-08T132012.262-768x512.jpg 768w, https:\/\/szkolenia-udt.pl\/wp-content\/uploads\/2023\/05\/screen_2x-2023-05-08T132012.262-1536x1023.jpg 1536w, https:\/\/szkolenia-udt.pl\/wp-content\/uploads\/2023\/05\/screen_2x-2023-05-08T132012.262-18x12.jpg 18w, https:\/\/szkolenia-udt.pl\/wp-content\/uploads\/2023\/05\/screen_2x-2023-05-08T132012.262.jpg 1600w\" sizes=\"auto, (max-width: 539px) 100vw, 539px\" \/><\/a><\/figure>\n<\/div>\n\n\n<ul class=\"wp-block-list\">\n<li>ekspertr\u00e5dgivning i alle faser av kontrakten;&nbsp;<\/li>\n\n\n\n<li>en individuell tiln\u00e6rming til hver enkelt kunde;&nbsp;<\/li>\n\n\n\n<li>levering av bestillinger i henhold til avtalt frist;&nbsp;<\/li>\n\n\n\n<li>mange \u00e5rs erfaring fra sektoren;&nbsp;<\/li>\n\n\n\n<li>engasjement og profesjonalitet;&nbsp;<\/li>\n\n\n\n<li>spesialutstyr for \u00e5 utf\u00f8re reparasjoner;&nbsp;<\/li>\n\n\n\n<li>konkurransedyktige priser;&nbsp;<\/li>\n\n\n\n<li>kunnskap om den nyeste teknologiske utviklingen i sektoren;&nbsp;<\/li>\n\n\n\n<li>kontinuerlig forbedring av ferdigheter;&nbsp;<\/li>\n\n\n\n<li>attraktive rabatter for faste kunder;&nbsp;<\/li>\n\n\n\n<li>kontinuerlig utvidelse av sortimentet;&nbsp;<\/li>\n\n\n\n<li>garanti for hver utf\u00f8rte reparasjon.<\/li>\n<\/ul>\n\n\n\n<h2 class=\"wp-block-heading\">Overhaling og reparasjon av kraner&nbsp;<\/h2>\n\n\n\n<p>Vi tilbyr ogs\u00e5 komplette overhalinger og reparasjoner for \u00e5 holde kranen i perfekt stand, noe som garanterer problemfri og effektiv drift og reduserer risikoen for alvorlige havarier eller ulykker betydelig.&nbsp;<\/p>\n\n\n\n<p>I tillegg tilbyr vi en beregning av UTBs resurvey.&nbsp;<\/p>\n\n\n\n<p>Hvis du har sp\u00f8rsm\u00e5l, er du hjertelig velkommen til \u00e5 ta kontakt med v\u00e5re eksperter, som mer enn gjerne svarer p\u00e5 alle sp\u00f8rsm\u00e5l du m\u00e5tte ha, yter ekspertservice og fjerner enhver tvil du m\u00e5tte ha om service, vedlikehold og reparasjon av traverskraner.&nbsp;<\/p>","protected":false},"excerpt":{"rendered":"<p>Zastosowanie suwnic&nbsp; Suwnice cz\u0119sto wykorzystuje si\u0119 do szybkiego i bezpiecznego procesu produkcji. U\u017cywa si\u0119 ich przy pracach magazynowych, remontowych czy monta\u017cowych. Dzi\u0119ki nim wszystkie czynno\u015bci dotycz\u0105ce unoszenia i przemieszczania ci\u0119\u017ckich towar\u00f3w s\u0105 wykonywane sprawnie, wydajnie i bez zarzutu. Coraz wi\u0119cej ma\u0142ych i du\u017cych przedsi\u0119biorstw decyduje si\u0119 na zakup suwnic, doceniaj\u0105c ergonomi\u0119 oraz solidno\u015b\u0107 tych maszyn. [&hellip;]<\/p>\n","protected":false},"author":10,"featured_media":4852,"parent":0,"menu_order":0,"comment_status":"closed","ping_status":"closed","template":"","meta":{"footnotes":""},"class_list":["post-4850","page","type-page","status-publish","has-post-thumbnail","hentry"],"aioseo_notices":[],"_links":{"self":[{"href":"https:\/\/szkolenia-udt.pl\/nb\/wp-json\/wp\/v2\/pages\/4850","targetHints":{"allow":["GET"]}}],"collection":[{"href":"https:\/\/szkolenia-udt.pl\/nb\/wp-json\/wp\/v2\/pages"}],"about":[{"href":"https:\/\/szkolenia-udt.pl\/nb\/wp-json\/wp\/v2\/types\/page"}],"author":[{"embeddable":true,"href":"https:\/\/szkolenia-udt.pl\/nb\/wp-json\/wp\/v2\/users\/10"}],"replies":[{"embeddable":true,"href":"https:\/\/szkolenia-udt.pl\/nb\/wp-json\/wp\/v2\/comments?post=4850"}],"version-history":[{"count":5,"href":"https:\/\/szkolenia-udt.pl\/nb\/wp-json\/wp\/v2\/pages\/4850\/revisions"}],"predecessor-version":[{"id":5280,"href":"https:\/\/szkolenia-udt.pl\/nb\/wp-json\/wp\/v2\/pages\/4850\/revisions\/5280"}],"wp:featuredmedia":[{"embeddable":true,"href":"https:\/\/szkolenia-udt.pl\/nb\/wp-json\/wp\/v2\/media\/4852"}],"wp:attachment":[{"href":"https:\/\/szkolenia-udt.pl\/nb\/wp-json\/wp\/v2\/media?parent=4850"}],"curies":[{"name":"wp","href":"https:\/\/api.w.org\/{rel}","templated":true}]}}