{"id":51,"date":"2014-10-07T16:24:48","date_gmt":"2014-10-07T16:24:48","guid":{"rendered":"http:\/\/szkolenia-udt.pl\/?page_id=51"},"modified":"2016-07-06T17:39:02","modified_gmt":"2016-07-06T17:39:02","slug":"sakseplattformer","status":"publish","type":"page","link":"https:\/\/szkolenia-udt.pl\/nb\/dzwignice\/platformy-nozycowe\/","title":{"rendered":"Sakseplattformer"},"content":{"rendered":"<div style=\"float: left; padding-right: 10px;\"><div id=\"metaslider-id-655\" style=\"max-width: 300px;\" class=\"ml-slider-3-108-0 metaslider metaslider-flex metaslider-655 ml-slider ms-theme-default nav-hidden\" role=\"region\" aria-label=\"sakseplattformer\" data-height=\"225\" data-width=\"300\">\n    <div id=\"metaslider_container_655\">\n        <div id=\"metaslider_655\">\n            <ul class='slides'>\n                <li style=\"display: block; width: 100%;\" class=\"slide-657 ms-image\" aria-roledescription=\"slide\" data-date=\"2014-10-12 10:19:28\" data-filename=\"Uprawnienia-udt.jpg\" data-slide-type=\"image\"><img loading=\"lazy\" decoding=\"async\" src=\"https:\/\/szkolenia-udt.pl\/wp-content\/uploads\/2014\/10\/Uprawnienia-udt.jpg\" height=\"225\" width=\"300\" alt=\"\" class=\"slider-655 slide-657 msDefaultImage\" \/><\/li>\n                <li style=\"display: none; width: 100%;\" class=\"slide-573 ms-image\" aria-roledescription=\"slide\" data-date=\"2014-10-11 18:02:18\" data-filename=\"platforma-podest-stacjonarny.jpg\" data-slide-type=\"image\"><img loading=\"lazy\" decoding=\"async\" src=\"https:\/\/szkolenia-udt.pl\/wp-content\/uploads\/2014\/10\/platforma-podest-stacjonarny.jpg\" height=\"225\" width=\"300\" alt=\"Kurs og oppl\u00e6ring av sivilsamfunnsorganisasjoner Warszawa\" class=\"slider-655 slide-573 msDefaultImage\" \/><\/li>\n                <li style=\"display: none; width: 100%;\" class=\"slide-656 ms-image\" aria-roledescription=\"slide\" data-date=\"2014-10-12 10:19:27\" data-filename=\"kursy-Platformy-no\u017cycowe.jpg\" data-slide-type=\"image\"><img loading=\"lazy\" decoding=\"async\" src=\"https:\/\/szkolenia-udt.pl\/wp-content\/uploads\/2014\/10\/kursy-Platformy-no\u017cycowe.jpg\" height=\"225\" width=\"300\" alt=\"Oppl\u00e6ring og kurs Bommer\" class=\"slider-655 slide-656 msDefaultImage\" \/><\/li>\n                <li style=\"display: none; width: 100%;\" class=\"slide-618 ms-image\" aria-roledescription=\"slide\" data-date=\"2014-10-12 07:16:03\" data-filename=\"podest-stacjonarny-IIP1.jpg\" data-slide-type=\"image\"><img loading=\"lazy\" decoding=\"async\" src=\"https:\/\/szkolenia-udt.pl\/wp-content\/uploads\/2014\/10\/podest-stacjonarny-IIP1.jpg\" height=\"225\" width=\"300\" alt=\"Sakseplattformer\" class=\"slider-655 slide-618 msDefaultImage\" \/><\/li>\n                <li style=\"display: none; width: 100%;\" class=\"slide-1222 ms-image\" aria-roledescription=\"slide\" data-date=\"2014-11-18 10:40:33\" data-filename=\"78XE_000_d1a.jpg\" data-slide-type=\"image\"><img loading=\"lazy\" decoding=\"async\" src=\"https:\/\/szkolenia-udt.pl\/wp-content\/uploads\/2014\/11\/78XE_000_d1a.jpg\" height=\"225\" width=\"300\" alt=\"\" class=\"slider-655 slide-1222 msDefaultImage\" \/><\/li>\n            <\/ul>\n        <\/div>\n        \n    <\/div>\n<\/div><\/div>\n<div class=\"wyjustuj\">Sakseplattformer eller sakselifter er utstyr som ofte brukes til materialh\u00e5ndtering. De er underlagt teknisk tilsyn og krever autorisasjon fra UDT. I v\u00e5r <a href=\"https:\/\/szkolenia-udt.pl\/nb\/o-firmie\/\">Oppl\u00e6ringssenter for operat\u00f8rer<\/a> Du kan ta sakseliftkurs og avlegge eksamen for \u00e5 f\u00e5 sertifikat.Sakselifter (plattformer, heiser) tilh\u00f8rer kategorien mobile plattformer. De er fritt bevegelige innretninger som gj\u00f8r det mulig \u00e5 l\u00f8fte last - varer eller personer, for eksempel byggematerialer, arbeidere i monterings- og ferdigstillingsarbeid, biler i verksteder, funksjonshemmede i rullestol - til en gitt h\u00f8yde. Navnet har de f\u00e5tt fra den karakteristiske sakselignende konstruksjonen som l\u00f8fter plattformen til en viss h\u00f8yde.<\/p>\n<p>I kategorien mobile plattformer inng\u00e5r ogs\u00e5 arbeidsplattformer (kurvl\u00f8ftere). Dette er innretninger som er montert p\u00e5 lastebiltilhengere eller med eget drivverk, og som er utstyrt med en kurv p\u00e5 en justerbar arm. I motsetning til sakselifter kan armen manipuleres i forskjellige retninger. Dette gj\u00f8r liften mer allsidig, men den brukes hovedsakelig til utend\u00f8rs arbeid.<\/p>\n<p>B\u00e5de sakse- og kurvmodeller er tilgjengelige i en rekke ulike utf\u00f8relser som gj\u00f8r det mulig \u00e5 l\u00f8fte last av en gitt st\u00f8rrelse, til en gitt h\u00f8yde og innenfor rekkevidden til armen eller plattformen. Noen modeller er utstyrt med terrengg\u00e5ende hjul, slik at de ogs\u00e5 kan brukes p\u00e5 vanskelige underlag.<\/p>\n<p>Byer der vi tilbyr oppl\u00e6ring for sakselifter og arbeidsplattformer: Warszawa, Krakow, Bielsko-Bia\u0142a, Katowice. Vi er ogs\u00e5 opptatt av \u00e5 tilby rimelig oppl\u00e6ring. <a href=\"https:\/\/szkolenia-udt.pl\/nb\/oferta\/\">pris<\/a> p\u00e5 senteret v\u00e5rt er alltid avhengig av antall deltakere, og for st\u00f8rre grupper har vi ogs\u00e5 oppmuntrende rabatter. Det betyr at kurs hos oss ikke bare er en garanti for god kvalitet, men ogs\u00e5 for lave priser. Kursene v\u00e5re er \u00e5pne for alle og er ogs\u00e5 tilgjengelige for grupper. Vi inviterer deg til \u00e5 l\u00e6re sammen med oss!<\/p>\n<\/div>","protected":false},"excerpt":{"rendered":"<p>Platformy no\u017cycowe czy te\u017c podno\u015bniki no\u017cycowe to urz\u0105dzenia wykorzystywane powszechnie w transporcie bliskim. Podlegaj\u0105 dozorowi technicznemu i wymagaj\u0105 posiadania uprawnie\u0144 nadanych przez UDT. W naszym O\u015brodku Szkolenia Operator\u00f3w mo\u017cesz wzi\u0105\u0107 udzia\u0142 w kursach na podno\u015bnik no\u017cycowy i podej\u015b\u0107 do egzaminu w celu otrzymania uprawnie\u0144.Podesty no\u017cycowe (platformy, podno\u015bniki) nale\u017c\u0105 do kategorii podest\u00f3w ruchomych. S\u0105 to urz\u0105dzenia [&hellip;]<\/p>\n","protected":false},"author":3,"featured_media":0,"parent":69,"menu_order":0,"comment_status":"closed","ping_status":"closed","template":"","meta":{"footnotes":""},"class_list":["post-51","page","type-page","status-publish","hentry"],"aioseo_notices":[],"_links":{"self":[{"href":"https:\/\/szkolenia-udt.pl\/nb\/wp-json\/wp\/v2\/pages\/51","targetHints":{"allow":["GET"]}}],"collection":[{"href":"https:\/\/szkolenia-udt.pl\/nb\/wp-json\/wp\/v2\/pages"}],"about":[{"href":"https:\/\/szkolenia-udt.pl\/nb\/wp-json\/wp\/v2\/types\/page"}],"author":[{"embeddable":true,"href":"https:\/\/szkolenia-udt.pl\/nb\/wp-json\/wp\/v2\/users\/3"}],"replies":[{"embeddable":true,"href":"https:\/\/szkolenia-udt.pl\/nb\/wp-json\/wp\/v2\/comments?post=51"}],"version-history":[{"count":6,"href":"https:\/\/szkolenia-udt.pl\/nb\/wp-json\/wp\/v2\/pages\/51\/revisions"}],"predecessor-version":[{"id":1690,"href":"https:\/\/szkolenia-udt.pl\/nb\/wp-json\/wp\/v2\/pages\/51\/revisions\/1690"}],"up":[{"embeddable":true,"href":"https:\/\/szkolenia-udt.pl\/nb\/wp-json\/wp\/v2\/pages\/69"}],"wp:attachment":[{"href":"https:\/\/szkolenia-udt.pl\/nb\/wp-json\/wp\/v2\/media?parent=51"}],"curies":[{"name":"wp","href":"https:\/\/api.w.org\/{rel}","templated":true}]}}