{"id":5197,"date":"2023-06-30T12:09:45","date_gmt":"2023-06-30T10:09:45","guid":{"rendered":"https:\/\/szkolenia-udt.pl\/?page_id=5197"},"modified":"2023-06-30T12:09:46","modified_gmt":"2023-06-30T10:09:46","slug":"udt-godkjenning-for-vedlikehold-av-vareheiser","status":"publish","type":"page","link":"https:\/\/szkolenia-udt.pl\/nb\/uprawnienia-udt-konserwacji-wyciagu-towarowego\/","title":{"rendered":"UDT-godkjenning til \u00e5 drive og vedlikeholde en vareheis p\u00e5 SPA."},"content":{"rendered":"<h2 class=\"wp-block-heading\">Skaff deg kvalifikasjonene dine for godsheiser hos oss&nbsp;<\/h2>\n\n\n\n<p>V\u00e5rt selskap inviterer deg til kurs som er designet for alle bedrifter, og som ledes av kompetente instrukt\u00f8rer med lang erfaring. Vi tilbyr <strong>UDT-oppl\u00e6ring<\/strong> hjelpe deg med \u00e5 tilegne deg service- eller samtaleferdigheter <strong>fraktl\u00f8ft. <\/strong>De er underlagt teknisk tilsyn av en offisiell statlig institusjon.&nbsp;<\/p>\n\n\n<div class=\"wp-block-image\">\n<figure class=\"alignleft size-large is-resized\"><a href=\"https:\/\/szkolenia-udt.pl\/wp-content\/uploads\/2023\/05\/IMG_20190905_173555-1-1-scaled.jpg\"><img loading=\"lazy\" decoding=\"async\" src=\"https:\/\/szkolenia-udt.pl\/wp-content\/uploads\/2023\/05\/IMG_20190905_173555-1-1-1024x567.jpg\" alt=\"Godsheis\" class=\"wp-image-5199\" width=\"512\" height=\"284\" srcset=\"https:\/\/szkolenia-udt.pl\/wp-content\/uploads\/2023\/05\/IMG_20190905_173555-1-1-1024x567.jpg 1024w, https:\/\/szkolenia-udt.pl\/wp-content\/uploads\/2023\/05\/IMG_20190905_173555-1-1-300x166.jpg 300w, https:\/\/szkolenia-udt.pl\/wp-content\/uploads\/2023\/05\/IMG_20190905_173555-1-1-768x425.jpg 768w, https:\/\/szkolenia-udt.pl\/wp-content\/uploads\/2023\/05\/IMG_20190905_173555-1-1-1536x851.jpg 1536w, https:\/\/szkolenia-udt.pl\/wp-content\/uploads\/2023\/05\/IMG_20190905_173555-1-1-2048x1134.jpg 2048w, https:\/\/szkolenia-udt.pl\/wp-content\/uploads\/2023\/05\/IMG_20190905_173555-1-1-18x10.jpg 18w\" sizes=\"auto, (max-width: 512px) 100vw, 512px\" \/><\/a><\/figure>\n<\/div>\n\n\n<h2 class=\"wp-block-heading\">Hva er en vareheis?&nbsp;<\/h2>\n\n\n\n<p><strong>Godsheis<\/strong> er kranen. Det er en krantransportanordning som brukes til \u00e5 transportere last vertikalt og horisontalt over korte avstander og i intermitterende bevegelse. Det er en plattform som brukes til \u00e5 flytte en last langs en mast ved hjelp av skr\u00e5stilte f\u00f8ringer. Form\u00e5let er \u00e5 plassere denne lasten p\u00e5 bygninger p\u00e5 h\u00f8ye niv\u00e5er og ogs\u00e5 i taket p\u00e5 bygninger.&nbsp;<\/p>\n\n\n\n<p>Mast <strong>vareheis <\/strong>er festet til et b\u00e6rbart understell. Det ligner p\u00e5 en stige, og derfor kalles hele enheten ofte en lift eller stige.&nbsp;<\/p>\n\n\n\n<p>Vareheiser deles inn i tau- og kjettingheiser. En tauheis har en kobling i form av et tau, mens en kjettingheis har en kobling i form av en kjetting.&nbsp;<\/p>\n\n\n\n<p><strong>Kontoret for teknisk inspeksjon (UDT)<\/strong> har v\u00e6rt i drift i sv\u00e6rt lang tid, mer enn hundre \u00e5r. Det er en nasjonal juridisk enhet. Den arbeider med sikkerhet knyttet til tekniske innretninger, blant annet p\u00e5 grunnlag av loven fra 2000 og andre rettsakter. Polen har flere avdelinger av myndigheten og mer enn tjue kontorer i landet.&nbsp;<\/p>\n\n\n\n<h2 class=\"wp-block-heading\">UDT-funksjonene omfatter:&nbsp;<\/h2>\n\n\n\n<ol class=\"wp-block-list\" start=\"1\">\n<li>styring av overholdelse av gjeldende lovgivning om vedlikehold og andre gjeldende forskrifter,&nbsp;<\/li>\n<\/ol>\n\n\n\n<ol class=\"wp-block-list\" start=\"2\">\n<li>utf\u00f8re teknisk vedlikehold p\u00e5 teknisk utstyr som definert i forskriftene (f.eks. utstyr for gjenvinning av drivstoffdamp),&nbsp;<\/li>\n<\/ol>\n\n\n\n<ol class=\"wp-block-list\" start=\"3\">\n<li>fatte vedtak p\u00e5 grunnlag av s\u00f8knader, etter teknisk tilsyn,&nbsp;<\/li>\n<\/ol>\n\n\n\n<ol class=\"wp-block-list\" start=\"4\">\n<li>vedlikehold av teknisk dokumentasjon,&nbsp;<\/li>\n<\/ol>\n\n\n\n<ol class=\"wp-block-list\" start=\"5\">\n<li>tiltak for \u00e5 oppmuntre til forbedring av kvalifikasjoner og utstyrskompetanse,&nbsp;<\/li>\n<\/ol>\n\n\n\n<ol class=\"wp-block-list\" start=\"6\">\n<li>organisere undervisningsprogrammer for UDT-kurs,&nbsp;<\/li>\n<\/ol>\n\n\n\n<ol class=\"wp-block-list\" start=\"7\">\n<li>sikre kvalitetssystemer for teknisk utstyr.&nbsp;<\/li>\n<\/ol>\n\n\n\n<p>Utover <strong>vareheiser<\/strong>er utstyret som det kan f\u00e5s lisens for gjennom UDT:&nbsp;<\/p>\n\n\n<div class=\"wp-block-image\">\n<figure class=\"alignright size-full is-resized\"><a href=\"https:\/\/szkolenia-udt.pl\/wp-content\/uploads\/2023\/05\/oso.edu_.pl-058.jpg\"><img loading=\"lazy\" decoding=\"async\" src=\"https:\/\/szkolenia-udt.pl\/wp-content\/uploads\/2023\/05\/oso.edu_.pl-058.jpg\" alt=\"Oppl\u00e6ring tilbys\" class=\"wp-image-5201\" width=\"500\" height=\"450\" srcset=\"https:\/\/szkolenia-udt.pl\/wp-content\/uploads\/2023\/05\/oso.edu_.pl-058.jpg 1000w, https:\/\/szkolenia-udt.pl\/wp-content\/uploads\/2023\/05\/oso.edu_.pl-058-300x270.jpg 300w, https:\/\/szkolenia-udt.pl\/wp-content\/uploads\/2023\/05\/oso.edu_.pl-058-768x691.jpg 768w, https:\/\/szkolenia-udt.pl\/wp-content\/uploads\/2023\/05\/oso.edu_.pl-058-13x12.jpg 13w\" sizes=\"auto, (max-width: 500px) 100vw, 500px\" \/><\/a><\/figure>\n<\/div>\n\n\n<ul class=\"wp-block-list\">\n<li>skipsheiser,&nbsp;<\/li>\n\n\n\n<li>vinsjer og taljer,&nbsp;<\/li>\n\n\n\n<li>kraner,&nbsp;<\/li>\n\n\n\n<li>kraner,&nbsp;<\/li>\n\n\n\n<li>stablerkraner,&nbsp;<\/li>\n\n\n\n<li>taubaner,&nbsp;<\/li>\n\n\n\n<li>trucker,&nbsp;<\/li>\n\n\n\n<li>mobile plattformer,&nbsp;<\/li>\n\n\n\n<li>kraner med kobling,&nbsp;<\/li>\n\n\n\n<li>kraner,&nbsp;<\/li>\n\n\n\n<li>utstyr for h\u00e5ndtering av containere,&nbsp;<\/li>\n\n\n\n<li>stabler,&nbsp;<\/li>\n\n\n\n<li>heiser for \u00e5 flytte folk for turisme og sport,&nbsp;<\/li>\n\n\n\n<li>b\u00e6rbare tanker,&nbsp;<\/li>\n\n\n\n<li>plattformer og mobile plattformer med drivenheter p\u00e5 kaiene,&nbsp;<\/li>\n\n\n\n<li>utstyr for t\u00f8mming og fylling av transporttanker for farlige stoffer,&nbsp;<\/li>\n\n\n\n<li>utstyr for t\u00f8mming og fylling av transporttanker for ikke-farlige materialer,&nbsp;<\/li>\n\n\n\n<li>Tanker for flytende eller komprimert gass som brukes til \u00e5 drive forbrenningsmotorer i kj\u00f8ret\u00f8y,&nbsp;<\/li>\n\n\n\n<li>dampkjeler som er konstruert for \u00e5 generere damp ved hjelp av varme fra brensel oppn\u00e5dd ved en eksoterm reaksjon,&nbsp;<\/li>\n\n\n\n<li>lasting, lossing eller levering av utstyr ved hjelp av h\u00e5ndteringslinjer, .&nbsp;<\/li>\n\n\n\n<li>spesialutstyr under milit\u00e6rteknisk tilsyn.&nbsp;<\/li>\n<\/ul>\n\n\n\n<p><strong>Med UDT-kvalifiseringen f\u00e5r operat\u00f8ren muligheten til \u00e5 betjene og vedlikeholde vareheisen.<\/strong>&nbsp;<\/p>\n\n\n\n<p>Det er noen viktige punkter du b\u00f8r v\u00e6re oppmerksom p\u00e5 n\u00e5r du bruker dette verkt\u00f8yet:&nbsp;<\/p>\n\n\n\n<ul class=\"wp-block-list\">\n<li>f\u00f8r du starter arbeidet, m\u00e5 du kontrollere at plattformens fallsikringsanordning fungerer som den skal;&nbsp;<\/li>\n\n\n\n<li>pass p\u00e5 at du ikke overskrider den tillatte lastekapasiteten;&nbsp;<\/li>\n\n\n\n<li>daglig rapportere til arbeidslederen om feil og skader p\u00e5 maskinkomponenter;&nbsp;<\/li>\n\n\n\n<li>unng\u00e5 innsynkning under den transporterte lasten;&nbsp;<\/li>\n\n\n\n<li>fjerne lasten hvis den lastede transportplattformen stopper opp;&nbsp;<\/li>\n\n\n\n<li>bruke spesielt verneutstyr i form av hjelm\/hatt, hansker eller st\u00f8vler;&nbsp;<\/li>\n\n\n\n<li>h\u00e5ndtere og rapportere feil og skader p\u00e5 maskinkomponenter til arbeidslederen daglig etter behov;&nbsp;<\/li>\n\n\n\n<li>unng\u00e5 fullstendig transport av organisk materiale p\u00e5 plattformen;&nbsp;<\/li>\n\n\n\n<li>muliggj\u00f8r kontinuerlig, fri overv\u00e5king av lastoverf\u00f8ringselementene og lastplattformen under bevegelse;&nbsp;<\/li>\n\n\n\n<li>forsikre deg om at det ikke oppholder seg personer, f.eks. forbipasserende, i n\u00e6rheten av arbeidsomr\u00e5det og at deres liv og helse ikke er i fare;&nbsp;<\/li>\n\n\n\n<li>la plattformen st\u00e5 s\u00e5 n\u00e6r bakken som mulig etter arbeidstid.&nbsp;<\/li>\n<\/ul>\n\n\n\n<p>Ved utf\u00f8relse av vedlikeholdsaktiviteter forplikter operat\u00f8ren seg til \u00e5 inspisere. Vedlikeholdsarbeideren er forpliktet til \u00e5 utf\u00f8re: &nbsp;<\/p>\n\n\n\n<ul class=\"wp-block-list\">\n<li>Ukentlig vedlikehold: Rengj\u00f8ring av smuss og renhold av arbeidsomr\u00e5det rundt taljen samt kontroll av kabelens kvalitet med hensyn til slitasje og korrosjon;&nbsp;<\/li>\n\n\n\n<li>m\u00e5nedlig vedlikehold: sm\u00f8ring av giret p\u00e5 trommelen, som er en del av kabelvinsjen, p\u00e5 kabelheisen med en fettpresse og kontroll av at kabelslyngeanordningen beveger seg fritt,&nbsp;<\/li>\n\n\n\n<li>Kvartalsvis vedlikehold: kontroll av at utstyret viser tegn p\u00e5 feil p\u00e5 alle sikkerhetsinnretninger og at informasjonsskiltene er lesbare og p\u00e5 plass,&nbsp;<\/li>\n\n\n\n<li>kontrollere at n\u00f8dstoppet fungerer som det skal.&nbsp;<\/li>\n<\/ul>\n\n\n<div class=\"wp-block-image\">\n<figure class=\"alignleft size-large is-resized\"><a href=\"https:\/\/szkolenia-udt.pl\/wp-content\/uploads\/2023\/05\/5.jpg\"><img loading=\"lazy\" decoding=\"async\" src=\"https:\/\/szkolenia-udt.pl\/wp-content\/uploads\/2023\/05\/5-1024x826.jpg\" alt=\"Betjene en kran\" class=\"wp-image-5200\" width=\"512\" height=\"413\" srcset=\"https:\/\/szkolenia-udt.pl\/wp-content\/uploads\/2023\/05\/5-1024x826.jpg 1024w, https:\/\/szkolenia-udt.pl\/wp-content\/uploads\/2023\/05\/5-300x242.jpg 300w, https:\/\/szkolenia-udt.pl\/wp-content\/uploads\/2023\/05\/5-768x620.jpg 768w, https:\/\/szkolenia-udt.pl\/wp-content\/uploads\/2023\/05\/5-15x12.jpg 15w, https:\/\/szkolenia-udt.pl\/wp-content\/uploads\/2023\/05\/5.jpg 1093w\" sizes=\"auto, (max-width: 512px) 100vw, 512px\" \/><\/a><\/figure>\n<\/div>\n\n\n<h2 class=\"wp-block-heading\">Hvordan ser oppl\u00e6ringen ut i sivilsamfunnsorganisasjoner?&nbsp;<\/h2>\n\n\n\n<p>Vi har kurslokaler i de fleste polske byer, der det finnes klasserom med egnet utstyr. P\u00e5 foresp\u00f8rsel kan vi reise til den adressen kunden foretrekker som kurssted.&nbsp;&nbsp;<\/p>\n\n\n\n<p>Vi tilbyr muligheten til \u00e5 delta p\u00e5 klasser som er \u00e5pne for alle interesserte, og lukkede klasser for grupper.&nbsp;&nbsp;<\/p>\n\n\n\n<p>Kurset er basert p\u00e5 retningslinjene fra det tekniske forskningsr\u00e5det. Undervisningen er delt inn i en teoretisk og en praktisk del. De foreg\u00e5r ved hjelp av en eksamen som ledes av medlemmer av kontoret. Eksamenene er vanligvis skriftlige og muntlige. Gyldigheten av kvalifikasjoner, som gir kvalifikasjoner og tillatelser, er begrenset og utstedes for en periode p\u00e5 10 \u00e5r.&nbsp;<\/p>","protected":false},"excerpt":{"rendered":"<p>Zyskaj u nas kwalifikacje do obs\u0142ugi wyci\u0105gu towarowego&nbsp; Nasza firma zaprasza na szkolenia przeznaczone dla ka\u017cdej firmy prowadzone przez kompetentnych instruktor\u00f3w z du\u017cym do\u015bwiadczeniem. Oferowane przez nas szkolenia UDT pomagaj\u0105 zdoby\u0107 kwalifikacje w zakresie obs\u0142ugi, czy konwersacji wyci\u0105gu towarowego. Podlegaj\u0105 one dozorowi technicznemu przez urz\u0119dnicz\u0105 instytucj\u0119 pa\u0144stwow\u0105.&nbsp; Czym jest wyci\u0105g towarowy?&nbsp; Wyci\u0105giem towarowym jest d\u017awignica. [&hellip;]<\/p>\n","protected":false},"author":10,"featured_media":5202,"parent":0,"menu_order":0,"comment_status":"closed","ping_status":"closed","template":"","meta":{"footnotes":""},"class_list":["post-5197","page","type-page","status-publish","has-post-thumbnail","hentry"],"aioseo_notices":[],"_links":{"self":[{"href":"https:\/\/szkolenia-udt.pl\/nb\/wp-json\/wp\/v2\/pages\/5197","targetHints":{"allow":["GET"]}}],"collection":[{"href":"https:\/\/szkolenia-udt.pl\/nb\/wp-json\/wp\/v2\/pages"}],"about":[{"href":"https:\/\/szkolenia-udt.pl\/nb\/wp-json\/wp\/v2\/types\/page"}],"author":[{"embeddable":true,"href":"https:\/\/szkolenia-udt.pl\/nb\/wp-json\/wp\/v2\/users\/10"}],"replies":[{"embeddable":true,"href":"https:\/\/szkolenia-udt.pl\/nb\/wp-json\/wp\/v2\/comments?post=5197"}],"version-history":[{"count":4,"href":"https:\/\/szkolenia-udt.pl\/nb\/wp-json\/wp\/v2\/pages\/5197\/revisions"}],"predecessor-version":[{"id":5271,"href":"https:\/\/szkolenia-udt.pl\/nb\/wp-json\/wp\/v2\/pages\/5197\/revisions\/5271"}],"wp:featuredmedia":[{"embeddable":true,"href":"https:\/\/szkolenia-udt.pl\/nb\/wp-json\/wp\/v2\/media\/5202"}],"wp:attachment":[{"href":"https:\/\/szkolenia-udt.pl\/nb\/wp-json\/wp\/v2\/media?parent=5197"}],"curies":[{"name":"wp","href":"https:\/\/api.w.org\/{rel}","templated":true}]}}