{"id":53,"date":"2014-10-07T16:25:40","date_gmt":"2014-10-07T16:25:40","guid":{"rendered":"http:\/\/szkolenia-udt.pl\/?page_id=53"},"modified":"2021-06-27T22:16:24","modified_gmt":"2021-06-27T22:16:24","slug":"heiser-mobile-lifter","status":"publish","type":"page","link":"https:\/\/szkolenia-udt.pl\/nb\/dzwignice\/podnosniki-podesty-ruchome\/","title":{"rendered":"Heiser - mobile plattformer"},"content":{"rendered":"<div style=\"float: left; padding-right: 10px;\"><div id=\"metaslider-id-1219\" style=\"max-width: 300px;\" class=\"ml-slider-3-108-0 metaslider metaslider-flex metaslider-1219 ml-slider ms-theme-default nav-hidden\" role=\"region\" aria-label=\"Mobile plattformer 3\" data-height=\"225\" data-width=\"300\">\n    <div id=\"metaslider_container_1219\">\n        <div id=\"metaslider_1219\">\n            <ul class='slides'>\n                <li style=\"display: block; width: 100%;\" class=\"slide-1218 ms-image\" aria-roledescription=\"slide\" data-date=\"2014-11-18 10:21:09\" data-filename=\"78XE_001a.jpg\" data-slide-type=\"image\"><img loading=\"lazy\" decoding=\"async\" src=\"https:\/\/szkolenia-udt.pl\/wp-content\/uploads\/2014\/11\/78XE_001a.jpg\" height=\"225\" width=\"300\" alt=\"heiser\" class=\"slider-1219 slide-1218 msDefaultImage\" \/><\/li>\n                <li style=\"display: none; width: 100%;\" class=\"slide-1217 ms-image\" aria-roledescription=\"slide\" data-date=\"2014-11-18 10:21:08\" data-filename=\"78SEC_006a.jpg\" data-slide-type=\"image\"><img loading=\"lazy\" decoding=\"async\" src=\"https:\/\/szkolenia-udt.pl\/wp-content\/uploads\/2014\/11\/78SEC_006a.jpg\" height=\"225\" width=\"300\" alt=\"udt-oppl\u00e6ring\" class=\"slider-1219 slide-1217 msDefaultImage\" \/><\/li>\n                <li style=\"display: none; width: 100%;\" class=\"slide-1216 ms-image\" aria-roledescription=\"slide\" data-date=\"2014-11-18 10:21:07\" data-filename=\"78SEC_004a.jpg\" data-slide-type=\"image\"><img loading=\"lazy\" decoding=\"async\" src=\"https:\/\/szkolenia-udt.pl\/wp-content\/uploads\/2014\/11\/78SEC_004a.jpg\" height=\"225\" width=\"300\" alt=\"warszawa udt-kurs\" class=\"slider-1219 slide-1216 msDefaultImage\" \/><\/li>\n                <li style=\"display: none; width: 100%;\" class=\"slide-1215 ms-image\" aria-roledescription=\"slide\" data-date=\"2014-11-18 10:21:06\" data-filename=\"60V_026a.jpg\" data-slide-type=\"image\"><img loading=\"lazy\" decoding=\"async\" src=\"https:\/\/szkolenia-udt.pl\/wp-content\/uploads\/2014\/11\/60V_026a.jpg\" height=\"225\" width=\"300\" alt=\"udt oppl\u00e6ringssenter\" class=\"slider-1219 slide-1215 msDefaultImage\" \/><\/li>\n                <li style=\"display: none; width: 100%;\" class=\"slide-1214 ms-image\" aria-roledescription=\"slide\" data-date=\"2014-11-18 10:21:04\" data-filename=\"60V_007a.jpg\" data-slide-type=\"image\"><img loading=\"lazy\" decoding=\"async\" src=\"https:\/\/szkolenia-udt.pl\/wp-content\/uploads\/2014\/11\/60V_007a.jpg\" height=\"225\" width=\"300\" alt=\"\" class=\"slider-1219 slide-1214 msDefaultImage\" \/><\/li>\n            <\/ul>\n        <\/div>\n        \n    <\/div>\n<\/div><\/div>\n<div class=\"wyjustuj\">\n<p>Rulletrapper er innretninger som faller inn under kategorien l\u00f8fteutstyr og er konstruert for \u00e5 transportere last - materialer, varer eller personer i h\u00f8yden. De brukes f\u00f8rst og fremst i forbindelse med monterings- og byggearbeid p\u00e5 byggeplasser og ved utend\u00f8rs arbeid. Plattformer best\u00e5r av en plattform eller gondol omsluttet av barrierer, som er montert p\u00e5 koblinger eller l\u00f8ftes av jekker. De er dieseldrevne, elektriske eller batteridrevne. Det skilles mellom selvg\u00e5ende og stasjon\u00e6re plattformer.<\/p>\n<p><strong>I henhold til klassifiseringen til Office of Technical Inspection er det f\u00f8lgende kategorier for mobile plattformer:<\/strong><\/p>\n<ul>\n<li>II P - anheng, stasjon\u00e6re og master<\/li>\n<li>I P - sakselifter, mobile kurvl\u00f8ftere, kj\u00f8ret\u00f8ymonterte mobile plattformer<\/li>\n<\/ul>\n<p>Blant de mest popul\u00e6re plattformtypene skiller vi mellom arbeidsplattformer og sakselifter.<\/p>\n<p>En sakselift best\u00e5r av kryssede armer, derav navnet, samt en plattform som lasten plasseres p\u00e5, og et understell. Sakseplattformer brukes som oftest til materialh\u00e5ndtering, for eksempel til \u00e5 l\u00f8fte kj\u00f8ret\u00f8y, byggematerialer og personer til en viss h\u00f8yde i forbindelse med montering, bygging og etterbehandling. Disse enhetene har forskjellige parametere - dimensjoner, maksimal l\u00f8ftekapasitet, l\u00f8fteh\u00f8yde - slik at de kan tilpasses individuelt til den type arbeid som utf\u00f8res.<\/p>\n<p>En arbeidsplattform er en hovedsakelig tilhengermontert eller selvg\u00e5ende enhet som er utstyrt med hjul (som kan v\u00e6re terrengg\u00e5ende hjul for arbeid p\u00e5 vanskelig underlag). Dette utstyret brukes hovedsakelig til utend\u00f8rs arbeid innen montering, konstruksjon, etterbehandling eller dekorativt arbeid. Heisemotorvognen er plassert p\u00e5 en arm som kan man\u00f8vreres p\u00e5 forskjellige sider og forlenges i en gitt utstrekning.<\/p>\n<div style=\"float: left; padding-right: 10px;\"><div id=\"metaslider-id-615\" style=\"max-width: 300px;\" class=\"ml-slider-3-108-0 metaslider metaslider-flex metaslider-615 ml-slider ms-theme-default nav-hidden nav-hidden\" role=\"region\" aria-label=\"Mobile plattformer3\" data-height=\"225\" data-width=\"300\">\n    <div id=\"metaslider_container_615\">\n        <div id=\"metaslider_615\">\n            <ul class='slides'>\n                <li style=\"display: block; width: 100%;\" class=\"slide-617 ms-image\" aria-roledescription=\"slide\" data-date=\"2014-10-12 07:16:02\" data-filename=\"kursy-podest-ruchome.jpg\" data-slide-type=\"image\"><img loading=\"lazy\" decoding=\"async\" src=\"https:\/\/szkolenia-udt.pl\/wp-content\/uploads\/2014\/10\/kursy-podest-ruchome.jpg\" height=\"225\" width=\"300\" alt=\"Oppl\u00e6ringssenter for operat\u00f8rer\" class=\"slider-615 slide-617 msDefaultImage\" \/><\/li>\n                <li style=\"display: none; width: 100%;\" class=\"slide-619 ms-image\" aria-roledescription=\"slide\" data-date=\"2014-10-12 07:16:04\" data-filename=\"Podest-ruchomy-masztowy.jpg\" data-slide-type=\"image\"><img loading=\"lazy\" decoding=\"async\" src=\"https:\/\/szkolenia-udt.pl\/wp-content\/uploads\/2014\/10\/Podest-ruchomy-masztowy.jpg\" height=\"225\" width=\"300\" alt=\"Kurs for mobile plattformer\" class=\"slider-615 slide-619 msDefaultImage\" \/><\/li>\n                <li style=\"display: none; width: 100%;\" class=\"slide-618 ms-image\" aria-roledescription=\"slide\" data-date=\"2014-10-12 07:16:03\" data-filename=\"podest-stacjonarny-IIP1.jpg\" data-slide-type=\"image\"><img loading=\"lazy\" decoding=\"async\" src=\"https:\/\/szkolenia-udt.pl\/wp-content\/uploads\/2014\/10\/podest-stacjonarny-IIP1.jpg\" height=\"225\" width=\"300\" alt=\"Sakseplattformer\" class=\"slider-615 slide-618 msDefaultImage\" \/><\/li>\n                <li style=\"display: none; width: 100%;\" class=\"slide-620 ms-image\" aria-roledescription=\"slide\" data-date=\"2014-10-12 07:16:04\" data-filename=\"Podesty-masztowe.jpg\" data-slide-type=\"image\"><img loading=\"lazy\" decoding=\"async\" src=\"https:\/\/szkolenia-udt.pl\/wp-content\/uploads\/2014\/10\/Podesty-masztowe.jpg\" height=\"225\" width=\"300\" alt=\"\" class=\"slider-615 slide-620 msDefaultImage\" \/><\/li>\n                <li style=\"display: none; width: 100%;\" class=\"slide-621 ms-image\" aria-roledescription=\"slide\" data-date=\"2014-10-12 07:16:05\" data-filename=\"Szkolenia-OSO.jpg\" data-slide-type=\"image\"><img loading=\"lazy\" decoding=\"async\" src=\"https:\/\/szkolenia-udt.pl\/wp-content\/uploads\/2014\/10\/Szkolenia-OSO.jpg\" height=\"225\" width=\"300\" alt=\"Mobile plattformer. UDT-autorisasjoner\" class=\"slider-615 slide-621 msDefaultImage\" \/><\/li>\n            <\/ul>\n        <\/div>\n        \n    <\/div>\n<\/div><\/div>\n<p>For \u00e5 betjene mobile plattformer m\u00e5 du v\u00e6re sertifisert av UDT; disse enhetene er underlagt teknisk tilsyn. For \u00e5 f\u00e5 sertifikatene, m\u00e5 du ha fullf\u00f8rt <a href=\"https:\/\/szkolenia-udt.pl\/nb\/kursy\/podesty-ruchome\/\">kurs for mobile plattformer<\/a>og deretter best\u00e5 en eksamen for den tekniske kontrollkommisjonen.<\/p>\n<p><a href=\"https:\/\/szkolenia-udt.pl\/nb\/kontakt\/\">Du er hjertelig invitert<\/a> for kurs p\u00e5 v\u00e5r <a href=\"https:\/\/szkolenia-udt.pl\/nb\/o-firmie\/\">Oppl\u00e6ringssenter for operat\u00f8rer<\/a> Vi tilbyr kurs i bruk av sakse- og kurvl\u00f8ftere samt andre typer lifter, slik at du kan l\u00e6re \u00e5 betjene dem p\u00e5 en korrekt og sikker m\u00e5te. Kursene holdes i byene Warszawa, Krakow, Bielsko-Bia\u0142a og Katowice, b\u00e5de i \u00e5pent format (\u00e5pent for alle) og for lukkede grupper. <a href=\"https:\/\/szkolenia-udt.pl\/nb\/oferta\/\">Pris<\/a> avhenger av antall deltakere i klassene.<\/p>\n<\/div>","protected":false},"excerpt":{"rendered":"<p>Podesty ruchome to urz\u0105dzenia zaliczane do kategorii urz\u0105dze\u0144 d\u017awigowych, kt\u00f3re s\u0105 przeznaczone do transportowanie \u0142adunk\u00f3w \u2013 materia\u0142\u00f3w, towar\u00f3w lub os\u00f3b na wysoko\u015b\u0107. S\u0105 one wykorzystywane przede wszystkim w pracach monta\u017cowych oraz pracach budowlanych na terenie zak\u0142ad\u00f3w pracy oraz w pracach na zewn\u0105trz. Podesty zbudowane s\u0105 z platformy lub z gondoli ogrodzonych barierkami, kt\u00f3re zamontowane s\u0105 [&hellip;]<\/p>\n","protected":false},"author":3,"featured_media":0,"parent":69,"menu_order":0,"comment_status":"closed","ping_status":"closed","template":"","meta":{"footnotes":""},"class_list":["post-53","page","type-page","status-publish","hentry"],"aioseo_notices":[],"_links":{"self":[{"href":"https:\/\/szkolenia-udt.pl\/nb\/wp-json\/wp\/v2\/pages\/53","targetHints":{"allow":["GET"]}}],"collection":[{"href":"https:\/\/szkolenia-udt.pl\/nb\/wp-json\/wp\/v2\/pages"}],"about":[{"href":"https:\/\/szkolenia-udt.pl\/nb\/wp-json\/wp\/v2\/types\/page"}],"author":[{"embeddable":true,"href":"https:\/\/szkolenia-udt.pl\/nb\/wp-json\/wp\/v2\/users\/3"}],"replies":[{"embeddable":true,"href":"https:\/\/szkolenia-udt.pl\/nb\/wp-json\/wp\/v2\/comments?post=53"}],"version-history":[{"count":9,"href":"https:\/\/szkolenia-udt.pl\/nb\/wp-json\/wp\/v2\/pages\/53\/revisions"}],"predecessor-version":[{"id":2233,"href":"https:\/\/szkolenia-udt.pl\/nb\/wp-json\/wp\/v2\/pages\/53\/revisions\/2233"}],"up":[{"embeddable":true,"href":"https:\/\/szkolenia-udt.pl\/nb\/wp-json\/wp\/v2\/pages\/69"}],"wp:attachment":[{"href":"https:\/\/szkolenia-udt.pl\/nb\/wp-json\/wp\/v2\/media?parent=53"}],"curies":[{"name":"wp","href":"https:\/\/api.w.org\/{rel}","templated":true}]}}