{"id":5314,"date":"2023-12-11T00:49:06","date_gmt":"2023-12-10T23:49:06","guid":{"rendered":"https:\/\/szkolenia-udt.pl\/?page_id=5314"},"modified":"2023-12-11T12:10:46","modified_gmt":"2023-12-11T11:10:46","slug":"global-vindorganisasjon","status":"publish","type":"page","link":"https:\/\/szkolenia-udt.pl\/nb\/kursy\/global-wind-organisation\/","title":{"rendered":"Global Wind Organisation (GWO)\u00a0"},"content":{"rendered":"<p>GWO-sertifiseringer er avgj\u00f8rende for dem som jobber i vindturbinmilj\u00f8er &nbsp;<br>Global Wind Organisation (GWO) er et internasjonalt organ som er dannet av ledende selskaper i vindenergisektoren. M\u00e5let er \u00e5 standardisere kunnskap, ferdigheter og potensielle helse- og sikkerhetsrisikoer for arbeidere i bransjen. Som en del av GWOs aktiviteter er det utarbeidet universelle sikkerhetsretningslinjer og oppl\u00e6ringsstandarder som gjelder for vindkraftbransjen.&nbsp;<\/p>\n\n\n\n<h2 class=\"wp-block-heading\">GWOs standarder for oppl\u00e6ring&nbsp;<\/h2>\n\n\n\n<p>GWOs oppl\u00e6ringsstandarder er omfattende kurs som er utformet for \u00e5 \u00f8ke bevisstheten og minimere risikoen forbundet med sikkerhetsfarer i vindturbinsektoren. Kursene gir deltakerne kunnskapen og ferdighetene som er n\u00f8dvendige for \u00e5 jobbe i denne delen av bransjen.&nbsp;<\/p>\n\n\n\n<p>De nyeste versjonene av alle oppl\u00e6ringsstandardene er tilgjengelige p\u00e5 GWOs offisielle nettsted. Innholdet gjennomg\u00e5s og oppdateres jevnlig av ulike komiteer, for eksempel oppl\u00e6ringskomiteen og revisjons- og samsvarskomiteen.&nbsp;<\/p>\n\n\n\n<h2 class=\"wp-block-heading\">Fremveksten av organisasjoner og oppl\u00e6ring&nbsp;<\/h2>\n\n\n\n<p>I 2009 tok ledende vindturbinprodusenter og -operat\u00f8rer initiativ til dannelsen av Global Wind Organisation (GWO), en organisasjon som har som m\u00e5l \u00e5 regulere og standardisere arbeidspraksis p\u00e5 vindturbiner. Dette var et viktig skritt innenfor rammen av utviklingen av gr\u00f8nn energi, og det ble innf\u00f8rt standarder for \u00e5 ivareta sikkerheten til de som arbeider i vindkraftsektoren. GWOs hovedm\u00e5l er \u00e5 minimere arbeidsulykker og skader i vindindustrien.&nbsp;<\/p>\n\n\n\n<h2 class=\"wp-block-heading\">Grunnleggende sikkerhetsoppl\u00e6ring&nbsp;<\/h2>\n\n\n\n<p>I 2012 utstedte Global Wind Organisation den f\u00f8rste oppl\u00e6ringsstandarden for arbeidstakere i vindindustrien, kjent som Basic Safety Training (BST). Sertifisering i henhold til denne standarden gir bedriftene trygghet for at de ansatte har den kunnskapen og de ferdighetene som er n\u00f8dvendige for \u00e5 arbeide trygt rundt vindturbiner.&nbsp;<\/p>\n\n\n\n<p>GWO Basic Safety Training Onshore er obligatorisk for alle som jobber med vindturbiner p\u00e5 land, og best\u00e5r av fire moduler:&nbsp;<\/p>\n\n\n\n<ul class=\"wp-block-list\">\n<li>Arbeid i h\u00f8yden (WAH),&nbsp;<\/li>\n\n\n\n<li>Brannbevissthet (FAW),&nbsp;<\/li>\n\n\n\n<li>F\u00f8rstehjelp (FA),&nbsp;<\/li>\n\n\n\n<li>Manuell h\u00e5ndtering (MH).&nbsp;<\/li>\n<\/ul>\n\n\n\n<p>GWO grunnleggende sikkerhetsoppl\u00e6ring <a href=\"https:\/\/szkolenia-udt.pl\/nb\/kursy\/onshore-i-offshore\/\">Offshore<\/a> er obligatorisk for dem som jobber med havvindm\u00f8ller, og best\u00e5r av fem moduler:&nbsp;<\/p>\n\n\n\n<ul class=\"wp-block-list\">\n<li>Arbeid i h\u00f8yden (WAH),&nbsp;<\/li>\n\n\n\n<li>Brannbevissthet (FAW),&nbsp;<\/li>\n\n\n\n<li>F\u00f8rstehjelp (FA),&nbsp;<\/li>\n\n\n\n<li>Manuell h\u00e5ndtering (MH),&nbsp;<\/li>\n\n\n\n<li>Overlevelse til sj\u00f8s.&nbsp;<\/li>\n<\/ul>\n\n\n\n<p>Deltakelse i disse kursene garanterer en omfattende forberedelse til yrkesoppgaver. I l\u00f8pet av oppl\u00e6ringen tilegner deltakeren seg de ferdighetene som er n\u00f8dvendige for \u00e5 reagere effektivt p\u00e5 n\u00f8dsituasjoner og uforutsigbare situasjoner. Oppl\u00e6ringsprogrammet dekker f\u00f8lgende emner: f\u00f8rstehjelp, h\u00e5ndtering av manuell h\u00e5ndtering, h\u00e5ndtering av mulige branner i turbiner, overholdelse av sikkerhetsregler ved arbeid i store h\u00f8yder og maritime overlevelsesferdigheter.&nbsp;<\/p>\n\n\n\n<h2 class=\"wp-block-heading\">Grunnleggende teknisk oppl\u00e6ring&nbsp;<\/h2>\n\n\n\n<p>I 2017 ble en annen viktig standard, GWO Basic Technical Training (BTT), lansert. Kurset er det neste trinnet i kompetansehevingen av vindkraftarbeidere innen teknisk kunnskap, konstruksjon og drift av vindturbiner. Det omfattende GWO Full Basic Technical Training (BTT)-kurset omfatter tre hovedmoduler, samt en installasjonspakke (som inkluderer to moduler: mekanisk og installasjon). Fullf\u00f8rt Full BTT-oppl\u00e6ring gir deg muligheten til \u00e5 s\u00f8ke p\u00e5 jobber i vindkraftindustrien b\u00e5de p\u00e5 land og offshore. De tre hovedmodulene i GWO BTT-oppl\u00e6ringen:&nbsp;<\/p>\n\n\n\n<ul class=\"wp-block-list\">\n<li>Mekanisk,&nbsp;<\/li>\n\n\n\n<li>Elektrisk,&nbsp;<\/li>\n\n\n\n<li>Hydraulisk (hydraulisk).&nbsp;<\/li>\n<\/ul>\n\n\n\n<h2 class=\"wp-block-heading\">GWOs oppl\u00e6ringssett&nbsp;<\/h2>\n\n\n\n<p>GWO tilbyr i dag 11 ulike oppl\u00e6ringsstandarder, som er organisert i en rekke modul\u00e6re varianter. Standardene dekker hele spekteret av prosesser som er involvert i bygging og p\u00e5f\u00f8lgende vedlikehold av vindturbiner - fra jekkdrift og bladreparasjon til enkle vindturbinoperasjoner. Hver modul i disse 11 standardene er en separat oppl\u00e6ringsenhet, noe som gir deltakerne fleksibilitet til \u00e5 tilpasse seg de operative behovene.&nbsp;<\/p>\n\n\n\n<h2 class=\"wp-block-heading\">CSOer med GWO-akkreditering for oppl\u00e6ring&nbsp;<\/h2>\n\n\n\n<p><a href=\"https:\/\/szkolenia-udt.pl\/nb\/o-firmie\/\">Oppl\u00e6ringssenter for sivilsamfunnsorganisasjoner<\/a> tilbyr oppl\u00e6ringsprogrammer fra Global Wind Organisation (GWO), som er avgj\u00f8rende for dem som planlegger \u00e5 jobbe med vindturbiner. I henhold til GWOs retningslinjer kan disse oppl\u00e6ringskursene kun tilbys av akkrediterte oppl\u00e6ringssentre. For \u00e5 gi tilgang til den nyeste informasjonen om oppl\u00e6ringsinnhold for individuelle teknikere og oppl\u00e6ringsleverand\u00f8rer, finnes det en internasjonal GWO WINDA-plattform, som er tilgjengelig p\u00e5 nettet p\u00e5 : <a href=\"https:\/\/winda.globalwindsafety.org\/\" target=\"_blank\" rel=\"noopener nofollow\" title=\"\">https:\/\/winda.globalwindsafety.org<\/a>.&nbsp;<\/p>\n\n\n\n<p>GWO-sertifiseringer verdsettes av arbeidsgivere over hele verden, og bekrefter at en ansatt er kvalifisert og har kunnskap om sikkerhet p\u00e5 arbeidsplassen.&nbsp;<\/p>\n\n\n\n<h2 class=\"wp-block-heading\">GWO WINDA - internasjonalt registreringssystem&nbsp;&nbsp;<\/h2>\n\n\n\n<p>WINDA er en verdensomspennende database med oppl\u00e6ringsopplysninger som er opprettet av GWO for \u00e5 verifisere sertifiseringen av oppl\u00e6ringstilbydere og elever som gjennomg\u00e5r GWO-sertifisert oppl\u00e6ring. Hver GWO-trainee m\u00e5 opprette en personlig konto i WINDA-systemet. Etter registrering sender han eller hun WINDA-ID-en sin til oppl\u00e6ringsleverand\u00f8ren for \u00e5 fylle ut informasjonen om den fullf\u00f8rte oppl\u00e6ringen i systemet. N\u00e5r kurset er fullf\u00f8rt, blir eksamensresultatet lastet opp til WINDA-databasen. P\u00e5 denne m\u00e5ten kan en ansatt, arbeidsleder eller bedrift som \u00f8nsker \u00e5 ansette en person, s\u00f8ke etter denne personen via vedkommendes individuelle WINDA-ID og se hvilke gyldige GWO-sertifikater vedkommende har. Sertifikater som er oppn\u00e5dd under Basic Safety Training GWO, er gyldige i 24 m\u00e5neder. For \u00e5 opprettholde gyldigheten m\u00e5 deltakeren delta p\u00e5 periodisk oppl\u00e6ring i den aktuelle modulen innen to m\u00e5neder f\u00f8r sertifikatet utl\u00f8per. Det er mulig \u00e5 komplettere kunnskapen ved \u00e5 delta p\u00e5 GWO BST Refresher-kurset. Hvis denne prosessen fors\u00f8mmes, blir sertifikatet ugyldig, og deltakeren er forpliktet til \u00e5 starte hele oppl\u00e6ringsprosedyren p\u00e5 nytt.&nbsp;<\/p>\n\n\n\n<h2 class=\"wp-block-heading\">GWO-kurs - undervisningssted&nbsp;<\/h2>\n\n\n\n<p><a href=\"https:\/\/szkolenia-udt.pl\/nb\/kursy\/\">V\u00e5r oppl\u00e6ring<\/a> Oppl\u00e6ringen foreg\u00e5r p\u00e5 ulike steder, blant annet i Warszawa og p\u00e5 v\u00e5re regionale avdelinger rundt om i Polen. Vi tilbyr ogs\u00e5 oppl\u00e6ring i kundens lokaler og reiser til et sted som passer for kunden.&nbsp;<\/p>\n\n\n\n<p>Se v\u00e5re nettsider for informasjon om \u00e5pne kurs. Hvis du er interessert i lukkede kurs, oppfordrer vi deg til \u00e5 ta kontakt med senteret v\u00e5rt, slik at vi kan utarbeide et personlig tilbud tilpasset dine behov.&nbsp;<\/p>\n\n\n\n<p>Hvis du har sp\u00f8rsm\u00e5l om kursene v\u00e5re, er du velkommen til \u00e5 kontakte oss. <a href=\"https:\/\/szkolenia-udt.pl\/nb\/kontakt\/\">kontakt per telefon eller e-post<\/a>. V\u00e5rt team er klar til \u00e5 svare p\u00e5 alle sp\u00f8rsm\u00e5l og fjerne enhver tvil. Du er ogs\u00e5 velkommen til \u00e5 bes\u00f8ke senteret v\u00e5rt, der vi gjerne presenterer tilbudet v\u00e5rt og utarbeider et tilbud til interesserte.&nbsp;<br>&nbsp;<\/p>","protected":false},"excerpt":{"rendered":"<p>Certyfikaty GWO niezb\u0119dne dla os\u00f3b pracuj\u0105cych w \u015brodowisku turbin wiatrowych &nbsp;Global Wind Organisation (GWO) jest mi\u0119dzynarodow\u0105 instytucj\u0105, utworzon\u0105 przez czo\u0142owe firmy z sektora energii wiatrowej. Jej celem jest standaryzacja wiedzy, umiej\u0119tno\u015bci oraz potencjalnych zagro\u017ce\u0144 dla zdrowia i bezpiecze\u0144stwa pracownik\u00f3w w tej bran\u017cy. W ramach dzia\u0142alno\u015bci GWO stworzono powszechne wytyczne dotycz\u0105ce bezpiecze\u0144stwa oraz standardy szkole\u0144, maj\u0105ce [&hellip;]<\/p>\n","protected":false},"author":3,"featured_media":5318,"parent":22,"menu_order":0,"comment_status":"closed","ping_status":"closed","template":"template-podkategorie.php","meta":{"footnotes":""},"class_list":["post-5314","page","type-page","status-publish","has-post-thumbnail","hentry"],"aioseo_notices":[],"_links":{"self":[{"href":"https:\/\/szkolenia-udt.pl\/nb\/wp-json\/wp\/v2\/pages\/5314","targetHints":{"allow":["GET"]}}],"collection":[{"href":"https:\/\/szkolenia-udt.pl\/nb\/wp-json\/wp\/v2\/pages"}],"about":[{"href":"https:\/\/szkolenia-udt.pl\/nb\/wp-json\/wp\/v2\/types\/page"}],"author":[{"embeddable":true,"href":"https:\/\/szkolenia-udt.pl\/nb\/wp-json\/wp\/v2\/users\/3"}],"replies":[{"embeddable":true,"href":"https:\/\/szkolenia-udt.pl\/nb\/wp-json\/wp\/v2\/comments?post=5314"}],"version-history":[{"count":2,"href":"https:\/\/szkolenia-udt.pl\/nb\/wp-json\/wp\/v2\/pages\/5314\/revisions"}],"predecessor-version":[{"id":5319,"href":"https:\/\/szkolenia-udt.pl\/nb\/wp-json\/wp\/v2\/pages\/5314\/revisions\/5319"}],"up":[{"embeddable":true,"href":"https:\/\/szkolenia-udt.pl\/nb\/wp-json\/wp\/v2\/pages\/22"}],"wp:featuredmedia":[{"embeddable":true,"href":"https:\/\/szkolenia-udt.pl\/nb\/wp-json\/wp\/v2\/media\/5318"}],"wp:attachment":[{"href":"https:\/\/szkolenia-udt.pl\/nb\/wp-json\/wp\/v2\/media?parent=5314"}],"curies":[{"name":"wp","href":"https:\/\/api.w.org\/{rel}","templated":true}]}}