{"id":5321,"date":"2023-12-11T01:07:56","date_gmt":"2023-12-11T00:07:56","guid":{"rendered":"https:\/\/szkolenia-udt.pl\/?page_id=5321"},"modified":"2023-12-11T01:08:26","modified_gmt":"2023-12-11T00:08:26","slug":"sertifiserte-kurs-for-vindindustrien-gwo","status":"publish","type":"page","link":"https:\/\/szkolenia-udt.pl\/nb\/kursy\/global-wind-organisation\/certyfikowane-kursy-dla-branzy-wiatrowej-gwo\/","title":{"rendered":"GWO-sertifiserte kurs for vindindustrien\u00a0"},"content":{"rendered":"<h2 class=\"wp-block-heading\">GWOs oppl\u00e6ringsstandarder\u00a0<\/h2>\n\n\n<div class=\"wp-block-image\">\n<figure class=\"alignleft size-medium\"><a href=\"https:\/\/szkolenia-udt.pl\/wp-content\/uploads\/2023\/12\/screen_2x-1.jpg\"><img loading=\"lazy\" decoding=\"async\" width=\"300\" height=\"194\" src=\"https:\/\/szkolenia-udt.pl\/wp-content\/uploads\/2023\/12\/screen_2x-1-300x194.jpg\" alt=\"\" class=\"wp-image-5322\" srcset=\"https:\/\/szkolenia-udt.pl\/wp-content\/uploads\/2023\/12\/screen_2x-1-300x194.jpg 300w, https:\/\/szkolenia-udt.pl\/wp-content\/uploads\/2023\/12\/screen_2x-1-1024x661.jpg 1024w, https:\/\/szkolenia-udt.pl\/wp-content\/uploads\/2023\/12\/screen_2x-1-768x496.jpg 768w, https:\/\/szkolenia-udt.pl\/wp-content\/uploads\/2023\/12\/screen_2x-1-1536x992.jpg 1536w, https:\/\/szkolenia-udt.pl\/wp-content\/uploads\/2023\/12\/screen_2x-1-18x12.jpg 18w, https:\/\/szkolenia-udt.pl\/wp-content\/uploads\/2023\/12\/screen_2x-1.jpg 1600w\" sizes=\"auto, (max-width: 300px) 100vw, 300px\" \/><\/a><\/figure>\n<\/div>\n\n\n<p>GWO-organisasjonen ble grunnlagt av ledende selskaper som til sammen kontrollerer nesten 90% av den globale vindenergisektoren. Disse gigantene inkluderer:\u00a0<\/p>\n\n\n\n<ul class=\"wp-block-list\">\n<li>Siemens Gamesa,&nbsp;&nbsp;<\/li>\n\n\n\n<li>Vestas,&nbsp;&nbsp;<\/li>\n\n\n\n<li>GE,&nbsp;<\/li>\n\n\n\n<li>Innogy.&nbsp;&nbsp;<\/li>\n<\/ul>\n\n\n\n<p>Organisasjonens m\u00e5l er \u00e5 utvikle oppl\u00e6ringsstandarder som effektivt identifiserer potensielle farer forbundet med arbeid innen vindkraft. Takket v\u00e6re de standardiserte standardene fra GWO er sikkerhetsniv\u00e5et under arbeidsoppgaver og p\u00e5 byggeplasser sv\u00e6rt h\u00f8yt. Sertifikatene som utstedes av GWO blir stadig mer anerkjent blant arbeidsgivere over hele verden, og gir en garanti for beskyttelse og sikkerhet p\u00e5 arbeidsplassen.&nbsp;<\/p>\n\n\n\n<h2 class=\"wp-block-heading\">GWO grunnleggende sikkerhetsoppl\u00e6ring\u00a0<\/h2>\n\n\n\n<p>GWO Basic Safety Training (BST) er et obligatorisk kurs for alle som jobber i vindturbinsektoren. Du kan velge mellom to oppl\u00e6ringsalternativer - avhengig av hvor du jobber.\u00a0<\/p>\n\n\n\n<p>GWO Basic Safety Training Onshore er utviklet for dem som arbeider p\u00e5 landbaserte vindturbiner, og best\u00e5r av fire moduler:&nbsp;<\/p>\n\n\n\n<ul class=\"wp-block-list\">\n<li>Arbeid i h\u00f8yden (WAH),&nbsp;<\/li>\n\n\n\n<li>Brannbevissthet (FAW),&nbsp;<\/li>\n\n\n\n<li>F\u00f8rstehjelp (FA),&nbsp;<\/li>\n\n\n\n<li>Manuell h\u00e5ndtering (MH).&nbsp;<\/li>\n<\/ul>\n\n\n\n<p>GWO grunnleggende sikkerhetsoppl\u00e6ring <a href=\"https:\/\/szkolenia-udt.pl\/nb\/kursy\/onshore-i-offshore\/\">Offshore<\/a> er utviklet for de som jobber med offshore vindturbiner og best\u00e5r av fem moduler:&nbsp;<\/p>\n\n\n\n<ul class=\"wp-block-list\">\n<li>Arbeid i h\u00f8yden (WAH),&nbsp;<\/li>\n\n\n\n<li>Brannbevissthet (FAW),&nbsp;<\/li>\n\n\n\n<li>F\u00f8rstehjelp (FA),&nbsp;<\/li>\n\n\n\n<li>Manuell h\u00e5ndtering (MH),&nbsp;<\/li>\n\n\n\n<li>Overlevelse til sj\u00f8s.&nbsp;<\/li>\n<\/ul>\n\n\n\n<p>Deltakelse p\u00e5 de ovennevnte kursene garanterer omfattende forberedelser til profesjonelle oppgaver. I l\u00f8pet av oppl\u00e6ringen tilegner deltakeren seg de n\u00f8dvendige ferdighetene for \u00e5 kunne reagere effektivt i n\u00f8dsituasjoner og uforutsigbare situasjoner. Oppl\u00e6ringsprogrammet dekker:&nbsp;<\/p>\n\n\n\n<ul class=\"wp-block-list\">\n<li>gi f\u00f8rstehjelp,&nbsp;&nbsp;<\/li>\n\n\n\n<li>h\u00e5ndtering av manuelt transportarbeid,&nbsp;&nbsp;<\/li>\n\n\n\n<li>h\u00e5ndtering av mulige branner i turbiner,&nbsp;&nbsp;<\/li>\n\n\n\n<li>F\u00f8lg sikkerhetsreglene ved arbeid i store h\u00f8yder,&nbsp;<\/li>\n\n\n\n<li>overlevelsesferdigheter til sj\u00f8s.&nbsp;<\/li>\n<\/ul>\n\n\n\n<p>GWO BST-sertifikater er gyldige i 2 \u00e5r. Etter denne perioden anbefales det at du supplerer kunnskapen din med GWO BST Refresher-kurset (oppfriskningskurs).&nbsp;<\/p>\n\n\n\n<h2 class=\"wp-block-heading\">GWO-kurs i overlevelse til sj\u00f8s\u00a0<\/h2>\n\n\n\n<p>For \u00e5 utvide kunnskapen din anbefaler vi at du deltar p\u00e5 kurset Sea Survival. Denne modulen f\u00f8lger de nyeste GWO-standardene for grunnleggende sikkerhetsoppl\u00e6ring. Oppl\u00e6ringen best\u00e5r av en praktisk og en teoretisk del. Du l\u00e6rer blant annet individuelle redningsteknikker, identifiserer ulike alarmer og gjenkjenner symptomene p\u00e5 hypotermi og risikoen for sekund\u00e6r drukning. I den praktiske delen av oppl\u00e6ringen, som foreg\u00e5r i et varmt basseng, f\u00e5r deltakerne mulighet til \u00e5 simulere overgangen fra et mannskapsoverf\u00f8ringsfart\u00f8y (CTV) til en redningsstige.\u00a0<\/p>\n\n\n\n<h2 class=\"wp-block-heading\">GWO-kurs i grunnleggende teknisk oppl\u00e6ring&nbsp;<\/h2>\n\n\n\n<p>GWO Basic Technical Training (BTT) arrangeres for personer som ikke har teknisk bakgrunn, eller som \u00f8nsker \u00e5 strukturere sin eksisterende kunnskap i forbindelse med arbeid p\u00e5 vindturbinomr\u00e5det.&nbsp;<\/p>\n\n\n\n<p>Teknikere som jobber med bygging, installasjon og service av vindturbiner m\u00e5 ha grunnleggende teknisk kunnskap, noe de vil f\u00e5 gjennom BTT-kurset. M\u00e5let med kurset er \u00e5 gi deltakerne en innf\u00f8ring i hvordan det er \u00e5 jobbe i et vindturbinmilj\u00f8, og \u00e5 gi en oversikt over ansvarsomr\u00e5dene til en tekniker. Kurset fokuserer p\u00e5 sikkerhetsprinsipper under elektrisk, mekanisk og installasjonsarbeid, samt evnen til \u00e5 betjene hydraulisk verkt\u00f8y.&nbsp;<\/p>\n\n\n\n<p>GWOs omfattende Full Basic Technical Training (BTT)-kurs omfatter tre hovedmoduler: elektrisk, hydraulisk og mekanisk, samt en installasjonspakke med to moduler: mekanisk og installasjon. N\u00e5r du har fullf\u00f8rt hele BTT-kurset, kan du s\u00f8ke jobber i vindkraftbransjen b\u00e5de p\u00e5 land og offshore.&nbsp;<\/p>\n\n\n\n<p>Det er verdt \u00e5 merke seg at noen selskaper kan kreve ytterligere sertifiseringer eller at de oppfyller interne kompetansestandarder.&nbsp;&nbsp;<\/p>\n\n\n\n<h2 class=\"wp-block-heading\">GWO-kurs - undervisningssted&nbsp;<\/h2>\n\n\n\n<p><a href=\"https:\/\/szkolenia-udt.pl\/nb\/kursy\/\">V\u00e5r oppl\u00e6ring<\/a> Oppl\u00e6ringen foreg\u00e5r p\u00e5 ulike steder, blant annet i Warszawa og p\u00e5 v\u00e5re regionale avdelinger rundt om i Polen. Vi tilbyr ogs\u00e5 oppl\u00e6ring i kundens lokaler og reiser til et sted som passer for kunden.&nbsp;<\/p>\n\n\n\n<p>Se v\u00e5re nettsider for informasjon om \u00e5pne kurs. Hvis du er interessert i lukkede kurs, oppfordrer vi deg til \u00e5 ta kontakt med senteret v\u00e5rt, slik at vi kan utarbeide et personlig tilbud tilpasset dine behov.&nbsp;<\/p>\n\n\n\n<p>Hvis du har sp\u00f8rsm\u00e5l om kursene v\u00e5re, er du velkommen til \u00e5 kontakte oss. <a href=\"https:\/\/szkolenia-udt.pl\/nb\/kontakt\/\">kontakt per telefon eller e-post<\/a>. V\u00e5rt team er klar til \u00e5 svare p\u00e5 alle sp\u00f8rsm\u00e5l og fjerne enhver tvil. Du er ogs\u00e5 velkommen til \u00e5 bes\u00f8ke senteret v\u00e5rt, der vi gjerne presenterer tilbudet v\u00e5rt og utarbeider et tilbud til interesserte.&nbsp;<\/p>\n\n\n\n<p>Du er hjertelig invitert til \u00e5 <a href=\"https:\/\/szkolenia-udt.pl\/nb\/o-firmie\/\">Oppl\u00e6ringssenter for operat\u00f8rer<\/a> sivilsamfunnsorganisasjoner p\u00e5 kurs i Global WInd Organisation (GWO) i Warszawa og andre steder i landet.&nbsp;<\/p>","protected":false},"excerpt":{"rendered":"<p>Normy szkoleniowe GWO\u00a0 Organizacja GWO zosta\u0142a za\u0142o\u017cona przez czo\u0142owe firmy, kt\u00f3re razem kontroluj\u0105 niemal 90% globalnego sektora energetyki wiatrowej. Do tych potentat\u00f3w nale\u017c\u0105:\u00a0 Celem organizacji jest opracowywanie standard\u00f3w szkoleniowych, kt\u00f3re skutecznie identyfikuj\u0105 potencjalne zagro\u017cenia zwi\u0105zane z prac\u0105 w tym obszarze energetyki wiatrowej. Dzi\u0119ki ujednoliconym normom zapewnianym przez GWO poziom bezpiecze\u0144stwa podczas wykonywania obowi\u0105zk\u00f3w zawodowych oraz [&hellip;]<\/p>\n","protected":false},"author":3,"featured_media":5322,"parent":5314,"menu_order":0,"comment_status":"closed","ping_status":"closed","template":"","meta":{"footnotes":""},"class_list":["post-5321","page","type-page","status-publish","has-post-thumbnail","hentry"],"aioseo_notices":[],"_links":{"self":[{"href":"https:\/\/szkolenia-udt.pl\/nb\/wp-json\/wp\/v2\/pages\/5321","targetHints":{"allow":["GET"]}}],"collection":[{"href":"https:\/\/szkolenia-udt.pl\/nb\/wp-json\/wp\/v2\/pages"}],"about":[{"href":"https:\/\/szkolenia-udt.pl\/nb\/wp-json\/wp\/v2\/types\/page"}],"author":[{"embeddable":true,"href":"https:\/\/szkolenia-udt.pl\/nb\/wp-json\/wp\/v2\/users\/3"}],"replies":[{"embeddable":true,"href":"https:\/\/szkolenia-udt.pl\/nb\/wp-json\/wp\/v2\/comments?post=5321"}],"version-history":[{"count":1,"href":"https:\/\/szkolenia-udt.pl\/nb\/wp-json\/wp\/v2\/pages\/5321\/revisions"}],"predecessor-version":[{"id":5323,"href":"https:\/\/szkolenia-udt.pl\/nb\/wp-json\/wp\/v2\/pages\/5321\/revisions\/5323"}],"up":[{"embeddable":true,"href":"https:\/\/szkolenia-udt.pl\/nb\/wp-json\/wp\/v2\/pages\/5314"}],"wp:featuredmedia":[{"embeddable":true,"href":"https:\/\/szkolenia-udt.pl\/nb\/wp-json\/wp\/v2\/media\/5322"}],"wp:attachment":[{"href":"https:\/\/szkolenia-udt.pl\/nb\/wp-json\/wp\/v2\/media?parent=5321"}],"curies":[{"name":"wp","href":"https:\/\/api.w.org\/{rel}","templated":true}]}}