{"id":5327,"date":"2023-12-11T11:16:31","date_gmt":"2023-12-11T10:16:31","guid":{"rendered":"https:\/\/szkolenia-udt.pl\/?page_id=5327"},"modified":"2025-06-06T00:31:07","modified_gmt":"2025-06-05T22:31:07","slug":"avanced-rescue-training-art-course","status":"publish","type":"page","link":"https:\/\/szkolenia-udt.pl\/nb\/kursy\/global-wind-organisation\/kurs-avanced-rescue-training-art\/","title":{"rendered":"Kurset Avanced Rescue Training (ART)\u00a0"},"content":{"rendered":"<h2 class=\"wp-block-heading\">Avansert kurs i evakuering og redning - for deg som jobber i vindturbinmilj\u00f8er <\/h2>\n\n\n<div class=\"wp-block-image\">\n<figure class=\"alignleft size-medium\"><a href=\"https:\/\/szkolenia-udt.pl\/wp-content\/uploads\/2025\/06\/d6ebddca-83b1-48b1-94ce-8bde44f7a6cb.png\"><img decoding=\"async\" src=\"https:\/\/szkolenia-udt.pl\/wp-content\/uploads\/2025\/06\/d6ebddca-83b1-48b1-94ce-8bde44f7a6cb-200x300.png\" alt=\"\" class=\"wp-image-5718\"\/><\/a><\/figure>\n<\/div>\n\n\n<p>CSO Operator Training Centre inviterer deg hjertelig til kurset Avanced Rescue Training (ART) - Advanced Evacuation Rescue.&nbsp;&nbsp;<\/p>\n\n\n\n<p>Avanced Rescue Training er rettet mot de som er interessert i \u00e5 l\u00e6re om prosedyrene som brukes i redningsoperasjoner p\u00e5 vindturbiner. Oppl\u00e6ringsprogrammet dekker redningsoperasjoner i turbinkomponenter som bladinteri\u00f8r, nacelle, rotor, kjeller, t\u00e5rn og nav. Kurset tar for seg redningsmetoder og -teknikker samt utstyr som g\u00e5r utover det som dekkes i avsnittet om arbeid i h\u00f8yden. Oppl\u00e6ringen gjelder b\u00e5de for teamredning og individuell redning.\u00a0<\/p>\n\n\n\n<p>Vi tilbyr oppl\u00e6ring i henhold til GWO-standarder, noe som garanterer et h\u00f8yt l\u00e6ringsniv\u00e5. Elevene vil v\u00e6re i stand til \u00e5 bruke den teoretiske og praktiske kunnskapen de har tilegnet seg under en effektiv evakuering ved hjelp av redningsteknikker i en n\u00f8dsituasjon, samtidig som de opprettholder de h\u00f8yeste sikkerhetsstandardene, i samsvar med retningslinjene for GWO Advanced Rescue Training.&nbsp;<\/p>\n\n\n\n<p>P\u00e5 senteret v\u00e5rt legger vi stor vekt p\u00e5 muligheten til \u00e5 tilegne seg kompetanse og kunnskap under veiledning av eksperter p\u00e5 omr\u00e5det. Senteret v\u00e5rt tilbyr ART-kurs over hele landet, b\u00e5de p\u00e5 hovedkontoret v\u00e5rt i Warszawa og ute i felten, b\u00e5de i form av \u00e5pne og lukkede kurs. Hvis du bestemmer deg for \u00e5 delta p\u00e5 v\u00e5rt Advanced Evacuation Rescue-kurs, kan du regne med attraktive \u00f8konomiske betingelser.&nbsp;<\/p>\n\n\n\n<h2 class=\"wp-block-heading\">ART-kurs - hovedm\u00e5l&nbsp;<\/h2>\n\n\n\n<p>Oppl\u00e6ringen er utformet for \u00e5 gi deltakerne teoretisk kunnskap og praktiske ferdigheter knyttet til avanserte evakueringsteknikker og redningsoperasjoner i et vindturbinmilj\u00f8.&nbsp;&nbsp;<\/p>\n\n\n\n<h2 class=\"wp-block-heading\">ART-kurs - program&nbsp;<\/h2>\n\n\n\n<p>ART - Advanced Evacuation Rescue-kurset er et omfattende program som omfatter teoretisk og praktisk undervisning, der deltakerne f\u00e5r kunnskap om en rekke evakueringsprosedyrer som er tilpasset evakueringsstedets egenskaper og antall involverte personer.&nbsp;&nbsp;<\/p>\n\n\n<div class=\"wp-block-image\">\n<figure class=\"alignleft size-medium\"><a href=\"https:\/\/szkolenia-udt.pl\/wp-content\/uploads\/2023\/12\/s2-17.jpg\"><img loading=\"lazy\" decoding=\"async\" width=\"300\" height=\"200\" src=\"https:\/\/szkolenia-udt.pl\/wp-content\/uploads\/2023\/12\/s2-17-300x200.jpg\" alt=\"\" class=\"wp-image-5329\" srcset=\"https:\/\/szkolenia-udt.pl\/wp-content\/uploads\/2023\/12\/s2-17-300x200.jpg 300w, https:\/\/szkolenia-udt.pl\/wp-content\/uploads\/2023\/12\/s2-17-1024x683.jpg 1024w, https:\/\/szkolenia-udt.pl\/wp-content\/uploads\/2023\/12\/s2-17-768x512.jpg 768w, https:\/\/szkolenia-udt.pl\/wp-content\/uploads\/2023\/12\/s2-17-1536x1024.jpg 1536w, https:\/\/szkolenia-udt.pl\/wp-content\/uploads\/2023\/12\/s2-17-18x12.jpg 18w, https:\/\/szkolenia-udt.pl\/wp-content\/uploads\/2023\/12\/s2-17.jpg 1600w\" sizes=\"auto, (max-width: 300px) 100vw, 300px\" \/><\/a><\/figure>\n<\/div>\n\n\n<p>De ulike delene av oppl\u00e6ringen er n\u00f8ye forberedt slik at deltakerne er i stand til \u00e5 h\u00e5ndtere b\u00e5de gruppe- og individuelle evakueringer. Realistiske praktiske \u00f8velsesscenarier gjennomf\u00f8res ved hjelp av evakueringsutstyr av h\u00f8y kvalitet som i dag brukes i n\u00f8dsituasjoner i vindturbinomr\u00e5det.&nbsp;&nbsp;<\/p>\n\n\n\n<p>Kurset best\u00e5r av fire moduler:&nbsp;<\/p>\n\n\n\n<h2 class=\"wp-block-heading\">ART-Nacelle, t\u00e5rn- og kjellerredning (NTBR)&nbsp;<\/h2>\n\n\n\n<p>Modulen dekker f\u00f8lgende emner:&nbsp;<\/p>\n\n\n\n<ul class=\"wp-block-list\">\n<li>prosedyrer for evakuering av skadde personer fra deler av vindturbinen, for eksempel nacellen, t\u00e5rnet eller kjelleren,&nbsp;<\/li>\n\n\n\n<li>redningsstrategier som omfatter identifisering av en egnet h\u00e5ndteringsmetode og bruk av riktig teknikk og spesialutstyr av personell med riktig oppl\u00e6ring,&nbsp;&nbsp;<\/li>\n\n\n\n<li>simuleringer og praktiske \u00f8velser i redningsoperasjoner,&nbsp;<\/li>\n\n\n\n<li>lovgivning knyttet til avanserte redningsoperasjoner.&nbsp;<\/li>\n<\/ul>\n\n\n\n<h2 class=\"wp-block-heading\">ART-H Redning av nav, spinner og innvendig blad (HSIBR)&nbsp;<\/h2>\n\n\n\n<p>Modulen dekker f\u00f8lgende emner:&nbsp;<\/p>\n\n\n\n<ul class=\"wp-block-list\">\n<li>prosedyrer for evakuering av skadde personer fra deler av vindturbinen, for eksempel navet, rotoren eller bladets indre,&nbsp;<\/li>\n\n\n\n<li>redningsstrategier som omfatter identifisering av en egnet h\u00e5ndteringsmetode og bruk av riktig teknikk og spesialutstyr av personell med riktig oppl\u00e6ring,&nbsp;&nbsp;<\/li>\n\n\n\n<li>valg av strukturelle og godkjente forankringspunkter,&nbsp;<\/li>\n\n\n\n<li>simuleringer og praktiske \u00f8velser i redningsoperasjoner,&nbsp;<\/li>\n\n\n\n<li>lovgivning knyttet til avanserte redningsoperasjoner.&nbsp;<\/li>\n<\/ul>\n\n\n\n<h2 class=\"wp-block-heading\">SAT-N Single Rescuer - redning av nacelle, t\u00e5rn og kjeller (SR:NTBR)&nbsp;<\/h2>\n\n\n\n<p>Modulen dekker f\u00f8lgende emner:&nbsp;<\/p>\n\n\n\n<ul class=\"wp-block-list\">\n<li>valg av egnet redningsmetode og intervensjonsteknikk, bruk av sertifisert utstyr og effektiv ledelse av redningsoperasjonen p\u00e5 stedet av redningsmannen alene - en rekke ulike redningsscenarier,&nbsp;<\/li>\n\n\n\n<li>bruk av egnede redningsmetoder og -teknikker under oppstigning og nedstigning av redningsmannen alene fra vindturbint\u00e5rnet,&nbsp;&nbsp;<\/li>\n\n\n\n<li>st\u00f8tte til redningsmannen ved hjelp av en b\u00e5re eller et ortopedisk brett, inkludert manuell man\u00f8vrering og bruk av et mekanisk redningssystem for senking og l\u00f8fting,&nbsp;<\/li>\n\n\n\n<li>riktig bruk av spesialisert redningsutstyr.&nbsp;<\/li>\n<\/ul>\n\n\n\n<h2 class=\"wp-block-heading\">SAT-H Single Rescuer: Hub, Spinner and Inside Blade Rescue (SR: HSIBR)&nbsp;&nbsp;<\/h2>\n\n\n\n<p>Modulen dekker f\u00f8lgende emner:&nbsp;<\/p>\n\n\n\n<ul class=\"wp-block-list\">\n<li>valg av egnet redningsmetode og intervensjonsteknikk, bruk av sertifisert utstyr og effektiv ledelse av redningsoperasjonen p\u00e5 stedet av redningsmannen alene - en rekke ulike redningsscenarier,&nbsp;<\/li>\n\n\n\n<li>bruk av egnede redningsmetoder og -teknikker under oppstigning og nedstigning av redningsmannen alene fra vindturbinstrukturen,&nbsp;<\/li>\n\n\n\n<li>st\u00f8tte til redningsmannen ved hjelp av en b\u00e5re eller et ortopedisk brett, inkludert manuell man\u00f8vrering og bruk av et mekanisk redningssystem for senking og l\u00f8fting (inkludert taljer).&nbsp;<\/li>\n<\/ul>\n\n\n\n<p>Etter fullf\u00f8rt Advanced Rescue Training vil kandidatene ha tilegnet seg kunnskaper om blant annet:&nbsp;<\/p>\n\n\n\n<ul class=\"wp-block-list\">\n<li>analyse og utvikling av redningsstrategier, inkludert riktig valg av metoder, teknikker, sertifisert utstyr og egnet personell - for \u00e5 passe til en rekke ulike redningsscenarier,&nbsp;<\/li>\n\n\n\n<li>korrekt vurdering av situasjonen og utvikling av evakueringsstrategier under redningsoperasjoner, inkludert utarbeidelse av optimale evakueringsruter for de ber\u00f8rte personene, b\u00e5de utenfor og inne i vindturbint\u00e5rnet,&nbsp;<\/li>\n\n\n\n<li>velge egnede forankringspunkter som oppfyller sertifiseringskriterier og strukturelle krav i ulike redningsscenarier,&nbsp;<\/li>\n\n\n\n<li>Forst\u00e5else og praktisk anvendelse av begreper som l\u00f8ftevinkel, vinkelfaktor og avb\u00f8yning, som er viktige under redningsoperasjoner,&nbsp;<\/li>\n\n\n\n<li>Effektiv h\u00e5ndtering av vanlige farer forbundet med farlige energikilder og farer som oppst\u00e5r i trange rom inne i en vindturbin under redningsoperasjoner,&nbsp;<\/li>\n\n\n\n<li>Praktisk anvendelse av ulike redningsmetoder og -teknikker i operasjoner som omfatter senking av vindturbinnav, dreieskive og bladinteri\u00f8r, ved hjelp av redningsb\u00e5rer, ortopediske brett, manuelle senke-\/l\u00f8ftesystemer og annet spesialisert redningsutstyr (taljesystemer),&nbsp;<\/li>\n\n\n\n<li>korrekt montering av seler og annet personlig verneutstyr, for eksempel hjelm eller vernebriller, p\u00e5 ofre som befinner seg inne i vindturbint\u00e5rnet,&nbsp;<\/li>\n\n\n\n<li>sikker transport av skadde p\u00e5 b\u00e5rer og ortopediske brett i oppreist eller horisontal stilling og overv\u00e5king av den skaddes tilstand,&nbsp;<\/li>\n<\/ul>\n\n\n\n<ul class=\"wp-block-list\">\n<li>kommunisere effektivt i potensielt stressende redningssituasjoner, b\u00e5de som redningsleder og som medlem av redningsteamet.&nbsp;<\/li>\n<\/ul>\n\n\n\n<h2 class=\"wp-block-heading\">ART-kurs - sertifisering&nbsp;&nbsp;<\/h2>\n\n\n\n<p>CSO Operator Training Centre er akkreditert av DNV og GWO.&nbsp;<\/p>\n\n\n\n<p>V\u00e5r Advanced Rescue Training gjennomf\u00f8res i samsvar med gjeldende GWO Basic Safety Training-standard.&nbsp;&nbsp;<\/p>\n\n\n\n<p>Etter fullf\u00f8rt kurs vil deltakerne motta et kursbevis. Sertifikatet er en offisiell bekreftelse p\u00e5 at deltakeren har tilegnet seg n\u00f8dvendig kunnskap om redning og evakuering ved avanserte redningsoperasjoner.&nbsp;<\/p>\n\n\n\n<p>Sertifikatet er gyldig i 24 m\u00e5neder. Vi anbefaler at deltakerne oppdaterer oppl\u00e6ringen f\u00f8r denne perioden utl\u00f8per for \u00e5 holde kvalifikasjonene og kunnskapen oppdatert.&nbsp;<\/p>\n\n\n\n<h2 class=\"wp-block-heading\">ART-kurs - Krav til deltakelse&nbsp;<\/h2>\n\n\n\n<p>For \u00e5 kunne delta i oppl\u00e6ring knyttet til arbeid i h\u00f8yden er det visse krav som m\u00e5 oppfylles:&nbsp;<\/p>\n\n\n\n<ul class=\"wp-block-list\">\n<li>minimumsalder 18 \u00e5r,&nbsp;<\/li>\n\n\n\n<li>minimum videreg\u00e5ende oppl\u00e6ring,&nbsp;<\/li>\n\n\n\n<li>en aktuell attest fra en bedriftslege som bekrefter at det ikke foreligger helsemessige kontraindikasjoner mot arbeid i mer enn tre meters h\u00f8yde,&nbsp;<\/li>\n\n\n\n<li>utbetalt trygd eller ulykkesforsikring,&nbsp;<\/li>\n\n\n\n<li>som har et WINDA ID-nummer,&nbsp;<\/li>\n\n\n\n<li>et korrekt utfylt medisinsk sp\u00f8rreskjema,&nbsp;<\/li>\n\n\n\n<li>passende arbeidskl\u00e6r og fott\u00f8y, samt hansker,&nbsp;<\/li>\n\n\n\n<li>betalt oppl\u00e6ringsavgift,&nbsp;<\/li>\n\n\n\n<li>et gyldig identitetsdokument, for eksempel et identitetskort,&nbsp;<\/li>\n\n\n\n<li>Sertifikater for fullf\u00f8rt oppl\u00e6ring i arbeid i h\u00f8yden, f\u00f8rstehjelp og manuell h\u00e5ndtering.&nbsp;<\/li>\n<\/ul>\n\n\n\n<p>Maksimalt antall deltakere per gruppe er 10-12.&nbsp;&nbsp;&nbsp;&nbsp;<\/p>\n\n\n\n<h2 class=\"wp-block-heading\">ART-kurs - kostnad &nbsp;<\/h2>\n\n\n\n<p>Avgiften for Advanced Rescue Training fastsettes p\u00e5 individuell basis. Den p\u00e5virkes av antall personer som deltar p\u00e5 kurset. Det gis attraktive rabatter for st\u00f8rre grupper.&nbsp;<\/p>\n\n\n\n<h2 class=\"wp-block-heading\">ART-kurs - sted&nbsp;<\/h2>\n\n\n\n<p>Oppl\u00e6ringskursene v\u00e5re finner sted p\u00e5 ulike steder, blant annet i Warszawa og p\u00e5 v\u00e5re regionale avdelinger i Polen. Vi tilbyr ogs\u00e5 oppl\u00e6ring i kundens lokaler, og reiser til et sted som er praktisk for kunden.&nbsp;<\/p>\n\n\n\n<p>Se v\u00e5re nettsider for informasjon om \u00e5pne kurs. Hvis du er interessert i lukkede kurs, oppfordrer vi deg til \u00e5 ta kontakt med senteret v\u00e5rt, slik at vi kan utarbeide et personlig tilbud tilpasset dine behov.&nbsp;<\/p>\n\n\n\n<p>Hvis du har sp\u00f8rsm\u00e5l om kursene v\u00e5re, oppfordrer vi deg til \u00e5 kontakte oss p\u00e5 telefon eller e-post. Teamet v\u00e5rt er klare til \u00e5 svare p\u00e5 alle dine sp\u00f8rsm\u00e5l og oppklare eventuelle tvil. Du er ogs\u00e5 velkommen til \u00e5 bes\u00f8ke senteret v\u00e5rt, hvor vi gjerne presenterer tilbudet v\u00e5rt og utarbeider et tilbud til de som er interessert.&nbsp;<\/p>\n\n\n\n<p>Du er hjertelig velkommen til OSO Operators' Training Centre for Advanced Rescue Training (ART) - Advanced Evacuation Rescue-kurs i Warszawa og i hele landet.&nbsp;<\/p>","protected":false},"excerpt":{"rendered":"<p>Kurs Zaawansowane ratownictwo ewakuacyjne \u2013 dla os\u00f3b pracuj\u0105cych w \u015brodowisku turbin wiatrowych O\u015brodek Szkolenia Operator\u00f3w OSO serdecznie zaprasza na kurs Avanced Rescue Training (ART) \u2013 Zaawansowane ratownictwo ewakuacyjne.&nbsp;&nbsp; Nasze szkolenie Avanced Rescue Training skierowane jest do os\u00f3b zainteresowanych poznaniem procedur u\u017cywanych podczas dzia\u0142a\u0144 ratowniczych w turbinach wiatrowych. Program szkolenia obejmuje akcje ratownicze w taki elementach [&hellip;]<\/p>\n","protected":false},"author":3,"featured_media":5720,"parent":5314,"menu_order":0,"comment_status":"closed","ping_status":"closed","template":"","meta":{"footnotes":""},"class_list":["post-5327","page","type-page","status-publish","has-post-thumbnail","hentry"],"aioseo_notices":[],"_links":{"self":[{"href":"https:\/\/szkolenia-udt.pl\/nb\/wp-json\/wp\/v2\/pages\/5327","targetHints":{"allow":["GET"]}}],"collection":[{"href":"https:\/\/szkolenia-udt.pl\/nb\/wp-json\/wp\/v2\/pages"}],"about":[{"href":"https:\/\/szkolenia-udt.pl\/nb\/wp-json\/wp\/v2\/types\/page"}],"author":[{"embeddable":true,"href":"https:\/\/szkolenia-udt.pl\/nb\/wp-json\/wp\/v2\/users\/3"}],"replies":[{"embeddable":true,"href":"https:\/\/szkolenia-udt.pl\/nb\/wp-json\/wp\/v2\/comments?post=5327"}],"version-history":[{"count":2,"href":"https:\/\/szkolenia-udt.pl\/nb\/wp-json\/wp\/v2\/pages\/5327\/revisions"}],"predecessor-version":[{"id":5719,"href":"https:\/\/szkolenia-udt.pl\/nb\/wp-json\/wp\/v2\/pages\/5327\/revisions\/5719"}],"up":[{"embeddable":true,"href":"https:\/\/szkolenia-udt.pl\/nb\/wp-json\/wp\/v2\/pages\/5314"}],"wp:featuredmedia":[{"embeddable":true,"href":"https:\/\/szkolenia-udt.pl\/nb\/wp-json\/wp\/v2\/media\/5720"}],"wp:attachment":[{"href":"https:\/\/szkolenia-udt.pl\/nb\/wp-json\/wp\/v2\/media?parent=5327"}],"curies":[{"name":"wp","href":"https:\/\/api.w.org\/{rel}","templated":true}]}}