{"id":5331,"date":"2023-12-11T11:20:19","date_gmt":"2023-12-11T10:20:19","guid":{"rendered":"https:\/\/szkolenia-udt.pl\/?page_id=5331"},"modified":"2023-12-11T11:20:20","modified_gmt":"2023-12-11T10:20:20","slug":"grunnleggende-sikkerhetskurs-bst","status":"publish","type":"page","link":"https:\/\/szkolenia-udt.pl\/nb\/kursy\/global-wind-organisation\/kurs-basic-safety-training-bst\/","title":{"rendered":"Grunnleggende sikkerhetsoppl\u00e6ring (BST)\u00a0"},"content":{"rendered":"<h2 class=\"wp-block-heading\">Grunnleggende sikkerhetsoppl\u00e6ring - for de som jobber i et vindturbinmilj\u00f8<\/h2>\n\n\n<div class=\"wp-block-image\">\n<figure class=\"alignleft size-medium\"><a href=\"https:\/\/szkolenia-udt.pl\/wp-content\/uploads\/2023\/12\/screen_2x-22.jpg\"><img loading=\"lazy\" decoding=\"async\" width=\"300\" height=\"200\" src=\"https:\/\/szkolenia-udt.pl\/wp-content\/uploads\/2023\/12\/screen_2x-22-300x200.jpg\" alt=\"\" class=\"wp-image-5332\" srcset=\"https:\/\/szkolenia-udt.pl\/wp-content\/uploads\/2023\/12\/screen_2x-22-300x200.jpg 300w, https:\/\/szkolenia-udt.pl\/wp-content\/uploads\/2023\/12\/screen_2x-22-1024x683.jpg 1024w, https:\/\/szkolenia-udt.pl\/wp-content\/uploads\/2023\/12\/screen_2x-22-768x512.jpg 768w, https:\/\/szkolenia-udt.pl\/wp-content\/uploads\/2023\/12\/screen_2x-22-1536x1024.jpg 1536w, https:\/\/szkolenia-udt.pl\/wp-content\/uploads\/2023\/12\/screen_2x-22-18x12.jpg 18w, https:\/\/szkolenia-udt.pl\/wp-content\/uploads\/2023\/12\/screen_2x-22.jpg 1600w\" sizes=\"auto, (max-width: 300px) 100vw, 300px\" \/><\/a><\/figure>\n<\/div>\n\n\n<p>Grunnleggende sikkerhetsoppl\u00e6ring er den grunnleggende oppl\u00e6ringen for alle som jobber eller planlegger \u00e5 jobbe med vindturbiner p\u00e5 land eller offshore. Det er et omfattende oppl\u00e6ringsprogram som er utformet for \u00e5 gi de n\u00f8dvendige ferdighetene og kunnskapene for \u00e5 arbeide sikkert p\u00e5 vindturbiner.\u00a0\u00a0<\/p>\n\n\n\n<h2 class=\"wp-block-heading\">BST-standard\u00a0<\/h2>\n\n\n\n<p>BST-standarden definerer tydelig tre hovedkriterier for vurdering av en deltaker under en unders\u00f8kelse:\u00a0\u00a0<\/p>\n\n\n\n<ul class=\"wp-block-list\">\n<li>kunnskap,&nbsp;&nbsp;<\/li>\n\n\n\n<li>ferdigheter,&nbsp;<\/li>\n\n\n\n<li>kapasitet.&nbsp;<\/li>\n<\/ul>\n\n\n\n<p>Disse elementene er delt inn i tre kompetanseniv\u00e5er: grunnleggende, middels og avansert. Disse niv\u00e5ene vurderes ogs\u00e5 under eksamen, slik at arbeidsgivere kan identifisere den ansattes ferdigheter og plassere vedkommende i riktig stilling.&nbsp;<\/p>\n\n\n\n<ul class=\"wp-block-list\">\n<li>Grunnleggende niv\u00e5 - eleven er i stand til \u00e5 gjenta kunnskapen han\/hun har tilegnet seg p\u00e5 samme m\u00e5te som den ble formidlet til ham\/henne. Han\/hun er i stand til \u00e5 gjenta handlinger i henhold til instruksjoner og handle i henhold til enkle, grunnleggende regler.&nbsp;<\/li>\n\n\n\n<li>Mellomniv\u00e5 - deltakeren er i stand til \u00e5 forklare hva han\/hun gj\u00f8r, velge riktig utstyr til jobben, handle selvstendig og proaktivt.&nbsp;<\/li>\n\n\n\n<li>Avansert niv\u00e5 - deltakeren forst\u00e5r arbeidsprosessen grundig, kan vurdere risiko, tilpasser seg endrede arbeidsforhold og er klar til \u00e5 ta ansvar for kolleger.&nbsp;<\/li>\n<\/ul>\n\n\n\n<p>BST-standarden definerer n\u00f8yaktig hvilke emner deltakeren m\u00e5 tilegne seg kunnskap om, og hvor lang tid det minimum tar \u00e5 beherske hvert emne.&nbsp;<\/p>\n\n\n\n<p>Global Wind Organisation Basic Safety Training gj\u00f8r deltakerne i stand til \u00e5 gi st\u00f8tte og omsorg til seg selv og andre som arbeider i vindindustrien. Oppl\u00e6ringen gir omfattende kunnskaper og ferdigheter knyttet til f\u00f8rstehjelp og evakuering i livstruende situasjoner, arbeid i h\u00f8yden, manuell h\u00e5ndtering, brannvern og overlevelse offshore.&nbsp;<\/p>\n\n\n\n<p>GWOs grunnleggende sikkerhetsoppl\u00e6ring er delt inn i seks moduler:&nbsp;<\/p>\n\n\n\n<ul class=\"wp-block-list\">\n<li>F\u00f8rstehjelp (FA)&nbsp;<\/li>\n<\/ul>\n\n\n\n<p>M\u00e5let med modulen <a href=\"https:\/\/szkolenia-udt.pl\/nb\/kursy\/bhp-ppoz\/przychodzimy-z-pomoca\/\">F\u00f8rstehjelp<\/a> er \u00e5 forberede deltakerne p\u00e5 \u00e5 gjenkjenne livstruende situasjoner gjennom teoretisk og praktisk oppl\u00e6ring. Deltakerne f\u00e5r ferdigheter til \u00e5 identifisere tegn og symptomer p\u00e5 potensielt farlige situasjoner i vindturbinmilj\u00f8et. De som har fullf\u00f8rt kurset, er i stand til \u00e5 yte sikker og effektiv f\u00f8rstehjelp, med sikte p\u00e5 \u00e5 redde liv og minimere ytterligere skader inntil den skadde personen er overf\u00f8rt til et h\u00f8yere niv\u00e5 av medisinsk behandling.&nbsp;&nbsp;<\/p>\n\n\n\n<ul class=\"wp-block-list\">\n<li>Manuell h\u00e5ndtering (MH)&nbsp;<\/li>\n<\/ul>\n\n\n\n<p>M\u00e5let med modulen Manuell h\u00e5ndtering er \u00e5 redusere risikoen for muskel- og skjelettskader for teknikere som arbeider i vindindustrien, og \u00e5 gj\u00f8re deltakerne i stand til \u00e5 utf\u00f8re oppgaver s\u00e5 sikkert som mulig n\u00e5r de arbeider i vindturbinomr\u00e5det.&nbsp;<\/p>\n\n\n\n<ul class=\"wp-block-list\">\n<li>Bevissthet om brann (FAW)&nbsp;<\/li>\n<\/ul>\n\n\n\n<p>Form\u00e5let med brannvernmodulen er \u00e5 gi deltakerne oppl\u00e6ring i brannforebygging, evnen til \u00e5 vurdere en brannsituasjon p\u00e5 riktig m\u00e5te, h\u00e5ndtere evakueringsprosessen for de ansatte og s\u00f8rge for sikker evakuering i tilfelle en ukontrollert brann. N\u00e5r en hendelse anses som trygg, skal deltakerne kunne slukke den f\u00f8rste brannen effektivt ved hjelp av grunnleggende brannslokkingsutstyr.&nbsp;<\/p>\n\n\n\n<ul class=\"wp-block-list\">\n<li>Arbeid i h\u00f8yden (WAH)&nbsp;<\/li>\n<\/ul>\n\n\n\n<p>M\u00e5let med modulen Arbeid i h\u00f8yden er \u00e5 gi deltakerne praktiske og teoretiske ferdigheter i \u00e5 bruke grunnleggende personlig verneutstyr, arbeide sikkert i h\u00f8yden og utf\u00f8re grunnleggende redningsoperasjoner i h\u00f8yden i vindturbinsektoren.&nbsp;<\/p>\n\n\n\n<ul class=\"wp-block-list\">\n<li>Arbeid i h\u00f8yden (WAH) og Manuell h\u00e5ndtering (MH) - pakke&nbsp;<\/li>\n<\/ul>\n\n\n\n<p>M\u00e5let med denne oppl\u00e6ringsmodulen er \u00e5 gi deltakerne praktiske og teoretiske ferdigheter i \u00e5 bruke grunnleggende personlig verneutstyr, arbeide trygt i h\u00f8yden og utf\u00f8re grunnleggende redningsoperasjoner i h\u00f8yden i vindturbinsektoren. Denne modulen tar ogs\u00e5 sikte p\u00e5 \u00e5 fremme gode vaner for manuell h\u00e5ndtering og ergonomiske prinsipper, slik at deltakerne kan utf\u00f8re manuelle h\u00e5ndteringsoppgaver p\u00e5 en sikker m\u00e5te.&nbsp;<\/p>\n\n\n\n<p>Denne pakken kombinerer leksjoner og elementer fra BST-modulen. <a href=\"https:\/\/szkolenia-udt.pl\/nb\/kursy\/prace-wysokosciowe\/kurs-na-szelki-budowlane\/\">Arbeid i h\u00f8yden<\/a> og BST-modulen Manuell h\u00e5ndtering. Planlagt gjennomf\u00f8ringstid for den kombinerte modulen er to dager. Pakken inkluderer innholdet i begge de to frittst\u00e5ende modulene, og deltakerne i kombinasjonskurset mottar oppl\u00e6ringsdokumentasjon for arbeid i h\u00f8yden og dokumentasjon for manuell h\u00e5ndtering hver for seg.&nbsp;<\/p>\n\n\n\n<ul class=\"wp-block-list\">\n<li>Overlevelse til sj\u00f8s (SS)&nbsp;<\/li>\n<\/ul>\n\n\n\n<p>M\u00e5let med modulen Survival at Sea er \u00e5 forberede deltakerne p\u00e5 \u00e5 opptre trygt og ansvarlig under offshore vindkraftoperasjoner. Omfattende teoretisk og praktisk oppl\u00e6ring vil gi deltakerne de n\u00f8dvendige ferdighetene for \u00e5 kunne iverksette hensiktsmessige tiltak b\u00e5de i den daglige driften og i n\u00f8dsituasjoner - fra landomr\u00e5det til installasjonsfart\u00f8yet (eller vindturbinen).&nbsp;&nbsp;<\/p>\n\n\n\n<h2 class=\"wp-block-heading\">Oppdatering av oppl\u00e6ringen&nbsp;&nbsp;<\/h2>\n\n\n\n<p>I tillegg til \u00e5 overholde gjeldende lovgivning og juridiske standarder, m\u00e5 oppl\u00e6ringsleverand\u00f8ren regelmessig s\u00f8rge for at oppl\u00e6ringsmateriellet er oppdatert og i samsvar med bransjespesifikke retningslinjer. For havvindindustrien gjelder dette G+-retningslinjene: Arbeid i h\u00f8yden i <a href=\"https:\/\/szkolenia-udt.pl\/nb\/kursy\/onshore-i-offshore\/\">Offshore<\/a> Vindindustri og sikker h\u00e5ndtering av sm\u00e5 servicefart\u00f8yer som brukes i havvindindustrien.&nbsp;&nbsp;&nbsp;<\/p>","protected":false},"excerpt":{"rendered":"<p>Podstawowe szkolenie w zakresie bezpiecze\u0144stwa \u2013 dla os\u00f3b pracuj\u0105cych w \u015brodowisku turbin wiatrowych Basic Safety Training to fundamentalne szkolenie dla os\u00f3b pracuj\u0105cych lub planuj\u0105cych podj\u0105\u0107 prac\u0119 przy turbinach wiatrowych na l\u0105dzie, lub morzu. Jest to kompleksowy program szkoleniowy, kt\u00f3ry ma na celu zapewnienie niezb\u0119dnych umiej\u0119tno\u015bci i wiedzy dotycz\u0105cej bezpiecze\u0144stwa w pracy w sektorze turbin wiatrowych.\u00a0\u00a0 [&hellip;]<\/p>\n","protected":false},"author":3,"featured_media":5332,"parent":5314,"menu_order":0,"comment_status":"closed","ping_status":"closed","template":"","meta":{"footnotes":""},"class_list":["post-5331","page","type-page","status-publish","has-post-thumbnail","hentry"],"aioseo_notices":[],"_links":{"self":[{"href":"https:\/\/szkolenia-udt.pl\/nb\/wp-json\/wp\/v2\/pages\/5331","targetHints":{"allow":["GET"]}}],"collection":[{"href":"https:\/\/szkolenia-udt.pl\/nb\/wp-json\/wp\/v2\/pages"}],"about":[{"href":"https:\/\/szkolenia-udt.pl\/nb\/wp-json\/wp\/v2\/types\/page"}],"author":[{"embeddable":true,"href":"https:\/\/szkolenia-udt.pl\/nb\/wp-json\/wp\/v2\/users\/3"}],"replies":[{"embeddable":true,"href":"https:\/\/szkolenia-udt.pl\/nb\/wp-json\/wp\/v2\/comments?post=5331"}],"version-history":[{"count":1,"href":"https:\/\/szkolenia-udt.pl\/nb\/wp-json\/wp\/v2\/pages\/5331\/revisions"}],"predecessor-version":[{"id":5333,"href":"https:\/\/szkolenia-udt.pl\/nb\/wp-json\/wp\/v2\/pages\/5331\/revisions\/5333"}],"up":[{"embeddable":true,"href":"https:\/\/szkolenia-udt.pl\/nb\/wp-json\/wp\/v2\/pages\/5314"}],"wp:featuredmedia":[{"embeddable":true,"href":"https:\/\/szkolenia-udt.pl\/nb\/wp-json\/wp\/v2\/media\/5332"}],"wp:attachment":[{"href":"https:\/\/szkolenia-udt.pl\/nb\/wp-json\/wp\/v2\/media?parent=5331"}],"curies":[{"name":"wp","href":"https:\/\/api.w.org\/{rel}","templated":true}]}}