{"id":5334,"date":"2023-12-11T11:25:28","date_gmt":"2023-12-11T10:25:28","guid":{"rendered":"https:\/\/szkolenia-udt.pl\/?page_id=5334"},"modified":"2023-12-11T11:25:29","modified_gmt":"2023-12-11T10:25:29","slug":"grunnleggende-teknisk-opplaeringskurs-btt-mekanisk","status":"publish","type":"page","link":"https:\/\/szkolenia-udt.pl\/nb\/kursy\/global-wind-organisation\/kurs-basic-technical-training-btt-mechanical\/","title":{"rendered":"Grunnleggende teknisk oppl\u00e6ring (BTT-kurs) - Mekanisk\u00a0"},"content":{"rendered":"<h2 class=\"wp-block-heading\">Modul for grunnleggende teknisk oppl\u00e6ring i mekanikk - for de som arbeider i vindturbinmilj\u00f8et.\u00a0<\/h2>\n\n\n<div class=\"wp-block-image\">\n<figure class=\"alignleft size-medium\"><a href=\"https:\/\/szkolenia-udt.pl\/wp-content\/uploads\/2023\/12\/s2-18.jpg\"><img loading=\"lazy\" decoding=\"async\" width=\"300\" height=\"200\" src=\"https:\/\/szkolenia-udt.pl\/wp-content\/uploads\/2023\/12\/s2-18-300x200.jpg\" alt=\"\" class=\"wp-image-5335\" srcset=\"https:\/\/szkolenia-udt.pl\/wp-content\/uploads\/2023\/12\/s2-18-300x200.jpg 300w, https:\/\/szkolenia-udt.pl\/wp-content\/uploads\/2023\/12\/s2-18-1024x683.jpg 1024w, https:\/\/szkolenia-udt.pl\/wp-content\/uploads\/2023\/12\/s2-18-768x512.jpg 768w, https:\/\/szkolenia-udt.pl\/wp-content\/uploads\/2023\/12\/s2-18-1536x1024.jpg 1536w, https:\/\/szkolenia-udt.pl\/wp-content\/uploads\/2023\/12\/s2-18-18x12.jpg 18w, https:\/\/szkolenia-udt.pl\/wp-content\/uploads\/2023\/12\/s2-18.jpg 1600w\" sizes=\"auto, (max-width: 300px) 100vw, 300px\" \/><\/a><\/figure>\n<\/div>\n\n\n<p><a href=\"https:\/\/szkolenia-udt.pl\/nb\/o-firmie\/\">CSO Operat\u00f8roppl\u00e6ringssenter<\/a> inviterer deg hjertelig til kurset Basic Technical Training (BTT) - Mechanical.\u00a0\u00a0<\/p>\n\n\n\n<p>Kurset BTT - Mekanisk oppl\u00e6ring er utviklet for deg som \u00f8nsker \u00e5 tilegne deg de n\u00f8dvendige mekaniske ferdighetene som kreves for \u00e5 jobbe som vindturbintekniker. Ved \u00e5 delta p\u00e5 kurset vil du f\u00e5 den kunnskapen og de praktiske ferdighetene som trengs for \u00e5 utf\u00f8re grunnleggende mekaniske oppgaver i vindturbinomr\u00e5det p\u00e5 en sikker m\u00e5te.&nbsp;<\/p>\n\n\n\n<p>V\u00e5rt hovedm\u00e5l er \u00e5 forberede de ansatte p\u00e5 \u00e5 utf\u00f8re arbeidsoppgavene sine p\u00e5 riktig m\u00e5te i et vindturbinmilj\u00f8. Deltakerne p\u00e5 kurset vil l\u00e6re sikre arbeidsprosedyrer og, under veiledning av erfarne teknikere, l\u00e6re \u00e5 utf\u00f8re grunnleggende mekaniske oppgaver.&nbsp;<\/p>\n\n\n\n<p>P\u00e5 senteret v\u00e5rt legger vi stor vekt p\u00e5 muligheten til \u00e5 tilegne seg kompetanse og kunnskap under veiledning av eksperter p\u00e5 omr\u00e5det. Senteret v\u00e5rt tilbyr BTT-mekaniske kurs over hele landet, b\u00e5de p\u00e5 hovedkontoret v\u00e5rt i Warszawa og ute i felten, b\u00e5de i form av \u00e5pne og lukkede kurs. Hvis du bestemmer deg for \u00e5 delta i v\u00e5r oppl\u00e6ring i arbeid i h\u00f8yden, kan du regne med attraktive \u00f8konomiske betingelser.&nbsp;<\/p>\n\n\n\n<h2 class=\"wp-block-heading\">BTT Mekanisk kurs - hovedm\u00e5l\u00a0<\/h2>\n\n\n\n<p>Oppl\u00e6ringen tar sikte p\u00e5 \u00e5 gi deltakerne den teoretiske kunnskapen og de praktiske ferdighetene som trengs for \u00e5 kunne utf\u00f8re mekaniske oppgaver i forbindelse med vindturbiner p\u00e5 en effektiv m\u00e5te.\u00a0<\/p>\n\n\n\n<h2 class=\"wp-block-heading\">BTT Mekanisk kurs - program&nbsp;<\/h2>\n\n\n\n<p>BTT - Mechanical, eller Basic Technical Training - Mechanical-modulen, er utviklet i samsvar med kravene fra Office of Technical Inspection og gjeldende lovgivning. V\u00e5r prioritet er \u00e5 formidle den mest relevante informasjonen om sikker utf\u00f8relse av mekaniske oppgaver rundt vindturbiner. I l\u00f8pet av de teoretiske og praktiske delene vil deltakerne f\u00e5 kunnskap om de viktigste komponentene i mekaniske systemer, personlig verneutstyr og l\u00e6re om potensielle farer, samtidig som de utvikler de manuelle ferdighetene som trengs for \u00e5 jobbe i dette milj\u00f8et.&nbsp;<\/p>\n\n\n<div class=\"wp-block-image\">\n<figure class=\"alignright size-medium\"><a href=\"https:\/\/szkolenia-udt.pl\/wp-content\/uploads\/2023\/12\/screen_2x-23.jpg\"><img loading=\"lazy\" decoding=\"async\" width=\"300\" height=\"200\" src=\"https:\/\/szkolenia-udt.pl\/wp-content\/uploads\/2023\/12\/screen_2x-23-300x200.jpg\" alt=\"\" class=\"wp-image-5336\" srcset=\"https:\/\/szkolenia-udt.pl\/wp-content\/uploads\/2023\/12\/screen_2x-23-300x200.jpg 300w, https:\/\/szkolenia-udt.pl\/wp-content\/uploads\/2023\/12\/screen_2x-23-1024x683.jpg 1024w, https:\/\/szkolenia-udt.pl\/wp-content\/uploads\/2023\/12\/screen_2x-23-768x512.jpg 768w, https:\/\/szkolenia-udt.pl\/wp-content\/uploads\/2023\/12\/screen_2x-23-1536x1024.jpg 1536w, https:\/\/szkolenia-udt.pl\/wp-content\/uploads\/2023\/12\/screen_2x-23-18x12.jpg 18w, https:\/\/szkolenia-udt.pl\/wp-content\/uploads\/2023\/12\/screen_2x-23.jpg 1600w\" sizes=\"auto, (max-width: 300px) 100vw, 300px\" \/><\/a><\/figure>\n<\/div>\n\n\n<p>Den mekaniske modulen er en del, best\u00e5ende av tre moduler, av et omfattende grunnleggende teknisk oppl\u00e6ringskurs. Deltakerne kan fullf\u00f8re modulene i hvilken som helst rekkef\u00f8lge. Oppl\u00e6ringen gjennomf\u00f8res under veiledning av en erfaren tekniker. Kurset bruker sikre driftsprosedyrer og egnet personlig verneutstyr (PPE) i samsvar med GWO-standardene.&nbsp;&nbsp;<\/p>\n\n\n\n<p>Oppl\u00e6ringsprogrammet omfatter blant annet&nbsp;<\/p>\n\n\n\n<ul class=\"wp-block-list\">\n<li>en forst\u00e5else av de viktigste komponentene i mekaniske systemer og de grunnleggende prinsippene for drift av vindturbiner,&nbsp;<\/li>\n\n\n\n<li>gjenkjenne potensielle farer og risikoer forbundet med arbeid p\u00e5 mekaniske systemer,&nbsp;<\/li>\n\n\n\n<li>l\u00e6re prinsippene for sveisede og boltede forbindelser, inkludert \u00e5 utf\u00f8re kontroller av disse forbindelsestypene,&nbsp;<\/li>\n\n\n\n<li>praktiske ferdigheter i bruk av h\u00e5ndverkt\u00f8y for stramming og m\u00e5ling,&nbsp;<\/li>\n\n\n\n<li>korrekt bruk av hydraulisk moment- og strammeverkt\u00f8y,&nbsp;<\/li>\n\n\n\n<li>l\u00e6re om hvordan bremsesystemet og girkassen fungerer og hvordan de kontrolleres,&nbsp;<\/li>\n\n\n\n<li>l\u00e6re om azimutsystemets, kj\u00f8lesystemets og sm\u00f8resystemets funksjoner og hvordan de styres,&nbsp;<\/li>\n\n\n\n<li>forst\u00e5 funksjonen til avb\u00f8yningssystemet.&nbsp;<\/li>\n<\/ul>\n\n\n\n<h2 class=\"wp-block-heading\">BTT Mekanisk kurs - sertifisering&nbsp;&nbsp;<\/h2>\n\n\n\n<p>CSO Operator Training Centre er akkreditert av DNV og GWO.&nbsp;<\/p>\n\n\n\n<p>V\u00e5r BTT - Mechanical-oppl\u00e6ring gjennomf\u00f8res i henhold til gjeldende GWO-standard.&nbsp;<\/p>\n\n\n\n<p>N\u00e5r kurset er fullf\u00f8rt, vil deltakerne motta et GWO BTT Mechanical Module-sertifikat som bekrefter at de er kvalifisert for grunnleggende mekaniske oppgaver i et vindturbinmilj\u00f8. Sertifikatet er det offisielle beviset p\u00e5 at oppl\u00e6ringen er fullf\u00f8rt og bekrefter ferdighetene som er tilegnet.&nbsp;<\/p>\n\n\n\n<h2 class=\"wp-block-heading\">Sertifikat.\u00a0\u00a0<\/h2>\n\n\n\n<p>BTT Mekanikk - opptakskrav&nbsp;<br>For \u00e5 kunne delta i oppl\u00e6ring knyttet til arbeid i h\u00f8yden er det visse krav som m\u00e5 oppfylles:&nbsp;<\/p>\n\n\n\n<ul class=\"wp-block-list\">\n<li>minimumsalder 18 \u00e5r,&nbsp;<\/li>\n\n\n\n<li>minimum videreg\u00e5ende oppl\u00e6ring,&nbsp;<\/li>\n\n\n\n<li>en aktuell attest fra en bedriftslege som bekrefter at det ikke foreligger helsemessige kontraindikasjoner mot arbeid i mer enn tre meters h\u00f8yde,&nbsp;<\/li>\n\n\n\n<li>utbetalt trygd eller ulykkesforsikring,&nbsp;<\/li>\n\n\n\n<li>som har et WINDA ID-nummer,&nbsp;<\/li>\n\n\n\n<li>et korrekt utfylt medisinsk sp\u00f8rreskjema,&nbsp;<\/li>\n\n\n\n<li>passende arbeidskl\u00e6r og fott\u00f8y, samt hansker,&nbsp;<\/li>\n\n\n\n<li>betalt oppl\u00e6ringsavgift,&nbsp;<\/li>\n\n\n\n<li>et gyldig identitetsdokument, for eksempel et identitetskort,&nbsp;<\/li>\n\n\n\n<li>den \u00f8vre vektgrensen for en elev er 135 kg.&nbsp;<\/li>\n<\/ul>\n\n\n\n<h2 class=\"wp-block-heading\">BTT Mekanisk kurs - kostnad \u00a0<\/h2>\n\n\n\n<p>Prisen for BTT - Mekanisk oppl\u00e6ring fastsettes p\u00e5 individuell basis. Den p\u00e5virkes av antall personer som deltar p\u00e5 kurset. Det gis attraktive rabatter for st\u00f8rre grupper.\u00a0<\/p>\n\n\n\n<p>BTT Mekanisk kurs - sted&nbsp;<\/p>\n\n\n\n<p><a href=\"https:\/\/szkolenia-udt.pl\/nb\/kursy\/\">V\u00e5r oppl\u00e6ring<\/a> Oppl\u00e6ringen foreg\u00e5r p\u00e5 ulike steder, blant annet i Warszawa og p\u00e5 v\u00e5re regionale avdelinger rundt om i Polen. Vi tilbyr ogs\u00e5 oppl\u00e6ring i kundens lokaler og reiser til et sted som passer for kunden.&nbsp;<\/p>\n\n\n\n<p>Se v\u00e5re nettsider for informasjon om \u00e5pne kurs. Hvis du er interessert i lukkede kurs, oppfordrer vi deg til \u00e5 ta kontakt med senteret v\u00e5rt, slik at vi kan utarbeide et personlig tilbud tilpasset dine behov.&nbsp;<\/p>\n\n\n\n<p>Hvis du har sp\u00f8rsm\u00e5l om kursene v\u00e5re, er du velkommen til \u00e5 kontakte oss. <a href=\"https:\/\/szkolenia-udt.pl\/nb\/kontakt\/\">kontakt per telefon eller e-post<\/a>. V\u00e5rt team er klar til \u00e5 svare p\u00e5 alle sp\u00f8rsm\u00e5l og fjerne enhver tvil. Du er ogs\u00e5 velkommen til \u00e5 bes\u00f8ke senteret v\u00e5rt, der vi gjerne presenterer tilbudet v\u00e5rt og utarbeider et tilbud til interesserte.&nbsp;<\/p>\n\n\n\n<p>Du er hjertelig velkommen til OSO Operators' Training Centre for Basic Technical Training (BTT) - Mechanical courses, i Warszawa og i hele landet.&nbsp;<\/p>","protected":false},"excerpt":{"rendered":"<p>Modu\u0142 mechaniczny Podstawowego Szkolenia Technicznego \u2013 dla os\u00f3b pracuj\u0105cych w \u015brodowisku turbin wiatrowych\u00a0 O\u015brodek Szkolenia Operator\u00f3w OSO serdecznie zaprasza na kurs Basic Technical Training (BTT) \u2013 Mechanical, czyli Podstawowe Szkolenie Techniczne \u2013 modu\u0142 mechaniczny.\u00a0\u00a0 Szkolenie BTT \u2013 Mechanical zosta\u0142o stworzone z my\u015bl\u0105 o osobach pragn\u0105cych zdoby\u0107 niezb\u0119dne umiej\u0119tno\u015bci mechaniczne niezb\u0119dne do pracy na stanowisku technik [&hellip;]<\/p>\n","protected":false},"author":3,"featured_media":5335,"parent":5314,"menu_order":0,"comment_status":"closed","ping_status":"closed","template":"","meta":{"footnotes":""},"class_list":["post-5334","page","type-page","status-publish","has-post-thumbnail","hentry"],"aioseo_notices":[],"_links":{"self":[{"href":"https:\/\/szkolenia-udt.pl\/nb\/wp-json\/wp\/v2\/pages\/5334","targetHints":{"allow":["GET"]}}],"collection":[{"href":"https:\/\/szkolenia-udt.pl\/nb\/wp-json\/wp\/v2\/pages"}],"about":[{"href":"https:\/\/szkolenia-udt.pl\/nb\/wp-json\/wp\/v2\/types\/page"}],"author":[{"embeddable":true,"href":"https:\/\/szkolenia-udt.pl\/nb\/wp-json\/wp\/v2\/users\/3"}],"replies":[{"embeddable":true,"href":"https:\/\/szkolenia-udt.pl\/nb\/wp-json\/wp\/v2\/comments?post=5334"}],"version-history":[{"count":2,"href":"https:\/\/szkolenia-udt.pl\/nb\/wp-json\/wp\/v2\/pages\/5334\/revisions"}],"predecessor-version":[{"id":5338,"href":"https:\/\/szkolenia-udt.pl\/nb\/wp-json\/wp\/v2\/pages\/5334\/revisions\/5338"}],"up":[{"embeddable":true,"href":"https:\/\/szkolenia-udt.pl\/nb\/wp-json\/wp\/v2\/pages\/5314"}],"wp:featuredmedia":[{"embeddable":true,"href":"https:\/\/szkolenia-udt.pl\/nb\/wp-json\/wp\/v2\/media\/5335"}],"wp:attachment":[{"href":"https:\/\/szkolenia-udt.pl\/nb\/wp-json\/wp\/v2\/media?parent=5334"}],"curies":[{"name":"wp","href":"https:\/\/api.w.org\/{rel}","templated":true}]}}