{"id":5339,"date":"2023-12-11T12:00:55","date_gmt":"2023-12-11T11:00:55","guid":{"rendered":"https:\/\/szkolenia-udt.pl\/?page_id=5339"},"modified":"2023-12-11T12:04:35","modified_gmt":"2023-12-11T11:04:35","slug":"brannbevissthet-faw-kurs","status":"publish","type":"page","link":"https:\/\/szkolenia-udt.pl\/nb\/kursy\/global-wind-organisation\/kurs-fire-awareness-faw\/","title":{"rendered":"Kurs i brannbevissthet (FAW)\u00a0"},"content":{"rendered":"<h2 class=\"wp-block-heading\">Brannvernkurs - for de som jobber i vindturbinmilj\u00f8er&nbsp;<\/h2>\n\n\n\n<p><a href=\"https:\/\/szkolenia-udt.pl\/nb\/o-firmie\/\">CSO Operat\u00f8roppl\u00e6ringssenter<\/a> inviterer deg hjertelig til kurset Fire Awareness (FAW) - Fire Protection.&nbsp;&nbsp;<\/p>\n\n\n<div class=\"wp-block-image\">\n<figure class=\"alignright size-medium\"><a href=\"https:\/\/szkolenia-udt.pl\/wp-content\/uploads\/2023\/12\/screen_2x-24.jpg\"><img loading=\"lazy\" decoding=\"async\" width=\"300\" height=\"200\" src=\"https:\/\/szkolenia-udt.pl\/wp-content\/uploads\/2023\/12\/screen_2x-24-300x200.jpg\" alt=\"\" class=\"wp-image-5340\" srcset=\"https:\/\/szkolenia-udt.pl\/wp-content\/uploads\/2023\/12\/screen_2x-24-300x200.jpg 300w, https:\/\/szkolenia-udt.pl\/wp-content\/uploads\/2023\/12\/screen_2x-24-1024x683.jpg 1024w, https:\/\/szkolenia-udt.pl\/wp-content\/uploads\/2023\/12\/screen_2x-24-768x512.jpg 768w, https:\/\/szkolenia-udt.pl\/wp-content\/uploads\/2023\/12\/screen_2x-24-1536x1024.jpg 1536w, https:\/\/szkolenia-udt.pl\/wp-content\/uploads\/2023\/12\/screen_2x-24-18x12.jpg 18w, https:\/\/szkolenia-udt.pl\/wp-content\/uploads\/2023\/12\/screen_2x-24.jpg 1600w\" sizes=\"auto, (max-width: 300px) 100vw, 300px\" \/><\/a><\/figure>\n<\/div>\n\n\n<p><a href=\"https:\/\/szkolenia-udt.pl\/nb\/oferta\/\">V\u00e5rt tilbud<\/a> Kurset er rettet mot alle som er interessert i de grunnleggende prinsippene for brannsikkerhet. Vi \u00f8nsker \u00e5 gi deg den n\u00f8dvendige kunnskapen om forebygging og hvordan du skal opptre i tilfelle brann, samt ferdighetene til \u00e5 bruke brannslukningsutstyr p\u00e5 riktig m\u00e5te.&nbsp;<\/p>\n\n\n\n<p>Vi f\u00f8lger GWO-standardene p\u00e5 kursene v\u00e5re, noe som garanterer et h\u00f8yt oppl\u00e6ringsniv\u00e5. B\u00e5de den teoretiske og praktiske kunnskapen du tilegner deg i l\u00f8pet av kurset, vil gj\u00f8re deg i stand til \u00e5 reagere effektivt i tilfelle en brannsituasjon i vindturbinsektoren i samsvar med alle sikkerhetsstandarder, i henhold til FAWs retningslinjer.&nbsp;&nbsp;<\/p>\n\n\n\n<p>P\u00e5 senteret v\u00e5rt legger vi stor vekt p\u00e5 muligheten til \u00e5 tilegne seg kompetanse og kunnskap under veiledning av eksperter p\u00e5 omr\u00e5det. Senteret v\u00e5rt tilbyr FAW-kurs over hele landet, b\u00e5de p\u00e5 hovedkontoret v\u00e5rt i Warszawa og p\u00e5 avdelinger ute i felten, b\u00e5de i form av \u00e5pne og lukkede kurs. Hvis du bestemmer deg for \u00e5 delta p\u00e5 et kurs i brannvern, kan du regne med attraktive \u00f8konomiske betingelser.&nbsp;<\/p>\n\n\n\n<h2 class=\"wp-block-heading\">FAW-kurs - hovedm\u00e5l\u00a0<\/h2>\n\n\n\n<p>Hovedm\u00e5let med kurset er \u00e5 gj\u00f8re deltakerne kjent med de grunnleggende prinsippene for brannsikkerhet og \u00e5 gi dem ferdigheter til \u00e5 h\u00e5ndtere brannrisikosituasjoner. I l\u00f8pet av kurset vil deltakerne f\u00e5 kunnskap om gjeldende lovgivning knyttet til brannvern og de praktiske ferdighetene som er n\u00f8dvendige for \u00e5 kunne vurdere graden av brannfare. Kursdeltakerne vil ogs\u00e5 l\u00e6re hvordan man effektivt og trygt slukker en brann ved hjelp av grunnleggende slokkemidler.\u00a0<\/p>\n\n\n\n<h2 class=\"wp-block-heading\">FAW-kurs - program&nbsp;<\/h2>\n\n\n<div class=\"wp-block-image\">\n<figure class=\"alignleft size-medium\"><a href=\"https:\/\/szkolenia-udt.pl\/wp-content\/uploads\/2023\/12\/s2-19.jpg\"><img loading=\"lazy\" decoding=\"async\" width=\"300\" height=\"201\" src=\"https:\/\/szkolenia-udt.pl\/wp-content\/uploads\/2023\/12\/s2-19-300x201.jpg\" alt=\"\" class=\"wp-image-5342\" srcset=\"https:\/\/szkolenia-udt.pl\/wp-content\/uploads\/2023\/12\/s2-19-300x201.jpg 300w, https:\/\/szkolenia-udt.pl\/wp-content\/uploads\/2023\/12\/s2-19-1024x687.jpg 1024w, https:\/\/szkolenia-udt.pl\/wp-content\/uploads\/2023\/12\/s2-19-768x515.jpg 768w, https:\/\/szkolenia-udt.pl\/wp-content\/uploads\/2023\/12\/s2-19-1536x1030.jpg 1536w, https:\/\/szkolenia-udt.pl\/wp-content\/uploads\/2023\/12\/s2-19-18x12.jpg 18w, https:\/\/szkolenia-udt.pl\/wp-content\/uploads\/2023\/12\/s2-19.jpg 1600w\" sizes=\"auto, (max-width: 300px) 100vw, 300px\" \/><\/a><\/figure>\n<\/div>\n\n\n<p>Kurset FAW - Fire Protection GWO er utviklet i samsvar med kravene fra Office of Technical Inspection og gjeldende lovgivning. Kursprogrammet dekker et bredt spekter av emner, blant annet juridiske aspekter, h\u00e5ndtering av brannsituasjoner p\u00e5 vindturbiner og praktiske \u00f8velser basert p\u00e5 realistiske scenarioer.&nbsp;<\/p>\n\n\n\n<p>Etter fullf\u00f8rt oppl\u00e6ring i brannbevissthet vil kandidatene ha tilegnet seg kunnskap om blant annet&nbsp;<\/p>\n\n\n\n<ul class=\"wp-block-list\">\n<li>identifisering av \u00e5rsakene til branner i vindturbiner og de tilh\u00f8rende risikoene,&nbsp;<\/li>\n\n\n\n<li>gjenkjenne tidlige tegn p\u00e5 brann i turbinomr\u00e5det,&nbsp;<\/li>\n\n\n\n<li>lage skreddersydde beredskapsplaner for vindturbiner, som vil omfatte strategier for brannvarsling og detaljerte evakueringsprosedyrer.&nbsp;<\/li>\n\n\n\n<li>tiltak for \u00e5 hindre brannspredning og beskrive brannforl\u00f8pet.&nbsp;<\/li>\n\n\n\n<li>effektiv gjennomf\u00f8ring av brannslukningsoperasjoner ved vindturbiner, med hensyn til riktig bruk av grunnleggende slokkemidler,&nbsp;<\/li>\n\n\n\n<li>evne til \u00e5 lage beredskapsplaner for vindturbiner, med hensyn til brannvarsling og evakueringsprosedyrer.&nbsp;<\/li>\n<\/ul>\n\n\n\n<h2 class=\"wp-block-heading\">FAW-kurs - sertifisering&nbsp;&nbsp;<\/h2>\n\n\n\n<p>CSO Operator Training Centre er akkreditert av DNV og GWO.&nbsp;&nbsp;<\/p>\n\n\n\n<p>V\u00e5r oppl\u00e6ring i brannbevissthet leveres i henhold til den gjeldende GWO Basic Safety Training-standarden.&nbsp;<\/p>\n\n\n\n<p>Etter endt kurs f\u00e5r deltakerne et sertifikat som bekrefter at de har fullf\u00f8rt oppl\u00e6ringen og tilegnet seg de n\u00f8dvendige kvalifikasjonene og ferdighetene innen brannvern. Dette sikrer at deltakerne er forberedt p\u00e5 \u00e5 arbeide trygt, ikke bare i vindkraftsektoren, men ogs\u00e5 i andre milj\u00f8er der det er fare for brann.&nbsp;&nbsp;<\/p>\n\n\n\n<p>Sertifikatet er gyldig i 24 m\u00e5neder. Vi anbefaler at deltakerne oppdaterer oppl\u00e6ringen f\u00f8r denne perioden utl\u00f8per for \u00e5 holde kvalifikasjonene og kunnskapen oppdatert.&nbsp;<\/p>\n\n\n\n<h2 class=\"wp-block-heading\">FAW-kurs - opptakskrav\u00a0<\/h2>\n\n\n\n<p>For \u00e5 kunne delta i oppl\u00e6ring knyttet til arbeid i h\u00f8yden er det visse krav som m\u00e5 oppfylles:\u00a0<\/p>\n\n\n\n<ul class=\"wp-block-list\">\n<li>minimumsalder 18 \u00e5r,&nbsp;<\/li>\n\n\n\n<li>minimum videreg\u00e5ende oppl\u00e6ring,&nbsp;<\/li>\n\n\n\n<li>en aktuell attest fra en bedriftslege som bekrefter at det ikke foreligger helsemessige kontraindikasjoner mot arbeid i mer enn tre meters h\u00f8yde,&nbsp;<\/li>\n\n\n\n<li>utbetalt trygd eller ulykkesforsikring,&nbsp;<\/li>\n\n\n\n<li>som har et WINDA ID-nummer,&nbsp;<\/li>\n\n\n\n<li>et korrekt utfylt medisinsk sp\u00f8rreskjema,&nbsp;<\/li>\n\n\n\n<li>passende arbeidskl\u00e6r og fott\u00f8y, samt hansker,&nbsp;<\/li>\n\n\n\n<li>betalt oppl\u00e6ringsavgift,&nbsp;<\/li>\n\n\n\n<li>et gyldig identitetsdokument, for eksempel et identitetskort.&nbsp;<\/li>\n<\/ul>\n\n\n\n<p>Maksimalt antall deltakere per gruppe er 10-12.&nbsp;&nbsp;<\/p>\n\n\n\n<h2 class=\"wp-block-heading\">FAW-kurs - kostnad \u00a0<\/h2>\n\n\n\n<p>Gebyret for oppl\u00e6ring i brannbevissthet fastsettes p\u00e5 individuell basis. Den p\u00e5virkes av antall personer som deltar p\u00e5 kurset. Det gis attraktive rabatter for st\u00f8rre grupper.\u00a0<\/p>\n\n\n\n<h2 class=\"wp-block-heading\">FAW-kurs - sted&nbsp;<\/h2>\n\n\n\n<p><a href=\"https:\/\/szkolenia-udt.pl\/nb\/kursy\/\">V\u00e5r oppl\u00e6ring<\/a> Oppl\u00e6ringen foreg\u00e5r p\u00e5 ulike steder, blant annet i Warszawa og p\u00e5 v\u00e5re regionale avdelinger rundt om i Polen. Vi tilbyr ogs\u00e5 oppl\u00e6ring i kundens lokaler og reiser til et sted som passer for kunden.&nbsp;<\/p>\n\n\n\n<p>Se v\u00e5re nettsider for informasjon om \u00e5pne kurs. Hvis du er interessert i lukkede kurs, oppfordrer vi deg til \u00e5 ta kontakt med senteret v\u00e5rt, slik at vi kan utarbeide et personlig tilbud tilpasset dine behov.&nbsp;<\/p>\n\n\n\n<p>Hvis du har sp\u00f8rsm\u00e5l om kursene v\u00e5re, er du velkommen til \u00e5 kontakte oss. <a href=\"https:\/\/szkolenia-udt.pl\/nb\/kontakt\/\">kontakt per telefon eller e-post<\/a>. V\u00e5rt team er klar til \u00e5 svare p\u00e5 alle sp\u00f8rsm\u00e5l og fjerne enhver tvil. Du er ogs\u00e5 velkommen til \u00e5 bes\u00f8ke senteret v\u00e5rt, der vi gjerne presenterer tilbudet v\u00e5rt og utarbeider et tilbud til interesserte.&nbsp;<\/p>\n\n\n\n<p>Du er hjertelig velkommen til OSO Operator Training Centre for Fire Awareness (FAW) - brannvernkurs i Warszawa og i hele landet.&nbsp;<\/p>","protected":false},"excerpt":{"rendered":"<p>Kurs Ochrona przeciwpo\u017carowa \u2013 dla os\u00f3b pracuj\u0105cych w \u015brodowisku turbin wiatrowych&nbsp; O\u015brodek Szkolenia Operator\u00f3w OSO serdecznie zaprasza na kurs Fire Awareness (FAW) \u2013 Ochrona przeciwpo\u017carowa.&nbsp;&nbsp; Nasza oferta kursu skierowana jest do wszystkich zainteresowanych podstawowymi zasadami bezpiecze\u0144stwa przeciwpo\u017carowego. Chcemy Pa\u0144stwu przekaza\u0107 niezb\u0119dn\u0105 wiedz\u0119 dotycz\u0105c\u0105 prewencji oraz sposob\u00f3w post\u0119powania w przypadku wybuchu po\u017caru, a tak\u017ce umiej\u0119tno\u015bci w\u0142a\u015bciwego [&hellip;]<\/p>\n","protected":false},"author":3,"featured_media":5342,"parent":5314,"menu_order":0,"comment_status":"closed","ping_status":"closed","template":"","meta":{"footnotes":""},"class_list":["post-5339","page","type-page","status-publish","has-post-thumbnail","hentry"],"aioseo_notices":[],"_links":{"self":[{"href":"https:\/\/szkolenia-udt.pl\/nb\/wp-json\/wp\/v2\/pages\/5339","targetHints":{"allow":["GET"]}}],"collection":[{"href":"https:\/\/szkolenia-udt.pl\/nb\/wp-json\/wp\/v2\/pages"}],"about":[{"href":"https:\/\/szkolenia-udt.pl\/nb\/wp-json\/wp\/v2\/types\/page"}],"author":[{"embeddable":true,"href":"https:\/\/szkolenia-udt.pl\/nb\/wp-json\/wp\/v2\/users\/3"}],"replies":[{"embeddable":true,"href":"https:\/\/szkolenia-udt.pl\/nb\/wp-json\/wp\/v2\/comments?post=5339"}],"version-history":[{"count":2,"href":"https:\/\/szkolenia-udt.pl\/nb\/wp-json\/wp\/v2\/pages\/5339\/revisions"}],"predecessor-version":[{"id":5343,"href":"https:\/\/szkolenia-udt.pl\/nb\/wp-json\/wp\/v2\/pages\/5339\/revisions\/5343"}],"up":[{"embeddable":true,"href":"https:\/\/szkolenia-udt.pl\/nb\/wp-json\/wp\/v2\/pages\/5314"}],"wp:featuredmedia":[{"embeddable":true,"href":"https:\/\/szkolenia-udt.pl\/nb\/wp-json\/wp\/v2\/media\/5342"}],"wp:attachment":[{"href":"https:\/\/szkolenia-udt.pl\/nb\/wp-json\/wp\/v2\/media?parent=5339"}],"curies":[{"name":"wp","href":"https:\/\/api.w.org\/{rel}","templated":true}]}}