{"id":5344,"date":"2023-12-11T12:10:05","date_gmt":"2023-12-11T11:10:05","guid":{"rendered":"https:\/\/szkolenia-udt.pl\/?page_id=5344"},"modified":"2023-12-11T12:10:19","modified_gmt":"2023-12-11T11:10:19","slug":"forstehjelpskurs-fa","status":"publish","type":"page","link":"https:\/\/szkolenia-udt.pl\/nb\/kursy\/global-wind-organisation\/kurs-first-aid-fa\/","title":{"rendered":"Kurs i f\u00f8rstehjelp (FA)\u00a0"},"content":{"rendered":"<h2 class=\"wp-block-heading\">F\u00f8rstehjelpskurs - for personer som arbeider i vindturbinmilj\u00f8er\u00a0<\/h2>\n\n\n<div class=\"wp-block-image\">\n<figure class=\"alignleft size-medium\"><a href=\"https:\/\/szkolenia-udt.pl\/wp-content\/uploads\/2023\/12\/s2-20.jpg\"><img loading=\"lazy\" decoding=\"async\" width=\"300\" height=\"200\" src=\"https:\/\/szkolenia-udt.pl\/wp-content\/uploads\/2023\/12\/s2-20-300x200.jpg\" alt=\"\" class=\"wp-image-5345\" srcset=\"https:\/\/szkolenia-udt.pl\/wp-content\/uploads\/2023\/12\/s2-20-300x200.jpg 300w, https:\/\/szkolenia-udt.pl\/wp-content\/uploads\/2023\/12\/s2-20-1024x683.jpg 1024w, https:\/\/szkolenia-udt.pl\/wp-content\/uploads\/2023\/12\/s2-20-768x512.jpg 768w, https:\/\/szkolenia-udt.pl\/wp-content\/uploads\/2023\/12\/s2-20-1536x1024.jpg 1536w, https:\/\/szkolenia-udt.pl\/wp-content\/uploads\/2023\/12\/s2-20-18x12.jpg 18w, https:\/\/szkolenia-udt.pl\/wp-content\/uploads\/2023\/12\/s2-20.jpg 1600w\" sizes=\"auto, (max-width: 300px) 100vw, 300px\" \/><\/a><\/figure>\n<\/div>\n\n\n<p><a href=\"https:\/\/szkolenia-udt.pl\/nb\/o-firmie\/\">CSO Operat\u00f8roppl\u00e6ringssenter<\/a> serdecznie zaprasza na kurs First Aid (FA) \u2013 <a href=\"https:\/\/szkolenia-udt.pl\/nb\/kursy\/bhp-ppoz\/przychodzimy-z-pomoca\/\">F\u00f8rstehjelp<\/a>.\u00a0\u00a0<\/p>\n\n\n\n<p>V\u00e5rt hovedm\u00e5l er \u00e5 gi kursdeltakerne omfattende oppl\u00e6ring (b\u00e5de teoretisk og praktisk) i sikker og effektiv f\u00f8rstehjelp, med s\u00e6rlig vekt p\u00e5 behovene ved arbeid i et vindturbinmilj\u00f8.&nbsp;<\/p>\n\n\n\n<p>Vi f\u00f8lger GWO-standardene fullt ut, noe som garanterer et h\u00f8yt oppl\u00e6ringsniv\u00e5. N\u00e5r du har fullf\u00f8rt kurset v\u00e5rt, vil du ha den teoretiske kunnskapen og de praktiske ferdighetene som gj\u00f8r deg i stand til \u00e5 gi effektiv f\u00f8rstehjelp i et vindturbinmilj\u00f8 i full overensstemmelse med GWOs retningslinjer for f\u00f8rstehjelp.&nbsp;<\/p>\n\n\n\n<p>Ved senteret v\u00e5rt legger vi stor vekt p\u00e5 muligheten til \u00e5 tilegne seg kompetanse og kunnskap under veiledning av eksperter p\u00e5 omr\u00e5det. Senteret v\u00e5rt tilbyr FA-kurs over hele landet, b\u00e5de p\u00e5 hovedkontoret v\u00e5rt i Warszawa og ute p\u00e5 avdelingene, b\u00e5de i form av \u00e5pne og lukkede kurs. N\u00e5r du bestemmer deg for \u00e5 delta i Work at Heights-oppl\u00e6ringen, kan du regne med attraktive \u00f8konomiske betingelser.&nbsp;<\/p>\n\n\n\n<h2 class=\"wp-block-heading\">FA-kurs - hovedm\u00e5lsetting\u00a0<\/h2>\n\n\n<div class=\"wp-block-image\">\n<figure class=\"alignright size-medium\"><a href=\"https:\/\/szkolenia-udt.pl\/wp-content\/uploads\/2023\/12\/s2-22.jpg\"><img loading=\"lazy\" decoding=\"async\" width=\"300\" height=\"200\" src=\"https:\/\/szkolenia-udt.pl\/wp-content\/uploads\/2023\/12\/s2-22-300x200.jpg\" alt=\"\" class=\"wp-image-5346\" srcset=\"https:\/\/szkolenia-udt.pl\/wp-content\/uploads\/2023\/12\/s2-22-300x200.jpg 300w, https:\/\/szkolenia-udt.pl\/wp-content\/uploads\/2023\/12\/s2-22-1024x683.jpg 1024w, https:\/\/szkolenia-udt.pl\/wp-content\/uploads\/2023\/12\/s2-22-768x512.jpg 768w, https:\/\/szkolenia-udt.pl\/wp-content\/uploads\/2023\/12\/s2-22-1536x1024.jpg 1536w, https:\/\/szkolenia-udt.pl\/wp-content\/uploads\/2023\/12\/s2-22-18x12.jpg 18w, https:\/\/szkolenia-udt.pl\/wp-content\/uploads\/2023\/12\/s2-22.jpg 1600w\" sizes=\"auto, (max-width: 300px) 100vw, 300px\" \/><\/a><\/figure>\n<\/div>\n\n\n<p>Oppl\u00e6ringen skal gi deltakerne de n\u00f8dvendige ferdighetene for \u00e5 kunne yte medisinsk st\u00f8tte i n\u00f8dsituasjoner som kan oppst\u00e5 p\u00e5 oljerigger og vindparker.\u00a0<\/p>\n\n\n\n<p>Etter \u00e5 ha fullf\u00f8rt kurset F\u00f8rstehjelp - f\u00f8rstehjelp skal deltakerne ha kompetanse til \u00e5 reagere effektivt i livs- og helsetruende situasjoner. De skal v\u00e6re forberedt p\u00e5 \u00e5 gi f\u00f8rstehjelp, bruke spesialisert medisinsk utstyr og f\u00f8rstehjelpsutstyr p\u00e5 en ansvarlig m\u00e5te.&nbsp;<\/p>\n\n\n\n<h2 class=\"wp-block-heading\">FA-kurs - program\u00a0<\/h2>\n\n\n\n<p>FA - F\u00f8rstehjelpskurset er en integrert del av Basic Safety Training-programmet. Kurset gir deltakerne mulighet til \u00e5 l\u00e6re om de juridiske aspektene ved f\u00f8rstehjelp. Kursdeltakerne f\u00e5r kunnskap om grunnleggende menneskelig anatomi, f\u00f8rstehjelp, bruk av hjertestarter og prosedyrer ved ulykker. Det er mulighet til \u00e5 praktisere kunnskapen i realistiske hendelsessimuleringer.\u00a0<\/p>\n\n\n\n<p>Etter endt oppl\u00e6ring har deltakerne den kompetansen som trengs for \u00e5 arbeide i h\u00f8yden. Oppl\u00e6ringsprogrammet gir teknikere som arbeider med vindturbiner det h\u00f8yeste sikkerhetsniv\u00e5et, noe som er viktig n\u00e5r vindturbiner er plassert i omr\u00e5der langt unna n\u00f8detatene.&nbsp;<\/p>\n\n\n\n<p>I l\u00f8pet av f\u00f8rstehjelpsoppl\u00e6ringen tilegner deltakerne seg n\u00f8dvendige kunnskaper og ferdigheter i:&nbsp;<\/p>\n\n\n\n<ul class=\"wp-block-list\">\n<li>sikker f\u00f8rstehjelp i henhold til lokal lovgivning, retningslinjer fra European Resuscitation Council og American Heart Association,&nbsp;<\/li>\n\n\n\n<li>gjenkjenne symptomer og reagere p\u00e5 riktig m\u00e5te ved alvorlig skade eller plutselig sykdom,&nbsp;<\/li>\n\n\n\n<li>en tidsplan for beredskapstiltak knyttet til vindturbinomr\u00e5det,&nbsp;<\/li>\n\n\n\n<li>korrekt bruk av f\u00f8rstehjelpsutstyr i henhold til C-A-B-C-D-E grunnleggende unders\u00f8kelsesprotokoll,&nbsp;<\/li>\n\n\n\n<li>effektiv bruk av en automatisk ekstern defibrillator (AED),&nbsp;<\/li>\n\n\n\n<li>h\u00e5ndtere bruddskader, hodeskader eller forgiftninger,&nbsp;<\/li>\n\n\n\n<li>f\u00f8rstehjelp ved kutt, brannskader, elektrisk st\u00f8t, sjokk eller heteslag,&nbsp;<\/li>\n\n\n\n<li>utf\u00f8re ytterligere unders\u00f8kelser under f\u00f8rstehjelpen,&nbsp;<\/li>\n\n\n\n<li>korrekt h\u00e5ndtering av f\u00f8rstehjelpsutstyr (scenariobasert erfaring),&nbsp;<\/li>\n\n\n\n<li>gi f\u00f8rstehjelp til personer med kroniske sykdommer,&nbsp;<\/li>\n\n\n\n<li>h\u00e5ndtering av medisinsk utstyr som b\u00e5rer, ortopediske krager og ortopediske mansjetter.&nbsp;<\/li>\n<\/ul>\n\n\n\n<h2 class=\"wp-block-heading\">FA-kurs - sertifisering&nbsp;&nbsp;<\/h2>\n\n\n\n<p>CSO Operator Training Centre er akkreditert av DNV og GWO.&nbsp;<\/p>\n\n\n\n<p>F\u00f8rstehjelpsoppl\u00e6ringen v\u00e5r gjennomf\u00f8res i samsvar med den gjeldende GWO Basic Safety Training-standarden.&nbsp;&nbsp;<\/p>\n\n\n\n<p>Etter fullf\u00f8rt kurs f\u00e5r deltakerne et kursbevis. Sertifikatet er en offisiell bekreftelse p\u00e5 at deltakeren har tilegnet seg de n\u00f8dvendige f\u00f8rstehjelpskunnskapene og evnen til \u00e5 reagere i livstruende situasjoner.&nbsp;<\/p>\n\n\n\n<p>Sertifikatet er gyldig i 24 m\u00e5neder. Vi anbefaler at deltakerne oppdaterer oppl\u00e6ringen f\u00f8r denne perioden utl\u00f8per for \u00e5 holde kvalifikasjonene og kunnskapen oppdatert.&nbsp;<\/p>\n\n\n\n<h2 class=\"wp-block-heading\">FA-kurs - opptakskrav\u00a0<\/h2>\n\n\n\n<p>For \u00e5 kunne delta i oppl\u00e6ring knyttet til arbeid i h\u00f8yden er det visse krav som m\u00e5 oppfylles:\u00a0<\/p>\n\n\n\n<ul class=\"wp-block-list\">\n<li>minimumsalder 18 \u00e5r,&nbsp;<\/li>\n\n\n\n<li>minimum videreg\u00e5ende oppl\u00e6ring,&nbsp;<\/li>\n\n\n\n<li>en aktuell attest fra en bedriftslege som bekrefter at det ikke foreligger helsemessige kontraindikasjoner mot arbeid i mer enn tre meters h\u00f8yde,&nbsp;<\/li>\n\n\n\n<li>utbetalt trygd eller ulykkesforsikring,&nbsp;<\/li>\n\n\n\n<li>som har et WINDA ID-nummer,&nbsp;<\/li>\n\n\n\n<li>et korrekt utfylt medisinsk sp\u00f8rreskjema,&nbsp;<\/li>\n\n\n\n<li>betalt oppl\u00e6ringsavgift,&nbsp;<\/li>\n\n\n\n<li>et gyldig identitetsdokument, for eksempel et identitetskort.&nbsp;<\/li>\n<\/ul>\n\n\n\n<p>Maksimalt antall deltakere per gruppe er 10-12.&nbsp;&nbsp;&nbsp;<\/p>\n\n\n\n<h2 class=\"wp-block-heading\">FA-kurs - kostnad \u00a0<\/h2>\n\n\n\n<p>Gebyret for f\u00f8rstehjelpskurs fastsettes individuelt. Den p\u00e5virkes av antall personer som deltar p\u00e5 kurset. Det gis attraktive rabatter for st\u00f8rre grupper.\u00a0<\/p>\n\n\n\n<h2 class=\"wp-block-heading\">FA-kurs - sted&nbsp;<\/h2>\n\n\n\n<p><a href=\"https:\/\/szkolenia-udt.pl\/nb\/kursy\/\">V\u00e5r oppl\u00e6ring<\/a> Oppl\u00e6ringen foreg\u00e5r p\u00e5 ulike steder, blant annet i Warszawa og p\u00e5 v\u00e5re regionale avdelinger rundt om i Polen. Vi tilbyr ogs\u00e5 oppl\u00e6ring i kundens lokaler og reiser til et sted som passer for kunden.&nbsp;<\/p>\n\n\n\n<p>Se v\u00e5re nettsider for informasjon om \u00e5pne kurs. Hvis du er interessert i lukkede kurs, oppfordrer vi deg til \u00e5 ta kontakt med senteret v\u00e5rt, slik at vi kan utarbeide et personlig tilbud tilpasset dine behov.&nbsp;<\/p>\n\n\n\n<p>Hvis du har sp\u00f8rsm\u00e5l om kursene v\u00e5re, er du velkommen til \u00e5 kontakte oss. <a href=\"https:\/\/szkolenia-udt.pl\/nb\/kontakt\/\">kontakt per telefon eller e-post<\/a>. V\u00e5rt team er klar til \u00e5 svare p\u00e5 alle sp\u00f8rsm\u00e5l og fjerne enhver tvil. Du er ogs\u00e5 velkommen til \u00e5 bes\u00f8ke senteret v\u00e5rt, der vi gjerne presenterer tilbudet v\u00e5rt og utarbeider et tilbud til interesserte.&nbsp;<\/p>\n\n\n\n<p>Du er hjertelig velkommen til OSO Operator Training Centre for First Aid (FA) - f\u00f8rstehjelpskurs i Warszawa og i hele landet.&nbsp;<\/p>","protected":false},"excerpt":{"rendered":"<p>Kurs Pierwszej pomocy \u2013 dla os\u00f3b pracuj\u0105cych w \u015brodowisku turbin wiatrowych\u00a0 O\u015brodek Szkolenia Operator\u00f3w OSO serdecznie zaprasza na kurs First Aid (FA) \u2013 Pierwsza pomoc.\u00a0\u00a0 Naszym g\u0142\u00f3wnym celem jest kompleksowe (w spos\u00f3b teoretyczny i praktyczny) przeszkolenie uczestnik\u00f3w kursu w zakresie udzielania bezpiecznej i skutecznej pierwszej pomocy, ze szczeg\u00f3lnym uwzgl\u0119dnieniem potrzeb zwi\u0105zanych z prac\u0105 w \u015brodowisku [&hellip;]<\/p>\n","protected":false},"author":3,"featured_media":5345,"parent":5314,"menu_order":0,"comment_status":"closed","ping_status":"closed","template":"","meta":{"footnotes":""},"class_list":["post-5344","page","type-page","status-publish","has-post-thumbnail","hentry"],"aioseo_notices":[],"_links":{"self":[{"href":"https:\/\/szkolenia-udt.pl\/nb\/wp-json\/wp\/v2\/pages\/5344","targetHints":{"allow":["GET"]}}],"collection":[{"href":"https:\/\/szkolenia-udt.pl\/nb\/wp-json\/wp\/v2\/pages"}],"about":[{"href":"https:\/\/szkolenia-udt.pl\/nb\/wp-json\/wp\/v2\/types\/page"}],"author":[{"embeddable":true,"href":"https:\/\/szkolenia-udt.pl\/nb\/wp-json\/wp\/v2\/users\/3"}],"replies":[{"embeddable":true,"href":"https:\/\/szkolenia-udt.pl\/nb\/wp-json\/wp\/v2\/comments?post=5344"}],"version-history":[{"count":1,"href":"https:\/\/szkolenia-udt.pl\/nb\/wp-json\/wp\/v2\/pages\/5344\/revisions"}],"predecessor-version":[{"id":5347,"href":"https:\/\/szkolenia-udt.pl\/nb\/wp-json\/wp\/v2\/pages\/5344\/revisions\/5347"}],"up":[{"embeddable":true,"href":"https:\/\/szkolenia-udt.pl\/nb\/wp-json\/wp\/v2\/pages\/5314"}],"wp:featuredmedia":[{"embeddable":true,"href":"https:\/\/szkolenia-udt.pl\/nb\/wp-json\/wp\/v2\/media\/5345"}],"wp:attachment":[{"href":"https:\/\/szkolenia-udt.pl\/nb\/wp-json\/wp\/v2\/media?parent=5344"}],"curies":[{"name":"wp","href":"https:\/\/api.w.org\/{rel}","templated":true}]}}