{"id":5348,"date":"2023-12-11T12:17:56","date_gmt":"2023-12-11T11:17:56","guid":{"rendered":"https:\/\/szkolenia-udt.pl\/?page_id=5348"},"modified":"2023-12-11T12:17:57","modified_gmt":"2023-12-11T11:17:57","slug":"kurs-i-manuell-handtering-mh","status":"publish","type":"page","link":"https:\/\/szkolenia-udt.pl\/nb\/kursy\/global-wind-organisation\/kurs-manual-handling-mh\/","title":{"rendered":"Kurs i manuell h\u00e5ndtering (MH)\u00a0"},"content":{"rendered":"<h2 class=\"wp-block-heading\">Kurs i manuell h\u00e5ndtering - for de som jobber i et vindturbinmilj\u00f8 \u00a0<\/h2>\n\n\n<div class=\"wp-block-image\">\n<figure class=\"alignright size-medium\"><a href=\"https:\/\/szkolenia-udt.pl\/wp-content\/uploads\/2023\/12\/s2-21.jpg\"><img loading=\"lazy\" decoding=\"async\" width=\"300\" height=\"193\" src=\"https:\/\/szkolenia-udt.pl\/wp-content\/uploads\/2023\/12\/s2-21-300x193.jpg\" alt=\"\" class=\"wp-image-5349\" srcset=\"https:\/\/szkolenia-udt.pl\/wp-content\/uploads\/2023\/12\/s2-21-300x193.jpg 300w, https:\/\/szkolenia-udt.pl\/wp-content\/uploads\/2023\/12\/s2-21-1024x657.jpg 1024w, https:\/\/szkolenia-udt.pl\/wp-content\/uploads\/2023\/12\/s2-21-768x493.jpg 768w, https:\/\/szkolenia-udt.pl\/wp-content\/uploads\/2023\/12\/s2-21-1536x986.jpg 1536w, https:\/\/szkolenia-udt.pl\/wp-content\/uploads\/2023\/12\/s2-21-18x12.jpg 18w, https:\/\/szkolenia-udt.pl\/wp-content\/uploads\/2023\/12\/s2-21.jpg 1600w\" sizes=\"auto, (max-width: 300px) 100vw, 300px\" \/><\/a><\/figure>\n<\/div>\n\n\n<p><a href=\"https:\/\/szkolenia-udt.pl\/nb\/o-firmie\/\">CSO Operat\u00f8roppl\u00e6ringssenter<\/a> inviterer deg hjertelig til kurs i manuell h\u00e5ndtering (MH).\u00a0\u00a0<\/p>\n\n\n\n<p>V\u00e5rt kurs i manuell h\u00e5ndtering er tilrettelagt for \u00e5 sikre at deltakerne blir bevisst de potensielle farene som er forbundet med arbeidet, og at de l\u00e6rer om konsekvensene av mulige feil under transportoperasjoner. Vi \u00f8nsker ogs\u00e5 \u00e5 formidle effektive metoder for \u00e5 minimere risikoen p\u00e5 arbeidsplassen. Dette kurset er sv\u00e6rt nyttig for alle som er involvert i bygging, drift eller service av vindturbiner.&nbsp;&nbsp;<\/p>\n\n\n\n<p>Vi tilbyr oppl\u00e6ring i henhold til GWO-standarder, noe som garanterer et h\u00f8yt l\u00e6ringsniv\u00e5. Deltakerne vil v\u00e6re i stand til \u00e5 bruke den teoretiske og praktiske kunnskapen de har tilegnet seg, til effektivt \u00e5 anvende teknikker for \u00e5 hjelpe til med manuelt h\u00e5ndteringsarbeid og til \u00e5 betjene utstyr i vindturbinomr\u00e5det p\u00e5 riktig m\u00e5te, i samsvar med de h\u00f8yeste sikkerhetsstandardene i henhold til retningslinjene for manuell h\u00e5ndtering.&nbsp;<\/p>\n\n\n\n<p>Ved senteret v\u00e5rt legger vi stor vekt p\u00e5 muligheten til \u00e5 tilegne seg kompetanse og kunnskap under veiledning av eksperter p\u00e5 omr\u00e5det. Senteret v\u00e5rt tilbyr MH-kurs over hele landet, b\u00e5de ved hovedkontoret v\u00e5rt i Warszawa og ved v\u00e5re avdelinger ute i felten, b\u00e5de i form av \u00e5pne og lukkede kurs. Hvis du bestemmer deg for \u00e5 delta i Work at Heights-oppl\u00e6ringen, kan du regne med attraktive \u00f8konomiske betingelser.&nbsp;<\/p>\n\n\n\n<h2 class=\"wp-block-heading\">MH-kurs - hovedm\u00e5lsetting\u00a0<\/h2>\n\n\n\n<p>Oppl\u00e6ringen er utformet for \u00e5 forberede deltakerne p\u00e5 fysisk arbeid p\u00e5 en byggeplass eller ved service p\u00e5 vindturbiner. Oppl\u00e6ringsprogrammet fokuserer p\u00e5 \u00e5 diskutere prinsippene for riktig l\u00f8fting og h\u00e5ndtering av last med ulik vekt og st\u00f8rrelse. Kurset gj\u00f8r ogs\u00e5 deltakerne kjent med teknikker for evakuering av skadde personer fra utsatte omr\u00e5der rundt vindturbiner.\u00a0<\/p>\n\n\n\n<h2 class=\"wp-block-heading\">MH-kurs - program\u00a0<\/h2>\n\n\n\n<p>MH - Manuell h\u00e5ndtering er et omfattende program som omfatter b\u00e5de teoretisk og praktisk undervisning. Hovedm\u00e5let er \u00e5 gj\u00f8re deltakerne kjent med teknikker for sikker og korrekt manuell h\u00e5ndtering av last rundt vindturbiner, i samsvar med GWOs retningslinjer.\u00a0<\/p>\n\n\n\n<p>Etter \u00e5 ha fullf\u00f8rt dette kurset i manuell h\u00e5ndtering vil deltakeren ha tilegnet seg kunnskap p\u00e5 f\u00f8lgende omr\u00e5der&nbsp;<\/p>\n\n\n\n<ul class=\"wp-block-list\">\n<li>en bevisst tiln\u00e6rming til utf\u00f8relsen av arbeidsoppgavene, der det tas hensyn til sikkerhetsaspekter, rimelighet og overholdelse av lokal lovgivning,&nbsp;<\/li>\n\n\n\n<li>korrekt identifisering av potensielle arbeidsrelaterte farer som kan p\u00e5virke muskel- og skjelettsystemet negativt,&nbsp;<\/li>\n\n\n\n<li>bruk av sikker praksis og teknikker ved h\u00e5ndtering av gjenstander for h\u00e5nd, inkludert korrekt h\u00e5ndtering av n\u00f8dvendig utstyr,&nbsp;<\/li>\n\n\n\n<li>gjenkjenne tegn og symptomer som f\u00f8lge av feil bruk av manuelle h\u00e5ndteringsteknikker,&nbsp;<\/li>\n\n\n\n<li>utvikle evnen til \u00e5 l\u00f8se problemer med manuell h\u00e5ndtering i det spesifikke milj\u00f8et rundt vindturbiner,&nbsp;<\/li>\n\n\n\n<li>bruke effektive teknikker for \u00e5 minimere risikoen ved manuell h\u00e5ndtering,&nbsp;<\/li>\n\n\n\n<li>praktiske \u00f8velser basert p\u00e5 ulike scenarier,&nbsp;<\/li>\n\n\n\n<li>diskusjon av juridiske sp\u00f8rsm\u00e5l knyttet til manuell h\u00e5ndtering,&nbsp;<\/li>\n\n\n\n<li>Grunnleggende anatomi, som er avgj\u00f8rende for riktig utf\u00f8relse av lasth\u00e5ndteringsoppgaver.&nbsp;<\/li>\n<\/ul>\n\n\n\n<h2 class=\"wp-block-heading\">MH-kurs - sertifisering&nbsp;&nbsp;<\/h2>\n\n\n\n<p>CSO Operator Training Centre er akkreditert av DNV og GWO.&nbsp;<\/p>\n\n\n\n<p>V\u00e5r oppl\u00e6ring i manuell h\u00e5ndtering gjennomf\u00f8res i samsvar med den gjeldende GWO Basic Safety Training-standarden.&nbsp;&nbsp;<\/p>\n\n\n\n<p>Etter endt kurs vil deltakerne motta et sertifikat som bekrefter at de har fullf\u00f8rt oppl\u00e6ringen og har tilegnet seg kvalifikasjoner og ferdigheter i manuell h\u00e5ndtering. Med denne kunnskapen er deltakeren godt rustet til \u00e5 arbeide trygt i vindkraftsektoren og i andre milj\u00f8er der det er risiko for skader i forbindelse med manuell h\u00e5ndtering.&nbsp;&nbsp;<\/p>\n\n\n\n<p>Sertifikatet er gyldig i 24 m\u00e5neder. Vi anbefaler at deltakerne oppdaterer oppl\u00e6ringen f\u00f8r denne perioden utl\u00f8per for \u00e5 holde kvalifikasjonene og kunnskapen oppdatert.&nbsp;<\/p>\n\n\n\n<h2 class=\"wp-block-heading\">MH-kurs - Krav til deltakelse\u00a0<\/h2>\n\n\n\n<p>For \u00e5 kunne delta i oppl\u00e6ring knyttet til arbeid i h\u00f8yden er det visse krav som m\u00e5 oppfylles:\u00a0<\/p>\n\n\n\n<ul class=\"wp-block-list\">\n<li>minimumsalder 18 \u00e5r,&nbsp;<\/li>\n\n\n\n<li>minimum videreg\u00e5ende oppl\u00e6ring,&nbsp;<\/li>\n\n\n\n<li>en aktuell attest fra en bedriftslege som bekrefter at det ikke foreligger helsemessige kontraindikasjoner mot arbeid i mer enn tre meters h\u00f8yde,&nbsp;<\/li>\n\n\n\n<li>utbetalt trygd eller ulykkesforsikring,&nbsp;<\/li>\n\n\n\n<li>som har et WINDA ID-nummer,&nbsp;<\/li>\n\n\n\n<li>et korrekt utfylt medisinsk sp\u00f8rreskjema,&nbsp;<\/li>\n\n\n\n<li>passende arbeidskl\u00e6r og fott\u00f8y, samt hansker,&nbsp;<\/li>\n\n\n\n<li>betalt oppl\u00e6ringsavgift,&nbsp;<\/li>\n\n\n\n<li>et gyldig identitetsdokument, for eksempel et identitetskort.&nbsp;<\/li>\n<\/ul>\n\n\n\n<p>Maksimalt antall deltakere per gruppe er 10-12.&nbsp;&nbsp;&nbsp;<\/p>\n\n\n\n<h2 class=\"wp-block-heading\">MH-kurs - kostnad \u00a0<\/h2>\n\n\n\n<p>Avgiften for oppl\u00e6ring i manuell h\u00e5ndtering fastsettes individuelt. Den p\u00e5virkes av antall personer som deltar p\u00e5 kurset. Attraktive rabatter er tilgjengelige for st\u00f8rre grupper.\u00a0<\/p>\n\n\n\n<h2 class=\"wp-block-heading\">MH-kurs - sted&nbsp;<\/h2>\n\n\n\n<p><a href=\"https:\/\/szkolenia-udt.pl\/nb\/kursy\/\">V\u00e5r oppl\u00e6ring<\/a> Oppl\u00e6ringen foreg\u00e5r p\u00e5 ulike steder, blant annet i Warszawa og p\u00e5 v\u00e5re regionale avdelinger rundt om i Polen. Vi tilbyr ogs\u00e5 oppl\u00e6ring i kundens lokaler og reiser til et sted som passer for kunden.&nbsp;<\/p>\n\n\n\n<p>Se v\u00e5re nettsider for informasjon om \u00e5pne kurs. Hvis du er interessert i lukkede kurs, oppfordrer vi deg til \u00e5 ta kontakt med senteret v\u00e5rt, slik at vi kan utarbeide et personlig tilbud tilpasset dine behov.&nbsp;<\/p>\n\n\n\n<p>Hvis du har sp\u00f8rsm\u00e5l om kursene v\u00e5re, er du velkommen til \u00e5 kontakte oss. <a href=\"https:\/\/szkolenia-udt.pl\/nb\/kontakt\/\">kontakt per telefon eller e-post<\/a>. V\u00e5rt team er klar til \u00e5 svare p\u00e5 alle sp\u00f8rsm\u00e5l og fjerne enhver tvil. Du er ogs\u00e5 velkommen til \u00e5 bes\u00f8ke senteret v\u00e5rt, der vi gjerne presenterer tilbudet v\u00e5rt og utarbeider et tilbud til interesserte.&nbsp;<\/p>\n\n\n\n<p>Du er hjertelig velkommen til OSO Operator Training Centre for kurs i manuell h\u00e5ndtering (MH) i Warszawa og i hele landet.&nbsp;<\/p>","protected":false},"excerpt":{"rendered":"<p>Kurs Przenoszenie r\u0119czne \u2013 dla os\u00f3b pracuj\u0105cych w \u015brodowisku turbin wiatrowych \u00a0 O\u015brodek Szkolenia Operator\u00f3w OSO serdecznie zaprasza na kurs Manual Handling (MH) \u2013 Przenoszenie r\u0119czne.\u00a0\u00a0 Nasze szkolenie Manual Handling organizowane jest z my\u015bl\u0105 o tym, aby uczestnicy zdobyli \u015bwiadomo\u015b\u0107 potencjalnych zagro\u017ce\u0144 zwi\u0105zanych z wykonywaniem pracy oraz poznali konsekwencje ewentualnych b\u0142\u0119d\u00f3w podczas operacji transportowych. Pragniemy [&hellip;]<\/p>\n","protected":false},"author":3,"featured_media":5349,"parent":5314,"menu_order":0,"comment_status":"closed","ping_status":"closed","template":"","meta":{"footnotes":""},"class_list":["post-5348","page","type-page","status-publish","has-post-thumbnail","hentry"],"aioseo_notices":[],"_links":{"self":[{"href":"https:\/\/szkolenia-udt.pl\/nb\/wp-json\/wp\/v2\/pages\/5348","targetHints":{"allow":["GET"]}}],"collection":[{"href":"https:\/\/szkolenia-udt.pl\/nb\/wp-json\/wp\/v2\/pages"}],"about":[{"href":"https:\/\/szkolenia-udt.pl\/nb\/wp-json\/wp\/v2\/types\/page"}],"author":[{"embeddable":true,"href":"https:\/\/szkolenia-udt.pl\/nb\/wp-json\/wp\/v2\/users\/3"}],"replies":[{"embeddable":true,"href":"https:\/\/szkolenia-udt.pl\/nb\/wp-json\/wp\/v2\/comments?post=5348"}],"version-history":[{"count":1,"href":"https:\/\/szkolenia-udt.pl\/nb\/wp-json\/wp\/v2\/pages\/5348\/revisions"}],"predecessor-version":[{"id":5350,"href":"https:\/\/szkolenia-udt.pl\/nb\/wp-json\/wp\/v2\/pages\/5348\/revisions\/5350"}],"up":[{"embeddable":true,"href":"https:\/\/szkolenia-udt.pl\/nb\/wp-json\/wp\/v2\/pages\/5314"}],"wp:featuredmedia":[{"embeddable":true,"href":"https:\/\/szkolenia-udt.pl\/nb\/wp-json\/wp\/v2\/media\/5349"}],"wp:attachment":[{"href":"https:\/\/szkolenia-udt.pl\/nb\/wp-json\/wp\/v2\/media?parent=5348"}],"curies":[{"name":"wp","href":"https:\/\/api.w.org\/{rel}","templated":true}]}}