{"id":5351,"date":"2023-12-11T12:22:02","date_gmt":"2023-12-11T11:22:02","guid":{"rendered":"https:\/\/szkolenia-udt.pl\/?page_id=5351"},"modified":"2023-12-11T12:22:43","modified_gmt":"2023-12-11T11:22:43","slug":"kurs-i-overlevelse-til-sjos","status":"publish","type":"page","link":"https:\/\/szkolenia-udt.pl\/nb\/kursy\/global-wind-organisation\/kurs-sea-survival-ss\/","title":{"rendered":"Kurs i overlevelse til sj\u00f8s (SS)\u00a0"},"content":{"rendered":"<h2 class=\"wp-block-heading\">Kurs i overlevelse til sj\u00f8s - for deg som jobber i et havvindparkmilj\u00f8 &nbsp;<\/h2>\n\n\n<div class=\"wp-block-image\">\n<figure class=\"alignleft size-medium\"><a href=\"https:\/\/szkolenia-udt.pl\/wp-content\/uploads\/2023\/12\/s2-23.jpg\"><img loading=\"lazy\" decoding=\"async\" width=\"300\" height=\"200\" src=\"https:\/\/szkolenia-udt.pl\/wp-content\/uploads\/2023\/12\/s2-23-300x200.jpg\" alt=\"\" class=\"wp-image-5353\" srcset=\"https:\/\/szkolenia-udt.pl\/wp-content\/uploads\/2023\/12\/s2-23-300x200.jpg 300w, https:\/\/szkolenia-udt.pl\/wp-content\/uploads\/2023\/12\/s2-23-1024x683.jpg 1024w, https:\/\/szkolenia-udt.pl\/wp-content\/uploads\/2023\/12\/s2-23-768x512.jpg 768w, https:\/\/szkolenia-udt.pl\/wp-content\/uploads\/2023\/12\/s2-23-1536x1024.jpg 1536w, https:\/\/szkolenia-udt.pl\/wp-content\/uploads\/2023\/12\/s2-23-18x12.jpg 18w, https:\/\/szkolenia-udt.pl\/wp-content\/uploads\/2023\/12\/s2-23.jpg 1600w\" sizes=\"auto, (max-width: 300px) 100vw, 300px\" \/><\/a><\/figure>\n<\/div>\n\n\n<p><a href=\"https:\/\/szkolenia-udt.pl\/nb\/o-firmie\/\">CSO Operat\u00f8roppl\u00e6ringssenter<\/a> inviterer deg hjertelig til kurset Sea Survival (SS).&nbsp;&nbsp;<\/p>\n\n\n\n<p>V\u00e5r Sea Survival-oppl\u00e6ring fokuserer p\u00e5 sikkerhet og riktig oppf\u00f8rsel i \u00e5pent vann, fra strandlinjen til vindturbinen til havs (<a href=\"https:\/\/szkolenia-udt.pl\/nb\/kursy\/onshore-i-offshore\/\">offshore<\/a>). Etter endt kurs vil deltakeren ha de n\u00f8dvendige kunnskapene og ferdighetene for \u00e5 kunne handle effektivt og iverksette forebyggende tiltak i alle faser av offshorevirksomheten - fra landomr\u00e5det til offshoreinstallasjonen eller vindturbinen (WTG).&nbsp;<\/p>\n\n\n\n<p>Vi tilbyr oppl\u00e6ring i henhold til GWO-standarder, noe som garanterer et h\u00f8yt l\u00e6ringsniv\u00e5. Elevene vil v\u00e6re i stand til \u00e5 bruke den teoretiske og praktiske kunnskapen de har tilegnet seg til \u00e5 jobbe effektivt utenfor land, og alltid opprettholde de h\u00f8yeste sikkerhetsstandardene i samsvar med GWOs retningslinjer for sj\u00f8overlevelse.&nbsp;<\/p>\n\n\n\n<p>P\u00e5 senteret v\u00e5rt legger vi stor vekt p\u00e5 muligheten til \u00e5 tilegne seg kompetanse og kunnskap under veiledning av eksperter p\u00e5 omr\u00e5det. Senteret v\u00e5rt tilbyr kurs i sj\u00f8overlevelse over hele landet, b\u00e5de p\u00e5 hovedkontoret v\u00e5rt i Warszawa og ute i felten, b\u00e5de i form av \u00e5pne og lukkede kurs. Hvis du bestemmer deg for \u00e5 delta p\u00e5 et Sea Survival-kurs, kan du regne med attraktive \u00f8konomiske betingelser.&nbsp;<\/p>\n\n\n\n<p>Hvis du vil ha mer informasjon om kurssteder, oppfordrer vi deg til \u00e5 kontakte oss p\u00e5 telefon eller e-post.&nbsp;<\/p>\n\n\n\n<h2 class=\"wp-block-heading\">Overlevelseskurs til sj\u00f8s - hovedm\u00e5l&nbsp;<\/h2>\n\n\n\n<p>Kurset er utformet for \u00e5 gi deltakerne den kunnskapen som er n\u00f8dvendig for \u00e5 forst\u00e5 de mange viktige problemstillingene som er involvert i arbeidet med havvindparker. Kurset tar sikte p\u00e5 \u00e5 utvikle de rette atferdsvanene for b\u00e5de typiske hverdagssituasjoner og n\u00f8dsituasjoner i forbindelse med offshore vindkraft. Ved \u00e5 kombinere teori og praksis gir oppl\u00e6ringsprogrammet omfattende forberedelser til \u00e5 takle og overleve p\u00e5 \u00e5pent hav.&nbsp;<\/p>\n\n\n\n<h2 class=\"wp-block-heading\">Overlevelseskurs til sj\u00f8s - program&nbsp;<\/h2>\n\n\n<div class=\"wp-block-image\">\n<figure class=\"alignright size-medium\"><a href=\"https:\/\/szkolenia-udt.pl\/wp-content\/uploads\/2023\/12\/screen_2x-25.jpg\"><img loading=\"lazy\" decoding=\"async\" width=\"300\" height=\"200\" src=\"https:\/\/szkolenia-udt.pl\/wp-content\/uploads\/2023\/12\/screen_2x-25-300x200.jpg\" alt=\"\" class=\"wp-image-5352\" srcset=\"https:\/\/szkolenia-udt.pl\/wp-content\/uploads\/2023\/12\/screen_2x-25-300x200.jpg 300w, https:\/\/szkolenia-udt.pl\/wp-content\/uploads\/2023\/12\/screen_2x-25-1024x683.jpg 1024w, https:\/\/szkolenia-udt.pl\/wp-content\/uploads\/2023\/12\/screen_2x-25-768x512.jpg 768w, https:\/\/szkolenia-udt.pl\/wp-content\/uploads\/2023\/12\/screen_2x-25-1536x1024.jpg 1536w, https:\/\/szkolenia-udt.pl\/wp-content\/uploads\/2023\/12\/screen_2x-25-18x12.jpg 18w, https:\/\/szkolenia-udt.pl\/wp-content\/uploads\/2023\/12\/screen_2x-25.jpg 1600w\" sizes=\"auto, (max-width: 300px) 100vw, 300px\" \/><\/a><\/figure>\n<\/div>\n\n\n<p>GWO-kurset i sj\u00f8overlevelse handler hovedsakelig om praktiske aktiviteter som gjennomf\u00f8res i et vannmilj\u00f8 for \u00e5 forberede deltakerne p\u00e5 \u00e5 h\u00e5ndtere det \u00e5pne havet. Det er ikke n\u00f8dvendig \u00e5 kunne sv\u00f8mme, men det vil gj\u00f8re det mulig \u00e5 mestre man\u00f8vreringen i denne typen milj\u00f8 p\u00e5 en effektiv m\u00e5te. Oppl\u00e6ringsprogrammet omfatter ogs\u00e5 juridiske sp\u00f8rsm\u00e5l knyttet til arbeid til sj\u00f8s og en innf\u00f8ring i begreper som MOB, PLB, SAR og GDMSS.&nbsp;&nbsp;<\/p>\n\n\n\n<p>Kurset fokuserer p\u00e5 farer som er spesifikke for det marine milj\u00f8et, for eksempel termisk sjokk, hypotermi og risiko for oversv\u00f8mmelse. Deltakerne vil l\u00e6re ferdigheter knyttet til sikker evakuering i n\u00f8dsituasjoner og riktig oppf\u00f8rsel n\u00e5r de beveger seg mellom en turbin og et transportfart\u00f8y (CTV). Programmet omfatter ogs\u00e5 hvordan man redder seg selv og andre, og hvordan man tilkaller n\u00f8dhjelp p\u00e5 riktig m\u00e5te.&nbsp;<\/p>\n\n\n\n<p>Etter \u00e5 ha fullf\u00f8rt kurset i sj\u00f8overlevelse vil deltakerne ha tilegnet seg kunnskap om:&nbsp;<\/p>\n\n\n\n<ul class=\"wp-block-list\">\n<li>romorganisering og gjeldende regelverk p\u00e5 havvindparker, slik at studentene er klar over sine roller, oppgaver og regler i dette milj\u00f8et,&nbsp;<\/li>\n\n\n\n<li>Forst\u00e5 viktigheten av \u00e5 kle seg og oppf\u00f8re seg korrekt i omr\u00e5det rundt havvindparker,&nbsp;<\/li>\n\n\n\n<li>gjenkjenne og reagere effektivt p\u00e5 symptomene p\u00e5 varmesjokk, hypotermi og drukningsfare under marine forhold,&nbsp;<\/li>\n\n\n\n<li>hensiktsmessig og sikker bruk av personlig overlevelsesutstyr (LSA) og personlig verneutstyr (PPE), inkludert full forst\u00e5else av deres funksjoner og begrensninger,&nbsp;<\/li>\n\n\n\n<li>Global Maritime Distress and Safety Systems (GMDSS), kommunikasjons- og varslingssystem og prosedyrer for s\u00f8k og redning (SAR),&nbsp;<\/li>\n\n\n\n<li>h\u00e5ndtering av n\u00f8dsituasjoner til sj\u00f8s,&nbsp;<\/li>\n\n\n\n<li>gjenkjenne farer og risikoer forbundet med bevegelsen og effektivt iverksette forebyggende tiltak i samsvar med prosedyrene og utstyret til LSA og personlig verneutstyret som er tilgjengelig p\u00e5 stedet,&nbsp;<\/li>\n\n\n\n<li>sikker atferd p\u00e5 installasjoner, fart\u00f8yer og vindturbiner under ulike forhold, inkludert n\u00f8d- og evakueringssituasjoner,&nbsp;<\/li>\n\n\n\n<li>\u00e5 bevege seg trygt med utstyret mellom kaien og fart\u00f8yet og mellom fart\u00f8yet og vindturbinen,&nbsp;<\/li>\n<\/ul>\n\n\n\n<p>Kurset gir deg ogs\u00e5 ferdigheter til \u00e5 yte assistanse i situasjoner med mann over bord (MOB).&nbsp;<\/p>\n\n\n\n<h2 class=\"wp-block-heading\">Kurs i overlevelse til sj\u00f8s - sertifisering&nbsp;&nbsp;<\/h2>\n\n\n\n<p>CSO Operator Training Centre er akkreditert av DNV og GWO.&nbsp;<\/p>\n\n\n\n<p>V\u00e5r oppl\u00e6ring i sj\u00f8overlevelse gjennomf\u00f8res i samsvar med gjeldende GWO Basic Safety Training-standard.&nbsp;&nbsp;<\/p>\n\n\n\n<p>P\u00e5 slutten av kurset vil deltakerne motta et sertifikat som bekrefter at de har tilegnet seg kvalifikasjonene og ferdighetene som kreves for \u00e5 jobbe med offshore vindparker. Sertifikatet fungerer som et offisielt bevis p\u00e5 at kurset er fullf\u00f8rt og bekrefter at man er klar til \u00e5 arbeide trygt offshore.&nbsp;<\/p>\n\n\n\n<p>Sertifikatet er gyldig i 24 m\u00e5neder. Vi anbefaler at deltakerne oppdaterer oppl\u00e6ringen f\u00f8r denne perioden utl\u00f8per for \u00e5 holde kvalifikasjonene og kunnskapen oppdatert.&nbsp;<\/p>\n\n\n\n<h2 class=\"wp-block-heading\">Overlevelseskurs til sj\u00f8s - opptakskrav&nbsp;<\/h2>\n\n\n\n<p>For \u00e5 kunne delta i oppl\u00e6ring knyttet til arbeid i h\u00f8yden er det visse krav som m\u00e5 oppfylles:&nbsp;<\/p>\n\n\n\n<ul class=\"wp-block-list\">\n<li>minimumsalder 18 \u00e5r,&nbsp;<\/li>\n\n\n\n<li>minimum videreg\u00e5ende oppl\u00e6ring,&nbsp;<\/li>\n\n\n\n<li>en aktuell attest fra en bedriftslege som bekrefter at det ikke foreligger helsemessige kontraindikasjoner mot arbeid i mer enn tre meters h\u00f8yde,&nbsp;<\/li>\n\n\n\n<li>utbetalt trygd eller ulykkesforsikring,&nbsp;<\/li>\n\n\n\n<li>som har et WINDA ID-nummer,&nbsp;<\/li>\n\n\n\n<li>et korrekt utfylt medisinsk sp\u00f8rreskjema,&nbsp;<\/li>\n\n\n\n<li>kl\u00e6r som er n\u00f8dvendige for \u00e5 oppholde seg i et vannmilj\u00f8,&nbsp;<\/li>\n\n\n\n<li>betalt oppl\u00e6ringsavgift,&nbsp;<\/li>\n\n\n\n<li>et gyldig identitetsdokument, for eksempel et identitetskort.&nbsp;<\/li>\n<\/ul>\n\n\n\n<p>Maksimalt antall deltakere per gruppe er 10-12.&nbsp;&nbsp;&nbsp;<\/p>\n\n\n\n<h2 class=\"wp-block-heading\">Kurs i overlevelse til sj\u00f8s - kostnad &nbsp;<\/h2>\n\n\n\n<p>Prisen for sj\u00f8overlevelseskurs fastsettes individuelt. Den p\u00e5virkes av antall personer som deltar p\u00e5 kurset. Det gis attraktive rabatter for st\u00f8rre grupper.&nbsp;<\/p>\n\n\n\n<h2 class=\"wp-block-heading\">Kurs i overlevelse til sj\u00f8s - sted&nbsp;<\/h2>\n\n\n\n<p><a href=\"https:\/\/szkolenia-udt.pl\/nb\/kursy\/\">V\u00e5r oppl\u00e6ring<\/a> Kursene finner sted p\u00e5 ulike steder, blant annet i Warszawa og p\u00e5 v\u00e5re regionale avdelinger rundt om i Polen. Hvis du vil ha mer informasjon om kursstedene, er du velkommen til \u00e5 kontakte oss p\u00e5 telefon eller e-post.&nbsp;<\/p>\n\n\n\n<p>Se v\u00e5re nettsider for informasjon om \u00e5pne kurs. Hvis du er interessert i lukkede kurs, oppfordrer vi deg til \u00e5 ta kontakt med senteret v\u00e5rt, slik at vi kan utarbeide et personlig tilbud tilpasset dine behov.&nbsp;<\/p>\n\n\n\n<p>Hvis du har sp\u00f8rsm\u00e5l om kursene v\u00e5re, er du velkommen til \u00e5 kontakte oss. <a href=\"https:\/\/szkolenia-udt.pl\/nb\/kontakt\/\">kontakt per telefon eller e-post<\/a>. V\u00e5rt team er klar til \u00e5 svare p\u00e5 alle sp\u00f8rsm\u00e5l og fjerne enhver tvil. Du er ogs\u00e5 velkommen til \u00e5 bes\u00f8ke senteret v\u00e5rt, der vi gjerne presenterer tilbudet v\u00e5rt og utarbeider et tilbud til interesserte.&nbsp;<\/p>\n\n\n\n<p>Vi inviterer deg hjertelig til OSO Operators' Training Centre for Sea Survival-kurs i Warszawa og i hele landet.&nbsp;<\/p>","protected":false},"excerpt":{"rendered":"<p>Kurs Przetrwanie na morzu \u2013 dla os\u00f3b pracuj\u0105cych w \u015brodowisku morskich farm wiatrowych &nbsp; O\u015brodek Szkolenia Operator\u00f3w OSO serdecznie zaprasza na kurs Sea Survival (SS) \u2013 Przetrwanie na morzu.&nbsp;&nbsp; Nasze szkolenie Sea Survival koncentruje si\u0119 na zagadnieniach zwi\u0105zanych z bezpiecze\u0144stwem oraz odpowiednim zachowaniem si\u0119 na obszarze w\u00f3d otwartych, od linii brzegowej a\u017c po turbin\u0119 wiatrow\u0105 [&hellip;]<\/p>\n","protected":false},"author":3,"featured_media":5352,"parent":5314,"menu_order":0,"comment_status":"closed","ping_status":"closed","template":"","meta":{"footnotes":""},"class_list":["post-5351","page","type-page","status-publish","has-post-thumbnail","hentry"],"aioseo_notices":[],"_links":{"self":[{"href":"https:\/\/szkolenia-udt.pl\/nb\/wp-json\/wp\/v2\/pages\/5351","targetHints":{"allow":["GET"]}}],"collection":[{"href":"https:\/\/szkolenia-udt.pl\/nb\/wp-json\/wp\/v2\/pages"}],"about":[{"href":"https:\/\/szkolenia-udt.pl\/nb\/wp-json\/wp\/v2\/types\/page"}],"author":[{"embeddable":true,"href":"https:\/\/szkolenia-udt.pl\/nb\/wp-json\/wp\/v2\/users\/3"}],"replies":[{"embeddable":true,"href":"https:\/\/szkolenia-udt.pl\/nb\/wp-json\/wp\/v2\/comments?post=5351"}],"version-history":[{"count":2,"href":"https:\/\/szkolenia-udt.pl\/nb\/wp-json\/wp\/v2\/pages\/5351\/revisions"}],"predecessor-version":[{"id":5355,"href":"https:\/\/szkolenia-udt.pl\/nb\/wp-json\/wp\/v2\/pages\/5351\/revisions\/5355"}],"up":[{"embeddable":true,"href":"https:\/\/szkolenia-udt.pl\/nb\/wp-json\/wp\/v2\/pages\/5314"}],"wp:featuredmedia":[{"embeddable":true,"href":"https:\/\/szkolenia-udt.pl\/nb\/wp-json\/wp\/v2\/media\/5352"}],"wp:attachment":[{"href":"https:\/\/szkolenia-udt.pl\/nb\/wp-json\/wp\/v2\/media?parent=5351"}],"curies":[{"name":"wp","href":"https:\/\/api.w.org\/{rel}","templated":true}]}}