{"id":5356,"date":"2023-12-11T12:27:17","date_gmt":"2023-12-11T11:27:17","guid":{"rendered":"https:\/\/szkolenia-udt.pl\/?page_id=5356"},"modified":"2023-12-11T12:27:43","modified_gmt":"2023-12-11T11:27:43","slug":"baneselger-signalgiver-sls","status":"publish","type":"page","link":"https:\/\/szkolenia-udt.pl\/nb\/kursy\/global-wind-organisation\/kurs-slinger-signaller-sls\/","title":{"rendered":"Kurset Slinger Signaller (SLS)\u00a0"},"content":{"rendered":"<h2 class=\"wp-block-heading\">Kurs i kroksignalering - for deg som jobber i et vindturbinmilj\u00f8 \u00a0<\/h2>\n\n\n<div class=\"wp-block-image\">\n<figure class=\"alignleft size-medium\"><a href=\"https:\/\/szkolenia-udt.pl\/wp-content\/uploads\/2023\/12\/screen_2x-26.jpg\"><img loading=\"lazy\" decoding=\"async\" width=\"300\" height=\"199\" src=\"https:\/\/szkolenia-udt.pl\/wp-content\/uploads\/2023\/12\/screen_2x-26-300x199.jpg\" alt=\"\" class=\"wp-image-5357\" srcset=\"https:\/\/szkolenia-udt.pl\/wp-content\/uploads\/2023\/12\/screen_2x-26-300x199.jpg 300w, https:\/\/szkolenia-udt.pl\/wp-content\/uploads\/2023\/12\/screen_2x-26-1024x680.jpg 1024w, https:\/\/szkolenia-udt.pl\/wp-content\/uploads\/2023\/12\/screen_2x-26-768x510.jpg 768w, https:\/\/szkolenia-udt.pl\/wp-content\/uploads\/2023\/12\/screen_2x-26-1536x1020.jpg 1536w, https:\/\/szkolenia-udt.pl\/wp-content\/uploads\/2023\/12\/screen_2x-26-18x12.jpg 18w, https:\/\/szkolenia-udt.pl\/wp-content\/uploads\/2023\/12\/screen_2x-26.jpg 1600w\" sizes=\"auto, (max-width: 300px) 100vw, 300px\" \/><\/a><\/figure>\n<\/div>\n\n\n<p><a href=\"https:\/\/szkolenia-udt.pl\/nb\/o-firmie\/\">CSO Operat\u00f8roppl\u00e6ringssenter<\/a> inviterer deg hjertelig til kurset Slinger Signaller (SLS).\u00a0\u00a0<\/p>\n\n\n\n<p>V\u00e5rt kurs for anhukere og signalgivere er tilrettelagt for \u00e5 sikre at deltakerne f\u00e5r de n\u00f8dvendige kunnskapene og ferdighetene knyttet til sikker l\u00f8fting av last under kranoperasjoner. Kurset g\u00e5r grundig inn p\u00e5 potensielle farer og risikoer forbundet med arbeidet som krok- og signalgiver. SLS-oppl\u00e6ringen er knyttet til vindturbinomr\u00e5det og er rettet mot arbeidstakere i vindkraftsektoren som er involvert i produksjon, installasjon og vedlikehold av turbiner og turbinkomponenter.&nbsp;<\/p>\n\n\n\n<p>Vi tilbyr oppl\u00e6ring i henhold til GWO-standarder, noe som garanterer et h\u00f8yt l\u00e6ringsniv\u00e5. Studentene vil kunne bruke den teoretiske og praktiske kunnskapen de har tilegnet seg i sitt arbeid som krok- eller signalgiver i vindturbinomr\u00e5det, og opprettholde de h\u00f8yeste sikkerhetsstandardene i samsvar med GWOs retningslinjer for Slinger Signaller.&nbsp;<\/p>\n\n\n\n<p>P\u00e5 senteret v\u00e5rt legger vi stor vekt p\u00e5 muligheten til \u00e5 tilegne seg kompetanse og kunnskap under veiledning av eksperter p\u00e5 omr\u00e5det. Senteret v\u00e5rt tilbyr SLS-kurs over hele landet, b\u00e5de p\u00e5 hovedkontoret v\u00e5rt i Warszawa og ute i felten, b\u00e5de i form av \u00e5pne og lukkede kurs. Hvis du bestemmer deg for \u00e5 delta p\u00e5 Hook Signaller-kurset, kan du regne med attraktive \u00f8konomiske betingelser.&nbsp;<\/p>\n\n\n\n<h2 class=\"wp-block-heading\">SLS-kurs - hovedm\u00e5l\u00a0<\/h2>\n\n\n\n<p>Kurset er utformet for \u00e5 gi deltakerne praktiske ferdigheter knyttet til opphengs- og lastsikringsteknikker, der opprettholdelse av de h\u00f8yeste sikkerhetsstandardene prioriteres. Deltakerne vil bli kjent med de ulike typene utstyr som brukes i disse operasjonene og n\u00f8dvendig personlig verneutstyr. Oppl\u00e6ringen omfatter blant annet korrekt bestemmelse av lastens tyngdepunkt, innstilling av slinglenkenes vinkler og effektiv signalering av kranens bevegelser.\u00a0<\/p>\n\n\n\n<h2 class=\"wp-block-heading\">SLS-kurs - program\u00a0<\/h2>\n\n\n\n<p>Oppl\u00e6ringskurset SLS - Hook Signaller gir deltakerne de n\u00f8dvendige kunnskapene og ferdighetene til \u00e5 utf\u00f8re oppgavene sine p\u00e5 en sikker og effektiv m\u00e5te. Kursprogrammet omfatter presentasjoner av kvalifiserte instrukt\u00f8rer og praktiske \u00f8velser.\u00a0\u00a0<\/p>\n\n\n\n<p>Alle oppl\u00e6ringsoperasjoner er basert p\u00e5 en l\u00f8fteplan (Lift plan). L\u00f8fteplanen inneholder en risikovurdering, en metodedefinisjon og andre relevante detaljer (tegninger, grafikk, tidsplaner og bilder). Dette dokumentet definerer n\u00f8yaktig rollene til alle som er involvert i l\u00f8fteoperasjonen for \u00e5 sikre at prosessen g\u00e5r knirkefritt. L\u00f8fteplanen inneholder vanligvis en beskrivelse av hvordan oppgaven skal utf\u00f8res, teknisk informasjon om krankonfigurasjonen og andre detaljer om l\u00f8fteoperasjonen (grunnforhold, tilgang til stedet osv.). Risikovurderingen i l\u00f8fteplanen skal identifisere potensielle risikoer og utvikle en strategi for \u00e5 eliminere dem. Det er viktig \u00e5 inkludere en handlingsplan for det verste som kan skje.&nbsp;<\/p>\n\n\n\n<p>Etter \u00e5 ha fullf\u00f8rt Slinger Signaller-kurset vil kandidatene ha tilegnet seg kunnskaper om blant annet:&nbsp;<\/p>\n\n\n\n<ul class=\"wp-block-list\">\n<li>sikre teknikker for bruk av l\u00f8fte-, h\u00e5ndterings- og deponeringsutstyr,&nbsp;<\/li>\n\n\n\n<li>prinsipper for \u00e5 signalisere bevegelser under enkle l\u00f8fteoperasjoner, selv under forhold med begrenset sikt for kranf\u00f8reren,&nbsp;<\/li>\n\n\n\n<li>signalgiverens funksjon og ansvar under l\u00f8fteoperasjoner,&nbsp;<\/li>\n\n\n\n<li>visuell inspeksjon av l\u00f8fteutstyret f\u00f8r og etter l\u00f8fteoperasjonen,&nbsp;<\/li>\n\n\n\n<li>korrekt og sikker h\u00e5ndtering av utstyr som brukes i l\u00f8fteoperasjoner,&nbsp;<\/li>\n\n\n\n<li>velge riktig seil for ulike typer last, med tanke p\u00e5 vekt, form, st\u00f8rrelse og tyngdepunkt,&nbsp;<\/li>\n\n\n\n<li>utf\u00f8re rutinemessige l\u00f8ft i henhold til en p\u00e5 forh\u00e5nd utarbeidet plan,&nbsp;<\/li>\n\n\n\n<li>riktig vedlikehold og drift av utstyret,&nbsp;<\/li>\n\n\n\n<li>identifisering av feil og mangler i utstyret som brukes,&nbsp;<\/li>\n\n\n\n<li>F\u00f8lg n\u00f8ye instruksjonene og prosedyrene som arbeidsgiveren har fastsatt for effektiv h\u00e5ndtering av l\u00f8fteoperasjoner.&nbsp;<\/li>\n<\/ul>\n\n\n\n<h2 class=\"wp-block-heading\">SLS-kurs - sertifisering&nbsp;&nbsp;<\/h2>\n\n\n\n<p>CSO Operator Training Centre er akkreditert av DNV og GWO.&nbsp;<\/p>\n\n\n\n<p>V\u00e5r oppl\u00e6ring av slingersignalgivere gjennomf\u00f8res i samsvar med gjeldende GWO Basic Safety Training-standard.&nbsp;&nbsp;<\/p>\n\n\n\n<p>N\u00e5r kurset er fullf\u00f8rt, vil deltakerne motta et sertifikat som bekrefter deres kvalifikasjoner innen sikker l\u00f8fting, flytting og deponering av last. Sertifikatet er en offisiell bekreftelse p\u00e5 at kurset er fullf\u00f8rt, og bekrefter at man er i stand til \u00e5 utf\u00f8re arbeidsoppgaver i vindkraftbransjen og andre sektorer der det utf\u00f8res l\u00f8fteoperasjoner.&nbsp;<\/p>\n\n\n\n<p>Sertifikatet er gyldig p\u00e5 ubestemt tid.&nbsp;&nbsp;<\/p>\n\n\n\n<h2 class=\"wp-block-heading\">SLS-kurs - opptakskrav\u00a0<\/h2>\n\n\n\n<p>For \u00e5 kunne delta i oppl\u00e6ring knyttet til arbeid i h\u00f8yden er det visse krav som m\u00e5 oppfylles:\u00a0<\/p>\n\n\n\n<ul class=\"wp-block-list\">\n<li>minimumsalder 18 \u00e5r,&nbsp;<\/li>\n\n\n\n<li>minimum videreg\u00e5ende oppl\u00e6ring,&nbsp;<\/li>\n\n\n\n<li>en aktuell attest fra en bedriftslege som bekrefter at det ikke foreligger helsemessige kontraindikasjoner mot arbeid i mer enn tre meters h\u00f8yde,&nbsp;<\/li>\n\n\n\n<li>utbetalt trygd eller ulykkesforsikring,&nbsp;<\/li>\n\n\n\n<li>som har et WINDA ID-nummer,&nbsp;<\/li>\n\n\n\n<li>et korrekt utfylt medisinsk sp\u00f8rreskjema,&nbsp;<\/li>\n\n\n\n<li>passende arbeidskl\u00e6r og fott\u00f8y, samt hansker,&nbsp;<\/li>\n\n\n\n<li>betalt oppl\u00e6ringsavgift,&nbsp;<\/li>\n\n\n\n<li>et gyldig identitetsdokument, for eksempel et identitetskort.&nbsp;<\/li>\n<\/ul>\n\n\n\n<p>Maksimalt antall deltakere per gruppe er 10-12.&nbsp;&nbsp;&nbsp;&nbsp;&nbsp;<\/p>\n\n\n\n<h2 class=\"wp-block-heading\">SLS-kurs - kostnad \u00a0<\/h2>\n\n\n\n<p>Prisen for oppl\u00e6ring av Slinger Signaller fastsettes p\u00e5 individuell basis. Den p\u00e5virkes av antall personer som deltar p\u00e5 kurset. Det gis attraktive rabatter for st\u00f8rre grupper.\u00a0<\/p>\n\n\n\n<h2 class=\"wp-block-heading\">SLS-kurs - sted&nbsp;<\/h2>\n\n\n\n<p><a href=\"https:\/\/szkolenia-udt.pl\/nb\/kursy\/\">V\u00e5r oppl\u00e6ring<\/a> Oppl\u00e6ringen foreg\u00e5r p\u00e5 ulike steder, blant annet i Warszawa og p\u00e5 v\u00e5re regionale avdelinger rundt om i Polen. Vi tilbyr ogs\u00e5 oppl\u00e6ring i kundens lokaler og reiser til et sted som passer for kunden.&nbsp;<\/p>\n\n\n\n<p>Se v\u00e5re nettsider for informasjon om \u00e5pne kurs. Hvis du er interessert i lukkede kurs, oppfordrer vi deg til \u00e5 ta kontakt med senteret v\u00e5rt, slik at vi kan utarbeide et personlig tilbud tilpasset dine behov.&nbsp;<\/p>\n\n\n\n<p>Hvis du har sp\u00f8rsm\u00e5l om kursene v\u00e5re, er du velkommen til \u00e5 kontakte oss. <a href=\"https:\/\/szkolenia-udt.pl\/nb\/kontakt\/\">kontakt per telefon eller e-post<\/a>. V\u00e5rt team er klar til \u00e5 svare p\u00e5 alle sp\u00f8rsm\u00e5l og fjerne enhver tvil. Du er ogs\u00e5 velkommen til \u00e5 bes\u00f8ke senteret v\u00e5rt, der vi gjerne presenterer tilbudet v\u00e5rt og utarbeider et tilbud til interesserte.&nbsp;<\/p>\n\n\n\n<p>Du er hjertelig velkommen til OSO Operator Training Centre for Slinger Signaller (SLS) - Hook Signaller-kurs i Warszawa og i hele landet.&nbsp;<\/p>","protected":false},"excerpt":{"rendered":"<p>Kurs Hakowy sygnalista \u2013 dla os\u00f3b pracuj\u0105cych w \u015brodowisku turbin wiatrowych \u00a0 O\u015brodek Szkolenia Operator\u00f3w OSO serdecznie zaprasza na kurs Slinger Signaller (SLS) \u2013 Hakowy sygnalista.\u00a0\u00a0 Nasze szkolenie Slinger Signaller organizowane jest z my\u015bl\u0105 o tym, aby o uczestnicy otrzymali niezb\u0119dn\u0105 wiedz\u0119 oraz umiej\u0119tno\u015bci zwi\u0105zane z bezpiecznym podnoszeniem \u0142adunk\u00f3w podczas operacji d\u017awigowych. Na kursie dok\u0142adnie [&hellip;]<\/p>\n","protected":false},"author":3,"featured_media":5357,"parent":5314,"menu_order":0,"comment_status":"closed","ping_status":"closed","template":"","meta":{"footnotes":""},"class_list":["post-5356","page","type-page","status-publish","has-post-thumbnail","hentry"],"aioseo_notices":[],"_links":{"self":[{"href":"https:\/\/szkolenia-udt.pl\/nb\/wp-json\/wp\/v2\/pages\/5356","targetHints":{"allow":["GET"]}}],"collection":[{"href":"https:\/\/szkolenia-udt.pl\/nb\/wp-json\/wp\/v2\/pages"}],"about":[{"href":"https:\/\/szkolenia-udt.pl\/nb\/wp-json\/wp\/v2\/types\/page"}],"author":[{"embeddable":true,"href":"https:\/\/szkolenia-udt.pl\/nb\/wp-json\/wp\/v2\/users\/3"}],"replies":[{"embeddable":true,"href":"https:\/\/szkolenia-udt.pl\/nb\/wp-json\/wp\/v2\/comments?post=5356"}],"version-history":[{"count":2,"href":"https:\/\/szkolenia-udt.pl\/nb\/wp-json\/wp\/v2\/pages\/5356\/revisions"}],"predecessor-version":[{"id":5359,"href":"https:\/\/szkolenia-udt.pl\/nb\/wp-json\/wp\/v2\/pages\/5356\/revisions\/5359"}],"up":[{"embeddable":true,"href":"https:\/\/szkolenia-udt.pl\/nb\/wp-json\/wp\/v2\/pages\/5314"}],"wp:featuredmedia":[{"embeddable":true,"href":"https:\/\/szkolenia-udt.pl\/nb\/wp-json\/wp\/v2\/media\/5357"}],"wp:attachment":[{"href":"https:\/\/szkolenia-udt.pl\/nb\/wp-json\/wp\/v2\/media?parent=5356"}],"curies":[{"name":"wp","href":"https:\/\/api.w.org\/{rel}","templated":true}]}}