{"id":5360,"date":"2023-12-11T12:31:16","date_gmt":"2023-12-11T11:31:16","guid":{"rendered":"https:\/\/szkolenia-udt.pl\/?page_id=5360"},"modified":"2023-12-11T12:31:51","modified_gmt":"2023-12-11T11:31:51","slug":"kurs-i-arbeid-i-hoyden-wah","status":"publish","type":"page","link":"https:\/\/szkolenia-udt.pl\/nb\/kursy\/global-wind-organisation\/kurs-working-at-heights-wah\/","title":{"rendered":"Kurs i arbeid i h\u00f8yden (WAH)\u00a0"},"content":{"rendered":"<h2 class=\"wp-block-heading\">Kurs i arbeid i h\u00f8yden - for dem som jobber i vindturbinmilj\u00f8er \u00a0<\/h2>\n\n\n<div class=\"wp-block-image\">\n<figure class=\"alignleft size-medium\"><a href=\"https:\/\/szkolenia-udt.pl\/wp-content\/uploads\/2023\/12\/s2-24-e1702294248906.jpg\"><img loading=\"lazy\" decoding=\"async\" width=\"300\" height=\"265\" src=\"https:\/\/szkolenia-udt.pl\/wp-content\/uploads\/2023\/12\/s2-24-e1702294248906-300x265.jpg\" alt=\"\" class=\"wp-image-5361\" srcset=\"https:\/\/szkolenia-udt.pl\/wp-content\/uploads\/2023\/12\/s2-24-e1702294248906-300x265.jpg 300w, https:\/\/szkolenia-udt.pl\/wp-content\/uploads\/2023\/12\/s2-24-e1702294248906-1024x904.jpg 1024w, https:\/\/szkolenia-udt.pl\/wp-content\/uploads\/2023\/12\/s2-24-e1702294248906-768x678.jpg 768w, https:\/\/szkolenia-udt.pl\/wp-content\/uploads\/2023\/12\/s2-24-e1702294248906-14x12.jpg 14w, https:\/\/szkolenia-udt.pl\/wp-content\/uploads\/2023\/12\/s2-24-e1702294248906.jpg 1066w\" sizes=\"auto, (max-width: 300px) 100vw, 300px\" \/><\/a><\/figure>\n<\/div>\n\n\n<p><a href=\"https:\/\/szkolenia-udt.pl\/nb\/o-firmie\/\">CSO Operat\u00f8roppl\u00e6ringssenter<\/a> inviterer deg hjertelig til kurset Working at Heights (WAH).\u00a0\u00a0<\/p>\n\n\n\n<p>V\u00e5rt kurs i arbeid i h\u00f8yden er tilrettelagt for deg som s\u00f8ker jobb som vindm\u00f8lletekniker. Etter endt kurs vil deltakeren ha de n\u00f8dvendige kunnskapene og ferdighetene til \u00e5 utf\u00f8re oppgaver i store h\u00f8yder p\u00e5 en sikker m\u00e5te.&nbsp;<\/p>\n\n\n\n<p>Hovedm\u00e5let med oppl\u00e6ringen v\u00e5r er \u00e5 heve sikkerhetsstandarden i vindturbinindustrien. Vi \u00f8nsker \u00e5 gi deltakerne profesjonelle evakuerings- og redningsteknikker og informasjon om hvordan de kan minimere risikoen forbundet med arbeid i store h\u00f8yder.&nbsp;<\/p>\n\n\n\n<p>P\u00e5 senteret v\u00e5rt legger vi stor vekt p\u00e5 muligheten til \u00e5 tilegne seg kompetanse og kunnskap under veiledning av eksperter p\u00e5 omr\u00e5det. Senteret v\u00e5rt tilbyr WAH-kurs over hele landet, b\u00e5de p\u00e5 hovedkontoret v\u00e5rt i Warszawa og p\u00e5 v\u00e5re avdelinger ute i felten, b\u00e5de i form av \u00e5pne og lukkede kurs. N\u00e5r du bestemmer deg for \u00e5 delta i Work at Heights-oppl\u00e6ringen, kan du regne med attraktive \u00f8konomiske betingelser.&nbsp;<\/p>\n\n\n\n<h2 class=\"wp-block-heading\">WAH-kurs - hovedm\u00e5lsetting\u00a0<\/h2>\n\n\n\n<p>Kurset er utformet for \u00e5 gi deltakerne teoretisk kunnskap og l\u00e6re dem praktiske ferdigheter knyttet til sikker bruk av grunnleggende personlig verneutstyr (PPE) ved arbeid i h\u00f8yden. Deltakerne vil l\u00e6re prinsippene for sikring og evakuering i vindturbiner i henhold til GWO-standarder. Oppl\u00e6ringen er utformet for \u00e5 forberede deltakerne p\u00e5 arbeid i h\u00f8yden i vindindustrien, samtidig som de l\u00e6rer hvordan de skal h\u00e5ndtere n\u00f8dsituasjoner.\u00a0<\/p>\n\n\n\n<p>Gjennomf\u00f8ring av oppl\u00e6ring i arbeid i h\u00f8yden <a href=\"https:\/\/szkolenia-udt.pl\/nb\/kursy\/prace-wysokosciowe\/kurs-na-szelki-budowlane\/\">Arbeid i h\u00f8yden<\/a> garanterer at deltakerne tilegner seg kunnskaper og ferdigheter som&nbsp;<\/p>\n\n\n\n<ul class=\"wp-block-list\">\n<li>kunnskap om risikoer og farer som er spesifikke for arbeid i h\u00f8yden p\u00e5 vindturbiner,&nbsp;<\/li>\n\n\n\n<li>Omfattende kunnskap om gjeldende lovgivning om arbeid i h\u00f8yden,&nbsp;&nbsp;<\/li>\n\n\n\n<li>identifisering av personlig verneutstyr (PPE) og kunnskap om europeiske og internasjonale standarder for merking av utstyr som hjelm, sele, lanyard osv,&nbsp;<\/li>\n\n\n\n<li>kunnskap om korrekt bruk og vedlikehold av utstyr (inspeksjon f\u00f8r bruk, justering av utstyr, korrekt oppbevaring),&nbsp;<\/li>\n\n\n\n<li>demonstrasjon av korrekt bruk av personlig verneutstyr,&nbsp;<\/li>\n\n\n\n<li>full kunnskap om evakueringsprosedyrer og bruk av evakueringsutstyr,&nbsp;<\/li>\n\n\n\n<li>effektiv bruk av redningsutstyr og evnen til \u00e5 yte assistanse i n\u00f8dsituasjoner i forbindelse med arbeid p\u00e5 vindturbiner.&nbsp;<\/li>\n<\/ul>\n\n\n\n<h2 class=\"wp-block-heading\">WAH-kurs - program\u00a0<\/h2>\n\n\n\n<p>WAH - Working at height-kurset er utviklet med utgangspunkt i Arbeidstilsynets retningslinjer og gjeldende lovverk. Vi har lagt vekt p\u00e5 \u00e5 presentere de mest relevante temaene innen sikkerhet ved arbeid i h\u00f8yden i et vindturbinmilj\u00f8. Deltakerne p\u00e5 dette kurset vil f\u00e5 mulighet til \u00e5 sette seg inn i b\u00e5de teoretisk og praktisk kunnskap om lovverket som regulerer arbeid i h\u00f8yden og om grunnleggende personlig verneutstyr. Deltakerne vil ogs\u00e5 f\u00e5 oppl\u00e6ring i sikkert arbeid i h\u00f8yden p\u00e5 vindturbiner og redning i h\u00f8yden i n\u00f8dsituasjoner.\u00a0\u00a0<\/p>\n\n\n\n<p>Kurset Arbeid i h\u00f8yden er en del av en kurspakke som dekker grunnleggende sikkerhetsprinsipper. Kursprogrammet dekker ulike aspekter som f.eks:&nbsp;<\/p>\n\n\n\n<ul class=\"wp-block-list\">\n<li>juridiske sp\u00f8rsm\u00e5l knyttet til sikkerhet p\u00e5 arbeidsplassen,&nbsp;<\/li>\n\n\n\n<li>sikkerhetssystemer, inkludert vertikale sikringssystemer,&nbsp;<\/li>\n\n\n\n<li>oppl\u00e6ring i riktig arbeidsstilling,&nbsp;<\/li>\n\n\n\n<li>prosedyrer for sikkert arbeid i h\u00f8yden,&nbsp;<\/li>\n\n\n\n<li>praktiske \u00f8velser basert p\u00e5 ulike scenarier,&nbsp;<\/li>\n\n\n\n<li>hengende sjokk,&nbsp;<\/li>\n\n\n\n<li>oppl\u00e6ring i redning og assistanse i livs- og helsetruende situasjoner,&nbsp;<\/li>\n\n\n\n<li>prinsipper for riktig bruk av personlig verneutstyr og betjening av redningsutstyr,&nbsp;<\/li>\n\n\n\n<li>beredskapsmetoder.&nbsp;<\/li>\n<\/ul>\n\n\n\n<h2 class=\"wp-block-heading\">WAH-kurs - sertifisering&nbsp;&nbsp;<\/h2>\n\n\n\n<p>CSO Operator Training Centre er akkreditert av DNV og GWO.&nbsp;<\/p>\n\n\n\n<p>V\u00e5r oppl\u00e6ring i arbeid i h\u00f8yden gjennomf\u00f8res i samsvar med den gjeldende GWO Basic Safety Training-standarden. WAH er en av de viktigste delene av BST-oppl\u00e6ringen, som er obligatorisk for alle som arbeider i h\u00f8yden i vindturbinmilj\u00f8er (i henhold til GWO-standarden).&nbsp;<\/p>\n\n\n\n<p>Etter endt kurs f\u00e5r deltakerne et sertifikat som bekrefter at de er kvalifisert til \u00e5 arbeide sikkert i h\u00f8yden. Sertifikatet er en offisiell bekreftelse p\u00e5 at kurset er fullf\u00f8rt, og bekrefter at du er klar til \u00e5 utf\u00f8re arbeidsoppgavene dine p\u00e5 riktig m\u00e5te i sektorer der det er risiko for farer forbundet med arbeid i h\u00f8yden.&nbsp;<\/p>\n\n\n\n<p>Sertifikatet er gyldig i 24 m\u00e5neder. Vi anbefaler at deltakerne oppdaterer oppl\u00e6ringen f\u00f8r denne perioden utl\u00f8per for \u00e5 holde kvalifikasjonene og kunnskapen oppdatert.&nbsp;<\/p>\n\n\n\n<h2 class=\"wp-block-heading\">WAH-kurs - krav til deltakelse\u00a0<\/h2>\n\n\n\n<p>For \u00e5 kunne delta i oppl\u00e6ring knyttet til arbeid i h\u00f8yden er det visse krav som m\u00e5 oppfylles:\u00a0<\/p>\n\n\n\n<ul class=\"wp-block-list\">\n<li>minimumsalder 18 \u00e5r,&nbsp;<\/li>\n\n\n\n<li>minimum videreg\u00e5ende oppl\u00e6ring,&nbsp;<\/li>\n\n\n\n<li>en aktuell attest fra en bedriftslege som bekrefter at det ikke foreligger helsemessige kontraindikasjoner mot arbeid i mer enn tre meters h\u00f8yde,&nbsp;<\/li>\n\n\n\n<li>utbetalt trygd eller ulykkesforsikring,&nbsp;<\/li>\n\n\n\n<li>som har et WINDA ID-nummer,&nbsp;<\/li>\n\n\n\n<li>et korrekt utfylt medisinsk sp\u00f8rreskjema,&nbsp;<\/li>\n\n\n\n<li>passende arbeidskl\u00e6r og fott\u00f8y, samt hansker,&nbsp;<\/li>\n\n\n\n<li>betalt oppl\u00e6ringsavgift,&nbsp;<\/li>\n\n\n\n<li>et gyldig identitetsdokument, for eksempel et identitetskort,&nbsp;<\/li>\n\n\n\n<li>den \u00f8vre vektgrensen for en elev er 135 kg.&nbsp;<\/li>\n<\/ul>\n\n\n\n<h2 class=\"wp-block-heading\">WAH-kurs - kostnad \u00a0<\/h2>\n\n\n\n<p>Kursavgiften for Working at Heights-oppl\u00e6ringen fastsettes individuelt. Den p\u00e5virkes av antall personer som deltar p\u00e5 kurset. Det gis attraktive rabatter for st\u00f8rre grupper.\u00a0<\/p>\n\n\n\n<h2 class=\"wp-block-heading\">WAH-kurs - sted&nbsp;<\/h2>\n\n\n\n<p>Oppl\u00e6ringskursene v\u00e5re finner sted p\u00e5 ulike steder, blant annet i Warszawa og p\u00e5 v\u00e5re regionale avdelinger i Polen. Vi tilbyr ogs\u00e5 oppl\u00e6ring i kundens lokaler, og reiser til et sted som er praktisk for kunden.&nbsp;<\/p>\n\n\n\n<p>Se nettstedet v\u00e5rt for mer informasjon om \u00e5pne kurs. Hvis du er interessert i lukket oppl\u00e6ring <a href=\"https:\/\/szkolenia-udt.pl\/nb\/kontakt\/\">ta gjerne kontakt med oss<\/a> med senteret v\u00e5rt, slik at vi kan utarbeide et personlig tilbud som er skreddersydd til dine behov.&nbsp;<\/p>\n\n\n\n<p>Hvis du har noen sp\u00f8rsm\u00e5l om <a href=\"https:\/\/szkolenia-udt.pl\/nb\/kursy\/\">av v\u00e5re kurs<\/a>Ikke n\u00f8l med \u00e5 kontakte oss p\u00e5 telefon eller e-post. V\u00e5rt team er klare til \u00e5 svare p\u00e5 alle dine sp\u00f8rsm\u00e5l og fjerne all tvil. Du er ogs\u00e5 velkommen til \u00e5 bes\u00f8ke senteret v\u00e5rt, hvor vi gjerne presenterer tilbudet v\u00e5rt og utarbeider et tilbud til interesserte.&nbsp;<\/p>\n\n\n\n<p>Vi inviterer deg hjertelig til OSO Operators' Training Centre for Working at Heights (WAH)-kurs i Warszawa og i hele landet.&nbsp;<\/p>","protected":false},"excerpt":{"rendered":"<p>Kurs Praca na wysoko\u015bciach \u2013 dla os\u00f3b pracuj\u0105cych w \u015brodowisku turbin wiatrowych \u00a0 O\u015brodek Szkolenia Operator\u00f3w OSO serdecznie zaprasza na kurs Working at Heights (WAH) \u2013 Praca na wysoko\u015bciach.\u00a0\u00a0 Nasze szkolenie Working at Heights organizowane jest z my\u015bl\u0105 o osobach poszukuj\u0105cych pracy na stanowisku technika obs\u0142uguj\u0105cego turbiny wiatrowe. Uczestnik po sko\u0144czonym kursie b\u0119dzie posiada\u0142 niezb\u0119dn\u0105 [&hellip;]<\/p>\n","protected":false},"author":3,"featured_media":5361,"parent":5314,"menu_order":0,"comment_status":"closed","ping_status":"closed","template":"","meta":{"footnotes":""},"class_list":["post-5360","page","type-page","status-publish","has-post-thumbnail","hentry"],"aioseo_notices":[],"_links":{"self":[{"href":"https:\/\/szkolenia-udt.pl\/nb\/wp-json\/wp\/v2\/pages\/5360","targetHints":{"allow":["GET"]}}],"collection":[{"href":"https:\/\/szkolenia-udt.pl\/nb\/wp-json\/wp\/v2\/pages"}],"about":[{"href":"https:\/\/szkolenia-udt.pl\/nb\/wp-json\/wp\/v2\/types\/page"}],"author":[{"embeddable":true,"href":"https:\/\/szkolenia-udt.pl\/nb\/wp-json\/wp\/v2\/users\/3"}],"replies":[{"embeddable":true,"href":"https:\/\/szkolenia-udt.pl\/nb\/wp-json\/wp\/v2\/comments?post=5360"}],"version-history":[{"count":1,"href":"https:\/\/szkolenia-udt.pl\/nb\/wp-json\/wp\/v2\/pages\/5360\/revisions"}],"predecessor-version":[{"id":5362,"href":"https:\/\/szkolenia-udt.pl\/nb\/wp-json\/wp\/v2\/pages\/5360\/revisions\/5362"}],"up":[{"embeddable":true,"href":"https:\/\/szkolenia-udt.pl\/nb\/wp-json\/wp\/v2\/pages\/5314"}],"wp:featuredmedia":[{"embeddable":true,"href":"https:\/\/szkolenia-udt.pl\/nb\/wp-json\/wp\/v2\/media\/5361"}],"wp:attachment":[{"href":"https:\/\/szkolenia-udt.pl\/nb\/wp-json\/wp\/v2\/media?parent=5360"}],"curies":[{"name":"wp","href":"https:\/\/api.w.org\/{rel}","templated":true}]}}