{"id":55,"date":"2014-10-07T16:26:04","date_gmt":"2014-10-07T16:26:04","guid":{"rendered":"http:\/\/szkolenia-udt.pl\/?page_id=55"},"modified":"2021-07-19T22:09:52","modified_gmt":"2021-07-19T22:09:52","slug":"kraner-2","status":"publish","type":"page","link":"https:\/\/szkolenia-udt.pl\/nb\/dzwignice\/suwnice\/","title":{"rendered":"Traverskraner"},"content":{"rendered":"<div style=\"float: left; padding-right: 10px;\"><div id=\"metaslider-id-662\" style=\"max-width: 300px;\" class=\"ml-slider-3-107-0 metaslider metaslider-flex metaslider-662 ml-slider ms-theme-default nav-hidden\" role=\"region\" aria-label=\"Traverskraner\" data-height=\"225\" data-width=\"300\">\n    <div id=\"metaslider_container_662\">\n        <div id=\"metaslider_662\">\n            <ul class='slides'>\n                <li style=\"display: block; width: 100%;\" class=\"slide-1209 ms-image\" aria-roledescription=\"slide\" data-date=\"2014-11-17 21:42:15\" data-filename=\"suw1a.jpg\" data-slide-type=\"image\"><img loading=\"lazy\" decoding=\"async\" src=\"https:\/\/szkolenia-udt.pl\/wp-content\/uploads\/2014\/11\/suw1a.jpg\" height=\"225\" width=\"300\" alt=\"\" class=\"slider-662 slide-1209 msDefaultImage\" \/><\/li>\n            <\/ul>\n        <\/div>\n        \n    <\/div>\n<\/div><\/div>\n<div class=\"wyjustuj\">\n<p>Traverskraner er h\u00e5ndteringsutstyr som opererer i periodisk bevegelse. De er utstyrt med mekanismer for \u00e5 senke og l\u00f8fte last - taljer eller vinsjer - og kan levere last til et bestemt punkt. De er underlagt teknisk tilsyn. For \u00e5 kunne betjene utstyret kreves det kranf\u00f8rerbevis. For \u00e5 f\u00e5 dette trenger du <a href=\"https:\/\/szkolenia-udt.pl\/nb\/kursy\/suwnice\/\">Krankurs<\/a>som du ogs\u00e5 kan registrere deg for p\u00e5 v\u00e5r <a href=\"https:\/\/szkolenia-udt.pl\/nb\/o-firmie\/\">Sentrum<\/a>Traverskraner er kraner som best\u00e5r av et b\u00e6resystem som beveger seg p\u00e5 to skinner. De er konstruert for \u00e5 flytte gods innenfor et begrenset omr\u00e5de p\u00e5 skinnene med maksimal avstand mellom dem. Den b\u00e6rende delen av kranen best\u00e5r av en bro og to endeflater. Broen har form av en bjelke mellom sporene og er montert p\u00e5 kranene slik at korreksjonene er vinkelrett p\u00e5 broen. Kranene er utstyrt med drivverk med hjul for \u00e5 bevege kranen langs sporene. I tillegg er det en vinsj eller talje langs broen p\u00e5 enheten, som er konstruert med et tau eller en kjetting for \u00e5 l\u00f8fte en last p\u00e5 en krok eller annen slynge. N\u00f8yaktig informasjon om hvordan utstyret er konstruert, finner du hos Overhead Crane Training.<\/p>\n<h2><strong>Enhetene er delt inn i flere typer:<\/strong><\/h2>\n<ul>\n<li>skinnemontert eller skipsmontert - n\u00e5r kranen kj\u00f8rer p\u00e5 skinner<\/li>\n<li>hengende - der kranen er hengt opp p\u00e5 skinner nedenfra<\/li>\n<li>portalkran - en kran som g\u00e5r p\u00e5 skinner over bakken, men hvor broen befinner seg over skinnene<\/li>\n<\/ul>\n<p>Bare de som har kranf\u00f8rerbevis, har rett til \u00e5 betjene utstyret. Dette kan man f\u00e5 ved \u00e5 melde seg p\u00e5 et traverskrankurs. Kurset omfatter teori og praksis for betjening av utstyret, avhengig av hvilken type som er valgt i henhold til sertifikatet.<\/p>\n<h3><strong>F\u00f8lgende krankurs er skilt ut i henhold til kravene i UDT:<\/strong><\/h3>\n<ul>\n<li>II S - utstyr som styres fra arbeidsniv\u00e5et, taljer, vinsjer i kategori II W og stasjon\u00e6re verkstedkraner<\/li>\n<li>I S - kabinbetjent utstyr, taljer, vinsjer i kategori I W og utstyr i kategori II S<\/li>\n<\/ul>\n<p>Hvert krankurs avsluttes med en eksamen foran en pr\u00f8venemnd fra Office of Technical Inspection. Eksamen for kraner tester kunnskaper og ferdigheter, og hvis den best\u00e5s, f\u00e5r deltakeren lisens.<\/p>\n<div style=\"float: left; padding-right: 10px;\"><div id=\"metaslider-id-671\" style=\"max-width: 300px;\" class=\"ml-slider-3-107-0 metaslider metaslider-flex metaslider-671 ml-slider ms-theme-default nav-hidden nav-hidden\" role=\"region\" aria-label=\"Kraner2\" data-height=\"225\" data-width=\"300\">\n    <div id=\"metaslider_container_671\">\n        <div id=\"metaslider_671\">\n            <ul class='slides'>\n                <li style=\"display: block; width: 100%;\" class=\"slide-1995 ms-image\" aria-roledescription=\"slide\" data-date=\"2017-12-29 10:22:17\" data-filename=\"suwnica-5-252x189.jpg\" data-slide-type=\"image\"><img loading=\"lazy\" decoding=\"async\" src=\"https:\/\/szkolenia-udt.pl\/wp-content\/uploads\/2017\/12\/suwnica-5-252x189.jpg\" height=\"225\" width=\"300\" alt=\"\" class=\"slider-671 slide-1995 msDefaultImage\" \/><\/li>\n            <\/ul>\n        <\/div>\n        \n    <\/div>\n<\/div><\/div>\n<p>Vi inviterer deg til \u00e5 ta et krankurs - prisen hos oss er sv\u00e6rt rimelig og alltid omsettelig. Hvis du velger et lukket krankurs, fastsettes prisen individuelt. Hvis du \u00f8nsker \u00e5 betjene kraner p\u00e5 en trygg m\u00e5te, er et kurs hos oss en god investering. Vi holder krankurs i Warszawa, Krakow, Katowice og Bielsko-Bia\u0142a i v\u00e5re filialer. Det er ogs\u00e5 mulig \u00e5 organisere kurs hvor som helst og n\u00e5r som helst, alt etter kundens \u00f8nsker. Vi oppfordrer deg til \u00e5 sjekke v\u00e5re ledige datoer og dra nytte av <a href=\"https:\/\/szkolenia-udt.pl\/nb\/oferta\/\">v\u00e5re tjenester<\/a>!<\/p>\n<\/div>","protected":false},"excerpt":{"rendered":"<p>Suwnice s\u0105 urz\u0105dzeniami przeznaczonymi do transportu bliskiego, kt\u00f3re pracuj\u0105 w ruchu przerywanym. Dzi\u0119ki wyposa\u017ceniu w mechanizmy opuszczaj\u0105 i podnoszenia \u0142adunk\u00f3w \u2013 wci\u0105gniki lub wci\u0105garki, s\u0105 one w stanie dostarczy\u0107 \u0142adunki we wskazany punkt. Podlegaj\u0105 dozorowi technicznemu. Aby obs\u0142ugiwa\u0107 urz\u0105dzenia potrzebne s\u0105 uprawnienia na suwnice. Do ich uzyskania niezb\u0119dny jest kurs na suwnice, na kt\u00f3ry mo\u017cna [&hellip;]<\/p>\n","protected":false},"author":3,"featured_media":664,"parent":69,"menu_order":0,"comment_status":"closed","ping_status":"closed","template":"","meta":{"footnotes":""},"class_list":["post-55","page","type-page","status-publish","has-post-thumbnail","hentry"],"aioseo_notices":[],"_links":{"self":[{"href":"https:\/\/szkolenia-udt.pl\/nb\/wp-json\/wp\/v2\/pages\/55","targetHints":{"allow":["GET"]}}],"collection":[{"href":"https:\/\/szkolenia-udt.pl\/nb\/wp-json\/wp\/v2\/pages"}],"about":[{"href":"https:\/\/szkolenia-udt.pl\/nb\/wp-json\/wp\/v2\/types\/page"}],"author":[{"embeddable":true,"href":"https:\/\/szkolenia-udt.pl\/nb\/wp-json\/wp\/v2\/users\/3"}],"replies":[{"embeddable":true,"href":"https:\/\/szkolenia-udt.pl\/nb\/wp-json\/wp\/v2\/comments?post=55"}],"version-history":[{"count":9,"href":"https:\/\/szkolenia-udt.pl\/nb\/wp-json\/wp\/v2\/pages\/55\/revisions"}],"predecessor-version":[{"id":2383,"href":"https:\/\/szkolenia-udt.pl\/nb\/wp-json\/wp\/v2\/pages\/55\/revisions\/2383"}],"up":[{"embeddable":true,"href":"https:\/\/szkolenia-udt.pl\/nb\/wp-json\/wp\/v2\/pages\/69"}],"wp:featuredmedia":[{"embeddable":true,"href":"https:\/\/szkolenia-udt.pl\/nb\/wp-json\/wp\/v2\/media\/664"}],"wp:attachment":[{"href":"https:\/\/szkolenia-udt.pl\/nb\/wp-json\/wp\/v2\/media?parent=55"}],"curies":[{"name":"wp","href":"https:\/\/api.w.org\/{rel}","templated":true}]}}