{"id":57,"date":"2014-10-07T16:26:27","date_gmt":"2014-10-07T16:26:27","guid":{"rendered":"http:\/\/szkolenia-udt.pl\/?page_id=57"},"modified":"2016-07-06T17:44:08","modified_gmt":"2016-07-06T17:44:08","slug":"kammer","status":"publish","type":"page","link":"https:\/\/szkolenia-udt.pl\/nb\/dzwignice\/ukladnice\/","title":{"rendered":"Stablerkraner"},"content":{"rendered":"<div style=\"float: left; padding-right: 10px;\"><div id=\"metaslider-id-677\" style=\"max-width: 300px;\" class=\"ml-slider-3-108-0 metaslider metaslider-flex metaslider-677 ml-slider ms-theme-default nav-hidden\" role=\"region\" aria-label=\"Stablerkraner\" data-height=\"225\" data-width=\"300\">\n    <div id=\"metaslider_container_677\">\n        <div id=\"metaslider_677\">\n            <ul class='slides'>\n                <li style=\"display: block; width: 100%;\" class=\"slide-678 ms-image\" aria-roledescription=\"slide\" data-date=\"2014-10-12 10:48:09\" data-filename=\"kurs-uk\u0142adnice.jpg\" data-slide-type=\"image\"><img loading=\"lazy\" decoding=\"async\" src=\"https:\/\/szkolenia-udt.pl\/wp-content\/uploads\/2014\/10\/kurs-uk\u0142adnice.jpg\" height=\"225\" width=\"300\" alt=\"\" class=\"slider-677 slide-678 msDefaultImage\" \/><\/li>\n                <li style=\"display: none; width: 100%;\" class=\"slide-681 ms-image\" aria-roledescription=\"slide\" data-date=\"2014-10-12 10:48:12\" data-filename=\"uk\u0142adnice-foto.jpg\" data-slide-type=\"image\"><img loading=\"lazy\" decoding=\"async\" src=\"https:\/\/szkolenia-udt.pl\/wp-content\/uploads\/2014\/10\/uk\u0142adnice-foto.jpg\" height=\"225\" width=\"300\" alt=\"\" class=\"slider-677 slide-681 msDefaultImage\" \/><\/li>\n                <li style=\"display: none; width: 100%;\" class=\"slide-680 ms-image\" aria-roledescription=\"slide\" data-date=\"2014-10-12 10:48:11\" data-filename=\"szkolenia-oraz-kursy-uk\u0142adnice.jpg\" data-slide-type=\"image\"><img loading=\"lazy\" decoding=\"async\" src=\"https:\/\/szkolenia-udt.pl\/wp-content\/uploads\/2014\/10\/szkolenia-oraz-kursy-uk\u0142adnice.jpg\" height=\"225\" width=\"300\" alt=\"\" class=\"slider-677 slide-680 msDefaultImage\" \/><\/li>\n                <li style=\"display: none; width: 100%;\" class=\"slide-679 ms-image\" aria-roledescription=\"slide\" data-date=\"2014-10-12 10:48:10\" data-filename=\"OSO-Warszawa2.jpg\" data-slide-type=\"image\"><img loading=\"lazy\" decoding=\"async\" src=\"https:\/\/szkolenia-udt.pl\/wp-content\/uploads\/2014\/10\/OSO-Warszawa2.jpg\" height=\"225\" width=\"300\" alt=\"\" class=\"slider-677 slide-679 msDefaultImage\" \/><\/li>\n                <li style=\"display: none; width: 100%;\" class=\"slide-682 ms-image\" aria-roledescription=\"slide\" data-date=\"2014-10-12 10:48:12\" data-filename=\"uk\u0142adnice-zdj\u0119cie.jpg\" data-slide-type=\"image\"><img loading=\"lazy\" decoding=\"async\" src=\"https:\/\/szkolenia-udt.pl\/wp-content\/uploads\/2014\/10\/uk\u0142adnice-zdj\u0119cie.jpg\" height=\"225\" width=\"300\" alt=\"\" class=\"slider-677 slide-682 msDefaultImage\" \/><\/li>\n            <\/ul>\n        <\/div>\n        \n    <\/div>\n<\/div><\/div>\n<div class=\"wyjustuj\">Stablerkraner er maskiner som brukes til transport og stabling av varer p\u00e5 lager. Stablerkraner er kraner for intern transport. Stablerkranene best\u00e5r av en b\u00e6rende ramme eller en mobil stolpe som b\u00e6rer en heisenhet med mekaniske komponenter, vanligvis i form av uttrekkbare aksler, som gj\u00f8r det enklere \u00e5 lagre last, plassere den p\u00e5 reoler og hente den ut igjen. De kan brukes til \u00e5 betjene en enkelt gang mellom hyller eller flere ganger.<\/p>\n<p><strong>N\u00e5r det gjelder konstruksjon, er traverskranene inndelt i f\u00f8lgende kategorier<\/strong><\/p>\n<ul>\n<li>S\u00f8yleformet - st\u00f8ttestrukturen er i form av en mobil s\u00f8yle med ledere<\/li>\n<li>ramme - b\u00e6rende konstruksjon er i form av en passabel port med skuffer<\/li>\n<\/ul>\n<p>Stablerkranene er utstyrt med elektriske komponenter og en motor, og styres vanligvis fra f\u00f8rerhuset. Datastyrte, automatiserte stablerkraner er ogs\u00e5 i bruk.<\/p>\n<p>Alle som \u00f8nsker \u00e5 bli kvalifisert til \u00e5 betjene utstyret, er velkomne til \u00e5 delta p\u00e5 v\u00e5rt kurs for kranf\u00f8rere. I l\u00f8pet av kurset f\u00e5r du viktig informasjon om konstruksjon, driftsregler, teknisk tilsyn, helse- og sikkerhetsregler og operat\u00f8rens ansvar. Etter kurset tar deltakerne UDT-eksamen. <a href=\"https:\/\/szkolenia-udt.pl\/nb\/oferta\/\">Pris<\/a> avhenger av antall deltakere. Vi tilbyr oppl\u00e6ring i hele Polen. Du er hjertelig velkommen!<\/p>\n<\/div>","protected":false},"excerpt":{"rendered":"<p>Uk\u0142adnicami nazywamy urz\u0105dzenia, kt\u00f3re wykorzystywane s\u0105 w transporcie oraz w procesie uk\u0142adania \u0142adunk\u00f3w w magazynach. Uk\u0142adnice zaliczane s\u0105 to urz\u0105dze\u0144 d\u017awigowych w transporcie wewn\u0119trznym. Do obs\u0142ugi urz\u0105dze\u0144 potrzebne s\u0105 uprawnienia na uk\u0142adnice nadawane przez Urz\u0105d Dozoru Technicznego.Uk\u0142adnice zbudowane s\u0105 z konstrukcji no\u015bnej ramy lub przejezdnego s\u0142upa, na kt\u00f3rych znajduje si\u0119 wodzak z elementami mechanicznymi, zwykle [&hellip;]<\/p>\n","protected":false},"author":3,"featured_media":0,"parent":69,"menu_order":0,"comment_status":"closed","ping_status":"closed","template":"","meta":{"footnotes":""},"class_list":["post-57","page","type-page","status-publish","hentry"],"aioseo_notices":[],"_links":{"self":[{"href":"https:\/\/szkolenia-udt.pl\/nb\/wp-json\/wp\/v2\/pages\/57","targetHints":{"allow":["GET"]}}],"collection":[{"href":"https:\/\/szkolenia-udt.pl\/nb\/wp-json\/wp\/v2\/pages"}],"about":[{"href":"https:\/\/szkolenia-udt.pl\/nb\/wp-json\/wp\/v2\/types\/page"}],"author":[{"embeddable":true,"href":"https:\/\/szkolenia-udt.pl\/nb\/wp-json\/wp\/v2\/users\/3"}],"replies":[{"embeddable":true,"href":"https:\/\/szkolenia-udt.pl\/nb\/wp-json\/wp\/v2\/comments?post=57"}],"version-history":[{"count":5,"href":"https:\/\/szkolenia-udt.pl\/nb\/wp-json\/wp\/v2\/pages\/57\/revisions"}],"predecessor-version":[{"id":1700,"href":"https:\/\/szkolenia-udt.pl\/nb\/wp-json\/wp\/v2\/pages\/57\/revisions\/1700"}],"up":[{"embeddable":true,"href":"https:\/\/szkolenia-udt.pl\/nb\/wp-json\/wp\/v2\/pages\/69"}],"wp:attachment":[{"href":"https:\/\/szkolenia-udt.pl\/nb\/wp-json\/wp\/v2\/media?parent=57"}],"curies":[{"name":"wp","href":"https:\/\/api.w.org\/{rel}","templated":true}]}}