{"id":61,"date":"2014-10-07T16:27:03","date_gmt":"2014-10-07T16:27:03","guid":{"rendered":"http:\/\/szkolenia-udt.pl\/?page_id=61"},"modified":"2016-07-06T17:46:02","modified_gmt":"2016-07-06T17:46:02","slug":"gaffeltrucker-2","status":"publish","type":"page","link":"https:\/\/szkolenia-udt.pl\/nb\/dzwignice\/wozki-widlowe-jezdniowe\/","title":{"rendered":"Gaffeltrucker - mobile"},"content":{"rendered":"<div style=\"float: left; padding-right: 10px;\"><div id=\"metaslider-id-584\" style=\"max-width: 300px;\" class=\"ml-slider-3-108-0 metaslider metaslider-flex metaslider-584 ml-slider ms-theme-default nav-hidden\" role=\"region\" aria-label=\"Konstruksjon av vognen\" data-height=\"225\" data-width=\"300\">\n    <div id=\"metaslider_container_584\">\n        <div id=\"metaslider_584\">\n            <ul class='slides'>\n                <li style=\"display: block; width: 100%;\" class=\"slide-586 ms-image\" aria-roledescription=\"slide\" data-date=\"2014-10-12 05:43:37\" data-filename=\"Kurs-na-w\u00f3zki-wid\u0142owe.jpg\" data-slide-type=\"image\"><img loading=\"lazy\" decoding=\"async\" src=\"https:\/\/szkolenia-udt.pl\/wp-content\/uploads\/2014\/10\/Kurs-na-w\u00f3zki-wid\u0142owe.jpg\" height=\"225\" width=\"300\" alt=\"Kurs for gaffeltrucker\" class=\"slider-584 slide-586 msDefaultImage\" \/><\/li>\n                <li style=\"display: none; width: 100%;\" class=\"slide-591 ms-image\" aria-roledescription=\"slide\" data-date=\"2014-10-12 05:43:41\" data-filename=\"Kursy-W\u00f3zki-wid\u0142owe.jpg\" data-slide-type=\"image\"><img loading=\"lazy\" decoding=\"async\" src=\"https:\/\/szkolenia-udt.pl\/wp-content\/uploads\/2014\/10\/Kursy-W\u00f3zki-wid\u0142owe.jpg\" height=\"225\" width=\"300\" alt=\"Kurs for gaffeltruckf\u00f8rere\" class=\"slider-584 slide-591 msDefaultImage\" \/><\/li>\n                <li style=\"display: none; width: 100%;\" class=\"slide-596 ms-image\" aria-roledescription=\"slide\" data-date=\"2014-10-12 05:43:44\" data-filename=\"Szkolenie-W\u00f3zki-wid\u0142owe1.jpg\" data-slide-type=\"image\"><img loading=\"lazy\" decoding=\"async\" src=\"https:\/\/szkolenia-udt.pl\/wp-content\/uploads\/2014\/10\/Szkolenie-W\u00f3zki-wid\u0142owe1.jpg\" height=\"225\" width=\"300\" alt=\"\" class=\"slider-584 slide-596 msDefaultImage\" \/><\/li>\n                <li style=\"display: none; width: 100%;\" class=\"slide-685 ms-image\" aria-roledescription=\"slide\" data-date=\"2014-10-12 11:03:23\" data-filename=\"Kursy-urz\u0105dzenia-manipulacji-kontenerami.jpg\" data-slide-type=\"image\"><img loading=\"lazy\" decoding=\"async\" src=\"https:\/\/szkolenia-udt.pl\/wp-content\/uploads\/2014\/10\/Kursy-urz\u0105dzenia-manipulacji-kontenerami.jpg\" height=\"225\" width=\"300\" alt=\"Oppl\u00e6ringssenter for operat\u00f8rer i Warszawa\" class=\"slider-584 slide-685 msDefaultImage\" \/><\/li>\n                <li style=\"display: none; width: 100%;\" class=\"slide-679 ms-image\" aria-roledescription=\"slide\" data-date=\"2014-10-12 10:48:10\" data-filename=\"OSO-Warszawa2.jpg\" data-slide-type=\"image\"><img loading=\"lazy\" decoding=\"async\" src=\"https:\/\/szkolenia-udt.pl\/wp-content\/uploads\/2014\/10\/OSO-Warszawa2.jpg\" height=\"225\" width=\"300\" alt=\"\" class=\"slider-584 slide-679 msDefaultImage\" \/><\/li>\n            <\/ul>\n        <\/div>\n        \n    <\/div>\n<\/div><\/div>\n<div class=\"wyjustuj\">Gaffeltrucker, <a href=\"https:\/\/szkolenia-udt.pl\/nb\/kursy\/wozki-widlowe\/budowa-wozka-jezdniowego\/\">gaffeltrucker<\/a> eller gaffeltrucker er motoriserte kj\u00f8ret\u00f8y p\u00e5 hjul som er mye brukt innen materialh\u00e5ndtering og i lager, fabrikkhaller og havner. Det finnes mange forskjellige typer gaffeltrucker som er tilpasset til \u00e5 b\u00e6re laster p\u00e5 opptil flere titalls tonn. For \u00e5 betjene utstyret kreves det et gaffeltruckkurs. Det utstedes ogs\u00e5 et UDT-sertifikat.<br \/>\n<strong><br \/>\nI henhold til den polske standarden PN-77\/M-78100 skilles det mellom f\u00f8lgende typer utstyr:<\/strong><\/p>\n<ul>\n<li>n\u00e5r det gjelder fremdrift - elektrisk, batteri, bensin, diesel og annet<\/li>\n<li>n\u00e5r det gjelder drift - lastere, trucker, traktorer, stablere og spesialmaskiner<\/li>\n<li>n\u00e5r det gjelder styring - plattform, sittende, guidet, fjernstyrt, fjernkontrollert<\/li>\n<\/ul>\n<p>L\u00f8ftetrucker er de mest brukte. For \u00e5 kunne bruke dem p\u00e5 arbeidsplassen trenger du f\u00f8lgende <a href=\"https:\/\/szkolenia-udt.pl\/nb\/kursy\/wozki-widlowe\/\">f\u00f8rerkort for gaffeltruck<\/a>. Den ansatte b\u00f8r melde seg p\u00e5 et gaffeltruckkurs. Det er ikke p\u00e5krevd \u00e5 avlegge en eksamen for en nemnd ved Kontoret for teknisk inspeksjon, men det anbefales likevel \u00e5 skaffe seg denne typen sertifikat ettersom det foretrekkes av arbeidsgivere.<br \/>\n<strong><br \/>\nGaffeltrucksertifikater tildeles i f\u00f8lgende kategorier:<\/strong><\/p>\n<ul>\n<li>III WJO - styrte og fjernstyrte l\u00f8ftere<\/li>\n<li>II WJO - l\u00f8ftetrucker, unntatt spesialiserte trucker<\/li>\n<li>I WJO - l\u00f8fte- og spesialtrucker - med last og variabel rekkevidde for operat\u00f8ren<\/li>\n<\/ul>\n<p>P\u00e5 v\u00e5rt oppl\u00e6ringssenter for operat\u00f8rer holder vi jevnlig gaffeltruckkurs i et \u00e5pent format for alle interesserte, samt for lukkede grupper som henvises av arbeidsgivere. Hver <a href=\"https:\/\/szkolenia-udt.pl\/nb\/kursy\/uprawnienia-udt-tdt-wdt\/wozki-widlowe\/\">Kurs for gaffeltrucker<\/a> Kurset inneholder elementer av teori og praktiske \u00f8velser for \u00e5 forberede deltakerne p\u00e5 arbeidet som utstyrsoperat\u00f8rer. Vi tilbyr ogs\u00e5 et UDT-kurs, som gir rettigheter fra Office of Technical Inspection.<\/p>\n<div style=\"float: left; padding-right: 10px;\"><div id=\"metaslider-id-396\" style=\"max-width: 300px;\" class=\"ml-slider-3-108-0 metaslider metaslider-flex metaslider-396 ml-slider ms-theme-default nav-hidden nav-hidden\" role=\"region\" aria-label=\"Gaffeltrucker\" data-height=\"225\" data-width=\"300\">\n    <div id=\"metaslider_container_396\">\n        <div id=\"metaslider_396\">\n            <ul class='slides'>\n                <li style=\"display: block; width: 100%;\" class=\"slide-400 ms-image\" aria-roledescription=\"slide\" data-date=\"2014-10-10 12:07:59\" data-filename=\"6260676228_3a0fdacf7d_o.jpg\" data-slide-type=\"image\"><img loading=\"lazy\" decoding=\"async\" src=\"https:\/\/szkolenia-udt.pl\/wp-content\/uploads\/2014\/10\/6260676228_3a0fdacf7d_o.jpg\" height=\"225\" width=\"300\" alt=\"Gaffeltruck\" class=\"slider-396 slide-400 msDefaultImage\" \/><\/li>\n                <li style=\"display: none; width: 100%;\" class=\"slide-577 ms-image\" aria-roledescription=\"slide\" data-date=\"2014-10-12 05:27:57\" data-filename=\"Szkolenia-w\u00f3zki-wid\u0142owe.jpg\" data-slide-type=\"image\"><img loading=\"lazy\" decoding=\"async\" src=\"https:\/\/szkolenia-udt.pl\/wp-content\/uploads\/2014\/10\/Szkolenia-w\u00f3zki-wid\u0142owe.jpg\" height=\"225\" width=\"300\" alt=\"Oppl\u00e6ring av gaffeltrucker\" class=\"slider-396 slide-577 msDefaultImage\" \/><\/li>\n                <li style=\"display: none; width: 100%;\" class=\"slide-578 ms-image\" aria-roledescription=\"slide\" data-date=\"2014-10-12 05:34:04\" data-filename=\"W\u00f3zki-wid\u0142owe-UDT.jpg\" data-slide-type=\"image\"><img loading=\"lazy\" decoding=\"async\" src=\"https:\/\/szkolenia-udt.pl\/wp-content\/uploads\/2014\/10\/W\u00f3zki-wid\u0142owe-UDT.jpg\" height=\"225\" width=\"300\" alt=\"\" class=\"slider-396 slide-578 msDefaultImage\" \/><\/li>\n                <li style=\"display: none; width: 100%;\" class=\"slide-1205 ms-image\" aria-roledescription=\"slide\" data-date=\"2014-11-17 21:31:17\" data-filename=\"wozki3a.jpg\" data-slide-type=\"image\"><img loading=\"lazy\" decoding=\"async\" src=\"https:\/\/szkolenia-udt.pl\/wp-content\/uploads\/2014\/11\/wozki3a.jpg\" height=\"225\" width=\"300\" alt=\"\" class=\"slider-396 slide-1205 msDefaultImage\" \/><\/li>\n                <li style=\"display: none; width: 100%;\" class=\"slide-1204 ms-image\" aria-roledescription=\"slide\" data-date=\"2014-11-17 21:31:16\" data-filename=\"wozki2a.jpg\" data-slide-type=\"image\"><img loading=\"lazy\" decoding=\"async\" src=\"https:\/\/szkolenia-udt.pl\/wp-content\/uploads\/2014\/11\/wozki2a.jpg\" height=\"225\" width=\"300\" alt=\"\" class=\"slider-396 slide-1204 msDefaultImage\" \/><\/li>\n            <\/ul>\n        <\/div>\n        \n    <\/div>\n<\/div><\/div>\n<p><a href=\"https:\/\/szkolenia-udt.pl\/nb\/oferta\/\">Pris<\/a> Prisen avhenger av antall deltakere, og vi tilbyr attraktive rabatter for st\u00f8rre grupper. Oppl\u00e6ringen gjennomf\u00f8res i v\u00e5re filialer i Warszawa, Krakow, Katowice og Bielsko-Bia\u0142a. Hvis det er snakk om lukkede grupper, kan vi ogs\u00e5 reise til kunden. Du er hjertelig velkommen!<\/p>\n<\/div>","protected":false},"excerpt":{"rendered":"<p>W\u00f3zki wid\u0142owe, w\u00f3zki jezdniowe czy widlaki to ko\u0142owe pojazdy mechaniczne z nap\u0119dami silnikowymi, kt\u00f3re znajduj\u0105 szerokie zastosowanie w transporcie bliskim oraz w magazynach, halach fabrycznych, portach. W u\u017cyciu znajduje si\u0119 wiele r\u00f3\u017cnych typ\u00f3w w\u00f3zk\u00f3w przystosowanych do przewozu \u0142adunk\u00f3w nawet do kilkudziesi\u0119ciu ton. Aby obs\u0142ugiwa\u0107 urz\u0105dzenia, potrzebny jest kurs na w\u00f3zek wid\u0142owy. Nadawane s\u0105 tak\u017ce uprawnienia [&hellip;]<\/p>\n","protected":false},"author":3,"featured_media":0,"parent":69,"menu_order":0,"comment_status":"closed","ping_status":"closed","template":"","meta":{"footnotes":""},"class_list":["post-61","page","type-page","status-publish","hentry"],"aioseo_notices":[],"_links":{"self":[{"href":"https:\/\/szkolenia-udt.pl\/nb\/wp-json\/wp\/v2\/pages\/61","targetHints":{"allow":["GET"]}}],"collection":[{"href":"https:\/\/szkolenia-udt.pl\/nb\/wp-json\/wp\/v2\/pages"}],"about":[{"href":"https:\/\/szkolenia-udt.pl\/nb\/wp-json\/wp\/v2\/types\/page"}],"author":[{"embeddable":true,"href":"https:\/\/szkolenia-udt.pl\/nb\/wp-json\/wp\/v2\/users\/3"}],"replies":[{"embeddable":true,"href":"https:\/\/szkolenia-udt.pl\/nb\/wp-json\/wp\/v2\/comments?post=61"}],"version-history":[{"count":7,"href":"https:\/\/szkolenia-udt.pl\/nb\/wp-json\/wp\/v2\/pages\/61\/revisions"}],"predecessor-version":[{"id":1706,"href":"https:\/\/szkolenia-udt.pl\/nb\/wp-json\/wp\/v2\/pages\/61\/revisions\/1706"}],"up":[{"embeddable":true,"href":"https:\/\/szkolenia-udt.pl\/nb\/wp-json\/wp\/v2\/pages\/69"}],"wp:attachment":[{"href":"https:\/\/szkolenia-udt.pl\/nb\/wp-json\/wp\/v2\/media?parent=61"}],"curies":[{"name":"wp","href":"https:\/\/api.w.org\/{rel}","templated":true}]}}