{"id":63,"date":"2014-10-07T16:28:55","date_gmt":"2014-10-07T16:28:55","guid":{"rendered":"http:\/\/szkolenia-udt.pl\/?page_id=63"},"modified":"2021-06-27T22:15:27","modified_gmt":"2021-06-27T22:15:27","slug":"vareheiser","status":"publish","type":"page","link":"https:\/\/szkolenia-udt.pl\/nb\/dzwignice\/wyciagi-towarowe\/","title":{"rendered":"Godsheiser"},"content":{"rendered":"<div style=\"float: left; padding-right: 10px;\"><div id=\"metaslider-id-1448\" style=\"max-width: 300px;\" class=\"ml-slider-3-108-0 metaslider metaslider-flex metaslider-1448 ml-slider ms-theme-default nav-hidden\" role=\"region\" aria-label=\"Godsheiser\" data-height=\"225\" data-width=\"300\">\n    <div id=\"metaslider_container_1448\">\n        <div id=\"metaslider_1448\">\n            <ul class='slides'>\n                <li style=\"display: block; width: 100%;\" class=\"slide-1447 ms-image\" aria-roledescription=\"slide\" data-date=\"2015-07-11 16:47:57\" data-filename=\"reswyciag_Junior_Bau_Beladung_01.jpg\" data-slide-type=\"image\"><img loading=\"lazy\" decoding=\"async\" src=\"https:\/\/szkolenia-udt.pl\/wp-content\/uploads\/2015\/07\/reswyciag_Junior_Bau_Beladung_01.jpg\" height=\"225\" width=\"300\" alt=\"\" class=\"slider-1448 slide-1447 msDefaultImage\" \/><\/li>\n                <li style=\"display: none; width: 100%;\" class=\"slide-1446 ms-image\" aria-roledescription=\"slide\" data-date=\"2015-07-11 16:47:56\" data-filename=\"reswyciag_f5a7f60b6a.jpg\" data-slide-type=\"image\"><img loading=\"lazy\" decoding=\"async\" src=\"https:\/\/szkolenia-udt.pl\/wp-content\/uploads\/2015\/07\/reswyciag_f5a7f60b6a.jpg\" height=\"225\" width=\"300\" alt=\"\" class=\"slider-1448 slide-1446 msDefaultImage\" \/><\/li>\n                <li style=\"display: none; width: 100%;\" class=\"slide-1445 ms-image\" aria-roledescription=\"slide\" data-date=\"2015-07-11 16:47:55\" data-filename=\"reswyciag_d91a2cec0e.jpg\" data-slide-type=\"image\"><img loading=\"lazy\" decoding=\"async\" src=\"https:\/\/szkolenia-udt.pl\/wp-content\/uploads\/2015\/07\/reswyciag_d91a2cec0e.jpg\" height=\"225\" width=\"300\" alt=\"\" class=\"slider-1448 slide-1445 msDefaultImage\" \/><\/li>\n                <li style=\"display: none; width: 100%;\" class=\"slide-1444 ms-image\" aria-roledescription=\"slide\" data-date=\"2015-07-11 16:47:55\" data-filename=\"reswyciag_a02794910f.jpg\" data-slide-type=\"image\"><img loading=\"lazy\" decoding=\"async\" src=\"https:\/\/szkolenia-udt.pl\/wp-content\/uploads\/2015\/07\/reswyciag_a02794910f.jpg\" height=\"225\" width=\"300\" alt=\"\" class=\"slider-1448 slide-1444 msDefaultImage\" \/><\/li>\n                <li style=\"display: none; width: 100%;\" class=\"slide-1443 ms-image\" aria-roledescription=\"slide\" data-date=\"2015-07-11 16:47:54\" data-filename=\"reswyciag_91de282e83.jpg\" data-slide-type=\"image\"><img loading=\"lazy\" decoding=\"async\" src=\"https:\/\/szkolenia-udt.pl\/wp-content\/uploads\/2015\/07\/reswyciag_91de282e83.jpg\" height=\"225\" width=\"300\" alt=\"\" class=\"slider-1448 slide-1443 msDefaultImage\" \/><\/li>\n                <li style=\"display: none; width: 100%;\" class=\"slide-1442 ms-image\" aria-roledescription=\"slide\" data-date=\"2015-07-11 16:47:53\" data-filename=\"reswyciag_9d4b99f161.jpg\" data-slide-type=\"image\"><img loading=\"lazy\" decoding=\"async\" src=\"https:\/\/szkolenia-udt.pl\/wp-content\/uploads\/2015\/07\/reswyciag_9d4b99f161.jpg\" height=\"225\" width=\"300\" alt=\"\" class=\"slider-1448 slide-1442 msDefaultImage\" \/><\/li>\n            <\/ul>\n        <\/div>\n        \n    <\/div>\n<\/div><\/div>\n<div class=\"wyjustuj\">\n<p>Vareheiser (stiger, skipslifter) er kjent som kraner som er konstruert med en lastbase plassert p\u00e5 f\u00f8ringer. L\u00f8fteanordningene er konstruert for \u00e5 f\u00f8re lasten i skr\u00e5stilling ved hjelp av kjetting- eller tausener. N\u00e5r det gjelder design, ligner enhetene stiger. De festes oftest til taket p\u00e5 en bygning eller et annet bygningselement, med den andre enden plassert p\u00e5 bakken. Last, for eksempel byggematerialer, flyttes til h\u00f8yere niv\u00e5er p\u00e5 plattformen som er konstruert p\u00e5 denne m\u00e5ten. Utstyret er underlagt teknisk tilsyn.<\/p>\n<p><strong>Vareheiser er delt inn i:<\/strong><\/p>\n<ul>\n<li>tau - koblingen er i form av et tau<\/li>\n<li>kjede - lenken er i form av en kjede<\/li>\n<\/ul>\n<p>For \u00e5 bruke utstyret kreves det en lisens for vareheis fra Office of Technical Inspection.<\/p>\n<p>I v\u00e5r <a href=\"https:\/\/szkolenia-udt.pl\/nb\/o-firmie\/\">Oppl\u00e6ringssenter for operat\u00f8rer<\/a> kan du abonnere p\u00e5 <a href=\"https:\/\/szkolenia-udt.pl\/nb\/kursy\/uprawnienia-udt-tdt-wdt\/wyciagi-towarowe\/\">kurs for vareheiser<\/a>. Du f\u00e5r teoretisk oppl\u00e6ring og deltar i praktiske \u00f8velser for \u00e5 forberede deg p\u00e5 \u00e5 betjene utstyret. Etter endt oppl\u00e6ring avlegger deltakerne en eksamen foran en UDT-kommisjon.<\/p>\n<p>Vi holder kurs for organiserte grupper og enkeltpersoner i Warszawa, Krakow, Bielsko-Bia\u0142a og Katowice. Vi har mulighet til \u00e5 reise til kunder over hele Polen. Du er hjertelig velkommen!<\/p>\n<\/div>","protected":false},"excerpt":{"rendered":"<p>Wyci\u0105gami towarowymi (drabinami, skipami) nazywamy urz\u0105dzenia d\u017awignicowe, kt\u00f3re s\u0105 zbudowane z podstawy \u0142adunkowej umieszczonej na prowadnicach. Wyci\u0105gi s\u0105 przystosowane do prowadzenia \u0142adunk\u00f3w pochy\u0142o z u\u017cyciem ci\u0119gnik\u00f3w \u0142a\u0144cuchowych lub linowych. Pod wzgl\u0119dem budowy urz\u0105dzenia przypominaj\u0105 drabiny. Najcz\u0119\u015bciej mocowane s\u0105 do dachu budynku lub innego jego elementu, a drugi koniec umieszczany jest na ziemi. Po tak skonstruowanej [&hellip;]<\/p>\n","protected":false},"author":3,"featured_media":0,"parent":69,"menu_order":0,"comment_status":"closed","ping_status":"closed","template":"","meta":{"footnotes":""},"class_list":["post-63","page","type-page","status-publish","hentry"],"aioseo_notices":[],"_links":{"self":[{"href":"https:\/\/szkolenia-udt.pl\/nb\/wp-json\/wp\/v2\/pages\/63","targetHints":{"allow":["GET"]}}],"collection":[{"href":"https:\/\/szkolenia-udt.pl\/nb\/wp-json\/wp\/v2\/pages"}],"about":[{"href":"https:\/\/szkolenia-udt.pl\/nb\/wp-json\/wp\/v2\/types\/page"}],"author":[{"embeddable":true,"href":"https:\/\/szkolenia-udt.pl\/nb\/wp-json\/wp\/v2\/users\/3"}],"replies":[{"embeddable":true,"href":"https:\/\/szkolenia-udt.pl\/nb\/wp-json\/wp\/v2\/comments?post=63"}],"version-history":[{"count":7,"href":"https:\/\/szkolenia-udt.pl\/nb\/wp-json\/wp\/v2\/pages\/63\/revisions"}],"predecessor-version":[{"id":2232,"href":"https:\/\/szkolenia-udt.pl\/nb\/wp-json\/wp\/v2\/pages\/63\/revisions\/2232"}],"up":[{"embeddable":true,"href":"https:\/\/szkolenia-udt.pl\/nb\/wp-json\/wp\/v2\/pages\/69"}],"wp:attachment":[{"href":"https:\/\/szkolenia-udt.pl\/nb\/wp-json\/wp\/v2\/media?parent=63"}],"curies":[{"name":"wp","href":"https:\/\/api.w.org\/{rel}","templated":true}]}}