{"id":65,"date":"2014-10-07T16:29:21","date_gmt":"2014-10-07T16:29:21","guid":{"rendered":"http:\/\/szkolenia-udt.pl\/?page_id=65"},"modified":"2016-07-06T17:50:40","modified_gmt":"2016-07-06T17:50:40","slug":"innsnevringer","status":"publish","type":"page","link":"https:\/\/szkolenia-udt.pl\/nb\/dzwignice\/zwyzki\/","title":{"rendered":"Bommer"},"content":{"rendered":"<div style=\"float: left; padding-right: 10px;\"><div id=\"metaslider-id-694\" style=\"max-width: 300px;\" class=\"ml-slider-3-107-0 metaslider metaslider-flex metaslider-694 ml-slider ms-theme-default nav-hidden\" role=\"region\" aria-label=\"Bommer\" data-height=\"225\" data-width=\"300\">\n    <div id=\"metaslider_container_694\">\n        <div id=\"metaslider_694\">\n            <ul class='slides'>\n                <li style=\"display: block; width: 100%;\" class=\"slide-657 ms-image\" aria-roledescription=\"slide\" data-date=\"2014-10-12 10:19:28\" data-filename=\"Uprawnienia-udt.jpg\" data-slide-type=\"image\"><img loading=\"lazy\" decoding=\"async\" src=\"https:\/\/szkolenia-udt.pl\/wp-content\/uploads\/2014\/10\/Uprawnienia-udt.jpg\" height=\"225\" width=\"300\" alt=\"\" class=\"slider-694 slide-657 msDefaultImage\" \/><\/li>\n                <li style=\"display: none; width: 100%;\" class=\"slide-589 ms-image\" aria-roledescription=\"slide\" data-date=\"2014-10-12 05:43:39\" data-filename=\"Kursy-szkolenia.jpg\" data-slide-type=\"image\"><img loading=\"lazy\" decoding=\"async\" src=\"https:\/\/szkolenia-udt.pl\/wp-content\/uploads\/2014\/10\/Kursy-szkolenia.jpg\" height=\"225\" width=\"300\" alt=\"\" class=\"slider-694 slide-589 msDefaultImage\" \/><\/li>\n                <li style=\"display: none; width: 100%;\" class=\"slide-656 ms-image\" aria-roledescription=\"slide\" data-date=\"2014-10-12 10:19:27\" data-filename=\"kursy-Platformy-no\u017cycowe.jpg\" data-slide-type=\"image\"><img loading=\"lazy\" decoding=\"async\" src=\"https:\/\/szkolenia-udt.pl\/wp-content\/uploads\/2014\/10\/kursy-Platformy-no\u017cycowe.jpg\" height=\"225\" width=\"300\" alt=\"Oppl\u00e6ring og kurs Bommer\" class=\"slider-694 slide-656 msDefaultImage\" \/><\/li>\n                <li style=\"display: none; width: 100%;\" class=\"slide-590 ms-image\" aria-roledescription=\"slide\" data-date=\"2014-10-12 05:43:40\" data-filename=\"Kursy-szkolenia-OSO1.jpg\" data-slide-type=\"image\"><img loading=\"lazy\" decoding=\"async\" src=\"https:\/\/szkolenia-udt.pl\/wp-content\/uploads\/2014\/10\/Kursy-szkolenia-OSO1.jpg\" height=\"225\" width=\"300\" alt=\"Oppl\u00e6ringssenter for operat\u00f8rer i Warszawa\" class=\"slider-694 slide-590 msDefaultImage\" \/><\/li>\n                <li style=\"display: none; width: 100%;\" class=\"slide-696 ms-image\" aria-roledescription=\"slide\" data-date=\"2014-10-12 11:19:03\" data-filename=\"Kursy-Zwy\u017cki.jpg\" data-slide-type=\"image\"><img loading=\"lazy\" decoding=\"async\" src=\"https:\/\/szkolenia-udt.pl\/wp-content\/uploads\/2014\/10\/Kursy-Zwy\u017cki.jpg\" height=\"225\" width=\"300\" alt=\"\" class=\"slider-694 slide-696 msDefaultImage\" \/><\/li>\n            <\/ul>\n        <\/div>\n        \n    <\/div>\n<\/div><\/div>\n<div class=\"wyjustuj\">Arbeidsplattformer er innretninger som faller inn under kategorien mobile plattformer. Begrepet brukes hovedsakelig for \u00e5 beskrive arbeidsplattformer, men navnet brukes ogs\u00e5 for \u00e5 beskrive enheter som sakselifter, som skiller seg fra hverandre i konstruksjonen. Alle er underlagt teknisk tilsyn, og derfor trenger du en lisens for bomlifter utstedt av Office of Technical Inspection for \u00e5 kunne bruke dem. En bomlift er en teknisk innretning som er beregnet p\u00e5 \u00e5 l\u00f8fte last til \u00f8nsket h\u00f8yde p\u00e5 arbeidsplasser og innen konstruksjon, lagring, materialh\u00e5ndtering, montering, dekorasjon, vedlikehold av gr\u00f8ntomr\u00e5der og andre typer arbeid. Utstyret er delt inn i stasjon\u00e6rt - arbeider p\u00e5 et bestemt sted, og mobilt - i stand til \u00e5 bevege seg.<\/p>\n<p>Vi inviterer deg til \u00e5 <a href=\"https:\/\/szkolenia-udt.pl\/nb\/kursy\/uprawnienia-udt-tdt-wdt\/podnosniki-koszowe\/\">kurs for h\u00f8yseilere<\/a> til OSO. Hos oss f\u00e5r du de n\u00f8dvendige kvalifikasjonene og kan begynne \u00e5 jobbe som operat\u00f8r av utstyret. Kurset for bomliften inkluderer teori om bruk av enheten og praktiske \u00f8velser. Oppl\u00e6ringskursene avsluttes med en eksamen f\u00f8r UDT-kommisjonen. <a href=\"https:\/\/szkolenia-udt.pl\/nb\/oferta\/\">Pris<\/a> klassene er avhengig av antall deltakere. Vi trener i byene: Warszawa, Krakow, Bielsko-Biala, Katowice, og vi reiser til kunder over hele landet. Du er hjertelig velkommen!<\/p>\n<\/div>","protected":false},"excerpt":{"rendered":"<p>Zwy\u017cki to urz\u0105dzenia zaliczane do kategorii podest\u00f3w ruchomych. Tym terminem okre\u015bla si\u0119 przede wszystkim podno\u015bniki koszowe, ale r\u00f3wnie\u017c nazwa ta stosowana jest w celu opisu urz\u0105dze\u0144 takich jak podno\u015bniki no\u017cycowe r\u00f3\u017cni\u0105ce si\u0119 od nich swoj\u0105 konstrukcj\u0105. Wszystkie podlegaj\u0105 dozorowi technicznemu, dlatego do ich obs\u0142ugiwania potrzebne s\u0105 uprawnienia na zwy\u017cki nadane przez Urz\u0105d Dozoru Technicznego.Zwy\u017cka to [&hellip;]<\/p>\n","protected":false},"author":3,"featured_media":0,"parent":69,"menu_order":0,"comment_status":"closed","ping_status":"closed","template":"","meta":{"footnotes":""},"class_list":["post-65","page","type-page","status-publish","hentry"],"aioseo_notices":[],"_links":{"self":[{"href":"https:\/\/szkolenia-udt.pl\/nb\/wp-json\/wp\/v2\/pages\/65","targetHints":{"allow":["GET"]}}],"collection":[{"href":"https:\/\/szkolenia-udt.pl\/nb\/wp-json\/wp\/v2\/pages"}],"about":[{"href":"https:\/\/szkolenia-udt.pl\/nb\/wp-json\/wp\/v2\/types\/page"}],"author":[{"embeddable":true,"href":"https:\/\/szkolenia-udt.pl\/nb\/wp-json\/wp\/v2\/users\/3"}],"replies":[{"embeddable":true,"href":"https:\/\/szkolenia-udt.pl\/nb\/wp-json\/wp\/v2\/comments?post=65"}],"version-history":[{"count":6,"href":"https:\/\/szkolenia-udt.pl\/nb\/wp-json\/wp\/v2\/pages\/65\/revisions"}],"predecessor-version":[{"id":1718,"href":"https:\/\/szkolenia-udt.pl\/nb\/wp-json\/wp\/v2\/pages\/65\/revisions\/1718"}],"up":[{"embeddable":true,"href":"https:\/\/szkolenia-udt.pl\/nb\/wp-json\/wp\/v2\/pages\/69"}],"wp:attachment":[{"href":"https:\/\/szkolenia-udt.pl\/nb\/wp-json\/wp\/v2\/media?parent=65"}],"curies":[{"name":"wp","href":"https:\/\/api.w.org\/{rel}","templated":true}]}}