{"id":69,"date":"2014-10-07T16:51:07","date_gmt":"2014-10-07T16:51:07","guid":{"rendered":"http:\/\/szkolenia-udt.pl\/?page_id=69"},"modified":"2022-10-18T23:47:15","modified_gmt":"2022-10-18T21:47:15","slug":"kraner-6","status":"publish","type":"page","link":"https:\/\/szkolenia-udt.pl\/nb\/dzwignice\/","title":{"rendered":"Kraner"},"content":{"rendered":"<p>Utstyr som krever UDT-lisens for operat\u00f8ren:<\/p>\n<ul>\n<li><a href=\"\/nb\/kraner-6\/kraner\/\">Kraner<\/a><\/li>\n<li><a href=\"\/nb\/kraner-6\/kraner-med-kobling\/\">Linotor kraner<\/a><\/li>\n<li><a href=\"\/nb\/kraner-6\/teleskoplastere-med-variabel-rekkevidde\/\">Teleskopl\u00f8ftere<\/a><\/li>\n<li><a href=\"\/nb\/kraner-6\/sakseplattformer\/\">Sakseplattformer<\/a><\/li>\n<li><a href=\"\/nb\/kraner-6\/heiser-mobile-lifter\/\">Heiser<\/a><\/li>\n<li><a href=\"\/nb\/kraner-6\/kraner-2\/\">Traverskraner<\/a><\/li>\n<li><a href=\"\/nb\/kraner-6\/kammer\/\">Stablerkraner<\/a><\/li>\n<li><a href=\"\/nb\/kraner-6\/enheter-for-a-manipulere-beholdere\/\">Utstyr for h\u00e5ndtering av containere<\/a><\/li>\n<li><a href=\"\/nb\/kraner-6\/gaffeltrucker-2\/\">Gaffeltrucker - mobile<\/a><\/li>\n<li><a href=\"\/nb\/kraner-6\/vareheiser\/\">Godsheiser<\/a><\/li>\n<li><a href=\"\/nb\/kraner-6\/kraner-3\/\">Kraner<\/a><\/li>\n<li><a href=\"\/nb\/kraner-6\/innsnevringer\/\">Bommer<\/a><\/li>\n<\/ul>","protected":false},"excerpt":{"rendered":"<p>Utstyr der det kreves lisens fra operat\u00f8ren: Kraner Linotorkraner Teleskoptrucker Saksel\u00f8ftere Traverskraner Stablekraner Containerh\u00e5ndteringsutstyr Gaffeltrucker - mobilkraner Vareheiser Kraner Bomheiser<\/p>","protected":false},"author":3,"featured_media":0,"parent":0,"menu_order":6,"comment_status":"closed","ping_status":"closed","template":"","meta":{"footnotes":""},"class_list":["post-69","page","type-page","status-publish","hentry"],"aioseo_notices":[],"_links":{"self":[{"href":"https:\/\/szkolenia-udt.pl\/nb\/wp-json\/wp\/v2\/pages\/69","targetHints":{"allow":["GET"]}}],"collection":[{"href":"https:\/\/szkolenia-udt.pl\/nb\/wp-json\/wp\/v2\/pages"}],"about":[{"href":"https:\/\/szkolenia-udt.pl\/nb\/wp-json\/wp\/v2\/types\/page"}],"author":[{"embeddable":true,"href":"https:\/\/szkolenia-udt.pl\/nb\/wp-json\/wp\/v2\/users\/3"}],"replies":[{"embeddable":true,"href":"https:\/\/szkolenia-udt.pl\/nb\/wp-json\/wp\/v2\/comments?post=69"}],"version-history":[{"count":19,"href":"https:\/\/szkolenia-udt.pl\/nb\/wp-json\/wp\/v2\/pages\/69\/revisions"}],"predecessor-version":[{"id":1467,"href":"https:\/\/szkolenia-udt.pl\/nb\/wp-json\/wp\/v2\/pages\/69\/revisions\/1467"}],"wp:attachment":[{"href":"https:\/\/szkolenia-udt.pl\/nb\/wp-json\/wp\/v2\/media?parent=69"}],"curies":[{"name":"wp","href":"https:\/\/api.w.org\/{rel}","templated":true}]}}