{"id":72,"date":"2014-10-07T16:53:49","date_gmt":"2014-10-07T16:53:49","guid":{"rendered":"http:\/\/szkolenia-udt.pl\/?page_id=72"},"modified":"2021-06-27T22:15:03","modified_gmt":"2021-06-27T22:15:03","slug":"kraner-3","status":"publish","type":"page","link":"https:\/\/szkolenia-udt.pl\/nb\/dzwignice\/zurawie\/","title":{"rendered":"Kraner"},"content":{"rendered":"<div style=\"float: left; padding-right: 10px;\"><div id=\"metaslider-id-692\" style=\"max-width: 300px;\" class=\"ml-slider-3-107-0 metaslider metaslider-flex metaslider-692 ml-slider ms-theme-default nav-hidden\" role=\"region\" aria-label=\"Kran\" data-height=\"225\" data-width=\"300\">\n    <div id=\"metaslider_container_692\">\n        <div id=\"metaslider_692\">\n            <ul class='slides'>\n                <li style=\"display: block; width: 100%;\" class=\"slide-647 ms-image\" aria-roledescription=\"slide\" data-date=\"2014-10-12 09:52:02\" data-filename=\"O\u015brodek-Szkolenia-Operator\u00f3w.jpg\" data-slide-type=\"image\"><img loading=\"lazy\" decoding=\"async\" src=\"https:\/\/szkolenia-udt.pl\/wp-content\/uploads\/2014\/10\/O\u015brodek-Szkolenia-Operator\u00f3w.jpg\" height=\"225\" width=\"300\" alt=\"\" class=\"slider-692 slide-647 msDefaultImage\" \/><\/li>\n                <li style=\"display: none; width: 100%;\" class=\"slide-646 ms-image\" aria-roledescription=\"slide\" data-date=\"2014-10-12 09:52:01\" data-filename=\"Operator-D\u017awig.jpg\" data-slide-type=\"image\"><img loading=\"lazy\" decoding=\"async\" src=\"https:\/\/szkolenia-udt.pl\/wp-content\/uploads\/2014\/10\/Operator-D\u017awig.jpg\" height=\"225\" width=\"300\" alt=\"\" class=\"slider-692 slide-646 msDefaultImage\" \/><\/li>\n                <li style=\"display: none; width: 100%;\" class=\"slide-643 ms-image\" aria-roledescription=\"slide\" data-date=\"2014-10-12 09:51:58\" data-filename=\"D\u017awig.jpg\" data-slide-type=\"image\"><img loading=\"lazy\" decoding=\"async\" src=\"https:\/\/szkolenia-udt.pl\/wp-content\/uploads\/2014\/10\/D\u017awig.jpg\" height=\"225\" width=\"300\" alt=\"\" class=\"slider-692 slide-643 msDefaultImage\" \/><\/li>\n                <li style=\"display: none; width: 100%;\" class=\"slide-649 ms-image\" aria-roledescription=\"slide\" data-date=\"2014-10-12 09:52:03\" data-filename=\"Szkolenie-d\u017awigi.jpg\" data-slide-type=\"image\"><img loading=\"lazy\" decoding=\"async\" src=\"https:\/\/szkolenia-udt.pl\/wp-content\/uploads\/2014\/10\/Szkolenie-d\u017awigi.jpg\" height=\"225\" width=\"300\" alt=\"Kran-kurs\" class=\"slider-692 slide-649 msDefaultImage\" \/><\/li>\n                <li style=\"display: none; width: 100%;\" class=\"slide-648 ms-image\" aria-roledescription=\"slide\" data-date=\"2014-10-12 09:52:02\" data-filename=\"szkolenia-d\u017awigi.jpg\" data-slide-type=\"image\"><img loading=\"lazy\" decoding=\"async\" src=\"https:\/\/szkolenia-udt.pl\/wp-content\/uploads\/2014\/10\/szkolenia-d\u017awigi.jpg\" height=\"225\" width=\"300\" alt=\"Oppl\u00e6ringssenter for operat\u00f8rer\" class=\"slider-692 slide-648 msDefaultImage\" \/><\/li>\n            <\/ul>\n        <\/div>\n        \n    <\/div>\n<\/div><\/div>\n<div class=\"wyjustuj\">\n<p>Kraner (kraner) er kraner som s\u00e6rlig brukes i bygge- og anleggsarbeid. Kraner best\u00e5r av en s\u00f8yle og en bom, vanligvis teleskopisk, som det er montert en kobling p\u00e5. Alt denne typen utstyr er underlagt teknisk tilsyn, og det kreves et kranf\u00f8rerkurs og en lisens fra kontoret for teknisk inspeksjon (UDT) for \u00e5 bruke det.<\/p>\n<p><strong>Vi skiller mellom f\u00f8lgende typer utstyr:<\/strong><\/p>\n<ul>\n<li>t\u00e5rn - hovedsakelig brukt p\u00e5 byggeplasser, tilgjengelig som stasjon\u00e6re eller mobile p\u00e5 belte- eller skinnemontert understell<\/li>\n<li>havn eller skipsverft - brukes ved lasting og lossing av skip og montering av flytende gjenstander<\/li>\n<li>selvg\u00e5ende - selvg\u00e5ende kj\u00f8ret\u00f8y montert p\u00e5 et lastebilchassis eller p\u00e5 spesielle selvg\u00e5ende semitrailere, brukt til monterings- eller h\u00e5ndteringsarbeid.<\/li>\n<li>flytende - fart\u00f8y utstyrt med kraner, brukt til arbeid p\u00e5 \u00e5pne farvann<\/li>\n<\/ul>\n<p><strong>N\u00e5r det gjelder UDT-rettigheter, finnes det kategorier:<\/strong><\/p>\n<ul>\n<li>II \u017b - mobilt utstyr (kranbiler), b\u00e6rbart (for eksempel HDS), stasjon\u00e6r<\/li>\n<li>I \u017b - t\u00e5rnutstyr (for eksempel anleggsutstyr), hurtigmonterte mobilkraner<\/li>\n<\/ul>\n<p>Hvis du \u00f8nsker \u00e5 jobbe som <a href=\"https:\/\/szkolenia-udt.pl\/nb\/kursy\/uprawnienia-udt-tdt-wdt\/zurawie-wiezowe\/\">t\u00e5rnkranf\u00f8rer<\/a> kurs i v\u00e5r <a href=\"https:\/\/szkolenia-udt.pl\/nb\/o-firmie\/\">Oppl\u00e6ringssenter for operat\u00f8rer<\/a> er det beste valget for deg. Vi oppfordrer deg til \u00e5 melde deg p\u00e5 et krankurs ved v\u00e5re filialer i Warszawa, Katowice, Krakow og Bielsko-Bia\u0142a, men vi kan ogs\u00e5 organisere kurs over hele Polen med reise til kunden. Prisene avhenger av antall deltakere. Vi inviterer deg til \u00e5 l\u00e6re med v\u00e5rt senter!<\/p>\n<\/div>","protected":false},"excerpt":{"rendered":"<p>\u017burawie (d\u017awigi) to urz\u0105dzenia d\u017awignicowe, kt\u00f3re stosowane s\u0105 w szczeg\u00f3lno\u015bci w pracach budowlanych. \u017burawie zbudowane s\u0105 z kolumny i wysi\u0119gnika, na og\u00f3\u0142 teleskopowego, na kt\u00f3rym zamontowany jest ci\u0119gnik. Wszystkie urz\u0105dzenia tego typu podlegaj\u0105 dozorowi technicznemu i do ich obs\u0142ugi potrzebny jest kurs operatora \u017curawia oraz uzyskanie uprawnie\u0144 UDT. Wyr\u00f3\u017cniamy nast\u0119puj\u0105ce rodzaje urz\u0105dze\u0144: wie\u017cowe \u2013 wykorzystywane [&hellip;]<\/p>\n","protected":false},"author":3,"featured_media":0,"parent":69,"menu_order":0,"comment_status":"closed","ping_status":"closed","template":"","meta":{"footnotes":""},"class_list":["post-72","page","type-page","status-publish","hentry"],"aioseo_notices":[],"_links":{"self":[{"href":"https:\/\/szkolenia-udt.pl\/nb\/wp-json\/wp\/v2\/pages\/72","targetHints":{"allow":["GET"]}}],"collection":[{"href":"https:\/\/szkolenia-udt.pl\/nb\/wp-json\/wp\/v2\/pages"}],"about":[{"href":"https:\/\/szkolenia-udt.pl\/nb\/wp-json\/wp\/v2\/types\/page"}],"author":[{"embeddable":true,"href":"https:\/\/szkolenia-udt.pl\/nb\/wp-json\/wp\/v2\/users\/3"}],"replies":[{"embeddable":true,"href":"https:\/\/szkolenia-udt.pl\/nb\/wp-json\/wp\/v2\/comments?post=72"}],"version-history":[{"count":7,"href":"https:\/\/szkolenia-udt.pl\/nb\/wp-json\/wp\/v2\/pages\/72\/revisions"}],"predecessor-version":[{"id":2231,"href":"https:\/\/szkolenia-udt.pl\/nb\/wp-json\/wp\/v2\/pages\/72\/revisions\/2231"}],"up":[{"embeddable":true,"href":"https:\/\/szkolenia-udt.pl\/nb\/wp-json\/wp\/v2\/pages\/69"}],"wp:attachment":[{"href":"https:\/\/szkolenia-udt.pl\/nb\/wp-json\/wp\/v2\/media?parent=72"}],"curies":[{"name":"wp","href":"https:\/\/api.w.org\/{rel}","templated":true}]}}